{"id":54818,"date":"2023-11-29T09:49:35","date_gmt":"2023-11-29T09:49:35","guid":{"rendered":"https:\/\/www.istegroup.com\/?post_type=product&#038;p=54818"},"modified":"2025-03-14T10:33:14","modified_gmt":"2025-03-14T10:33:14","slug":"diversite-des-approches-methodologiques-en-sciences-sociales","status":"publish","type":"product","link":"https:\/\/www.istegroup.com\/fr\/produit\/diversite-des-approches-methodologiques-en-sciences-sociales\/","title":{"rendered":"Diversit\u00e9 des approches m\u00e9thodologiques en sciences sociales"},"content":{"rendered":"<p>Cet ouvrage propose une diversit\u00e9 d\u2019approches m\u00e9thodologiques mobilisables pour la recherche en sciences sociales et plus sp\u00e9cifiquement pour l\u2019analyse des m\u00e9dias et du pluralisme de l\u2019information.<\/p>\n<p>L\u2019\u00e9tude de cet objet de recherche par nature complexe et \u00e9volutif n\u00e9cessite une ouverture interdisciplinaire. Aussi, l\u2019utilisation d\u2019un spectre tr\u00e8s vari\u00e9 de m\u00e9thodologies, certaines classiques et d\u2019autres plus rares en sciences sociales, est essentielle. Chaque chapitre est consacr\u00e9 \u00e0 une m\u00e9thodologie particuli\u00e8re, soit les m\u00e9thodes qualitatives, la mod\u00e9lisation \u00e0 base d\u2019agents, l\u2019analyse de discours, la lexicom\u00e9trique, l\u2019analyse des r\u00e9seaux sociaux ou l\u2019approche juridique et a pour but d\u2019en donner les cl\u00e9s d\u2019acc\u00e8s destin\u00e9s \u00e0 un public vari\u00e9 de chercheurs et \u00e0 mettre en perspective leurs avantages et leurs limites pour chaque sujet d\u2019\u00e9tude.<\/p>\n<p>L\u2019ouvrage <em>Diversit\u00e9 des approches m\u00e9thodologiques en sciences sociales<\/em> montre que le choix d\u2019une m\u00e9thode par le chercheur n\u2019est pas ind\u00e9pendant de l\u2019objectif et des r\u00e9sultats atteignables par la m\u00e9thode, ni neutre par rapport \u00e0 la probl\u00e9matique analys\u00e9e.<\/p>","protected":false},"excerpt":{"rendered":"<p>Cet ouvrage propose une diversit\u00e9 d\u2019approches m\u00e9thodologiques mobilisables pour la recherche en sciences sociales et plus sp\u00e9cifiquement pour l\u2019analyse des m\u00e9dias et du pluralisme de l\u2019information. L\u2019\u00e9tude de cet objet de recherche par nature complexe et \u00e9volutif n\u00e9cessite une ouverture interdisciplinaire. Aussi, l\u2019utilisation d\u2019un spectre tr\u00e8s vari\u00e9 de m\u00e9thodologies, certaines classiques et d\u2019autres plus rares [&hellip;]<\/p>\n","protected":false},"featured_media":54831,"template":"","meta":{"_acf_changed":false,"_links_to":"","_links_to_target":""},"product_brand":[],"product_cat":[684],"product_tag":[],"class_list":{"0":"post-54818","1":"product","2":"type-product","3":"status-publish","4":"has-post-thumbnail","6":"product_cat-sciences-socit-et-nouvelles-technologies-188422468","8":"first","9":"instock","10":"shipping-taxable","11":"purchasable","12":"product-type-variable"},"acf":[],"yoast_head":"<!-- This site is optimized with the Yoast SEO plugin v27.2 - https:\/\/yoast.com\/product\/yoast-seo-wordpress\/ -->\n<title>Diversit\u00e9 des approches m\u00e9thodologiques en sciences sociales - ISTE Group<\/title>\n<meta name=\"description\" content=\"Cet ouvrage propose une diversit\u00e9 d\u2019approches m\u00e9thodologiques mobilisables pour la recherche en sciences sociales et plus sp\u00e9cifiquement pour l\u2019analyse des m\u00e9dias et du pluralisme de l\u2019information.\" \/>\n<meta name=\"robots\" content=\"index, follow, max-snippet:-1, max-image-preview:large, max-video-preview:-1\" \/>\n<link rel=\"canonical\" href=\"https:\/\/www.istegroup.com\/produit\/diversite-des-approches-methodologiques-en-sciences-sociales\/\" \/>\n<meta property=\"og:locale\" content=\"fr_FR\" \/>\n<meta property=\"og:type\" content=\"article\" \/>\n<meta property=\"og:title\" content=\"Diversit\u00e9 des approches m\u00e9thodologiques en sciences sociales - ISTE Group\" \/>\n<meta property=\"og:description\" content=\"Cet ouvrage propose une diversit\u00e9 d\u2019approches m\u00e9thodologiques mobilisables pour la recherche en sciences sociales et plus sp\u00e9cifiquement pour l\u2019analyse des m\u00e9dias et du pluralisme de l\u2019information.\" \/>\n<meta property=\"og:url\" content=\"https:\/\/www.istegroup.com\/produit\/diversite-des-approches-methodologiques-en-sciences-sociales\/\" \/>\n<meta property=\"og:site_name\" content=\"ISTE Group\" \/>\n<meta property=\"article:modified_time\" content=\"2025-03-14T10:33:14+00:00\" \/>\n<meta property=\"og:image\" content=\"https:\/\/www.istegroup.com\/wp-content\/uploads\/2023\/11\/Diversite-des-approches-methodologiques-en-sciences-sociales.png\" \/>\n\t<meta property=\"og:image:width\" content=\"600\" \/>\n\t<meta property=\"og:image:height\" content=\"903\" \/>\n\t<meta property=\"og:image:type\" content=\"image\/png\" \/>\n<meta name=\"twitter:card\" content=\"summary_large_image\" \/>\n<meta name=\"twitter:label1\" content=\"Est. reading time\" \/>\n\t<meta name=\"twitter:data1\" content=\"1 minute\" \/>\n<script type=\"application\/ld+json\" class=\"yoast-schema-graph\">{\"@context\":\"https:\/\/schema.org\",\"@graph\":[{\"@type\":\"WebPage\",\"@id\":\"https:\/\/www.istegroup.com\/produit\/diversite-des-approches-methodologiques-en-sciences-sociales\/\",\"url\":\"https:\/\/www.istegroup.com\/produit\/diversite-des-approches-methodologiques-en-sciences-sociales\/\",\"name\":\"Diversit\u00e9 des approches m\u00e9thodologiques en sciences sociales - ISTE Group\",\"isPartOf\":{\"@id\":\"https:\/\/www.istegroup.com\/#website\"},\"primaryImageOfPage\":{\"@id\":\"https:\/\/www.istegroup.com\/produit\/diversite-des-approches-methodologiques-en-sciences-sociales\/#primaryimage\"},\"image\":{\"@id\":\"https:\/\/www.istegroup.com\/produit\/diversite-des-approches-methodologiques-en-sciences-sociales\/#primaryimage\"},\"thumbnailUrl\":\"https:\/\/www.istegroup.com\/wp-content\/uploads\/2023\/11\/Diversite-des-approches-methodologiques-en-sciences-sociales.png\",\"datePublished\":\"2023-11-29T09:49:35+00:00\",\"dateModified\":\"2025-03-14T10:33:14+00:00\",\"description\":\"Cet ouvrage propose une diversit\u00e9 d\u2019approches m\u00e9thodologiques mobilisables pour la recherche en sciences sociales et plus sp\u00e9cifiquement pour l\u2019analyse des m\u00e9dias et du pluralisme de l\u2019information.\",\"breadcrumb\":{\"@id\":\"https:\/\/www.istegroup.com\/produit\/diversite-des-approches-methodologiques-en-sciences-sociales\/#breadcrumb\"},\"inLanguage\":\"fr-FR\",\"potentialAction\":[{\"@type\":\"ReadAction\",\"target\":[\"https:\/\/www.istegroup.com\/produit\/diversite-des-approches-methodologiques-en-sciences-sociales\/\"]}]},{\"@type\":\"ImageObject\",\"inLanguage\":\"fr-FR\",\"@id\":\"https:\/\/www.istegroup.com\/produit\/diversite-des-approches-methodologiques-en-sciences-sociales\/#primaryimage\",\"url\":\"https:\/\/www.istegroup.com\/wp-content\/uploads\/2023\/11\/Diversite-des-approches-methodologiques-en-sciences-sociales.png\",\"contentUrl\":\"https:\/\/www.istegroup.com\/wp-content\/uploads\/2023\/11\/Diversite-des-approches-methodologiques-en-sciences-sociales.png\",\"width\":600,\"height\":903,\"caption\":\"Livre scientifique - Diversit\u00e9 des approches m\u00e9thodologiques en sciences sociales\"},{\"@type\":\"BreadcrumbList\",\"@id\":\"https:\/\/www.istegroup.com\/produit\/diversite-des-approches-methodologiques-en-sciences-sociales\/#breadcrumb\",\"itemListElement\":[{\"@type\":\"ListItem\",\"position\":1,\"name\":\"Home\",\"item\":\"https:\/\/www.istegroup.com\/\"},{\"@type\":\"ListItem\",\"position\":2,\"name\":\"Shop\",\"item\":\"https:\/\/www.istegroup.com\/fr\/nouveautes\/\"},{\"@type\":\"ListItem\",\"position\":3,\"name\":\"Diversit\u00e9 des approches m\u00e9thodologiques en sciences sociales\"}]},{\"@type\":\"WebSite\",\"@id\":\"https:\/\/www.istegroup.com\/#website\",\"url\":\"https:\/\/www.istegroup.com\/\",\"name\":\"ISTE Group\",\"description\":\"\u00c9diteur des Sciences\",\"potentialAction\":[{\"@type\":\"SearchAction\",\"target\":{\"@type\":\"EntryPoint\",\"urlTemplate\":\"https:\/\/www.istegroup.com\/?s={search_term_string}\"},\"query-input\":{\"@type\":\"PropertyValueSpecification\",\"valueRequired\":true,\"valueName\":\"search_term_string\"}}],\"inLanguage\":\"fr-FR\"}]}<\/script>\n<!-- \/ Yoast SEO plugin. -->","yoast_head_json":{"title":"Diversit\u00e9 des approches m\u00e9thodologiques en sciences sociales - ISTE Group","description":"Cet ouvrage propose une diversit\u00e9 d\u2019approches m\u00e9thodologiques mobilisables pour la recherche en sciences sociales et plus sp\u00e9cifiquement pour l\u2019analyse des m\u00e9dias et du pluralisme de l\u2019information.","robots":{"index":"index","follow":"follow","max-snippet":"max-snippet:-1","max-image-preview":"max-image-preview:large","max-video-preview":"max-video-preview:-1"},"canonical":"https:\/\/www.istegroup.com\/produit\/diversite-des-approches-methodologiques-en-sciences-sociales\/","og_locale":"fr_FR","og_type":"article","og_title":"Diversit\u00e9 des approches m\u00e9thodologiques en sciences sociales - ISTE Group","og_description":"Cet ouvrage propose une diversit\u00e9 d\u2019approches m\u00e9thodologiques mobilisables pour la recherche en sciences sociales et plus sp\u00e9cifiquement pour l\u2019analyse des m\u00e9dias et du pluralisme de l\u2019information.","og_url":"https:\/\/www.istegroup.com\/produit\/diversite-des-approches-methodologiques-en-sciences-sociales\/","og_site_name":"ISTE Group","article_modified_time":"2025-03-14T10:33:14+00:00","og_image":[{"width":600,"height":903,"url":"https:\/\/www.istegroup.com\/wp-content\/uploads\/2023\/11\/Diversite-des-approches-methodologiques-en-sciences-sociales.png","type":"image\/png"}],"twitter_card":"summary_large_image","twitter_misc":{"Est. reading time":"1 minute"},"schema":{"@context":"https:\/\/schema.org","@graph":[{"@type":"WebPage","@id":"https:\/\/www.istegroup.com\/produit\/diversite-des-approches-methodologiques-en-sciences-sociales\/","url":"https:\/\/www.istegroup.com\/produit\/diversite-des-approches-methodologiques-en-sciences-sociales\/","name":"Diversit\u00e9 des approches m\u00e9thodologiques en sciences sociales - ISTE Group","isPartOf":{"@id":"https:\/\/www.istegroup.com\/#website"},"primaryImageOfPage":{"@id":"https:\/\/www.istegroup.com\/produit\/diversite-des-approches-methodologiques-en-sciences-sociales\/#primaryimage"},"image":{"@id":"https:\/\/www.istegroup.com\/produit\/diversite-des-approches-methodologiques-en-sciences-sociales\/#primaryimage"},"thumbnailUrl":"https:\/\/www.istegroup.com\/wp-content\/uploads\/2023\/11\/Diversite-des-approches-methodologiques-en-sciences-sociales.png","datePublished":"2023-11-29T09:49:35+00:00","dateModified":"2025-03-14T10:33:14+00:00","description":"Cet ouvrage propose une diversit\u00e9 d\u2019approches m\u00e9thodologiques mobilisables pour la recherche en sciences sociales et plus sp\u00e9cifiquement pour l\u2019analyse des m\u00e9dias et du pluralisme de l\u2019information.","breadcrumb":{"@id":"https:\/\/www.istegroup.com\/produit\/diversite-des-approches-methodologiques-en-sciences-sociales\/#breadcrumb"},"inLanguage":"fr-FR","potentialAction":[{"@type":"ReadAction","target":["https:\/\/www.istegroup.com\/produit\/diversite-des-approches-methodologiques-en-sciences-sociales\/"]}]},{"@type":"ImageObject","inLanguage":"fr-FR","@id":"https:\/\/www.istegroup.com\/produit\/diversite-des-approches-methodologiques-en-sciences-sociales\/#primaryimage","url":"https:\/\/www.istegroup.com\/wp-content\/uploads\/2023\/11\/Diversite-des-approches-methodologiques-en-sciences-sociales.png","contentUrl":"https:\/\/www.istegroup.com\/wp-content\/uploads\/2023\/11\/Diversite-des-approches-methodologiques-en-sciences-sociales.png","width":600,"height":903,"caption":"Livre scientifique - Diversit\u00e9 des approches m\u00e9thodologiques en sciences sociales"},{"@type":"BreadcrumbList","@id":"https:\/\/www.istegroup.com\/produit\/diversite-des-approches-methodologiques-en-sciences-sociales\/#breadcrumb","itemListElement":[{"@type":"ListItem","position":1,"name":"Home","item":"https:\/\/www.istegroup.com\/"},{"@type":"ListItem","position":2,"name":"Shop","item":"https:\/\/www.istegroup.com\/fr\/nouveautes\/"},{"@type":"ListItem","position":3,"name":"Diversit\u00e9 des approches m\u00e9thodologiques en sciences sociales"}]},{"@type":"WebSite","@id":"https:\/\/www.istegroup.com\/#website","url":"https:\/\/www.istegroup.com\/","name":"ISTE Group","description":"\u00c9diteur des Sciences","potentialAction":[{"@type":"SearchAction","target":{"@type":"EntryPoint","urlTemplate":"https:\/\/www.istegroup.com\/?s={search_term_string}"},"query-input":{"@type":"PropertyValueSpecification","valueRequired":true,"valueName":"search_term_string"}}],"inLanguage":"fr-FR"}]}},"_links":{"self":[{"href":"https:\/\/www.istegroup.com\/fr\/wp-json\/wp\/v2\/product\/54818","targetHints":{"allow":["GET"]}}],"collection":[{"href":"https:\/\/www.istegroup.com\/fr\/wp-json\/wp\/v2\/product"}],"about":[{"href":"https:\/\/www.istegroup.com\/fr\/wp-json\/wp\/v2\/types\/product"}],"wp:featuredmedia":[{"embeddable":true,"href":"https:\/\/www.istegroup.com\/fr\/wp-json\/wp\/v2\/media\/54831"}],"wp:attachment":[{"href":"https:\/\/www.istegroup.com\/fr\/wp-json\/wp\/v2\/media?parent=54818"}],"wp:term":[{"taxonomy":"product_brand","embeddable":true,"href":"https:\/\/www.istegroup.com\/fr\/wp-json\/wp\/v2\/product_brand?post=54818"},{"taxonomy":"product_cat","embeddable":true,"href":"https:\/\/www.istegroup.com\/fr\/wp-json\/wp\/v2\/product_cat?post=54818"},{"taxonomy":"product_tag","embeddable":true,"href":"https:\/\/www.istegroup.com\/fr\/wp-json\/wp\/v2\/product_tag?post=54818"}],"curies":[{"name":"wp","href":"https:\/\/api.w.org\/{rel}","templated":true}]}}