{"id":54797,"date":"2023-11-29T12:52:14","date_gmt":"2023-11-29T12:52:14","guid":{"rendered":"https:\/\/www.istegroup.com\/?post_type=product&#038;p=54797"},"modified":"2025-03-14T10:30:17","modified_gmt":"2025-03-14T10:30:17","slug":"des-traces-patrimoniales-en-devenir","status":"publish","type":"product","link":"https:\/\/www.istegroup.com\/fr\/produit\/des-traces-patrimoniales-en-devenir\/","title":{"rendered":"Des traces patrimoniales en devenir"},"content":{"rendered":"<p>Des choses aussi diff\u00e9rentes qu\u2019un monument, une usine, une ferme, un \u00e9comus\u00e9e, un paysage, l\u2019alpinisme ou un pont d\u2019herbes tress\u00e9es sont des traces du pass\u00e9 qu\u2019il faut d\u00e9sormais sauvegarder pour les transmettre aux g\u00e9n\u00e9rations futures.<\/p>\n<p>L\u2019analyse communicationnelle montre que ces traces ont acquis le statut de patrimoine en devenant des \u00eatres de langage dot\u00e9s d\u2019une nouvelle vie sociale. Jusqu\u2019aux ann\u00e9es 1970-1980, l\u2019attribution de ce statut \u00e9tait la pr\u00e9rogative de l\u2019\u00c9tat. Ensuite, sont apparus de nouveaux modes, qui ont de plus en plus impliqu\u00e9 des acteurs sociaux et fait appel \u00e0 la publicisation des savoirs. Aujourd\u2019hui, la reconnaissance patrimoniale de ces traces tend \u00e0 aussi d\u00e9pendre de sch\u00e8mes interpr\u00e9tatifs qui circulent dans la soci\u00e9t\u00e9, notamment par l\u2019interm\u00e9diaire des m\u00e9dias.<\/p>\n<p><em>Des traces patrimoniales en devenir<\/em> s\u2019adresse \u00e0 tous ceux, chercheurs, professionnels ou \u00e9tudiants, qui sont \u00e0 divers titres int\u00e9ress\u00e9s par la fa\u00e7on dont se fabrique le patrimoine et dont celle-ci \u00e9volue.<\/p>","protected":false},"excerpt":{"rendered":"<p>Des choses aussi diff\u00e9rentes qu\u2019un monument, une usine, une ferme, un \u00e9comus\u00e9e, un paysage, l\u2019alpinisme ou un pont d\u2019herbes tress\u00e9es sont des traces du pass\u00e9 qu\u2019il faut d\u00e9sormais sauvegarder pour les transmettre aux g\u00e9n\u00e9rations futures. L\u2019analyse communicationnelle montre que ces traces ont acquis le statut de patrimoine en devenant des \u00eatres de langage dot\u00e9s d\u2019une [&hellip;]<\/p>\n","protected":false},"featured_media":54806,"template":"","meta":{"_acf_changed":false,"_links_to":"","_links_to_target":""},"product_brand":[],"product_cat":[3262],"product_tag":[],"class_list":{"0":"post-54797","1":"product","2":"type-product","3":"status-publish","4":"has-post-thumbnail","6":"product_cat-non-classe","8":"first","9":"instock","10":"shipping-taxable","11":"purchasable","12":"product-type-variable"},"acf":[],"yoast_head":"<!-- This site is optimized with the Yoast SEO plugin v27.2 - https:\/\/yoast.com\/product\/yoast-seo-wordpress\/ -->\n<title>Des traces patrimoniales en devenir - ISTE Group<\/title>\n<meta name=\"description\" content=\"L\u2019analyse communicationnelle montre que ces traces ont acquis le statut de patrimoine en devenant des \u00eatres de langage dot\u00e9s d\u2019une nouvelle vie sociale. Jusqu\u2019aux ann\u00e9es 1970-1980, l\u2019attribution de ce statut \u00e9tait la pr\u00e9rogative de l\u2019\u00c9tat.\" \/>\n<meta name=\"robots\" content=\"index, follow, max-snippet:-1, max-image-preview:large, max-video-preview:-1\" \/>\n<link rel=\"canonical\" href=\"https:\/\/www.istegroup.com\/produit\/des-traces-patrimoniales-en-devenir\/\" \/>\n<meta property=\"og:locale\" content=\"fr_FR\" \/>\n<meta property=\"og:type\" content=\"article\" \/>\n<meta property=\"og:title\" content=\"Des traces patrimoniales en devenir - ISTE Group\" \/>\n<meta property=\"og:description\" content=\"L\u2019analyse communicationnelle montre que ces traces ont acquis le statut de patrimoine en devenant des \u00eatres de langage dot\u00e9s d\u2019une nouvelle vie sociale. Jusqu\u2019aux ann\u00e9es 1970-1980, l\u2019attribution de ce statut \u00e9tait la pr\u00e9rogative de l\u2019\u00c9tat.\" \/>\n<meta property=\"og:url\" content=\"https:\/\/www.istegroup.com\/produit\/des-traces-patrimoniales-en-devenir\/\" \/>\n<meta property=\"og:site_name\" content=\"ISTE Group\" \/>\n<meta property=\"article:modified_time\" content=\"2025-03-14T10:30:17+00:00\" \/>\n<meta property=\"og:image\" content=\"https:\/\/www.istegroup.com\/wp-content\/uploads\/2023\/11\/972_Des-traces-patrimoniales-en-devenir.png\" \/>\n\t<meta property=\"og:image:width\" content=\"598\" \/>\n\t<meta property=\"og:image:height\" content=\"901\" \/>\n\t<meta property=\"og:image:type\" content=\"image\/png\" \/>\n<meta name=\"twitter:card\" content=\"summary_large_image\" \/>\n<meta name=\"twitter:label1\" content=\"Est. reading time\" \/>\n\t<meta name=\"twitter:data1\" content=\"1 minute\" \/>\n<script type=\"application\/ld+json\" class=\"yoast-schema-graph\">{\"@context\":\"https:\/\/schema.org\",\"@graph\":[{\"@type\":\"WebPage\",\"@id\":\"https:\/\/www.istegroup.com\/produit\/des-traces-patrimoniales-en-devenir\/\",\"url\":\"https:\/\/www.istegroup.com\/produit\/des-traces-patrimoniales-en-devenir\/\",\"name\":\"Des traces patrimoniales en devenir - ISTE Group\",\"isPartOf\":{\"@id\":\"https:\/\/www.istegroup.com\/#website\"},\"primaryImageOfPage\":{\"@id\":\"https:\/\/www.istegroup.com\/produit\/des-traces-patrimoniales-en-devenir\/#primaryimage\"},\"image\":{\"@id\":\"https:\/\/www.istegroup.com\/produit\/des-traces-patrimoniales-en-devenir\/#primaryimage\"},\"thumbnailUrl\":\"https:\/\/www.istegroup.com\/wp-content\/uploads\/2023\/11\/972_Des-traces-patrimoniales-en-devenir.png\",\"datePublished\":\"2023-11-29T12:52:14+00:00\",\"dateModified\":\"2025-03-14T10:30:17+00:00\",\"description\":\"L\u2019analyse communicationnelle montre que ces traces ont acquis le statut de patrimoine en devenant des \u00eatres de langage dot\u00e9s d\u2019une nouvelle vie sociale. Jusqu\u2019aux ann\u00e9es 1970-1980, l\u2019attribution de ce statut \u00e9tait la pr\u00e9rogative de l\u2019\u00c9tat.\",\"breadcrumb\":{\"@id\":\"https:\/\/www.istegroup.com\/produit\/des-traces-patrimoniales-en-devenir\/#breadcrumb\"},\"inLanguage\":\"fr-FR\",\"potentialAction\":[{\"@type\":\"ReadAction\",\"target\":[\"https:\/\/www.istegroup.com\/produit\/des-traces-patrimoniales-en-devenir\/\"]}]},{\"@type\":\"ImageObject\",\"inLanguage\":\"fr-FR\",\"@id\":\"https:\/\/www.istegroup.com\/produit\/des-traces-patrimoniales-en-devenir\/#primaryimage\",\"url\":\"https:\/\/www.istegroup.com\/wp-content\/uploads\/2023\/11\/972_Des-traces-patrimoniales-en-devenir.png\",\"contentUrl\":\"https:\/\/www.istegroup.com\/wp-content\/uploads\/2023\/11\/972_Des-traces-patrimoniales-en-devenir.png\",\"width\":598,\"height\":901,\"caption\":\"Livre scientifique - Des traces patrimoniales en devenir\"},{\"@type\":\"BreadcrumbList\",\"@id\":\"https:\/\/www.istegroup.com\/produit\/des-traces-patrimoniales-en-devenir\/#breadcrumb\",\"itemListElement\":[{\"@type\":\"ListItem\",\"position\":1,\"name\":\"Home\",\"item\":\"https:\/\/www.istegroup.com\/\"},{\"@type\":\"ListItem\",\"position\":2,\"name\":\"Shop\",\"item\":\"https:\/\/www.istegroup.com\/fr\/nouveautes\/\"},{\"@type\":\"ListItem\",\"position\":3,\"name\":\"Des traces patrimoniales en devenir\"}]},{\"@type\":\"WebSite\",\"@id\":\"https:\/\/www.istegroup.com\/#website\",\"url\":\"https:\/\/www.istegroup.com\/\",\"name\":\"ISTE Group\",\"description\":\"\u00c9diteur des Sciences\",\"potentialAction\":[{\"@type\":\"SearchAction\",\"target\":{\"@type\":\"EntryPoint\",\"urlTemplate\":\"https:\/\/www.istegroup.com\/?s={search_term_string}\"},\"query-input\":{\"@type\":\"PropertyValueSpecification\",\"valueRequired\":true,\"valueName\":\"search_term_string\"}}],\"inLanguage\":\"fr-FR\"}]}<\/script>\n<!-- \/ Yoast SEO plugin. -->","yoast_head_json":{"title":"Des traces patrimoniales en devenir - ISTE Group","description":"L\u2019analyse communicationnelle montre que ces traces ont acquis le statut de patrimoine en devenant des \u00eatres de langage dot\u00e9s d\u2019une nouvelle vie sociale. Jusqu\u2019aux ann\u00e9es 1970-1980, l\u2019attribution de ce statut \u00e9tait la pr\u00e9rogative de l\u2019\u00c9tat.","robots":{"index":"index","follow":"follow","max-snippet":"max-snippet:-1","max-image-preview":"max-image-preview:large","max-video-preview":"max-video-preview:-1"},"canonical":"https:\/\/www.istegroup.com\/produit\/des-traces-patrimoniales-en-devenir\/","og_locale":"fr_FR","og_type":"article","og_title":"Des traces patrimoniales en devenir - ISTE Group","og_description":"L\u2019analyse communicationnelle montre que ces traces ont acquis le statut de patrimoine en devenant des \u00eatres de langage dot\u00e9s d\u2019une nouvelle vie sociale. Jusqu\u2019aux ann\u00e9es 1970-1980, l\u2019attribution de ce statut \u00e9tait la pr\u00e9rogative de l\u2019\u00c9tat.","og_url":"https:\/\/www.istegroup.com\/produit\/des-traces-patrimoniales-en-devenir\/","og_site_name":"ISTE Group","article_modified_time":"2025-03-14T10:30:17+00:00","og_image":[{"width":598,"height":901,"url":"https:\/\/www.istegroup.com\/wp-content\/uploads\/2023\/11\/972_Des-traces-patrimoniales-en-devenir.png","type":"image\/png"}],"twitter_card":"summary_large_image","twitter_misc":{"Est. reading time":"1 minute"},"schema":{"@context":"https:\/\/schema.org","@graph":[{"@type":"WebPage","@id":"https:\/\/www.istegroup.com\/produit\/des-traces-patrimoniales-en-devenir\/","url":"https:\/\/www.istegroup.com\/produit\/des-traces-patrimoniales-en-devenir\/","name":"Des traces patrimoniales en devenir - ISTE Group","isPartOf":{"@id":"https:\/\/www.istegroup.com\/#website"},"primaryImageOfPage":{"@id":"https:\/\/www.istegroup.com\/produit\/des-traces-patrimoniales-en-devenir\/#primaryimage"},"image":{"@id":"https:\/\/www.istegroup.com\/produit\/des-traces-patrimoniales-en-devenir\/#primaryimage"},"thumbnailUrl":"https:\/\/www.istegroup.com\/wp-content\/uploads\/2023\/11\/972_Des-traces-patrimoniales-en-devenir.png","datePublished":"2023-11-29T12:52:14+00:00","dateModified":"2025-03-14T10:30:17+00:00","description":"L\u2019analyse communicationnelle montre que ces traces ont acquis le statut de patrimoine en devenant des \u00eatres de langage dot\u00e9s d\u2019une nouvelle vie sociale. Jusqu\u2019aux ann\u00e9es 1970-1980, l\u2019attribution de ce statut \u00e9tait la pr\u00e9rogative de l\u2019\u00c9tat.","breadcrumb":{"@id":"https:\/\/www.istegroup.com\/produit\/des-traces-patrimoniales-en-devenir\/#breadcrumb"},"inLanguage":"fr-FR","potentialAction":[{"@type":"ReadAction","target":["https:\/\/www.istegroup.com\/produit\/des-traces-patrimoniales-en-devenir\/"]}]},{"@type":"ImageObject","inLanguage":"fr-FR","@id":"https:\/\/www.istegroup.com\/produit\/des-traces-patrimoniales-en-devenir\/#primaryimage","url":"https:\/\/www.istegroup.com\/wp-content\/uploads\/2023\/11\/972_Des-traces-patrimoniales-en-devenir.png","contentUrl":"https:\/\/www.istegroup.com\/wp-content\/uploads\/2023\/11\/972_Des-traces-patrimoniales-en-devenir.png","width":598,"height":901,"caption":"Livre scientifique - Des traces patrimoniales en devenir"},{"@type":"BreadcrumbList","@id":"https:\/\/www.istegroup.com\/produit\/des-traces-patrimoniales-en-devenir\/#breadcrumb","itemListElement":[{"@type":"ListItem","position":1,"name":"Home","item":"https:\/\/www.istegroup.com\/"},{"@type":"ListItem","position":2,"name":"Shop","item":"https:\/\/www.istegroup.com\/fr\/nouveautes\/"},{"@type":"ListItem","position":3,"name":"Des traces patrimoniales en devenir"}]},{"@type":"WebSite","@id":"https:\/\/www.istegroup.com\/#website","url":"https:\/\/www.istegroup.com\/","name":"ISTE Group","description":"\u00c9diteur des Sciences","potentialAction":[{"@type":"SearchAction","target":{"@type":"EntryPoint","urlTemplate":"https:\/\/www.istegroup.com\/?s={search_term_string}"},"query-input":{"@type":"PropertyValueSpecification","valueRequired":true,"valueName":"search_term_string"}}],"inLanguage":"fr-FR"}]}},"_links":{"self":[{"href":"https:\/\/www.istegroup.com\/fr\/wp-json\/wp\/v2\/product\/54797","targetHints":{"allow":["GET"]}}],"collection":[{"href":"https:\/\/www.istegroup.com\/fr\/wp-json\/wp\/v2\/product"}],"about":[{"href":"https:\/\/www.istegroup.com\/fr\/wp-json\/wp\/v2\/types\/product"}],"wp:featuredmedia":[{"embeddable":true,"href":"https:\/\/www.istegroup.com\/fr\/wp-json\/wp\/v2\/media\/54806"}],"wp:attachment":[{"href":"https:\/\/www.istegroup.com\/fr\/wp-json\/wp\/v2\/media?parent=54797"}],"wp:term":[{"taxonomy":"product_brand","embeddable":true,"href":"https:\/\/www.istegroup.com\/fr\/wp-json\/wp\/v2\/product_brand?post=54797"},{"taxonomy":"product_cat","embeddable":true,"href":"https:\/\/www.istegroup.com\/fr\/wp-json\/wp\/v2\/product_cat?post=54797"},{"taxonomy":"product_tag","embeddable":true,"href":"https:\/\/www.istegroup.com\/fr\/wp-json\/wp\/v2\/product_tag?post=54797"}],"curies":[{"name":"wp","href":"https:\/\/api.w.org\/{rel}","templated":true}]}}