{"id":54735,"date":"2023-11-29T11:44:45","date_gmt":"2023-11-29T11:44:45","guid":{"rendered":"https:\/\/www.istegroup.com\/?post_type=product&#038;p=54735"},"modified":"2025-03-14T10:31:02","modified_gmt":"2025-03-14T10:31:02","slug":"enzymes-et-medicaments","status":"publish","type":"product","link":"https:\/\/www.istegroup.com\/fr\/produit\/enzymes-et-medicaments\/","title":{"rendered":"Enzymes et m\u00e9dicaments"},"content":{"rendered":"<p>Le dysfonctionnement des enzymes, catalyseurs indispensables \u00e0 la bonne marche des r\u00e9actions biochimiques et au maintien des processus vitaux, est \u00e0 l\u2019origine de nombreuses pathologies ayant ouvert la voie \u00e0 l\u2019\u00e9laboration de nombreux m\u00e9dicaments.<\/p>\n<p>Destin\u00e9 aux pharmaciens, biologistes, biochimistes, m\u00e9decins, v\u00e9t\u00e9rinaires, chercheurs de chimie m\u00e9dicinale, ainsi qu\u2019aux \u00e9tudiants de diverses disciplines, <em>Enzymes et m\u00e9dicaments<\/em> rassemble, pour la premi\u00e8re fois, une vaste documentation mettant en exergue les relations entre un grand nombre de m\u00e9dicaments et les enzymes. L\u2019ouvrage souligne \u00e9galement les nouvelles perspectives de d\u00e9couvertes th\u00e9rapeutiques offertes par le ciblage des enzymes.<\/p>\n<p>De nombreuses applications ont \u00e9t\u00e9 d\u00e9velopp\u00e9es gr\u00e2ce aux strat\u00e9gies d\u2019\u00e9tude d\u2019inhibition ou d\u2019activation enzymatiques, ainsi que par la mise au point d\u2019effecteurs allost\u00e9riques, pr\u00e9sent\u00e9s avec leurs avantages et leurs inconv\u00e9nients.<\/p>\n<p>Diverses maladies rares dites \u00ab orphelines \u00bb sont la cons\u00e9quence du d\u00e9ficit ou de l\u2019absence d\u2019enzyme(s). Pour leur traitement, l\u2019introduction d\u2019enzymes de substitution s\u2019est traduite par des progr\u00e8s th\u00e9rapeutiques importants.<\/p>","protected":false},"excerpt":{"rendered":"<p>Le dysfonctionnement des enzymes, catalyseurs indispensables \u00e0 la bonne marche des r\u00e9actions biochimiques et au maintien des processus vitaux, est \u00e0 l\u2019origine de nombreuses pathologies ayant ouvert la voie \u00e0 l\u2019\u00e9laboration de nombreux m\u00e9dicaments. Destin\u00e9 aux pharmaciens, biologistes, biochimistes, m\u00e9decins, v\u00e9t\u00e9rinaires, chercheurs de chimie m\u00e9dicinale, ainsi qu\u2019aux \u00e9tudiants de diverses disciplines, Enzymes et m\u00e9dicaments rassemble, [&hellip;]<\/p>\n","protected":false},"featured_media":54747,"template":"","meta":{"_acf_changed":false,"_links_to":"","_links_to_target":""},"product_brand":[],"product_cat":[3262],"product_tag":[],"class_list":{"0":"post-54735","1":"product","2":"type-product","3":"status-publish","4":"has-post-thumbnail","6":"product_cat-non-classe","8":"first","9":"instock","10":"shipping-taxable","11":"purchasable","12":"product-type-variable"},"acf":[],"yoast_head":"<!-- This site is optimized with the Yoast SEO plugin v27.2 - https:\/\/yoast.com\/product\/yoast-seo-wordpress\/ -->\n<title>Enzymes et m\u00e9dicaments - ISTE Group<\/title>\n<meta name=\"description\" content=\"Enzymes et m\u00e9dicaments rassemble, pour la premi\u00e8re fois, une vaste documentation mettant en exergue les relations entre un grand nombre de m\u00e9dicaments et les enzymes.\" \/>\n<meta name=\"robots\" content=\"index, follow, max-snippet:-1, max-image-preview:large, max-video-preview:-1\" \/>\n<link rel=\"canonical\" href=\"https:\/\/www.istegroup.com\/produit\/enzymes-et-medicaments\/\" \/>\n<meta property=\"og:locale\" content=\"fr_FR\" \/>\n<meta property=\"og:type\" content=\"article\" \/>\n<meta property=\"og:title\" content=\"Enzymes et m\u00e9dicaments - ISTE Group\" \/>\n<meta property=\"og:description\" content=\"Enzymes et m\u00e9dicaments rassemble, pour la premi\u00e8re fois, une vaste documentation mettant en exergue les relations entre un grand nombre de m\u00e9dicaments et les enzymes.\" \/>\n<meta property=\"og:url\" content=\"https:\/\/www.istegroup.com\/produit\/enzymes-et-medicaments\/\" \/>\n<meta property=\"og:site_name\" content=\"ISTE Group\" \/>\n<meta property=\"article:modified_time\" content=\"2025-03-14T10:31:02+00:00\" \/>\n<meta property=\"og:image\" content=\"https:\/\/www.istegroup.com\/wp-content\/uploads\/2023\/11\/Enzymes-et-medicaments.png\" \/>\n\t<meta property=\"og:image:width\" content=\"599\" \/>\n\t<meta property=\"og:image:height\" content=\"901\" \/>\n\t<meta property=\"og:image:type\" content=\"image\/png\" \/>\n<meta name=\"twitter:card\" content=\"summary_large_image\" \/>\n<meta name=\"twitter:label1\" content=\"Est. reading time\" \/>\n\t<meta name=\"twitter:data1\" content=\"1 minute\" \/>\n<script type=\"application\/ld+json\" class=\"yoast-schema-graph\">{\"@context\":\"https:\/\/schema.org\",\"@graph\":[{\"@type\":\"WebPage\",\"@id\":\"https:\/\/www.istegroup.com\/produit\/enzymes-et-medicaments\/\",\"url\":\"https:\/\/www.istegroup.com\/produit\/enzymes-et-medicaments\/\",\"name\":\"Enzymes et m\u00e9dicaments - ISTE Group\",\"isPartOf\":{\"@id\":\"https:\/\/www.istegroup.com\/#website\"},\"primaryImageOfPage\":{\"@id\":\"https:\/\/www.istegroup.com\/produit\/enzymes-et-medicaments\/#primaryimage\"},\"image\":{\"@id\":\"https:\/\/www.istegroup.com\/produit\/enzymes-et-medicaments\/#primaryimage\"},\"thumbnailUrl\":\"https:\/\/www.istegroup.com\/wp-content\/uploads\/2023\/11\/Enzymes-et-medicaments.png\",\"datePublished\":\"2023-11-29T11:44:45+00:00\",\"dateModified\":\"2025-03-14T10:31:02+00:00\",\"description\":\"Enzymes et m\u00e9dicaments rassemble, pour la premi\u00e8re fois, une vaste documentation mettant en exergue les relations entre un grand nombre de m\u00e9dicaments et les enzymes.\",\"breadcrumb\":{\"@id\":\"https:\/\/www.istegroup.com\/produit\/enzymes-et-medicaments\/#breadcrumb\"},\"inLanguage\":\"fr-FR\",\"potentialAction\":[{\"@type\":\"ReadAction\",\"target\":[\"https:\/\/www.istegroup.com\/produit\/enzymes-et-medicaments\/\"]}]},{\"@type\":\"ImageObject\",\"inLanguage\":\"fr-FR\",\"@id\":\"https:\/\/www.istegroup.com\/produit\/enzymes-et-medicaments\/#primaryimage\",\"url\":\"https:\/\/www.istegroup.com\/wp-content\/uploads\/2023\/11\/Enzymes-et-medicaments.png\",\"contentUrl\":\"https:\/\/www.istegroup.com\/wp-content\/uploads\/2023\/11\/Enzymes-et-medicaments.png\",\"width\":599,\"height\":901,\"caption\":\"Livre scientifique - Enzymes et m\u00e9dicaments\"},{\"@type\":\"BreadcrumbList\",\"@id\":\"https:\/\/www.istegroup.com\/produit\/enzymes-et-medicaments\/#breadcrumb\",\"itemListElement\":[{\"@type\":\"ListItem\",\"position\":1,\"name\":\"Home\",\"item\":\"https:\/\/www.istegroup.com\/\"},{\"@type\":\"ListItem\",\"position\":2,\"name\":\"Shop\",\"item\":\"https:\/\/www.istegroup.com\/fr\/nouveautes\/\"},{\"@type\":\"ListItem\",\"position\":3,\"name\":\"Enzymes et m\u00e9dicaments\"}]},{\"@type\":\"WebSite\",\"@id\":\"https:\/\/www.istegroup.com\/#website\",\"url\":\"https:\/\/www.istegroup.com\/\",\"name\":\"ISTE Group\",\"description\":\"\u00c9diteur des Sciences\",\"potentialAction\":[{\"@type\":\"SearchAction\",\"target\":{\"@type\":\"EntryPoint\",\"urlTemplate\":\"https:\/\/www.istegroup.com\/?s={search_term_string}\"},\"query-input\":{\"@type\":\"PropertyValueSpecification\",\"valueRequired\":true,\"valueName\":\"search_term_string\"}}],\"inLanguage\":\"fr-FR\"}]}<\/script>\n<!-- \/ Yoast SEO plugin. -->","yoast_head_json":{"title":"Enzymes et m\u00e9dicaments - ISTE Group","description":"Enzymes et m\u00e9dicaments rassemble, pour la premi\u00e8re fois, une vaste documentation mettant en exergue les relations entre un grand nombre de m\u00e9dicaments et les enzymes.","robots":{"index":"index","follow":"follow","max-snippet":"max-snippet:-1","max-image-preview":"max-image-preview:large","max-video-preview":"max-video-preview:-1"},"canonical":"https:\/\/www.istegroup.com\/produit\/enzymes-et-medicaments\/","og_locale":"fr_FR","og_type":"article","og_title":"Enzymes et m\u00e9dicaments - ISTE Group","og_description":"Enzymes et m\u00e9dicaments rassemble, pour la premi\u00e8re fois, une vaste documentation mettant en exergue les relations entre un grand nombre de m\u00e9dicaments et les enzymes.","og_url":"https:\/\/www.istegroup.com\/produit\/enzymes-et-medicaments\/","og_site_name":"ISTE Group","article_modified_time":"2025-03-14T10:31:02+00:00","og_image":[{"width":599,"height":901,"url":"https:\/\/www.istegroup.com\/wp-content\/uploads\/2023\/11\/Enzymes-et-medicaments.png","type":"image\/png"}],"twitter_card":"summary_large_image","twitter_misc":{"Est. reading time":"1 minute"},"schema":{"@context":"https:\/\/schema.org","@graph":[{"@type":"WebPage","@id":"https:\/\/www.istegroup.com\/produit\/enzymes-et-medicaments\/","url":"https:\/\/www.istegroup.com\/produit\/enzymes-et-medicaments\/","name":"Enzymes et m\u00e9dicaments - ISTE Group","isPartOf":{"@id":"https:\/\/www.istegroup.com\/#website"},"primaryImageOfPage":{"@id":"https:\/\/www.istegroup.com\/produit\/enzymes-et-medicaments\/#primaryimage"},"image":{"@id":"https:\/\/www.istegroup.com\/produit\/enzymes-et-medicaments\/#primaryimage"},"thumbnailUrl":"https:\/\/www.istegroup.com\/wp-content\/uploads\/2023\/11\/Enzymes-et-medicaments.png","datePublished":"2023-11-29T11:44:45+00:00","dateModified":"2025-03-14T10:31:02+00:00","description":"Enzymes et m\u00e9dicaments rassemble, pour la premi\u00e8re fois, une vaste documentation mettant en exergue les relations entre un grand nombre de m\u00e9dicaments et les enzymes.","breadcrumb":{"@id":"https:\/\/www.istegroup.com\/produit\/enzymes-et-medicaments\/#breadcrumb"},"inLanguage":"fr-FR","potentialAction":[{"@type":"ReadAction","target":["https:\/\/www.istegroup.com\/produit\/enzymes-et-medicaments\/"]}]},{"@type":"ImageObject","inLanguage":"fr-FR","@id":"https:\/\/www.istegroup.com\/produit\/enzymes-et-medicaments\/#primaryimage","url":"https:\/\/www.istegroup.com\/wp-content\/uploads\/2023\/11\/Enzymes-et-medicaments.png","contentUrl":"https:\/\/www.istegroup.com\/wp-content\/uploads\/2023\/11\/Enzymes-et-medicaments.png","width":599,"height":901,"caption":"Livre scientifique - Enzymes et m\u00e9dicaments"},{"@type":"BreadcrumbList","@id":"https:\/\/www.istegroup.com\/produit\/enzymes-et-medicaments\/#breadcrumb","itemListElement":[{"@type":"ListItem","position":1,"name":"Home","item":"https:\/\/www.istegroup.com\/"},{"@type":"ListItem","position":2,"name":"Shop","item":"https:\/\/www.istegroup.com\/fr\/nouveautes\/"},{"@type":"ListItem","position":3,"name":"Enzymes et m\u00e9dicaments"}]},{"@type":"WebSite","@id":"https:\/\/www.istegroup.com\/#website","url":"https:\/\/www.istegroup.com\/","name":"ISTE Group","description":"\u00c9diteur des Sciences","potentialAction":[{"@type":"SearchAction","target":{"@type":"EntryPoint","urlTemplate":"https:\/\/www.istegroup.com\/?s={search_term_string}"},"query-input":{"@type":"PropertyValueSpecification","valueRequired":true,"valueName":"search_term_string"}}],"inLanguage":"fr-FR"}]}},"_links":{"self":[{"href":"https:\/\/www.istegroup.com\/fr\/wp-json\/wp\/v2\/product\/54735","targetHints":{"allow":["GET"]}}],"collection":[{"href":"https:\/\/www.istegroup.com\/fr\/wp-json\/wp\/v2\/product"}],"about":[{"href":"https:\/\/www.istegroup.com\/fr\/wp-json\/wp\/v2\/types\/product"}],"wp:featuredmedia":[{"embeddable":true,"href":"https:\/\/www.istegroup.com\/fr\/wp-json\/wp\/v2\/media\/54747"}],"wp:attachment":[{"href":"https:\/\/www.istegroup.com\/fr\/wp-json\/wp\/v2\/media?parent=54735"}],"wp:term":[{"taxonomy":"product_brand","embeddable":true,"href":"https:\/\/www.istegroup.com\/fr\/wp-json\/wp\/v2\/product_brand?post=54735"},{"taxonomy":"product_cat","embeddable":true,"href":"https:\/\/www.istegroup.com\/fr\/wp-json\/wp\/v2\/product_cat?post=54735"},{"taxonomy":"product_tag","embeddable":true,"href":"https:\/\/www.istegroup.com\/fr\/wp-json\/wp\/v2\/product_tag?post=54735"}],"curies":[{"name":"wp","href":"https:\/\/api.w.org\/{rel}","templated":true}]}}