{"id":54688,"date":"2023-11-29T14:05:35","date_gmt":"2023-11-29T14:05:35","guid":{"rendered":"https:\/\/www.istegroup.com\/?post_type=product&#038;p=54688"},"modified":"2025-03-14T10:27:59","modified_gmt":"2025-03-14T10:27:59","slug":"fiabilite-appliquee-pour-lindustrie-2","status":"publish","type":"product","link":"https:\/\/www.istegroup.com\/fr\/produit\/fiabilite-appliquee-pour-lindustrie-2\/","title":{"rendered":"Fiabilit\u00e9 appliqu\u00e9e pour l\u2019industrie 2"},"content":{"rendered":"<p>Cet ouvrage, en trois volumes, illustre en d\u00e9tail l\u2019\u00e9tat de l\u2019art de la science pluridisciplinaire de la fiabilit\u00e9 dans l\u2019industrie. Des disciplines diverses et vari\u00e9es interagissent pour conduire le produit \u00e0 son meilleur niveau de fiabilit\u00e9 gr\u00e2ce aux technologies et m\u00e9thodes de d\u00e9veloppement et de production actuelles. Dans un contexte de recherche constante d\u2019am\u00e9lioration de la comp\u00e9titivit\u00e9 industrielle, l\u2019\u00e9volution des m\u00e9thodes et des outils de conception des produits appara\u00eet comme une n\u00e9cessit\u00e9 strat\u00e9gique au regard d\u2019un imp\u00e9ratif de r\u00e9duction des co\u00fbts. N\u00e9anmoins, la diminution des co\u00fbts de conception ne doit pas se faire au d\u00e9triment de la fiabilit\u00e9 des nouveaux syst\u00e8mes propos\u00e9s qui se doit par ailleurs elle aussi de progresser de mani\u00e8re significative.<\/p>\n<p><em>Fiabilit\u00e9 appliqu\u00e9e pour l\u2019industrie<\/em> propose de nouvelles m\u00e9thodes permettant l\u2019analyse du cycle de vie d\u2019un syst\u00e8me. Les trois grandes familles d\u2019activit\u00e9 r\u00e9gissant le d\u00e9veloppement de la fiabilit\u00e9 pour un syst\u00e8me sont la fiabilit\u00e9 pr\u00e9dictive, la fiabilit\u00e9 exp\u00e9rimentale et la fiabilit\u00e9 op\u00e9rationnelle.<\/p>\n<p>La fiabilit\u00e9 exp\u00e9rimentale trait\u00e9e dans ce volume 2 utilise l\u2019ensemble des outils et m\u00e9thodes d\u2019essais pour d\u00e9montrer la fiabilit\u00e9 du syst\u00e8me.<\/p>","protected":false},"excerpt":{"rendered":"<p>Cet ouvrage, en trois volumes, illustre en d\u00e9tail l\u2019\u00e9tat de l\u2019art de la science pluridisciplinaire de la fiabilit\u00e9 dans l\u2019industrie. Des disciplines diverses et vari\u00e9es interagissent pour conduire le produit \u00e0 son meilleur niveau de fiabilit\u00e9 gr\u00e2ce aux technologies et m\u00e9thodes de d\u00e9veloppement et de production actuelles. Dans un contexte de recherche constante d\u2019am\u00e9lioration de [&hellip;]<\/p>\n","protected":false},"featured_media":54697,"template":"","meta":{"_acf_changed":false,"_links_to":"","_links_to_target":""},"product_brand":[],"product_cat":[3262],"product_tag":[],"class_list":{"0":"post-54688","1":"product","2":"type-product","3":"status-publish","4":"has-post-thumbnail","6":"product_cat-non-classe","8":"first","9":"instock","10":"shipping-taxable","11":"purchasable","12":"product-type-variable"},"acf":[],"yoast_head":"<!-- This site is optimized with the Yoast SEO plugin v27.2 - https:\/\/yoast.com\/product\/yoast-seo-wordpress\/ -->\n<title>Fiabilit\u00e9 appliqu\u00e9e pour l\u2019industrie 2 - ISTE Group<\/title>\n<meta name=\"description\" content=\"Fiabilit\u00e9 appliqu\u00e9e pour l\u2019industrie propose de nouvelles m\u00e9thodes permettant l\u2019analyse du cycle de vie d\u2019un syst\u00e8me. Les trois grandes familles d\u2019activit\u00e9 r\u00e9gissant le d\u00e9veloppement de la fiabilit\u00e9 pour un syst\u00e8me sont la fiabilit\u00e9 pr\u00e9dictive, la fiabilit\u00e9 exp\u00e9rimentale et la fiabilit\u00e9 op\u00e9rationnelle.\" \/>\n<meta name=\"robots\" content=\"index, follow, max-snippet:-1, max-image-preview:large, max-video-preview:-1\" \/>\n<link rel=\"canonical\" href=\"https:\/\/www.istegroup.com\/produit\/fiabilite-appliquee-pour-lindustrie-2\/\" \/>\n<meta property=\"og:locale\" content=\"fr_FR\" \/>\n<meta property=\"og:type\" content=\"article\" \/>\n<meta property=\"og:title\" content=\"Fiabilit\u00e9 appliqu\u00e9e pour l\u2019industrie 2 - ISTE Group\" \/>\n<meta property=\"og:description\" content=\"Fiabilit\u00e9 appliqu\u00e9e pour l\u2019industrie propose de nouvelles m\u00e9thodes permettant l\u2019analyse du cycle de vie d\u2019un syst\u00e8me. Les trois grandes familles d\u2019activit\u00e9 r\u00e9gissant le d\u00e9veloppement de la fiabilit\u00e9 pour un syst\u00e8me sont la fiabilit\u00e9 pr\u00e9dictive, la fiabilit\u00e9 exp\u00e9rimentale et la fiabilit\u00e9 op\u00e9rationnelle.\" \/>\n<meta property=\"og:url\" content=\"https:\/\/www.istegroup.com\/produit\/fiabilite-appliquee-pour-lindustrie-2\/\" \/>\n<meta property=\"og:site_name\" content=\"ISTE Group\" \/>\n<meta property=\"article:modified_time\" content=\"2025-03-14T10:27:59+00:00\" \/>\n<meta property=\"og:image\" content=\"https:\/\/www.istegroup.com\/wp-content\/uploads\/2023\/11\/Fiabilite-appliquee-pour-lindustrie-2.png\" \/>\n\t<meta property=\"og:image:width\" content=\"598\" \/>\n\t<meta property=\"og:image:height\" content=\"899\" \/>\n\t<meta property=\"og:image:type\" content=\"image\/png\" \/>\n<meta name=\"twitter:card\" content=\"summary_large_image\" \/>\n<meta name=\"twitter:label1\" content=\"Est. reading time\" \/>\n\t<meta name=\"twitter:data1\" content=\"2 minutes\" \/>\n<script type=\"application\/ld+json\" class=\"yoast-schema-graph\">{\"@context\":\"https:\/\/schema.org\",\"@graph\":[{\"@type\":\"WebPage\",\"@id\":\"https:\/\/www.istegroup.com\/produit\/fiabilite-appliquee-pour-lindustrie-2\/\",\"url\":\"https:\/\/www.istegroup.com\/produit\/fiabilite-appliquee-pour-lindustrie-2\/\",\"name\":\"Fiabilit\u00e9 appliqu\u00e9e pour l\u2019industrie 2 - ISTE Group\",\"isPartOf\":{\"@id\":\"https:\/\/www.istegroup.com\/#website\"},\"primaryImageOfPage\":{\"@id\":\"https:\/\/www.istegroup.com\/produit\/fiabilite-appliquee-pour-lindustrie-2\/#primaryimage\"},\"image\":{\"@id\":\"https:\/\/www.istegroup.com\/produit\/fiabilite-appliquee-pour-lindustrie-2\/#primaryimage\"},\"thumbnailUrl\":\"https:\/\/www.istegroup.com\/wp-content\/uploads\/2023\/11\/Fiabilite-appliquee-pour-lindustrie-2.png\",\"datePublished\":\"2023-11-29T14:05:35+00:00\",\"dateModified\":\"2025-03-14T10:27:59+00:00\",\"description\":\"Fiabilit\u00e9 appliqu\u00e9e pour l\u2019industrie propose de nouvelles m\u00e9thodes permettant l\u2019analyse du cycle de vie d\u2019un syst\u00e8me. Les trois grandes familles d\u2019activit\u00e9 r\u00e9gissant le d\u00e9veloppement de la fiabilit\u00e9 pour un syst\u00e8me sont la fiabilit\u00e9 pr\u00e9dictive, la fiabilit\u00e9 exp\u00e9rimentale et la fiabilit\u00e9 op\u00e9rationnelle.\",\"breadcrumb\":{\"@id\":\"https:\/\/www.istegroup.com\/produit\/fiabilite-appliquee-pour-lindustrie-2\/#breadcrumb\"},\"inLanguage\":\"fr-FR\",\"potentialAction\":[{\"@type\":\"ReadAction\",\"target\":[\"https:\/\/www.istegroup.com\/produit\/fiabilite-appliquee-pour-lindustrie-2\/\"]}]},{\"@type\":\"ImageObject\",\"inLanguage\":\"fr-FR\",\"@id\":\"https:\/\/www.istegroup.com\/produit\/fiabilite-appliquee-pour-lindustrie-2\/#primaryimage\",\"url\":\"https:\/\/www.istegroup.com\/wp-content\/uploads\/2023\/11\/Fiabilite-appliquee-pour-lindustrie-2.png\",\"contentUrl\":\"https:\/\/www.istegroup.com\/wp-content\/uploads\/2023\/11\/Fiabilite-appliquee-pour-lindustrie-2.png\",\"width\":598,\"height\":899,\"caption\":\"Livre scientifique - Fiabilit\u00e9 appliqu\u00e9e pour l\u2019industrie 2\"},{\"@type\":\"BreadcrumbList\",\"@id\":\"https:\/\/www.istegroup.com\/produit\/fiabilite-appliquee-pour-lindustrie-2\/#breadcrumb\",\"itemListElement\":[{\"@type\":\"ListItem\",\"position\":1,\"name\":\"Home\",\"item\":\"https:\/\/www.istegroup.com\/\"},{\"@type\":\"ListItem\",\"position\":2,\"name\":\"Shop\",\"item\":\"https:\/\/www.istegroup.com\/fr\/nouveautes\/\"},{\"@type\":\"ListItem\",\"position\":3,\"name\":\"Fiabilit\u00e9 appliqu\u00e9e pour l\u2019industrie 2\"}]},{\"@type\":\"WebSite\",\"@id\":\"https:\/\/www.istegroup.com\/#website\",\"url\":\"https:\/\/www.istegroup.com\/\",\"name\":\"ISTE Group\",\"description\":\"\u00c9diteur des Sciences\",\"potentialAction\":[{\"@type\":\"SearchAction\",\"target\":{\"@type\":\"EntryPoint\",\"urlTemplate\":\"https:\/\/www.istegroup.com\/?s={search_term_string}\"},\"query-input\":{\"@type\":\"PropertyValueSpecification\",\"valueRequired\":true,\"valueName\":\"search_term_string\"}}],\"inLanguage\":\"fr-FR\"}]}<\/script>\n<!-- \/ Yoast SEO plugin. -->","yoast_head_json":{"title":"Fiabilit\u00e9 appliqu\u00e9e pour l\u2019industrie 2 - ISTE Group","description":"Fiabilit\u00e9 appliqu\u00e9e pour l\u2019industrie propose de nouvelles m\u00e9thodes permettant l\u2019analyse du cycle de vie d\u2019un syst\u00e8me. Les trois grandes familles d\u2019activit\u00e9 r\u00e9gissant le d\u00e9veloppement de la fiabilit\u00e9 pour un syst\u00e8me sont la fiabilit\u00e9 pr\u00e9dictive, la fiabilit\u00e9 exp\u00e9rimentale et la fiabilit\u00e9 op\u00e9rationnelle.","robots":{"index":"index","follow":"follow","max-snippet":"max-snippet:-1","max-image-preview":"max-image-preview:large","max-video-preview":"max-video-preview:-1"},"canonical":"https:\/\/www.istegroup.com\/produit\/fiabilite-appliquee-pour-lindustrie-2\/","og_locale":"fr_FR","og_type":"article","og_title":"Fiabilit\u00e9 appliqu\u00e9e pour l\u2019industrie 2 - ISTE Group","og_description":"Fiabilit\u00e9 appliqu\u00e9e pour l\u2019industrie propose de nouvelles m\u00e9thodes permettant l\u2019analyse du cycle de vie d\u2019un syst\u00e8me. Les trois grandes familles d\u2019activit\u00e9 r\u00e9gissant le d\u00e9veloppement de la fiabilit\u00e9 pour un syst\u00e8me sont la fiabilit\u00e9 pr\u00e9dictive, la fiabilit\u00e9 exp\u00e9rimentale et la fiabilit\u00e9 op\u00e9rationnelle.","og_url":"https:\/\/www.istegroup.com\/produit\/fiabilite-appliquee-pour-lindustrie-2\/","og_site_name":"ISTE Group","article_modified_time":"2025-03-14T10:27:59+00:00","og_image":[{"width":598,"height":899,"url":"https:\/\/www.istegroup.com\/wp-content\/uploads\/2023\/11\/Fiabilite-appliquee-pour-lindustrie-2.png","type":"image\/png"}],"twitter_card":"summary_large_image","twitter_misc":{"Est. reading time":"2 minutes"},"schema":{"@context":"https:\/\/schema.org","@graph":[{"@type":"WebPage","@id":"https:\/\/www.istegroup.com\/produit\/fiabilite-appliquee-pour-lindustrie-2\/","url":"https:\/\/www.istegroup.com\/produit\/fiabilite-appliquee-pour-lindustrie-2\/","name":"Fiabilit\u00e9 appliqu\u00e9e pour l\u2019industrie 2 - ISTE Group","isPartOf":{"@id":"https:\/\/www.istegroup.com\/#website"},"primaryImageOfPage":{"@id":"https:\/\/www.istegroup.com\/produit\/fiabilite-appliquee-pour-lindustrie-2\/#primaryimage"},"image":{"@id":"https:\/\/www.istegroup.com\/produit\/fiabilite-appliquee-pour-lindustrie-2\/#primaryimage"},"thumbnailUrl":"https:\/\/www.istegroup.com\/wp-content\/uploads\/2023\/11\/Fiabilite-appliquee-pour-lindustrie-2.png","datePublished":"2023-11-29T14:05:35+00:00","dateModified":"2025-03-14T10:27:59+00:00","description":"Fiabilit\u00e9 appliqu\u00e9e pour l\u2019industrie propose de nouvelles m\u00e9thodes permettant l\u2019analyse du cycle de vie d\u2019un syst\u00e8me. Les trois grandes familles d\u2019activit\u00e9 r\u00e9gissant le d\u00e9veloppement de la fiabilit\u00e9 pour un syst\u00e8me sont la fiabilit\u00e9 pr\u00e9dictive, la fiabilit\u00e9 exp\u00e9rimentale et la fiabilit\u00e9 op\u00e9rationnelle.","breadcrumb":{"@id":"https:\/\/www.istegroup.com\/produit\/fiabilite-appliquee-pour-lindustrie-2\/#breadcrumb"},"inLanguage":"fr-FR","potentialAction":[{"@type":"ReadAction","target":["https:\/\/www.istegroup.com\/produit\/fiabilite-appliquee-pour-lindustrie-2\/"]}]},{"@type":"ImageObject","inLanguage":"fr-FR","@id":"https:\/\/www.istegroup.com\/produit\/fiabilite-appliquee-pour-lindustrie-2\/#primaryimage","url":"https:\/\/www.istegroup.com\/wp-content\/uploads\/2023\/11\/Fiabilite-appliquee-pour-lindustrie-2.png","contentUrl":"https:\/\/www.istegroup.com\/wp-content\/uploads\/2023\/11\/Fiabilite-appliquee-pour-lindustrie-2.png","width":598,"height":899,"caption":"Livre scientifique - Fiabilit\u00e9 appliqu\u00e9e pour l\u2019industrie 2"},{"@type":"BreadcrumbList","@id":"https:\/\/www.istegroup.com\/produit\/fiabilite-appliquee-pour-lindustrie-2\/#breadcrumb","itemListElement":[{"@type":"ListItem","position":1,"name":"Home","item":"https:\/\/www.istegroup.com\/"},{"@type":"ListItem","position":2,"name":"Shop","item":"https:\/\/www.istegroup.com\/fr\/nouveautes\/"},{"@type":"ListItem","position":3,"name":"Fiabilit\u00e9 appliqu\u00e9e pour l\u2019industrie 2"}]},{"@type":"WebSite","@id":"https:\/\/www.istegroup.com\/#website","url":"https:\/\/www.istegroup.com\/","name":"ISTE Group","description":"\u00c9diteur des Sciences","potentialAction":[{"@type":"SearchAction","target":{"@type":"EntryPoint","urlTemplate":"https:\/\/www.istegroup.com\/?s={search_term_string}"},"query-input":{"@type":"PropertyValueSpecification","valueRequired":true,"valueName":"search_term_string"}}],"inLanguage":"fr-FR"}]}},"_links":{"self":[{"href":"https:\/\/www.istegroup.com\/fr\/wp-json\/wp\/v2\/product\/54688","targetHints":{"allow":["GET"]}}],"collection":[{"href":"https:\/\/www.istegroup.com\/fr\/wp-json\/wp\/v2\/product"}],"about":[{"href":"https:\/\/www.istegroup.com\/fr\/wp-json\/wp\/v2\/types\/product"}],"wp:featuredmedia":[{"embeddable":true,"href":"https:\/\/www.istegroup.com\/fr\/wp-json\/wp\/v2\/media\/54697"}],"wp:attachment":[{"href":"https:\/\/www.istegroup.com\/fr\/wp-json\/wp\/v2\/media?parent=54688"}],"wp:term":[{"taxonomy":"product_brand","embeddable":true,"href":"https:\/\/www.istegroup.com\/fr\/wp-json\/wp\/v2\/product_brand?post=54688"},{"taxonomy":"product_cat","embeddable":true,"href":"https:\/\/www.istegroup.com\/fr\/wp-json\/wp\/v2\/product_cat?post=54688"},{"taxonomy":"product_tag","embeddable":true,"href":"https:\/\/www.istegroup.com\/fr\/wp-json\/wp\/v2\/product_tag?post=54688"}],"curies":[{"name":"wp","href":"https:\/\/api.w.org\/{rel}","templated":true}]}}