{"id":54657,"date":"2023-11-29T09:30:55","date_gmt":"2023-11-29T09:30:55","guid":{"rendered":"https:\/\/www.istegroup.com\/?post_type=product&#038;p=54657"},"modified":"2024-01-03T13:48:35","modified_gmt":"2024-01-03T13:48:35","slug":"technologies-de-detection-supraconductrices-pour-la-cosmologie-experimentale","status":"publish","type":"product","link":"https:\/\/www.istegroup.com\/fr\/produit\/technologies-de-detection-supraconductrices-pour-la-cosmologie-experimentale\/","title":{"rendered":"Technologies de d\u00e9tection supraconductrices pour la cosmologie exp\u00e9rimentale"},"content":{"rendered":"<p>Les technologies de d\u00e9tection pour la mesure de la polarisation du fond diffus cosmologique sont au coeur de l\u2019un des principaux d\u00e9fis de la cosmologie moderne. Parmi elles figurent les nano et microtechnologies planaires supraconductrices. C\u2019est sur ces derni\u00e8res que se concentre <em>Technologies de d\u00e9tection supraconductrices pour la cosmologie exp\u00e9rimentale<\/em>.<\/p>\n<p>Apr\u00e8s avoir introduit les principes g\u00e9n\u00e9raux de fonctionnement, cet ouvrage s\u2019int\u00e9resse au contexte particulier de la nanofabrication des grands plans focaux multichro\u00efques et des dispositifs exp\u00e9rimentaux associ\u00e9s. Il d\u00e9crit ensuite les principaux programmes de recherche qui ont permis ces d\u00e9veloppements en France, pendant la derni\u00e8re d\u00e9cennie. Enfin, en annexe, le lecteur trouvera les pr\u00e9cieuses \u00ab recettes \u00bb de fabrication du plan focal du c\u00e9l\u00e8bre t\u00e9lescope PolarBear, qui pourront le guider et lui transmettre les bonnes pratiques dans les processus de structuration des couches minces pour les d\u00e9tecteurs bolom\u00e9triques supraconducteurs.<\/p>","protected":false},"excerpt":{"rendered":"<p style=\"text-align: center;\"><strong>Cet ouvrage est uniquement disponible en version \u00e9lectronique.<\/strong><\/p>\n<hr \/>\n","protected":false},"featured_media":54659,"template":"","meta":{"_acf_changed":false,"_links_to":"","_links_to_target":""},"product_brand":[],"product_cat":[3262],"product_tag":[],"class_list":{"0":"post-54657","1":"product","2":"type-product","3":"status-publish","4":"has-post-thumbnail","6":"product_cat-non-classe","8":"first","9":"instock","10":"shipping-taxable","11":"purchasable","12":"product-type-variable"},"acf":[],"yoast_head":"<!-- This site is optimized with the Yoast SEO plugin v27.2 - https:\/\/yoast.com\/product\/yoast-seo-wordpress\/ -->\n<title>Technologies de d\u00e9tection supraconductrices pour la cosmologie exp\u00e9rimentale - ISTE Group<\/title>\n<meta name=\"robots\" content=\"index, follow, max-snippet:-1, max-image-preview:large, max-video-preview:-1\" \/>\n<link rel=\"canonical\" href=\"https:\/\/www.istegroup.com\/fr\/produit\/technologies-de-detection-supraconductrices-pour-la-cosmologie-experimentale\/\" \/>\n<meta property=\"og:locale\" content=\"fr_FR\" \/>\n<meta property=\"og:type\" content=\"article\" \/>\n<meta property=\"og:title\" content=\"Technologies de d\u00e9tection supraconductrices pour la cosmologie exp\u00e9rimentale - ISTE Group\" \/>\n<meta property=\"og:description\" content=\"[:fr]Cet ouvrage est uniquement disponible en version \u00e9lectronique.   [:]\" \/>\n<meta property=\"og:url\" content=\"https:\/\/www.istegroup.com\/fr\/produit\/technologies-de-detection-supraconductrices-pour-la-cosmologie-experimentale\/\" \/>\n<meta property=\"og:site_name\" content=\"ISTE Group\" \/>\n<meta property=\"article:modified_time\" content=\"2024-01-03T13:48:35+00:00\" \/>\n<meta property=\"og:image\" content=\"https:\/\/www.istegroup.com\/wp-content\/uploads\/2023\/11\/Technologies-de-detection-supraconductrices-pour-la-cosmologie-experimentale.png\" \/>\n\t<meta property=\"og:image:width\" content=\"507\" \/>\n\t<meta property=\"og:image:height\" content=\"771\" \/>\n\t<meta property=\"og:image:type\" content=\"image\/png\" \/>\n<meta name=\"twitter:card\" content=\"summary_large_image\" \/>\n<meta name=\"twitter:label1\" content=\"Est. reading time\" \/>\n\t<meta name=\"twitter:data1\" content=\"1 minute\" \/>\n<script type=\"application\/ld+json\" class=\"yoast-schema-graph\">{\"@context\":\"https:\/\/schema.org\",\"@graph\":[{\"@type\":\"WebPage\",\"@id\":\"https:\/\/www.istegroup.com\/fr\/produit\/technologies-de-detection-supraconductrices-pour-la-cosmologie-experimentale\/\",\"url\":\"https:\/\/www.istegroup.com\/fr\/produit\/technologies-de-detection-supraconductrices-pour-la-cosmologie-experimentale\/\",\"name\":\"Technologies de d\u00e9tection supraconductrices pour la cosmologie exp\u00e9rimentale - ISTE Group\",\"isPartOf\":{\"@id\":\"https:\/\/www.istegroup.com\/#website\"},\"primaryImageOfPage\":{\"@id\":\"https:\/\/www.istegroup.com\/fr\/produit\/technologies-de-detection-supraconductrices-pour-la-cosmologie-experimentale\/#primaryimage\"},\"image\":{\"@id\":\"https:\/\/www.istegroup.com\/fr\/produit\/technologies-de-detection-supraconductrices-pour-la-cosmologie-experimentale\/#primaryimage\"},\"thumbnailUrl\":\"https:\/\/www.istegroup.com\/wp-content\/uploads\/2023\/11\/Technologies-de-detection-supraconductrices-pour-la-cosmologie-experimentale.png\",\"datePublished\":\"2023-11-29T09:30:55+00:00\",\"dateModified\":\"2024-01-03T13:48:35+00:00\",\"breadcrumb\":{\"@id\":\"https:\/\/www.istegroup.com\/fr\/produit\/technologies-de-detection-supraconductrices-pour-la-cosmologie-experimentale\/#breadcrumb\"},\"inLanguage\":\"fr-FR\",\"potentialAction\":[{\"@type\":\"ReadAction\",\"target\":[\"https:\/\/www.istegroup.com\/fr\/produit\/technologies-de-detection-supraconductrices-pour-la-cosmologie-experimentale\/\"]}]},{\"@type\":\"ImageObject\",\"inLanguage\":\"fr-FR\",\"@id\":\"https:\/\/www.istegroup.com\/fr\/produit\/technologies-de-detection-supraconductrices-pour-la-cosmologie-experimentale\/#primaryimage\",\"url\":\"https:\/\/www.istegroup.com\/wp-content\/uploads\/2023\/11\/Technologies-de-detection-supraconductrices-pour-la-cosmologie-experimentale.png\",\"contentUrl\":\"https:\/\/www.istegroup.com\/wp-content\/uploads\/2023\/11\/Technologies-de-detection-supraconductrices-pour-la-cosmologie-experimentale.png\",\"width\":507,\"height\":771,\"caption\":\"Livre scientifique - Technologies de d\u00e9tection supraconductrices pour la cosmologie exp\u00e9rimentale\"},{\"@type\":\"BreadcrumbList\",\"@id\":\"https:\/\/www.istegroup.com\/fr\/produit\/technologies-de-detection-supraconductrices-pour-la-cosmologie-experimentale\/#breadcrumb\",\"itemListElement\":[{\"@type\":\"ListItem\",\"position\":1,\"name\":\"Home\",\"item\":\"https:\/\/www.istegroup.com\/\"},{\"@type\":\"ListItem\",\"position\":2,\"name\":\"Shop\",\"item\":\"https:\/\/www.istegroup.com\/fr\/nouveautes\/\"},{\"@type\":\"ListItem\",\"position\":3,\"name\":\"Technologies de d\u00e9tection supraconductrices pour la cosmologie exp\u00e9rimentale\"}]},{\"@type\":\"WebSite\",\"@id\":\"https:\/\/www.istegroup.com\/#website\",\"url\":\"https:\/\/www.istegroup.com\/\",\"name\":\"ISTE Group\",\"description\":\"\u00c9diteur des Sciences\",\"potentialAction\":[{\"@type\":\"SearchAction\",\"target\":{\"@type\":\"EntryPoint\",\"urlTemplate\":\"https:\/\/www.istegroup.com\/?s={search_term_string}\"},\"query-input\":{\"@type\":\"PropertyValueSpecification\",\"valueRequired\":true,\"valueName\":\"search_term_string\"}}],\"inLanguage\":\"fr-FR\"}]}<\/script>\n<!-- \/ Yoast SEO plugin. -->","yoast_head_json":{"title":"Technologies de d\u00e9tection supraconductrices pour la cosmologie exp\u00e9rimentale - ISTE Group","robots":{"index":"index","follow":"follow","max-snippet":"max-snippet:-1","max-image-preview":"max-image-preview:large","max-video-preview":"max-video-preview:-1"},"canonical":"https:\/\/www.istegroup.com\/fr\/produit\/technologies-de-detection-supraconductrices-pour-la-cosmologie-experimentale\/","og_locale":"fr_FR","og_type":"article","og_title":"Technologies de d\u00e9tection supraconductrices pour la cosmologie exp\u00e9rimentale - ISTE Group","og_description":"[:fr]Cet ouvrage est uniquement disponible en version \u00e9lectronique.   [:]","og_url":"https:\/\/www.istegroup.com\/fr\/produit\/technologies-de-detection-supraconductrices-pour-la-cosmologie-experimentale\/","og_site_name":"ISTE Group","article_modified_time":"2024-01-03T13:48:35+00:00","og_image":[{"width":507,"height":771,"url":"https:\/\/www.istegroup.com\/wp-content\/uploads\/2023\/11\/Technologies-de-detection-supraconductrices-pour-la-cosmologie-experimentale.png","type":"image\/png"}],"twitter_card":"summary_large_image","twitter_misc":{"Est. reading time":"1 minute"},"schema":{"@context":"https:\/\/schema.org","@graph":[{"@type":"WebPage","@id":"https:\/\/www.istegroup.com\/fr\/produit\/technologies-de-detection-supraconductrices-pour-la-cosmologie-experimentale\/","url":"https:\/\/www.istegroup.com\/fr\/produit\/technologies-de-detection-supraconductrices-pour-la-cosmologie-experimentale\/","name":"Technologies de d\u00e9tection supraconductrices pour la cosmologie exp\u00e9rimentale - ISTE Group","isPartOf":{"@id":"https:\/\/www.istegroup.com\/#website"},"primaryImageOfPage":{"@id":"https:\/\/www.istegroup.com\/fr\/produit\/technologies-de-detection-supraconductrices-pour-la-cosmologie-experimentale\/#primaryimage"},"image":{"@id":"https:\/\/www.istegroup.com\/fr\/produit\/technologies-de-detection-supraconductrices-pour-la-cosmologie-experimentale\/#primaryimage"},"thumbnailUrl":"https:\/\/www.istegroup.com\/wp-content\/uploads\/2023\/11\/Technologies-de-detection-supraconductrices-pour-la-cosmologie-experimentale.png","datePublished":"2023-11-29T09:30:55+00:00","dateModified":"2024-01-03T13:48:35+00:00","breadcrumb":{"@id":"https:\/\/www.istegroup.com\/fr\/produit\/technologies-de-detection-supraconductrices-pour-la-cosmologie-experimentale\/#breadcrumb"},"inLanguage":"fr-FR","potentialAction":[{"@type":"ReadAction","target":["https:\/\/www.istegroup.com\/fr\/produit\/technologies-de-detection-supraconductrices-pour-la-cosmologie-experimentale\/"]}]},{"@type":"ImageObject","inLanguage":"fr-FR","@id":"https:\/\/www.istegroup.com\/fr\/produit\/technologies-de-detection-supraconductrices-pour-la-cosmologie-experimentale\/#primaryimage","url":"https:\/\/www.istegroup.com\/wp-content\/uploads\/2023\/11\/Technologies-de-detection-supraconductrices-pour-la-cosmologie-experimentale.png","contentUrl":"https:\/\/www.istegroup.com\/wp-content\/uploads\/2023\/11\/Technologies-de-detection-supraconductrices-pour-la-cosmologie-experimentale.png","width":507,"height":771,"caption":"Livre scientifique - Technologies de d\u00e9tection supraconductrices pour la cosmologie exp\u00e9rimentale"},{"@type":"BreadcrumbList","@id":"https:\/\/www.istegroup.com\/fr\/produit\/technologies-de-detection-supraconductrices-pour-la-cosmologie-experimentale\/#breadcrumb","itemListElement":[{"@type":"ListItem","position":1,"name":"Home","item":"https:\/\/www.istegroup.com\/"},{"@type":"ListItem","position":2,"name":"Shop","item":"https:\/\/www.istegroup.com\/fr\/nouveautes\/"},{"@type":"ListItem","position":3,"name":"Technologies de d\u00e9tection supraconductrices pour la cosmologie exp\u00e9rimentale"}]},{"@type":"WebSite","@id":"https:\/\/www.istegroup.com\/#website","url":"https:\/\/www.istegroup.com\/","name":"ISTE Group","description":"\u00c9diteur des Sciences","potentialAction":[{"@type":"SearchAction","target":{"@type":"EntryPoint","urlTemplate":"https:\/\/www.istegroup.com\/?s={search_term_string}"},"query-input":{"@type":"PropertyValueSpecification","valueRequired":true,"valueName":"search_term_string"}}],"inLanguage":"fr-FR"}]}},"_links":{"self":[{"href":"https:\/\/www.istegroup.com\/fr\/wp-json\/wp\/v2\/product\/54657","targetHints":{"allow":["GET"]}}],"collection":[{"href":"https:\/\/www.istegroup.com\/fr\/wp-json\/wp\/v2\/product"}],"about":[{"href":"https:\/\/www.istegroup.com\/fr\/wp-json\/wp\/v2\/types\/product"}],"wp:featuredmedia":[{"embeddable":true,"href":"https:\/\/www.istegroup.com\/fr\/wp-json\/wp\/v2\/media\/54659"}],"wp:attachment":[{"href":"https:\/\/www.istegroup.com\/fr\/wp-json\/wp\/v2\/media?parent=54657"}],"wp:term":[{"taxonomy":"product_brand","embeddable":true,"href":"https:\/\/www.istegroup.com\/fr\/wp-json\/wp\/v2\/product_brand?post=54657"},{"taxonomy":"product_cat","embeddable":true,"href":"https:\/\/www.istegroup.com\/fr\/wp-json\/wp\/v2\/product_cat?post=54657"},{"taxonomy":"product_tag","embeddable":true,"href":"https:\/\/www.istegroup.com\/fr\/wp-json\/wp\/v2\/product_tag?post=54657"}],"curies":[{"name":"wp","href":"https:\/\/api.w.org\/{rel}","templated":true}]}}