{"id":54651,"date":"2023-11-29T09:17:42","date_gmt":"2023-11-29T09:17:42","guid":{"rendered":"https:\/\/www.istegroup.com\/?post_type=product&#038;p=54651"},"modified":"2024-01-03T13:48:34","modified_gmt":"2024-01-03T13:48:34","slug":"supply-chain-management","status":"publish","type":"product","link":"https:\/\/www.istegroup.com\/fr\/produit\/supply-chain-management\/","title":{"rendered":"Supply Chain Management"},"content":{"rendered":"<p>L\u2019externalisation logistique ne va pas sans un recours aux prestataires de services logistiques (PSL), acteurs incontournables dans la r\u00e9gulation des flux au sein de toute <em>Supply Chain<\/em> (SC). Cette d\u00e9cision strat\u00e9gique permet au chargeur de se recentrer sur son coeur de m\u00e9tier. Toutefois, avant d\u2019int\u00e9grer ces acteurs dans sa SC, celui-ci doit choisir les plus performants d\u2019entre eux, ceux capables de satisfaire ses besoins en mati\u00e8re de co\u00fbt, de r\u00e9activit\u00e9 et de qualit\u00e9 de services.<\/p>\n<p><em>Supply Chain Management<\/em> pr\u00e9sente une synth\u00e8se des travaux men\u00e9s sur la s\u00e9lection des PSL, processus qui rel\u00e8ve du construit <em>Supply Chain Management<\/em> (SCM) et qui d\u00e9crit les principaux crit\u00e8res, leur importance relative au cours des derni\u00e8res ann\u00e9es et les outils d\u2019aide \u00e0 la d\u00e9cision de cette s\u00e9lection.<\/p>\n<p>Destin\u00e9 \u00e0 tout lecteur int\u00e9ress\u00e9 par le domaine du SCM et particuli\u00e8rement par les probl\u00e8mes de s\u00e9lection et de mesure des performances des PSL, cet ouvrage est \u00e9galement un guide pour tous professionnels du domaine.<\/p>","protected":false},"excerpt":{"rendered":"<p style=\"text-align: center;\"><strong>Cet ouvrage est uniquement disponible en version \u00e9lectronique.<\/strong><\/p>\n<hr \/>\n","protected":false},"featured_media":54656,"template":"","meta":{"_acf_changed":false,"_links_to":"","_links_to_target":""},"product_brand":[],"product_cat":[3262],"product_tag":[],"class_list":{"0":"post-54651","1":"product","2":"type-product","3":"status-publish","4":"has-post-thumbnail","6":"product_cat-non-classe","8":"first","9":"instock","10":"shipping-taxable","11":"purchasable","12":"product-type-variable"},"acf":[],"yoast_head":"<!-- This site is optimized with the Yoast SEO plugin v27.2 - https:\/\/yoast.com\/product\/yoast-seo-wordpress\/ -->\n<title>Supply Chain Management - ISTE Group<\/title>\n<meta name=\"description\" content=\"Supply Chain Management pr\u00e9sente une synth\u00e8se des travaux men\u00e9s sur la s\u00e9lection des PSL, processus qui rel\u00e8ve du construit Supply Chain Management (SCM) et qui d\u00e9crit les principaux crit\u00e8res, leur importance relative au cours des derni\u00e8res ann\u00e9es et les outils d\u2019aide \u00e0 la d\u00e9cision de cette s\u00e9lection.\" \/>\n<meta name=\"robots\" content=\"index, follow, max-snippet:-1, max-image-preview:large, max-video-preview:-1\" \/>\n<link rel=\"canonical\" href=\"https:\/\/www.istegroup.com\/fr\/produit\/supply-chain-management\/\" \/>\n<meta property=\"og:locale\" content=\"fr_FR\" \/>\n<meta property=\"og:type\" content=\"article\" \/>\n<meta property=\"og:title\" content=\"Supply Chain Management - ISTE Group\" \/>\n<meta property=\"og:description\" content=\"Supply Chain Management pr\u00e9sente une synth\u00e8se des travaux men\u00e9s sur la s\u00e9lection des PSL, processus qui rel\u00e8ve du construit Supply Chain Management (SCM) et qui d\u00e9crit les principaux crit\u00e8res, leur importance relative au cours des derni\u00e8res ann\u00e9es et les outils d\u2019aide \u00e0 la d\u00e9cision de cette s\u00e9lection.\" \/>\n<meta property=\"og:url\" content=\"https:\/\/www.istegroup.com\/fr\/produit\/supply-chain-management\/\" \/>\n<meta property=\"og:site_name\" content=\"ISTE Group\" \/>\n<meta property=\"article:modified_time\" content=\"2024-01-03T13:48:34+00:00\" \/>\n<meta property=\"og:image\" content=\"https:\/\/www.istegroup.com\/wp-content\/uploads\/2023\/11\/Supply-Chain-Management.png\" \/>\n\t<meta property=\"og:image:width\" content=\"561\" \/>\n\t<meta property=\"og:image:height\" content=\"843\" \/>\n\t<meta property=\"og:image:type\" content=\"image\/png\" \/>\n<meta name=\"twitter:card\" content=\"summary_large_image\" \/>\n<meta name=\"twitter:label1\" content=\"Est. reading time\" \/>\n\t<meta name=\"twitter:data1\" content=\"1 minute\" \/>\n<script type=\"application\/ld+json\" class=\"yoast-schema-graph\">{\"@context\":\"https:\/\/schema.org\",\"@graph\":[{\"@type\":\"WebPage\",\"@id\":\"https:\/\/www.istegroup.com\/fr\/produit\/supply-chain-management\/\",\"url\":\"https:\/\/www.istegroup.com\/fr\/produit\/supply-chain-management\/\",\"name\":\"Supply Chain Management - ISTE Group\",\"isPartOf\":{\"@id\":\"https:\/\/www.istegroup.com\/#website\"},\"primaryImageOfPage\":{\"@id\":\"https:\/\/www.istegroup.com\/fr\/produit\/supply-chain-management\/#primaryimage\"},\"image\":{\"@id\":\"https:\/\/www.istegroup.com\/fr\/produit\/supply-chain-management\/#primaryimage\"},\"thumbnailUrl\":\"https:\/\/www.istegroup.com\/wp-content\/uploads\/2023\/11\/Supply-Chain-Management.png\",\"datePublished\":\"2023-11-29T09:17:42+00:00\",\"dateModified\":\"2024-01-03T13:48:34+00:00\",\"description\":\"Supply Chain Management pr\u00e9sente une synth\u00e8se des travaux men\u00e9s sur la s\u00e9lection des PSL, processus qui rel\u00e8ve du construit Supply Chain Management (SCM) et qui d\u00e9crit les principaux crit\u00e8res, leur importance relative au cours des derni\u00e8res ann\u00e9es et les outils d\u2019aide \u00e0 la d\u00e9cision de cette s\u00e9lection.\",\"breadcrumb\":{\"@id\":\"https:\/\/www.istegroup.com\/fr\/produit\/supply-chain-management\/#breadcrumb\"},\"inLanguage\":\"fr-FR\",\"potentialAction\":[{\"@type\":\"ReadAction\",\"target\":[\"https:\/\/www.istegroup.com\/fr\/produit\/supply-chain-management\/\"]}]},{\"@type\":\"ImageObject\",\"inLanguage\":\"fr-FR\",\"@id\":\"https:\/\/www.istegroup.com\/fr\/produit\/supply-chain-management\/#primaryimage\",\"url\":\"https:\/\/www.istegroup.com\/wp-content\/uploads\/2023\/11\/Supply-Chain-Management.png\",\"contentUrl\":\"https:\/\/www.istegroup.com\/wp-content\/uploads\/2023\/11\/Supply-Chain-Management.png\",\"width\":561,\"height\":843},{\"@type\":\"BreadcrumbList\",\"@id\":\"https:\/\/www.istegroup.com\/fr\/produit\/supply-chain-management\/#breadcrumb\",\"itemListElement\":[{\"@type\":\"ListItem\",\"position\":1,\"name\":\"Home\",\"item\":\"https:\/\/www.istegroup.com\/\"},{\"@type\":\"ListItem\",\"position\":2,\"name\":\"Shop\",\"item\":\"https:\/\/www.istegroup.com\/fr\/nouveautes\/\"},{\"@type\":\"ListItem\",\"position\":3,\"name\":\"Supply Chain Management\"}]},{\"@type\":\"WebSite\",\"@id\":\"https:\/\/www.istegroup.com\/#website\",\"url\":\"https:\/\/www.istegroup.com\/\",\"name\":\"ISTE Group\",\"description\":\"\u00c9diteur des Sciences\",\"potentialAction\":[{\"@type\":\"SearchAction\",\"target\":{\"@type\":\"EntryPoint\",\"urlTemplate\":\"https:\/\/www.istegroup.com\/?s={search_term_string}\"},\"query-input\":{\"@type\":\"PropertyValueSpecification\",\"valueRequired\":true,\"valueName\":\"search_term_string\"}}],\"inLanguage\":\"fr-FR\"}]}<\/script>\n<!-- \/ Yoast SEO plugin. -->","yoast_head_json":{"title":"Supply Chain Management - ISTE Group","description":"Supply Chain Management pr\u00e9sente une synth\u00e8se des travaux men\u00e9s sur la s\u00e9lection des PSL, processus qui rel\u00e8ve du construit Supply Chain Management (SCM) et qui d\u00e9crit les principaux crit\u00e8res, leur importance relative au cours des derni\u00e8res ann\u00e9es et les outils d\u2019aide \u00e0 la d\u00e9cision de cette s\u00e9lection.","robots":{"index":"index","follow":"follow","max-snippet":"max-snippet:-1","max-image-preview":"max-image-preview:large","max-video-preview":"max-video-preview:-1"},"canonical":"https:\/\/www.istegroup.com\/fr\/produit\/supply-chain-management\/","og_locale":"fr_FR","og_type":"article","og_title":"Supply Chain Management - ISTE Group","og_description":"Supply Chain Management pr\u00e9sente une synth\u00e8se des travaux men\u00e9s sur la s\u00e9lection des PSL, processus qui rel\u00e8ve du construit Supply Chain Management (SCM) et qui d\u00e9crit les principaux crit\u00e8res, leur importance relative au cours des derni\u00e8res ann\u00e9es et les outils d\u2019aide \u00e0 la d\u00e9cision de cette s\u00e9lection.","og_url":"https:\/\/www.istegroup.com\/fr\/produit\/supply-chain-management\/","og_site_name":"ISTE Group","article_modified_time":"2024-01-03T13:48:34+00:00","og_image":[{"width":561,"height":843,"url":"https:\/\/www.istegroup.com\/wp-content\/uploads\/2023\/11\/Supply-Chain-Management.png","type":"image\/png"}],"twitter_card":"summary_large_image","twitter_misc":{"Est. reading time":"1 minute"},"schema":{"@context":"https:\/\/schema.org","@graph":[{"@type":"WebPage","@id":"https:\/\/www.istegroup.com\/fr\/produit\/supply-chain-management\/","url":"https:\/\/www.istegroup.com\/fr\/produit\/supply-chain-management\/","name":"Supply Chain Management - ISTE Group","isPartOf":{"@id":"https:\/\/www.istegroup.com\/#website"},"primaryImageOfPage":{"@id":"https:\/\/www.istegroup.com\/fr\/produit\/supply-chain-management\/#primaryimage"},"image":{"@id":"https:\/\/www.istegroup.com\/fr\/produit\/supply-chain-management\/#primaryimage"},"thumbnailUrl":"https:\/\/www.istegroup.com\/wp-content\/uploads\/2023\/11\/Supply-Chain-Management.png","datePublished":"2023-11-29T09:17:42+00:00","dateModified":"2024-01-03T13:48:34+00:00","description":"Supply Chain Management pr\u00e9sente une synth\u00e8se des travaux men\u00e9s sur la s\u00e9lection des PSL, processus qui rel\u00e8ve du construit Supply Chain Management (SCM) et qui d\u00e9crit les principaux crit\u00e8res, leur importance relative au cours des derni\u00e8res ann\u00e9es et les outils d\u2019aide \u00e0 la d\u00e9cision de cette s\u00e9lection.","breadcrumb":{"@id":"https:\/\/www.istegroup.com\/fr\/produit\/supply-chain-management\/#breadcrumb"},"inLanguage":"fr-FR","potentialAction":[{"@type":"ReadAction","target":["https:\/\/www.istegroup.com\/fr\/produit\/supply-chain-management\/"]}]},{"@type":"ImageObject","inLanguage":"fr-FR","@id":"https:\/\/www.istegroup.com\/fr\/produit\/supply-chain-management\/#primaryimage","url":"https:\/\/www.istegroup.com\/wp-content\/uploads\/2023\/11\/Supply-Chain-Management.png","contentUrl":"https:\/\/www.istegroup.com\/wp-content\/uploads\/2023\/11\/Supply-Chain-Management.png","width":561,"height":843},{"@type":"BreadcrumbList","@id":"https:\/\/www.istegroup.com\/fr\/produit\/supply-chain-management\/#breadcrumb","itemListElement":[{"@type":"ListItem","position":1,"name":"Home","item":"https:\/\/www.istegroup.com\/"},{"@type":"ListItem","position":2,"name":"Shop","item":"https:\/\/www.istegroup.com\/fr\/nouveautes\/"},{"@type":"ListItem","position":3,"name":"Supply Chain Management"}]},{"@type":"WebSite","@id":"https:\/\/www.istegroup.com\/#website","url":"https:\/\/www.istegroup.com\/","name":"ISTE Group","description":"\u00c9diteur des Sciences","potentialAction":[{"@type":"SearchAction","target":{"@type":"EntryPoint","urlTemplate":"https:\/\/www.istegroup.com\/?s={search_term_string}"},"query-input":{"@type":"PropertyValueSpecification","valueRequired":true,"valueName":"search_term_string"}}],"inLanguage":"fr-FR"}]}},"_links":{"self":[{"href":"https:\/\/www.istegroup.com\/fr\/wp-json\/wp\/v2\/product\/54651","targetHints":{"allow":["GET"]}}],"collection":[{"href":"https:\/\/www.istegroup.com\/fr\/wp-json\/wp\/v2\/product"}],"about":[{"href":"https:\/\/www.istegroup.com\/fr\/wp-json\/wp\/v2\/types\/product"}],"wp:featuredmedia":[{"embeddable":true,"href":"https:\/\/www.istegroup.com\/fr\/wp-json\/wp\/v2\/media\/54656"}],"wp:attachment":[{"href":"https:\/\/www.istegroup.com\/fr\/wp-json\/wp\/v2\/media?parent=54651"}],"wp:term":[{"taxonomy":"product_brand","embeddable":true,"href":"https:\/\/www.istegroup.com\/fr\/wp-json\/wp\/v2\/product_brand?post=54651"},{"taxonomy":"product_cat","embeddable":true,"href":"https:\/\/www.istegroup.com\/fr\/wp-json\/wp\/v2\/product_cat?post=54651"},{"taxonomy":"product_tag","embeddable":true,"href":"https:\/\/www.istegroup.com\/fr\/wp-json\/wp\/v2\/product_tag?post=54651"}],"curies":[{"name":"wp","href":"https:\/\/api.w.org\/{rel}","templated":true}]}}