{"id":54407,"date":"2023-11-26T09:41:14","date_gmt":"2023-11-26T09:41:14","guid":{"rendered":"https:\/\/www.istegroup.com\/?post_type=product&#038;p=54407"},"modified":"2025-03-14T10:35:25","modified_gmt":"2025-03-14T10:35:25","slug":"rayons-x-et-matiere-6","status":"publish","type":"product","link":"https:\/\/www.istegroup.com\/fr\/produit\/rayons-x-et-matiere-6\/","title":{"rendered":"Rayons X et Mati\u00e8re 6"},"content":{"rendered":"<p>P\u00e9dagogique, la s\u00e9rie <em>Rayons X et Mati\u00e8re<\/em> offre une synth\u00e8se de r\u00e9f\u00e9rence des diff\u00e9rents aspects de l\u2019interaction entre le rayonnement X et la mati\u00e8re, qu\u2019il s\u2019agisse de d\u00e9veloppements instrumentaux, d\u2019approches m\u00e9thodologiques ou d\u2019applications de l\u2019\u00e9tude de cette interaction \u00e0 un champ scientifique sp\u00e9cifique.<\/p>\n<p>Ce sixi\u00e8me volume pr\u00e9sente des approches fortement influenc\u00e9es par les r\u00e9centes jouvences des sources de rayonnement synchrotron et s\u2019\u00e9tend jusqu\u2019\u00e0 des applications particuli\u00e8res comme l\u2019\u00e9clairage ou les mat\u00e9riaux du patrimoine en passant par la description de certaines m\u00e9thodes exp\u00e9rimentales sp\u00e9cifiques comme la tomographie et la diffusion et diffraction <em>in situ<\/em>.<\/p>\n<p>Les chapitres, r\u00e9dig\u00e9s par des auteurs reconnus, correspondent \u00e0 des conf\u00e9rences invit\u00e9es qui ont \u00e9t\u00e9 pr\u00e9sent\u00e9es lors des colloques <em>Rayons X et Mati\u00e8re<\/em>.<\/p>","protected":false},"excerpt":{"rendered":"<p>P\u00e9dagogique, la s\u00e9rie Rayons X et Mati\u00e8re offre une synth\u00e8se de r\u00e9f\u00e9rence des diff\u00e9rents aspects de l\u2019interaction entre le rayonnement X et la mati\u00e8re, qu\u2019il s\u2019agisse de d\u00e9veloppements instrumentaux, d\u2019approches m\u00e9thodologiques ou d\u2019applications de l\u2019\u00e9tude de cette interaction \u00e0 un champ scientifique sp\u00e9cifique. Ce sixi\u00e8me volume pr\u00e9sente des approches fortement influenc\u00e9es par les r\u00e9centes jouvences [&hellip;]<\/p>\n","protected":false},"featured_media":54417,"template":"","meta":{"_acf_changed":false,"_links_to":"","_links_to_target":""},"product_brand":[],"product_cat":[680],"product_tag":[],"class_list":{"0":"post-54407","1":"product","2":"type-product","3":"status-publish","4":"has-post-thumbnail","6":"product_cat-science-des-matriaux-14420497","8":"first","9":"instock","10":"shipping-taxable","11":"purchasable","12":"product-type-variable"},"acf":[],"yoast_head":"<!-- This site is optimized with the Yoast SEO plugin v27.2 - https:\/\/yoast.com\/product\/yoast-seo-wordpress\/ -->\n<title>Rayons X et Mati\u00e8re 6 - ISTE Group<\/title>\n<meta name=\"description\" content=\"Ce sixi\u00e8me volume pr\u00e9sente des approches fortement influenc\u00e9es par les r\u00e9centes jouvences des sources de rayonnement synchrotron et s\u2019\u00e9tend jusqu\u2019\u00e0 des applications particuli\u00e8res comme l\u2019\u00e9clairage ou les mat\u00e9riaux du patrimoine en passant par la description de certaines m\u00e9thodes exp\u00e9rimentales sp\u00e9cifiques comme la tomographie et la diffusion et diffraction in situ.\" \/>\n<meta name=\"robots\" content=\"index, follow, max-snippet:-1, max-image-preview:large, max-video-preview:-1\" \/>\n<link rel=\"canonical\" href=\"https:\/\/www.istegroup.com\/produit\/rayons-x-et-matiere-6\/\" \/>\n<meta property=\"og:locale\" content=\"fr_FR\" \/>\n<meta property=\"og:type\" content=\"article\" \/>\n<meta property=\"og:title\" content=\"Rayons X et Mati\u00e8re 6 - ISTE Group\" \/>\n<meta property=\"og:description\" content=\"Ce sixi\u00e8me volume pr\u00e9sente des approches fortement influenc\u00e9es par les r\u00e9centes jouvences des sources de rayonnement synchrotron et s\u2019\u00e9tend jusqu\u2019\u00e0 des applications particuli\u00e8res comme l\u2019\u00e9clairage ou les mat\u00e9riaux du patrimoine en passant par la description de certaines m\u00e9thodes exp\u00e9rimentales sp\u00e9cifiques comme la tomographie et la diffusion et diffraction in situ.\" \/>\n<meta property=\"og:url\" content=\"https:\/\/www.istegroup.com\/produit\/rayons-x-et-matiere-6\/\" \/>\n<meta property=\"og:site_name\" content=\"ISTE Group\" \/>\n<meta property=\"article:modified_time\" content=\"2025-03-14T10:35:25+00:00\" \/>\n<meta property=\"og:image\" content=\"https:\/\/www.istegroup.com\/wp-content\/uploads\/2023\/11\/Rayons-X-et-Matiere-6.png\" \/>\n\t<meta property=\"og:image:width\" content=\"598\" \/>\n\t<meta property=\"og:image:height\" content=\"901\" \/>\n\t<meta property=\"og:image:type\" content=\"image\/png\" \/>\n<meta name=\"twitter:card\" content=\"summary_large_image\" \/>\n<meta name=\"twitter:label1\" content=\"Est. reading time\" \/>\n\t<meta name=\"twitter:data1\" content=\"1 minute\" \/>\n<script type=\"application\/ld+json\" class=\"yoast-schema-graph\">{\"@context\":\"https:\/\/schema.org\",\"@graph\":[{\"@type\":\"WebPage\",\"@id\":\"https:\/\/www.istegroup.com\/produit\/rayons-x-et-matiere-6\/\",\"url\":\"https:\/\/www.istegroup.com\/produit\/rayons-x-et-matiere-6\/\",\"name\":\"Rayons X et Mati\u00e8re 6 - ISTE Group\",\"isPartOf\":{\"@id\":\"https:\/\/www.istegroup.com\/#website\"},\"primaryImageOfPage\":{\"@id\":\"https:\/\/www.istegroup.com\/produit\/rayons-x-et-matiere-6\/#primaryimage\"},\"image\":{\"@id\":\"https:\/\/www.istegroup.com\/produit\/rayons-x-et-matiere-6\/#primaryimage\"},\"thumbnailUrl\":\"https:\/\/www.istegroup.com\/wp-content\/uploads\/2023\/11\/Rayons-X-et-Matiere-6.png\",\"datePublished\":\"2023-11-26T09:41:14+00:00\",\"dateModified\":\"2025-03-14T10:35:25+00:00\",\"description\":\"Ce sixi\u00e8me volume pr\u00e9sente des approches fortement influenc\u00e9es par les r\u00e9centes jouvences des sources de rayonnement synchrotron et s\u2019\u00e9tend jusqu\u2019\u00e0 des applications particuli\u00e8res comme l\u2019\u00e9clairage ou les mat\u00e9riaux du patrimoine en passant par la description de certaines m\u00e9thodes exp\u00e9rimentales sp\u00e9cifiques comme la tomographie et la diffusion et diffraction in situ.\",\"breadcrumb\":{\"@id\":\"https:\/\/www.istegroup.com\/produit\/rayons-x-et-matiere-6\/#breadcrumb\"},\"inLanguage\":\"fr-FR\",\"potentialAction\":[{\"@type\":\"ReadAction\",\"target\":[\"https:\/\/www.istegroup.com\/produit\/rayons-x-et-matiere-6\/\"]}]},{\"@type\":\"ImageObject\",\"inLanguage\":\"fr-FR\",\"@id\":\"https:\/\/www.istegroup.com\/produit\/rayons-x-et-matiere-6\/#primaryimage\",\"url\":\"https:\/\/www.istegroup.com\/wp-content\/uploads\/2023\/11\/Rayons-X-et-Matiere-6.png\",\"contentUrl\":\"https:\/\/www.istegroup.com\/wp-content\/uploads\/2023\/11\/Rayons-X-et-Matiere-6.png\",\"width\":598,\"height\":901,\"caption\":\"Livre scientifique - Rayons X et Mati\u00e8re 6\"},{\"@type\":\"BreadcrumbList\",\"@id\":\"https:\/\/www.istegroup.com\/produit\/rayons-x-et-matiere-6\/#breadcrumb\",\"itemListElement\":[{\"@type\":\"ListItem\",\"position\":1,\"name\":\"Home\",\"item\":\"https:\/\/www.istegroup.com\/\"},{\"@type\":\"ListItem\",\"position\":2,\"name\":\"Shop\",\"item\":\"https:\/\/www.istegroup.com\/fr\/nouveautes\/\"},{\"@type\":\"ListItem\",\"position\":3,\"name\":\"Rayons X et Mati\u00e8re 6\"}]},{\"@type\":\"WebSite\",\"@id\":\"https:\/\/www.istegroup.com\/#website\",\"url\":\"https:\/\/www.istegroup.com\/\",\"name\":\"ISTE Group\",\"description\":\"\u00c9diteur des Sciences\",\"potentialAction\":[{\"@type\":\"SearchAction\",\"target\":{\"@type\":\"EntryPoint\",\"urlTemplate\":\"https:\/\/www.istegroup.com\/?s={search_term_string}\"},\"query-input\":{\"@type\":\"PropertyValueSpecification\",\"valueRequired\":true,\"valueName\":\"search_term_string\"}}],\"inLanguage\":\"fr-FR\"}]}<\/script>\n<!-- \/ Yoast SEO plugin. -->","yoast_head_json":{"title":"Rayons X et Mati\u00e8re 6 - ISTE Group","description":"Ce sixi\u00e8me volume pr\u00e9sente des approches fortement influenc\u00e9es par les r\u00e9centes jouvences des sources de rayonnement synchrotron et s\u2019\u00e9tend jusqu\u2019\u00e0 des applications particuli\u00e8res comme l\u2019\u00e9clairage ou les mat\u00e9riaux du patrimoine en passant par la description de certaines m\u00e9thodes exp\u00e9rimentales sp\u00e9cifiques comme la tomographie et la diffusion et diffraction in situ.","robots":{"index":"index","follow":"follow","max-snippet":"max-snippet:-1","max-image-preview":"max-image-preview:large","max-video-preview":"max-video-preview:-1"},"canonical":"https:\/\/www.istegroup.com\/produit\/rayons-x-et-matiere-6\/","og_locale":"fr_FR","og_type":"article","og_title":"Rayons X et Mati\u00e8re 6 - ISTE Group","og_description":"Ce sixi\u00e8me volume pr\u00e9sente des approches fortement influenc\u00e9es par les r\u00e9centes jouvences des sources de rayonnement synchrotron et s\u2019\u00e9tend jusqu\u2019\u00e0 des applications particuli\u00e8res comme l\u2019\u00e9clairage ou les mat\u00e9riaux du patrimoine en passant par la description de certaines m\u00e9thodes exp\u00e9rimentales sp\u00e9cifiques comme la tomographie et la diffusion et diffraction in situ.","og_url":"https:\/\/www.istegroup.com\/produit\/rayons-x-et-matiere-6\/","og_site_name":"ISTE Group","article_modified_time":"2025-03-14T10:35:25+00:00","og_image":[{"width":598,"height":901,"url":"https:\/\/www.istegroup.com\/wp-content\/uploads\/2023\/11\/Rayons-X-et-Matiere-6.png","type":"image\/png"}],"twitter_card":"summary_large_image","twitter_misc":{"Est. reading time":"1 minute"},"schema":{"@context":"https:\/\/schema.org","@graph":[{"@type":"WebPage","@id":"https:\/\/www.istegroup.com\/produit\/rayons-x-et-matiere-6\/","url":"https:\/\/www.istegroup.com\/produit\/rayons-x-et-matiere-6\/","name":"Rayons X et Mati\u00e8re 6 - ISTE Group","isPartOf":{"@id":"https:\/\/www.istegroup.com\/#website"},"primaryImageOfPage":{"@id":"https:\/\/www.istegroup.com\/produit\/rayons-x-et-matiere-6\/#primaryimage"},"image":{"@id":"https:\/\/www.istegroup.com\/produit\/rayons-x-et-matiere-6\/#primaryimage"},"thumbnailUrl":"https:\/\/www.istegroup.com\/wp-content\/uploads\/2023\/11\/Rayons-X-et-Matiere-6.png","datePublished":"2023-11-26T09:41:14+00:00","dateModified":"2025-03-14T10:35:25+00:00","description":"Ce sixi\u00e8me volume pr\u00e9sente des approches fortement influenc\u00e9es par les r\u00e9centes jouvences des sources de rayonnement synchrotron et s\u2019\u00e9tend jusqu\u2019\u00e0 des applications particuli\u00e8res comme l\u2019\u00e9clairage ou les mat\u00e9riaux du patrimoine en passant par la description de certaines m\u00e9thodes exp\u00e9rimentales sp\u00e9cifiques comme la tomographie et la diffusion et diffraction in situ.","breadcrumb":{"@id":"https:\/\/www.istegroup.com\/produit\/rayons-x-et-matiere-6\/#breadcrumb"},"inLanguage":"fr-FR","potentialAction":[{"@type":"ReadAction","target":["https:\/\/www.istegroup.com\/produit\/rayons-x-et-matiere-6\/"]}]},{"@type":"ImageObject","inLanguage":"fr-FR","@id":"https:\/\/www.istegroup.com\/produit\/rayons-x-et-matiere-6\/#primaryimage","url":"https:\/\/www.istegroup.com\/wp-content\/uploads\/2023\/11\/Rayons-X-et-Matiere-6.png","contentUrl":"https:\/\/www.istegroup.com\/wp-content\/uploads\/2023\/11\/Rayons-X-et-Matiere-6.png","width":598,"height":901,"caption":"Livre scientifique - Rayons X et Mati\u00e8re 6"},{"@type":"BreadcrumbList","@id":"https:\/\/www.istegroup.com\/produit\/rayons-x-et-matiere-6\/#breadcrumb","itemListElement":[{"@type":"ListItem","position":1,"name":"Home","item":"https:\/\/www.istegroup.com\/"},{"@type":"ListItem","position":2,"name":"Shop","item":"https:\/\/www.istegroup.com\/fr\/nouveautes\/"},{"@type":"ListItem","position":3,"name":"Rayons X et Mati\u00e8re 6"}]},{"@type":"WebSite","@id":"https:\/\/www.istegroup.com\/#website","url":"https:\/\/www.istegroup.com\/","name":"ISTE Group","description":"\u00c9diteur des Sciences","potentialAction":[{"@type":"SearchAction","target":{"@type":"EntryPoint","urlTemplate":"https:\/\/www.istegroup.com\/?s={search_term_string}"},"query-input":{"@type":"PropertyValueSpecification","valueRequired":true,"valueName":"search_term_string"}}],"inLanguage":"fr-FR"}]}},"_links":{"self":[{"href":"https:\/\/www.istegroup.com\/fr\/wp-json\/wp\/v2\/product\/54407","targetHints":{"allow":["GET"]}}],"collection":[{"href":"https:\/\/www.istegroup.com\/fr\/wp-json\/wp\/v2\/product"}],"about":[{"href":"https:\/\/www.istegroup.com\/fr\/wp-json\/wp\/v2\/types\/product"}],"wp:featuredmedia":[{"embeddable":true,"href":"https:\/\/www.istegroup.com\/fr\/wp-json\/wp\/v2\/media\/54417"}],"wp:attachment":[{"href":"https:\/\/www.istegroup.com\/fr\/wp-json\/wp\/v2\/media?parent=54407"}],"wp:term":[{"taxonomy":"product_brand","embeddable":true,"href":"https:\/\/www.istegroup.com\/fr\/wp-json\/wp\/v2\/product_brand?post=54407"},{"taxonomy":"product_cat","embeddable":true,"href":"https:\/\/www.istegroup.com\/fr\/wp-json\/wp\/v2\/product_cat?post=54407"},{"taxonomy":"product_tag","embeddable":true,"href":"https:\/\/www.istegroup.com\/fr\/wp-json\/wp\/v2\/product_tag?post=54407"}],"curies":[{"name":"wp","href":"https:\/\/api.w.org\/{rel}","templated":true}]}}