{"id":54221,"date":"2023-10-30T14:28:01","date_gmt":"2023-10-30T14:28:01","guid":{"rendered":"https:\/\/www.istegroup.com\/?post_type=product&#038;p=54221"},"modified":"2026-01-07T16:27:05","modified_gmt":"2026-01-07T16:27:05","slug":"lexperience-dans-linnovation-en-sante","status":"publish","type":"product","link":"https:\/\/www.istegroup.com\/fr\/produit\/lexperience-dans-linnovation-en-sante\/","title":{"rendered":"L\u2019exp\u00e9rience dans l\u2019innovation en sant\u00e9"},"content":{"rendered":"<p>Le recours \u00e0 l\u2019exp\u00e9rience des patients, usagers, professionnels de sant\u00e9 et autres parties prenantes pour innover et repenser les organisations et les syst\u00e8mes de sant\u00e9 connait un v\u00e9ritable essor. Le d\u00e9ploiement de ces m\u00e9thodes et pratiques innovantes n\u00e9cessite toutefois la compr\u00e9hension et la ma\u00eetrise de principes th\u00e9oriques, ainsi qu\u2019une exp\u00e9rimentation de ces derni\u00e8res sur le terrain.<\/p>\n<p><em>L\u2019exp\u00e9rience dans l\u2019innovation en sant\u00e9<\/em> alterne expos\u00e9s th\u00e9oriques et \u00e9tudes de cas\/exemples pour pr\u00e9senter les notions cl\u00e9s de l\u2019innovation en sant\u00e9 et de l\u2019exp\u00e9rience des personnes qui sont au coeur des diff\u00e9rents \u00e9cosyst\u00e8mes de soins et de sant\u00e9. Il rassemble des perspectives, des points de vue divers et compl\u00e9mentaires permettant un \u00e9clairage nouveau sur la question de l\u2019exp\u00e9rience en sant\u00e9 \u00e0 travers le prisme de l\u2019innovation. Il inclut de nombreuses ressources, id\u00e9es et r\u00e9sultats pour toutes personnes, tous acteurs du soin souhaitant mettre en oeuvre des approches innovantes pla\u00e7ant l\u2019exp\u00e9rience humaine au centre des \u00e9cosyst\u00e8mes de sant\u00e9.<\/p>\n","protected":false},"excerpt":{"rendered":"<p>Le recours \u00e0 l\u2019exp\u00e9rience des patients, usagers, professionnels de sant\u00e9 et autres parties prenantes pour innover et repenser les organisations et les syst\u00e8mes de sant\u00e9 connait un v\u00e9ritable essor. Le d\u00e9ploiement de ces m\u00e9thodes et pratiques innovantes n\u00e9cessite toutefois la compr\u00e9hension et la ma\u00eetrise de principes th\u00e9oriques, ainsi qu\u2019une exp\u00e9rimentation de ces derni\u00e8res sur le [&hellip;]<\/p>\n","protected":false},"featured_media":54233,"template":"","meta":{"_acf_changed":false,"_links_to":"","_links_to_target":""},"product_brand":[],"product_cat":[670],"product_tag":[],"class_list":{"0":"post-54221","1":"product","2":"type-product","3":"status-publish","4":"has-post-thumbnail","6":"product_cat-innovation-entrepreneuriat-et-gestion-11041751","8":"first","9":"instock","10":"shipping-taxable","11":"purchasable","12":"product-type-variable"},"acf":[],"yoast_head":"<!-- This site is optimized with the Yoast SEO plugin v27.2 - https:\/\/yoast.com\/product\/yoast-seo-wordpress\/ -->\n<title>L\u2019exp\u00e9rience dans l\u2019innovation en sant\u00e9 - ISTE Group<\/title>\n<meta name=\"description\" content=\"L\u2019exp\u00e9rience dans l\u2019innovation en sant\u00e9 alterne expos\u00e9s th\u00e9oriques et \u00e9tudes de cas\/exemples pour pr\u00e9senter les notions cl\u00e9s de l\u2019innovation en sant\u00e9 et de l\u2019exp\u00e9rience des personnes qui sont au coeur des diff\u00e9rents \u00e9cosyst\u00e8mes de soins et de sant\u00e9.\" \/>\n<meta name=\"robots\" content=\"index, follow, max-snippet:-1, max-image-preview:large, max-video-preview:-1\" \/>\n<link rel=\"canonical\" href=\"https:\/\/www.istegroup.com\/produit\/lexperience-dans-linnovation-en-sante\/\" \/>\n<meta property=\"og:locale\" content=\"fr_FR\" \/>\n<meta property=\"og:type\" content=\"article\" \/>\n<meta property=\"og:title\" content=\"L\u2019exp\u00e9rience dans l\u2019innovation en sant\u00e9 - ISTE Group\" \/>\n<meta property=\"og:description\" content=\"L\u2019exp\u00e9rience dans l\u2019innovation en sant\u00e9 alterne expos\u00e9s th\u00e9oriques et \u00e9tudes de cas\/exemples pour pr\u00e9senter les notions cl\u00e9s de l\u2019innovation en sant\u00e9 et de l\u2019exp\u00e9rience des personnes qui sont au coeur des diff\u00e9rents \u00e9cosyst\u00e8mes de soins et de sant\u00e9.\" \/>\n<meta property=\"og:url\" content=\"https:\/\/www.istegroup.com\/produit\/lexperience-dans-linnovation-en-sante\/\" \/>\n<meta property=\"og:site_name\" content=\"ISTE Group\" \/>\n<meta property=\"article:modified_time\" content=\"2026-01-07T16:27:05+00:00\" \/>\n<meta property=\"og:image\" content=\"https:\/\/www.istegroup.com\/wp-content\/uploads\/2023\/10\/975_Lexperience-dans-linnovation-en-sante_Flora.png\" \/>\n\t<meta property=\"og:image:width\" content=\"599\" \/>\n\t<meta property=\"og:image:height\" content=\"901\" \/>\n\t<meta property=\"og:image:type\" content=\"image\/png\" \/>\n<meta name=\"twitter:card\" content=\"summary_large_image\" \/>\n<meta name=\"twitter:label1\" content=\"Est. reading time\" \/>\n\t<meta name=\"twitter:data1\" content=\"1 minute\" \/>\n<script type=\"application\/ld+json\" class=\"yoast-schema-graph\">{\"@context\":\"https:\/\/schema.org\",\"@graph\":[{\"@type\":\"WebPage\",\"@id\":\"https:\/\/www.istegroup.com\/produit\/lexperience-dans-linnovation-en-sante\/\",\"url\":\"https:\/\/www.istegroup.com\/produit\/lexperience-dans-linnovation-en-sante\/\",\"name\":\"L\u2019exp\u00e9rience dans l\u2019innovation en sant\u00e9 - ISTE Group\",\"isPartOf\":{\"@id\":\"https:\/\/www.istegroup.com\/#website\"},\"primaryImageOfPage\":{\"@id\":\"https:\/\/www.istegroup.com\/produit\/lexperience-dans-linnovation-en-sante\/#primaryimage\"},\"image\":{\"@id\":\"https:\/\/www.istegroup.com\/produit\/lexperience-dans-linnovation-en-sante\/#primaryimage\"},\"thumbnailUrl\":\"https:\/\/www.istegroup.com\/wp-content\/uploads\/2023\/10\/975_Lexperience-dans-linnovation-en-sante_Flora.png\",\"datePublished\":\"2023-10-30T14:28:01+00:00\",\"dateModified\":\"2026-01-07T16:27:05+00:00\",\"description\":\"L\u2019exp\u00e9rience dans l\u2019innovation en sant\u00e9 alterne expos\u00e9s th\u00e9oriques et \u00e9tudes de cas\/exemples pour pr\u00e9senter les notions cl\u00e9s de l\u2019innovation en sant\u00e9 et de l\u2019exp\u00e9rience des personnes qui sont au coeur des diff\u00e9rents \u00e9cosyst\u00e8mes de soins et de sant\u00e9.\",\"breadcrumb\":{\"@id\":\"https:\/\/www.istegroup.com\/produit\/lexperience-dans-linnovation-en-sante\/#breadcrumb\"},\"inLanguage\":\"fr-FR\",\"potentialAction\":[{\"@type\":\"ReadAction\",\"target\":[\"https:\/\/www.istegroup.com\/produit\/lexperience-dans-linnovation-en-sante\/\"]}]},{\"@type\":\"ImageObject\",\"inLanguage\":\"fr-FR\",\"@id\":\"https:\/\/www.istegroup.com\/produit\/lexperience-dans-linnovation-en-sante\/#primaryimage\",\"url\":\"https:\/\/www.istegroup.com\/wp-content\/uploads\/2023\/10\/975_Lexperience-dans-linnovation-en-sante_Flora.png\",\"contentUrl\":\"https:\/\/www.istegroup.com\/wp-content\/uploads\/2023\/10\/975_Lexperience-dans-linnovation-en-sante_Flora.png\",\"width\":599,\"height\":901,\"caption\":\"Livre scientifique - L\u2019exp\u00e9rience dans l\u2019innovation en sant\u00e9\"},{\"@type\":\"BreadcrumbList\",\"@id\":\"https:\/\/www.istegroup.com\/produit\/lexperience-dans-linnovation-en-sante\/#breadcrumb\",\"itemListElement\":[{\"@type\":\"ListItem\",\"position\":1,\"name\":\"Home\",\"item\":\"https:\/\/www.istegroup.com\/\"},{\"@type\":\"ListItem\",\"position\":2,\"name\":\"Shop\",\"item\":\"https:\/\/www.istegroup.com\/fr\/nouveautes\/\"},{\"@type\":\"ListItem\",\"position\":3,\"name\":\"L\u2019exp\u00e9rience dans l\u2019innovation en sant\u00e9\"}]},{\"@type\":\"WebSite\",\"@id\":\"https:\/\/www.istegroup.com\/#website\",\"url\":\"https:\/\/www.istegroup.com\/\",\"name\":\"ISTE Group\",\"description\":\"\u00c9diteur des Sciences\",\"potentialAction\":[{\"@type\":\"SearchAction\",\"target\":{\"@type\":\"EntryPoint\",\"urlTemplate\":\"https:\/\/www.istegroup.com\/?s={search_term_string}\"},\"query-input\":{\"@type\":\"PropertyValueSpecification\",\"valueRequired\":true,\"valueName\":\"search_term_string\"}}],\"inLanguage\":\"fr-FR\"}]}<\/script>\n<!-- \/ Yoast SEO plugin. -->","yoast_head_json":{"title":"L\u2019exp\u00e9rience dans l\u2019innovation en sant\u00e9 - ISTE Group","description":"L\u2019exp\u00e9rience dans l\u2019innovation en sant\u00e9 alterne expos\u00e9s th\u00e9oriques et \u00e9tudes de cas\/exemples pour pr\u00e9senter les notions cl\u00e9s de l\u2019innovation en sant\u00e9 et de l\u2019exp\u00e9rience des personnes qui sont au coeur des diff\u00e9rents \u00e9cosyst\u00e8mes de soins et de sant\u00e9.","robots":{"index":"index","follow":"follow","max-snippet":"max-snippet:-1","max-image-preview":"max-image-preview:large","max-video-preview":"max-video-preview:-1"},"canonical":"https:\/\/www.istegroup.com\/produit\/lexperience-dans-linnovation-en-sante\/","og_locale":"fr_FR","og_type":"article","og_title":"L\u2019exp\u00e9rience dans l\u2019innovation en sant\u00e9 - ISTE Group","og_description":"L\u2019exp\u00e9rience dans l\u2019innovation en sant\u00e9 alterne expos\u00e9s th\u00e9oriques et \u00e9tudes de cas\/exemples pour pr\u00e9senter les notions cl\u00e9s de l\u2019innovation en sant\u00e9 et de l\u2019exp\u00e9rience des personnes qui sont au coeur des diff\u00e9rents \u00e9cosyst\u00e8mes de soins et de sant\u00e9.","og_url":"https:\/\/www.istegroup.com\/produit\/lexperience-dans-linnovation-en-sante\/","og_site_name":"ISTE Group","article_modified_time":"2026-01-07T16:27:05+00:00","og_image":[{"width":599,"height":901,"url":"https:\/\/www.istegroup.com\/wp-content\/uploads\/2023\/10\/975_Lexperience-dans-linnovation-en-sante_Flora.png","type":"image\/png"}],"twitter_card":"summary_large_image","twitter_misc":{"Est. reading time":"1 minute"},"schema":{"@context":"https:\/\/schema.org","@graph":[{"@type":"WebPage","@id":"https:\/\/www.istegroup.com\/produit\/lexperience-dans-linnovation-en-sante\/","url":"https:\/\/www.istegroup.com\/produit\/lexperience-dans-linnovation-en-sante\/","name":"L\u2019exp\u00e9rience dans l\u2019innovation en sant\u00e9 - ISTE Group","isPartOf":{"@id":"https:\/\/www.istegroup.com\/#website"},"primaryImageOfPage":{"@id":"https:\/\/www.istegroup.com\/produit\/lexperience-dans-linnovation-en-sante\/#primaryimage"},"image":{"@id":"https:\/\/www.istegroup.com\/produit\/lexperience-dans-linnovation-en-sante\/#primaryimage"},"thumbnailUrl":"https:\/\/www.istegroup.com\/wp-content\/uploads\/2023\/10\/975_Lexperience-dans-linnovation-en-sante_Flora.png","datePublished":"2023-10-30T14:28:01+00:00","dateModified":"2026-01-07T16:27:05+00:00","description":"L\u2019exp\u00e9rience dans l\u2019innovation en sant\u00e9 alterne expos\u00e9s th\u00e9oriques et \u00e9tudes de cas\/exemples pour pr\u00e9senter les notions cl\u00e9s de l\u2019innovation en sant\u00e9 et de l\u2019exp\u00e9rience des personnes qui sont au coeur des diff\u00e9rents \u00e9cosyst\u00e8mes de soins et de sant\u00e9.","breadcrumb":{"@id":"https:\/\/www.istegroup.com\/produit\/lexperience-dans-linnovation-en-sante\/#breadcrumb"},"inLanguage":"fr-FR","potentialAction":[{"@type":"ReadAction","target":["https:\/\/www.istegroup.com\/produit\/lexperience-dans-linnovation-en-sante\/"]}]},{"@type":"ImageObject","inLanguage":"fr-FR","@id":"https:\/\/www.istegroup.com\/produit\/lexperience-dans-linnovation-en-sante\/#primaryimage","url":"https:\/\/www.istegroup.com\/wp-content\/uploads\/2023\/10\/975_Lexperience-dans-linnovation-en-sante_Flora.png","contentUrl":"https:\/\/www.istegroup.com\/wp-content\/uploads\/2023\/10\/975_Lexperience-dans-linnovation-en-sante_Flora.png","width":599,"height":901,"caption":"Livre scientifique - L\u2019exp\u00e9rience dans l\u2019innovation en sant\u00e9"},{"@type":"BreadcrumbList","@id":"https:\/\/www.istegroup.com\/produit\/lexperience-dans-linnovation-en-sante\/#breadcrumb","itemListElement":[{"@type":"ListItem","position":1,"name":"Home","item":"https:\/\/www.istegroup.com\/"},{"@type":"ListItem","position":2,"name":"Shop","item":"https:\/\/www.istegroup.com\/fr\/nouveautes\/"},{"@type":"ListItem","position":3,"name":"L\u2019exp\u00e9rience dans l\u2019innovation en sant\u00e9"}]},{"@type":"WebSite","@id":"https:\/\/www.istegroup.com\/#website","url":"https:\/\/www.istegroup.com\/","name":"ISTE Group","description":"\u00c9diteur des Sciences","potentialAction":[{"@type":"SearchAction","target":{"@type":"EntryPoint","urlTemplate":"https:\/\/www.istegroup.com\/?s={search_term_string}"},"query-input":{"@type":"PropertyValueSpecification","valueRequired":true,"valueName":"search_term_string"}}],"inLanguage":"fr-FR"}]}},"_links":{"self":[{"href":"https:\/\/www.istegroup.com\/fr\/wp-json\/wp\/v2\/product\/54221","targetHints":{"allow":["GET"]}}],"collection":[{"href":"https:\/\/www.istegroup.com\/fr\/wp-json\/wp\/v2\/product"}],"about":[{"href":"https:\/\/www.istegroup.com\/fr\/wp-json\/wp\/v2\/types\/product"}],"wp:featuredmedia":[{"embeddable":true,"href":"https:\/\/www.istegroup.com\/fr\/wp-json\/wp\/v2\/media\/54233"}],"wp:attachment":[{"href":"https:\/\/www.istegroup.com\/fr\/wp-json\/wp\/v2\/media?parent=54221"}],"wp:term":[{"taxonomy":"product_brand","embeddable":true,"href":"https:\/\/www.istegroup.com\/fr\/wp-json\/wp\/v2\/product_brand?post=54221"},{"taxonomy":"product_cat","embeddable":true,"href":"https:\/\/www.istegroup.com\/fr\/wp-json\/wp\/v2\/product_cat?post=54221"},{"taxonomy":"product_tag","embeddable":true,"href":"https:\/\/www.istegroup.com\/fr\/wp-json\/wp\/v2\/product_tag?post=54221"}],"curies":[{"name":"wp","href":"https:\/\/api.w.org\/{rel}","templated":true}]}}