{"id":54188,"date":"2023-10-30T13:31:04","date_gmt":"2023-10-30T13:31:04","guid":{"rendered":"https:\/\/www.istegroup.com\/?post_type=product&#038;p=54188"},"modified":"2025-12-12T09:56:36","modified_gmt":"2025-12-12T09:56:36","slug":"patients-aidants-et-soignants","status":"publish","type":"product","link":"https:\/\/www.istegroup.com\/fr\/produit\/patients-aidants-et-soignants\/","title":{"rendered":"Patients, aidants et soignants"},"content":{"rendered":"<p>Le vieillissement de la population, les affections de longue dur\u00e9e et les maladies chroniques occasionnent de profonds bouleversements dans la vie des patients, mais aussi dans celles de ceux qui prennent soin d\u2019eux, \u00e0 titre professionnel ou non.<\/p>\n<p>Les t\u00e9moignages sur les plateformes num\u00e9riques, au sein d\u2019organisations publiques\/priv\u00e9es, ceux mis en sc\u00e8ne dans des univers fictionnels ou les exp\u00e9riences intimes rapport\u00e9es dans le cadre de recherches qualitatives fournissent autant de pistes de r\u00e9flexion sur les relations qu\u2019entretiennent patients, soignants et aidants.<\/p>\n<p>Les exp\u00e9riences et les disciplines r\u00e9unies au sein de cet ouvrage \u00e9clairent toute la complexit\u00e9 et l\u2019int\u00e9r\u00eat de porter une attention forte aux relations qui se nouent entre tous les acteurs du soin. Les dualit\u00e9s entre sachants et ignorants paraissent ainsi de moins en moins op\u00e9rationnelles : les coop\u00e9rations pr\u00e9sent\u00e9es dans cet ouvrage montrent au contraire qu\u2019elles sont tout \u00e0 fait prometteuses et b\u00e9n\u00e9fiques \u00e0 tous. Le d\u00e9fi n\u2019est pas seulement d\u2019am\u00e9liorer la qualit\u00e9, mais aussi les relations au soin.<\/p>\n<p><strong>La presse en parle<\/strong><\/p>\n<p>L\u2019ouvrage constitue une contribution pr\u00e9cieuse \u00e0 la compr\u00e9hension des dispositifs contemporains du soin, en croisant des approches issues des SIC, de la sociologie et des humanit\u00e9s m\u00e9dicales. Il permet de reconsid\u00e9rer les figures du patient et de l\u2019aidant non pas comme des sujets passifs, mais comme des acteurs \u00e0 part enti\u00e8re, porteurs de savoirs, d\u2019\u00e9motions et de strat\u00e9gies. (\u2026)<br \/>\n<a style=\"color: #1e9691;\" href=\"https:\/\/journals.openedition.org\/questionsdecommunication\/42543\"><em>Notes de lecture, Simon Ngono, Questions de communication, 48 | 2025, 585-590.<\/em><\/a><\/p>","protected":false},"excerpt":{"rendered":"<p>Le vieillissement de la population, les affections de longue dur\u00e9e et les maladies chroniques occasionnent de profonds bouleversements dans la vie des patients, mais aussi dans celles de ceux qui prennent soin d\u2019eux, \u00e0 titre professionnel ou non. Les t\u00e9moignages sur les plateformes num\u00e9riques, au sein d\u2019organisations publiques\/priv\u00e9es, ceux mis en sc\u00e8ne dans des univers [&hellip;]<\/p>\n","protected":false},"featured_media":54209,"template":"","meta":{"_acf_changed":false,"_links_to":"","_links_to_target":""},"product_brand":[],"product_cat":[668],"product_tag":[],"class_list":{"0":"post-54188","1":"product","2":"type-product","3":"status-publish","4":"has-post-thumbnail","6":"product_cat-ingnierie-de-la-sant-et-socit-188418884","8":"first","9":"instock","10":"shipping-taxable","11":"purchasable","12":"product-type-variable"},"acf":[],"yoast_head":"<!-- This site is optimized with the Yoast SEO plugin v27.2 - https:\/\/yoast.com\/product\/yoast-seo-wordpress\/ -->\n<title>Patients, aidants et soignants - ISTE Group<\/title>\n<meta name=\"description\" content=\"Les exp\u00e9riences et les disciplines r\u00e9unies au sein de cet ouvrage \u00e9clairent toute la complexit\u00e9 et l\u2019int\u00e9r\u00eat de porter une attention forte aux relations qui se nouent entre tous les acteurs du soin.\" \/>\n<meta name=\"robots\" content=\"index, follow, max-snippet:-1, max-image-preview:large, max-video-preview:-1\" \/>\n<link rel=\"canonical\" href=\"https:\/\/www.istegroup.com\/produit\/patients-aidants-et-soignants\/\" \/>\n<meta property=\"og:locale\" content=\"fr_FR\" \/>\n<meta property=\"og:type\" content=\"article\" \/>\n<meta property=\"og:title\" content=\"Patients, aidants et soignants - ISTE Group\" \/>\n<meta property=\"og:description\" content=\"Les exp\u00e9riences et les disciplines r\u00e9unies au sein de cet ouvrage \u00e9clairent toute la complexit\u00e9 et l\u2019int\u00e9r\u00eat de porter une attention forte aux relations qui se nouent entre tous les acteurs du soin.\" \/>\n<meta property=\"og:url\" content=\"https:\/\/www.istegroup.com\/produit\/patients-aidants-et-soignants\/\" \/>\n<meta property=\"og:site_name\" content=\"ISTE Group\" \/>\n<meta property=\"article:modified_time\" content=\"2025-12-12T09:56:36+00:00\" \/>\n<meta property=\"og:image\" content=\"https:\/\/www.istegroup.com\/wp-content\/uploads\/2023\/10\/951_Patients-aidants-et-soignants_Corroy.png\" \/>\n\t<meta property=\"og:image:width\" content=\"597\" \/>\n\t<meta property=\"og:image:height\" content=\"900\" \/>\n\t<meta property=\"og:image:type\" content=\"image\/png\" \/>\n<meta name=\"twitter:card\" content=\"summary_large_image\" \/>\n<meta name=\"twitter:label1\" content=\"Est. reading time\" \/>\n\t<meta name=\"twitter:data1\" content=\"2 minutes\" \/>\n<script type=\"application\/ld+json\" class=\"yoast-schema-graph\">{\"@context\":\"https:\/\/schema.org\",\"@graph\":[{\"@type\":\"WebPage\",\"@id\":\"https:\/\/www.istegroup.com\/produit\/patients-aidants-et-soignants\/\",\"url\":\"https:\/\/www.istegroup.com\/produit\/patients-aidants-et-soignants\/\",\"name\":\"Patients, aidants et soignants - ISTE Group\",\"isPartOf\":{\"@id\":\"https:\/\/www.istegroup.com\/#website\"},\"primaryImageOfPage\":{\"@id\":\"https:\/\/www.istegroup.com\/produit\/patients-aidants-et-soignants\/#primaryimage\"},\"image\":{\"@id\":\"https:\/\/www.istegroup.com\/produit\/patients-aidants-et-soignants\/#primaryimage\"},\"thumbnailUrl\":\"https:\/\/www.istegroup.com\/wp-content\/uploads\/2023\/10\/951_Patients-aidants-et-soignants_Corroy.png\",\"datePublished\":\"2023-10-30T13:31:04+00:00\",\"dateModified\":\"2025-12-12T09:56:36+00:00\",\"description\":\"Les exp\u00e9riences et les disciplines r\u00e9unies au sein de cet ouvrage \u00e9clairent toute la complexit\u00e9 et l\u2019int\u00e9r\u00eat de porter une attention forte aux relations qui se nouent entre tous les acteurs du soin.\",\"breadcrumb\":{\"@id\":\"https:\/\/www.istegroup.com\/produit\/patients-aidants-et-soignants\/#breadcrumb\"},\"inLanguage\":\"fr-FR\",\"potentialAction\":[{\"@type\":\"ReadAction\",\"target\":[\"https:\/\/www.istegroup.com\/produit\/patients-aidants-et-soignants\/\"]}]},{\"@type\":\"ImageObject\",\"inLanguage\":\"fr-FR\",\"@id\":\"https:\/\/www.istegroup.com\/produit\/patients-aidants-et-soignants\/#primaryimage\",\"url\":\"https:\/\/www.istegroup.com\/wp-content\/uploads\/2023\/10\/951_Patients-aidants-et-soignants_Corroy.png\",\"contentUrl\":\"https:\/\/www.istegroup.com\/wp-content\/uploads\/2023\/10\/951_Patients-aidants-et-soignants_Corroy.png\",\"width\":597,\"height\":900,\"caption\":\"Livre scientifique - Patients, aidants et soignants\"},{\"@type\":\"BreadcrumbList\",\"@id\":\"https:\/\/www.istegroup.com\/produit\/patients-aidants-et-soignants\/#breadcrumb\",\"itemListElement\":[{\"@type\":\"ListItem\",\"position\":1,\"name\":\"Home\",\"item\":\"https:\/\/www.istegroup.com\/\"},{\"@type\":\"ListItem\",\"position\":2,\"name\":\"Shop\",\"item\":\"https:\/\/www.istegroup.com\/fr\/nouveautes\/\"},{\"@type\":\"ListItem\",\"position\":3,\"name\":\"Patients, aidants et soignants\"}]},{\"@type\":\"WebSite\",\"@id\":\"https:\/\/www.istegroup.com\/#website\",\"url\":\"https:\/\/www.istegroup.com\/\",\"name\":\"ISTE Group\",\"description\":\"\u00c9diteur des Sciences\",\"potentialAction\":[{\"@type\":\"SearchAction\",\"target\":{\"@type\":\"EntryPoint\",\"urlTemplate\":\"https:\/\/www.istegroup.com\/?s={search_term_string}\"},\"query-input\":{\"@type\":\"PropertyValueSpecification\",\"valueRequired\":true,\"valueName\":\"search_term_string\"}}],\"inLanguage\":\"fr-FR\"}]}<\/script>\n<!-- \/ Yoast SEO plugin. -->","yoast_head_json":{"title":"Patients, aidants et soignants - ISTE Group","description":"Les exp\u00e9riences et les disciplines r\u00e9unies au sein de cet ouvrage \u00e9clairent toute la complexit\u00e9 et l\u2019int\u00e9r\u00eat de porter une attention forte aux relations qui se nouent entre tous les acteurs du soin.","robots":{"index":"index","follow":"follow","max-snippet":"max-snippet:-1","max-image-preview":"max-image-preview:large","max-video-preview":"max-video-preview:-1"},"canonical":"https:\/\/www.istegroup.com\/produit\/patients-aidants-et-soignants\/","og_locale":"fr_FR","og_type":"article","og_title":"Patients, aidants et soignants - ISTE Group","og_description":"Les exp\u00e9riences et les disciplines r\u00e9unies au sein de cet ouvrage \u00e9clairent toute la complexit\u00e9 et l\u2019int\u00e9r\u00eat de porter une attention forte aux relations qui se nouent entre tous les acteurs du soin.","og_url":"https:\/\/www.istegroup.com\/produit\/patients-aidants-et-soignants\/","og_site_name":"ISTE Group","article_modified_time":"2025-12-12T09:56:36+00:00","og_image":[{"width":597,"height":900,"url":"https:\/\/www.istegroup.com\/wp-content\/uploads\/2023\/10\/951_Patients-aidants-et-soignants_Corroy.png","type":"image\/png"}],"twitter_card":"summary_large_image","twitter_misc":{"Est. reading time":"2 minutes"},"schema":{"@context":"https:\/\/schema.org","@graph":[{"@type":"WebPage","@id":"https:\/\/www.istegroup.com\/produit\/patients-aidants-et-soignants\/","url":"https:\/\/www.istegroup.com\/produit\/patients-aidants-et-soignants\/","name":"Patients, aidants et soignants - ISTE Group","isPartOf":{"@id":"https:\/\/www.istegroup.com\/#website"},"primaryImageOfPage":{"@id":"https:\/\/www.istegroup.com\/produit\/patients-aidants-et-soignants\/#primaryimage"},"image":{"@id":"https:\/\/www.istegroup.com\/produit\/patients-aidants-et-soignants\/#primaryimage"},"thumbnailUrl":"https:\/\/www.istegroup.com\/wp-content\/uploads\/2023\/10\/951_Patients-aidants-et-soignants_Corroy.png","datePublished":"2023-10-30T13:31:04+00:00","dateModified":"2025-12-12T09:56:36+00:00","description":"Les exp\u00e9riences et les disciplines r\u00e9unies au sein de cet ouvrage \u00e9clairent toute la complexit\u00e9 et l\u2019int\u00e9r\u00eat de porter une attention forte aux relations qui se nouent entre tous les acteurs du soin.","breadcrumb":{"@id":"https:\/\/www.istegroup.com\/produit\/patients-aidants-et-soignants\/#breadcrumb"},"inLanguage":"fr-FR","potentialAction":[{"@type":"ReadAction","target":["https:\/\/www.istegroup.com\/produit\/patients-aidants-et-soignants\/"]}]},{"@type":"ImageObject","inLanguage":"fr-FR","@id":"https:\/\/www.istegroup.com\/produit\/patients-aidants-et-soignants\/#primaryimage","url":"https:\/\/www.istegroup.com\/wp-content\/uploads\/2023\/10\/951_Patients-aidants-et-soignants_Corroy.png","contentUrl":"https:\/\/www.istegroup.com\/wp-content\/uploads\/2023\/10\/951_Patients-aidants-et-soignants_Corroy.png","width":597,"height":900,"caption":"Livre scientifique - Patients, aidants et soignants"},{"@type":"BreadcrumbList","@id":"https:\/\/www.istegroup.com\/produit\/patients-aidants-et-soignants\/#breadcrumb","itemListElement":[{"@type":"ListItem","position":1,"name":"Home","item":"https:\/\/www.istegroup.com\/"},{"@type":"ListItem","position":2,"name":"Shop","item":"https:\/\/www.istegroup.com\/fr\/nouveautes\/"},{"@type":"ListItem","position":3,"name":"Patients, aidants et soignants"}]},{"@type":"WebSite","@id":"https:\/\/www.istegroup.com\/#website","url":"https:\/\/www.istegroup.com\/","name":"ISTE Group","description":"\u00c9diteur des Sciences","potentialAction":[{"@type":"SearchAction","target":{"@type":"EntryPoint","urlTemplate":"https:\/\/www.istegroup.com\/?s={search_term_string}"},"query-input":{"@type":"PropertyValueSpecification","valueRequired":true,"valueName":"search_term_string"}}],"inLanguage":"fr-FR"}]}},"_links":{"self":[{"href":"https:\/\/www.istegroup.com\/fr\/wp-json\/wp\/v2\/product\/54188","targetHints":{"allow":["GET"]}}],"collection":[{"href":"https:\/\/www.istegroup.com\/fr\/wp-json\/wp\/v2\/product"}],"about":[{"href":"https:\/\/www.istegroup.com\/fr\/wp-json\/wp\/v2\/types\/product"}],"wp:featuredmedia":[{"embeddable":true,"href":"https:\/\/www.istegroup.com\/fr\/wp-json\/wp\/v2\/media\/54209"}],"wp:attachment":[{"href":"https:\/\/www.istegroup.com\/fr\/wp-json\/wp\/v2\/media?parent=54188"}],"wp:term":[{"taxonomy":"product_brand","embeddable":true,"href":"https:\/\/www.istegroup.com\/fr\/wp-json\/wp\/v2\/product_brand?post=54188"},{"taxonomy":"product_cat","embeddable":true,"href":"https:\/\/www.istegroup.com\/fr\/wp-json\/wp\/v2\/product_cat?post=54188"},{"taxonomy":"product_tag","embeddable":true,"href":"https:\/\/www.istegroup.com\/fr\/wp-json\/wp\/v2\/product_tag?post=54188"}],"curies":[{"name":"wp","href":"https:\/\/api.w.org\/{rel}","templated":true}]}}