{"id":54170,"date":"2023-10-30T12:15:29","date_gmt":"2023-10-30T12:15:29","guid":{"rendered":"https:\/\/www.istegroup.com\/?post_type=product&#038;p=54170"},"modified":"2024-03-22T12:58:04","modified_gmt":"2024-03-22T12:58:04","slug":"le-silicium-du-sable-aux-puces-1","status":"publish","type":"product","link":"https:\/\/www.istegroup.com\/fr\/produit\/le-silicium-du-sable-aux-puces-1\/","title":{"rendered":"Le silicium, du sable aux puces 1"},"content":{"rendered":"<p>Le silicium est le mat\u00e9riau de la r\u00e9volution num\u00e9rique, de l\u2019\u00e9nergie solaire et de la photographie num\u00e9rique. Ayant r\u00e9volutionn\u00e9 l\u2019astronomie et l\u2019imagerie m\u00e9dicale, il est aussi le mat\u00e9riau des microsyst\u00e8mes \u00e9lectrom\u00e9caniques, composant indispensable des objets intelligents.<\/p>\n<p>Ce sont, pendant la Seconde guerre mondiale, les d\u00e9couvertes des propri\u00e9t\u00e9s \u00e9lectroniques et opto\u00e9lectroniques du germanium et du silicium, puis l\u2019invention du transistor qui ouvrent l\u2019\u00e8re du num\u00e9rique. Bien que les premiers transistors aient \u00e9t\u00e9 r\u00e9alis\u00e9s avec du germanium, le silicium s\u2019est finalement impos\u00e9 comme le mat\u00e9riau de ces technologies.<\/p>\n<p><em>Le silicium, du sable aux puces 1<\/em> retrace l\u2019histoire des d\u00e9couvertes, inventions et \u00e9volutions des composants de base et des puces, que ces deux mat\u00e9riaux ont permis de r\u00e9aliser successivement. Il pr\u00e9sente les bases physiques de leur fonctionnement et les techniques ayant permis les performances atteintes par ces composants.<\/p>\n<p>Cet ouvrage est divis\u00e9 en deux volumes. Ce premier volume est consacr\u00e9 aux composants \u00e9lectroniques de base.<\/p>","protected":false},"excerpt":{"rendered":"<p>Le silicium est le mat\u00e9riau de la r\u00e9volution num\u00e9rique, de l\u2019\u00e9nergie solaire et de la photographie num\u00e9rique. Ayant r\u00e9volutionn\u00e9 l\u2019astronomie et l\u2019imagerie m\u00e9dicale, il est aussi le mat\u00e9riau des microsyst\u00e8mes \u00e9lectrom\u00e9caniques, composant indispensable des objets intelligents. Ce sont, pendant la Seconde guerre mondiale, les d\u00e9couvertes des propri\u00e9t\u00e9s \u00e9lectroniques et opto\u00e9lectroniques du germanium et du silicium, [&hellip;]<\/p>\n","protected":false},"featured_media":54180,"template":"","meta":{"_acf_changed":false,"_links_to":"","_links_to_target":""},"product_brand":[],"product_cat":[666],"product_tag":[],"class_list":{"0":"post-54170","1":"product","2":"type-product","3":"status-publish","4":"has-post-thumbnail","6":"product_cat-histoire-des-sciences-et-des-techniques-166249028","8":"first","9":"instock","10":"shipping-taxable","11":"purchasable","12":"product-type-variable"},"acf":[],"yoast_head":"<!-- This site is optimized with the Yoast SEO plugin v27.2 - https:\/\/yoast.com\/product\/yoast-seo-wordpress\/ -->\n<title>Le silicium, du sable aux puces 1 - ISTE Group<\/title>\n<meta name=\"description\" content=\"Le silicium, du sable aux puces 1 retrace l\u2019histoire des d\u00e9couvertes, inventions et \u00e9volutions des composants de base et des puces, que ces deux mat\u00e9riaux ont permis de r\u00e9aliser successivement.\" \/>\n<meta name=\"robots\" content=\"index, follow, max-snippet:-1, max-image-preview:large, max-video-preview:-1\" \/>\n<link rel=\"canonical\" href=\"https:\/\/www.istegroup.com\/fr\/produit\/le-silicium-du-sable-aux-puces-1\/\" \/>\n<meta property=\"og:locale\" content=\"fr_FR\" \/>\n<meta property=\"og:type\" content=\"article\" \/>\n<meta property=\"og:title\" content=\"Le silicium, du sable aux puces 1 - ISTE Group\" \/>\n<meta property=\"og:description\" content=\"Le silicium, du sable aux puces 1 retrace l\u2019histoire des d\u00e9couvertes, inventions et \u00e9volutions des composants de base et des puces, que ces deux mat\u00e9riaux ont permis de r\u00e9aliser successivement.\" \/>\n<meta property=\"og:url\" content=\"https:\/\/www.istegroup.com\/fr\/produit\/le-silicium-du-sable-aux-puces-1\/\" \/>\n<meta property=\"og:site_name\" content=\"ISTE Group\" \/>\n<meta property=\"article:modified_time\" content=\"2024-03-22T12:58:04+00:00\" \/>\n<meta property=\"og:image\" content=\"https:\/\/www.istegroup.com\/wp-content\/uploads\/2023\/10\/938_Le-silicium-du-sable-aux-puces-1_Vignes.png\" \/>\n\t<meta property=\"og:image:width\" content=\"598\" \/>\n\t<meta property=\"og:image:height\" content=\"897\" \/>\n\t<meta property=\"og:image:type\" content=\"image\/png\" \/>\n<meta name=\"twitter:card\" content=\"summary_large_image\" \/>\n<meta name=\"twitter:label1\" content=\"Est. reading time\" \/>\n\t<meta name=\"twitter:data1\" content=\"1 minute\" \/>\n<script type=\"application\/ld+json\" class=\"yoast-schema-graph\">{\"@context\":\"https:\/\/schema.org\",\"@graph\":[{\"@type\":\"WebPage\",\"@id\":\"https:\/\/www.istegroup.com\/fr\/produit\/le-silicium-du-sable-aux-puces-1\/\",\"url\":\"https:\/\/www.istegroup.com\/fr\/produit\/le-silicium-du-sable-aux-puces-1\/\",\"name\":\"Le silicium, du sable aux puces 1 - ISTE Group\",\"isPartOf\":{\"@id\":\"https:\/\/www.istegroup.com\/#website\"},\"primaryImageOfPage\":{\"@id\":\"https:\/\/www.istegroup.com\/fr\/produit\/le-silicium-du-sable-aux-puces-1\/#primaryimage\"},\"image\":{\"@id\":\"https:\/\/www.istegroup.com\/fr\/produit\/le-silicium-du-sable-aux-puces-1\/#primaryimage\"},\"thumbnailUrl\":\"https:\/\/www.istegroup.com\/wp-content\/uploads\/2023\/10\/938_Le-silicium-du-sable-aux-puces-1_Vignes.png\",\"datePublished\":\"2023-10-30T12:15:29+00:00\",\"dateModified\":\"2024-03-22T12:58:04+00:00\",\"description\":\"Le silicium, du sable aux puces 1 retrace l\u2019histoire des d\u00e9couvertes, inventions et \u00e9volutions des composants de base et des puces, que ces deux mat\u00e9riaux ont permis de r\u00e9aliser successivement.\",\"breadcrumb\":{\"@id\":\"https:\/\/www.istegroup.com\/fr\/produit\/le-silicium-du-sable-aux-puces-1\/#breadcrumb\"},\"inLanguage\":\"fr-FR\",\"potentialAction\":[{\"@type\":\"ReadAction\",\"target\":[\"https:\/\/www.istegroup.com\/fr\/produit\/le-silicium-du-sable-aux-puces-1\/\"]}]},{\"@type\":\"ImageObject\",\"inLanguage\":\"fr-FR\",\"@id\":\"https:\/\/www.istegroup.com\/fr\/produit\/le-silicium-du-sable-aux-puces-1\/#primaryimage\",\"url\":\"https:\/\/www.istegroup.com\/wp-content\/uploads\/2023\/10\/938_Le-silicium-du-sable-aux-puces-1_Vignes.png\",\"contentUrl\":\"https:\/\/www.istegroup.com\/wp-content\/uploads\/2023\/10\/938_Le-silicium-du-sable-aux-puces-1_Vignes.png\",\"width\":598,\"height\":897,\"caption\":\"Livre scientifique - Le silicium, du sable aux puces 1\"},{\"@type\":\"BreadcrumbList\",\"@id\":\"https:\/\/www.istegroup.com\/fr\/produit\/le-silicium-du-sable-aux-puces-1\/#breadcrumb\",\"itemListElement\":[{\"@type\":\"ListItem\",\"position\":1,\"name\":\"Home\",\"item\":\"https:\/\/www.istegroup.com\/\"},{\"@type\":\"ListItem\",\"position\":2,\"name\":\"Shop\",\"item\":\"https:\/\/www.istegroup.com\/fr\/nouveautes\/\"},{\"@type\":\"ListItem\",\"position\":3,\"name\":\"Le silicium, du sable aux puces 1\"}]},{\"@type\":\"WebSite\",\"@id\":\"https:\/\/www.istegroup.com\/#website\",\"url\":\"https:\/\/www.istegroup.com\/\",\"name\":\"ISTE Group\",\"description\":\"\u00c9diteur des Sciences\",\"potentialAction\":[{\"@type\":\"SearchAction\",\"target\":{\"@type\":\"EntryPoint\",\"urlTemplate\":\"https:\/\/www.istegroup.com\/?s={search_term_string}\"},\"query-input\":{\"@type\":\"PropertyValueSpecification\",\"valueRequired\":true,\"valueName\":\"search_term_string\"}}],\"inLanguage\":\"fr-FR\"}]}<\/script>\n<!-- \/ Yoast SEO plugin. -->","yoast_head_json":{"title":"Le silicium, du sable aux puces 1 - ISTE Group","description":"Le silicium, du sable aux puces 1 retrace l\u2019histoire des d\u00e9couvertes, inventions et \u00e9volutions des composants de base et des puces, que ces deux mat\u00e9riaux ont permis de r\u00e9aliser successivement.","robots":{"index":"index","follow":"follow","max-snippet":"max-snippet:-1","max-image-preview":"max-image-preview:large","max-video-preview":"max-video-preview:-1"},"canonical":"https:\/\/www.istegroup.com\/fr\/produit\/le-silicium-du-sable-aux-puces-1\/","og_locale":"fr_FR","og_type":"article","og_title":"Le silicium, du sable aux puces 1 - ISTE Group","og_description":"Le silicium, du sable aux puces 1 retrace l\u2019histoire des d\u00e9couvertes, inventions et \u00e9volutions des composants de base et des puces, que ces deux mat\u00e9riaux ont permis de r\u00e9aliser successivement.","og_url":"https:\/\/www.istegroup.com\/fr\/produit\/le-silicium-du-sable-aux-puces-1\/","og_site_name":"ISTE Group","article_modified_time":"2024-03-22T12:58:04+00:00","og_image":[{"width":598,"height":897,"url":"https:\/\/www.istegroup.com\/wp-content\/uploads\/2023\/10\/938_Le-silicium-du-sable-aux-puces-1_Vignes.png","type":"image\/png"}],"twitter_card":"summary_large_image","twitter_misc":{"Est. reading time":"1 minute"},"schema":{"@context":"https:\/\/schema.org","@graph":[{"@type":"WebPage","@id":"https:\/\/www.istegroup.com\/fr\/produit\/le-silicium-du-sable-aux-puces-1\/","url":"https:\/\/www.istegroup.com\/fr\/produit\/le-silicium-du-sable-aux-puces-1\/","name":"Le silicium, du sable aux puces 1 - ISTE Group","isPartOf":{"@id":"https:\/\/www.istegroup.com\/#website"},"primaryImageOfPage":{"@id":"https:\/\/www.istegroup.com\/fr\/produit\/le-silicium-du-sable-aux-puces-1\/#primaryimage"},"image":{"@id":"https:\/\/www.istegroup.com\/fr\/produit\/le-silicium-du-sable-aux-puces-1\/#primaryimage"},"thumbnailUrl":"https:\/\/www.istegroup.com\/wp-content\/uploads\/2023\/10\/938_Le-silicium-du-sable-aux-puces-1_Vignes.png","datePublished":"2023-10-30T12:15:29+00:00","dateModified":"2024-03-22T12:58:04+00:00","description":"Le silicium, du sable aux puces 1 retrace l\u2019histoire des d\u00e9couvertes, inventions et \u00e9volutions des composants de base et des puces, que ces deux mat\u00e9riaux ont permis de r\u00e9aliser successivement.","breadcrumb":{"@id":"https:\/\/www.istegroup.com\/fr\/produit\/le-silicium-du-sable-aux-puces-1\/#breadcrumb"},"inLanguage":"fr-FR","potentialAction":[{"@type":"ReadAction","target":["https:\/\/www.istegroup.com\/fr\/produit\/le-silicium-du-sable-aux-puces-1\/"]}]},{"@type":"ImageObject","inLanguage":"fr-FR","@id":"https:\/\/www.istegroup.com\/fr\/produit\/le-silicium-du-sable-aux-puces-1\/#primaryimage","url":"https:\/\/www.istegroup.com\/wp-content\/uploads\/2023\/10\/938_Le-silicium-du-sable-aux-puces-1_Vignes.png","contentUrl":"https:\/\/www.istegroup.com\/wp-content\/uploads\/2023\/10\/938_Le-silicium-du-sable-aux-puces-1_Vignes.png","width":598,"height":897,"caption":"Livre scientifique - Le silicium, du sable aux puces 1"},{"@type":"BreadcrumbList","@id":"https:\/\/www.istegroup.com\/fr\/produit\/le-silicium-du-sable-aux-puces-1\/#breadcrumb","itemListElement":[{"@type":"ListItem","position":1,"name":"Home","item":"https:\/\/www.istegroup.com\/"},{"@type":"ListItem","position":2,"name":"Shop","item":"https:\/\/www.istegroup.com\/fr\/nouveautes\/"},{"@type":"ListItem","position":3,"name":"Le silicium, du sable aux puces 1"}]},{"@type":"WebSite","@id":"https:\/\/www.istegroup.com\/#website","url":"https:\/\/www.istegroup.com\/","name":"ISTE Group","description":"\u00c9diteur des Sciences","potentialAction":[{"@type":"SearchAction","target":{"@type":"EntryPoint","urlTemplate":"https:\/\/www.istegroup.com\/?s={search_term_string}"},"query-input":{"@type":"PropertyValueSpecification","valueRequired":true,"valueName":"search_term_string"}}],"inLanguage":"fr-FR"}]}},"_links":{"self":[{"href":"https:\/\/www.istegroup.com\/fr\/wp-json\/wp\/v2\/product\/54170","targetHints":{"allow":["GET"]}}],"collection":[{"href":"https:\/\/www.istegroup.com\/fr\/wp-json\/wp\/v2\/product"}],"about":[{"href":"https:\/\/www.istegroup.com\/fr\/wp-json\/wp\/v2\/types\/product"}],"wp:featuredmedia":[{"embeddable":true,"href":"https:\/\/www.istegroup.com\/fr\/wp-json\/wp\/v2\/media\/54180"}],"wp:attachment":[{"href":"https:\/\/www.istegroup.com\/fr\/wp-json\/wp\/v2\/media?parent=54170"}],"wp:term":[{"taxonomy":"product_brand","embeddable":true,"href":"https:\/\/www.istegroup.com\/fr\/wp-json\/wp\/v2\/product_brand?post=54170"},{"taxonomy":"product_cat","embeddable":true,"href":"https:\/\/www.istegroup.com\/fr\/wp-json\/wp\/v2\/product_cat?post=54170"},{"taxonomy":"product_tag","embeddable":true,"href":"https:\/\/www.istegroup.com\/fr\/wp-json\/wp\/v2\/product_tag?post=54170"}],"curies":[{"name":"wp","href":"https:\/\/api.w.org\/{rel}","templated":true}]}}