{"id":54134,"date":"2023-10-27T10:13:03","date_gmt":"2023-10-27T09:13:03","guid":{"rendered":"https:\/\/www.istegroup.com\/?post_type=product&#038;p=54134"},"modified":"2024-01-03T13:48:19","modified_gmt":"2024-01-03T13:48:19","slug":"la-covid-19","status":"publish","type":"product","link":"https:\/\/www.istegroup.com\/fr\/produit\/la-covid-19\/","title":{"rendered":"La Covid-19"},"content":{"rendered":"<p>Dans une soci\u00e9t\u00e9 du risque, peut-on affirmer que la Covid-19 est derri\u00e8re nous ? Il est possible de le sugg\u00e9rer, le confinement a \u00e9t\u00e9 abandonn\u00e9 en Chine ou les soignants non vaccin\u00e9s ont \u00e9t\u00e9 r\u00e9int\u00e9gr\u00e9s en France. N\u00e9anmoins, le bouleversement de nos pratiques num\u00e9riques, v\u00e9ritable nouvelle num\u00e9risation de la soci\u00e9t\u00e9 relay\u00e9e par l\u2019intelligence artificielle a bien \u00e9t\u00e9 g\u00e9n\u00e9ralis\u00e9e en partie gr\u00e2ce \u00e0 la pand\u00e9mie.<\/p>\n<p><em>La Covid-19<\/em> fait le point sur l\u2019\u00c9tat de droit d\u00e9fendu par les d\u00e9fenseurs de droit successifs comme Jacques Toubon et Claire H\u00e9don. Il revient sur la notion d\u2019\u00e9thique, model\u00e9e et transform\u00e9e, ainsi que sur la dimension g\u00e9opolitique de la crise sanitaire.<\/p>\n<p>Cet ouvrage analyse la situation des laboratoires qui ont r\u00e9alis\u00e9 des profits consid\u00e9rables gr\u00e2ce \u00e0 des produits exp\u00e9rimentaux \u00e0 pr\u00e9sent p\u00e9rim\u00e9s. Il se penche sur le concept de s\u00e9curit\u00e9 nationale, esquisse les enjeux pour les anciennes puissances comme la Russie, les \u00c9tats-Unis, l\u2019Union europ\u00e9enne ou l\u2019OTAN, mais aussi pour les acteurs du monde multipolaire, la Chine et l\u2019Inde notamment. Le risque est toujours l\u00e0.<\/p>","protected":false},"excerpt":{"rendered":"<p>Dans une soci\u00e9t\u00e9 du risque, peut-on affirmer que la Covid-19 est derri\u00e8re nous ? Il est possible de le sugg\u00e9rer, le confinement a \u00e9t\u00e9 abandonn\u00e9 en Chine ou les soignants non vaccin\u00e9s ont \u00e9t\u00e9 r\u00e9int\u00e9gr\u00e9s en France. N\u00e9anmoins, le bouleversement de nos pratiques num\u00e9riques, v\u00e9ritable nouvelle num\u00e9risation de la soci\u00e9t\u00e9 relay\u00e9e par l\u2019intelligence artificielle a [&hellip;]<\/p>\n","protected":false},"featured_media":54142,"template":"","meta":{"_acf_changed":false,"_links_to":"","_links_to_target":""},"product_brand":[],"product_cat":[670],"product_tag":[],"class_list":{"0":"post-54134","1":"product","2":"type-product","3":"status-publish","4":"has-post-thumbnail","6":"product_cat-innovation-entrepreneuriat-et-gestion-11041751","8":"first","9":"instock","10":"shipping-taxable","11":"purchasable","12":"product-type-variable"},"acf":[],"yoast_head":"<!-- This site is optimized with the Yoast SEO plugin v27.2 - https:\/\/yoast.com\/product\/yoast-seo-wordpress\/ -->\n<title>La Covid-19 - ISTE Group<\/title>\n<meta name=\"description\" content=\"Cet ouvrage analyse la situation des laboratoires qui ont r\u00e9alis\u00e9 des profits consid\u00e9rables gr\u00e2ce \u00e0 des produits exp\u00e9rimentaux \u00e0 pr\u00e9sent p\u00e9rim\u00e9s.\" \/>\n<meta name=\"robots\" content=\"index, follow, max-snippet:-1, max-image-preview:large, max-video-preview:-1\" \/>\n<link rel=\"canonical\" href=\"https:\/\/www.istegroup.com\/fr\/produit\/la-covid-19\/\" \/>\n<meta property=\"og:locale\" content=\"fr_FR\" \/>\n<meta property=\"og:type\" content=\"article\" \/>\n<meta property=\"og:title\" content=\"La Covid-19 - ISTE Group\" \/>\n<meta property=\"og:description\" content=\"Cet ouvrage analyse la situation des laboratoires qui ont r\u00e9alis\u00e9 des profits consid\u00e9rables gr\u00e2ce \u00e0 des produits exp\u00e9rimentaux \u00e0 pr\u00e9sent p\u00e9rim\u00e9s.\" \/>\n<meta property=\"og:url\" content=\"https:\/\/www.istegroup.com\/fr\/produit\/la-covid-19\/\" \/>\n<meta property=\"og:site_name\" content=\"ISTE Group\" \/>\n<meta property=\"article:modified_time\" content=\"2024-01-03T13:48:19+00:00\" \/>\n<meta property=\"og:image\" content=\"https:\/\/www.istegroup.com\/wp-content\/uploads\/2023\/10\/966_La-Covid-19_Guerrier.png\" \/>\n\t<meta property=\"og:image:width\" content=\"597\" \/>\n\t<meta property=\"og:image:height\" content=\"899\" \/>\n\t<meta property=\"og:image:type\" content=\"image\/png\" \/>\n<meta name=\"twitter:card\" content=\"summary_large_image\" \/>\n<meta name=\"twitter:label1\" content=\"Est. reading time\" \/>\n\t<meta name=\"twitter:data1\" content=\"1 minute\" \/>\n<script type=\"application\/ld+json\" class=\"yoast-schema-graph\">{\"@context\":\"https:\/\/schema.org\",\"@graph\":[{\"@type\":\"WebPage\",\"@id\":\"https:\/\/www.istegroup.com\/fr\/produit\/la-covid-19\/\",\"url\":\"https:\/\/www.istegroup.com\/fr\/produit\/la-covid-19\/\",\"name\":\"La Covid-19 - ISTE Group\",\"isPartOf\":{\"@id\":\"https:\/\/www.istegroup.com\/#website\"},\"primaryImageOfPage\":{\"@id\":\"https:\/\/www.istegroup.com\/fr\/produit\/la-covid-19\/#primaryimage\"},\"image\":{\"@id\":\"https:\/\/www.istegroup.com\/fr\/produit\/la-covid-19\/#primaryimage\"},\"thumbnailUrl\":\"https:\/\/www.istegroup.com\/wp-content\/uploads\/2023\/10\/966_La-Covid-19_Guerrier.png\",\"datePublished\":\"2023-10-27T09:13:03+00:00\",\"dateModified\":\"2024-01-03T13:48:19+00:00\",\"description\":\"Cet ouvrage analyse la situation des laboratoires qui ont r\u00e9alis\u00e9 des profits consid\u00e9rables gr\u00e2ce \u00e0 des produits exp\u00e9rimentaux \u00e0 pr\u00e9sent p\u00e9rim\u00e9s.\",\"breadcrumb\":{\"@id\":\"https:\/\/www.istegroup.com\/fr\/produit\/la-covid-19\/#breadcrumb\"},\"inLanguage\":\"fr-FR\",\"potentialAction\":[{\"@type\":\"ReadAction\",\"target\":[\"https:\/\/www.istegroup.com\/fr\/produit\/la-covid-19\/\"]}]},{\"@type\":\"ImageObject\",\"inLanguage\":\"fr-FR\",\"@id\":\"https:\/\/www.istegroup.com\/fr\/produit\/la-covid-19\/#primaryimage\",\"url\":\"https:\/\/www.istegroup.com\/wp-content\/uploads\/2023\/10\/966_La-Covid-19_Guerrier.png\",\"contentUrl\":\"https:\/\/www.istegroup.com\/wp-content\/uploads\/2023\/10\/966_La-Covid-19_Guerrier.png\",\"width\":597,\"height\":899,\"caption\":\"Livre scientifique - La Covid-19\"},{\"@type\":\"BreadcrumbList\",\"@id\":\"https:\/\/www.istegroup.com\/fr\/produit\/la-covid-19\/#breadcrumb\",\"itemListElement\":[{\"@type\":\"ListItem\",\"position\":1,\"name\":\"Home\",\"item\":\"https:\/\/www.istegroup.com\/\"},{\"@type\":\"ListItem\",\"position\":2,\"name\":\"Shop\",\"item\":\"https:\/\/www.istegroup.com\/fr\/nouveautes\/\"},{\"@type\":\"ListItem\",\"position\":3,\"name\":\"La Covid-19\"}]},{\"@type\":\"WebSite\",\"@id\":\"https:\/\/www.istegroup.com\/#website\",\"url\":\"https:\/\/www.istegroup.com\/\",\"name\":\"ISTE Group\",\"description\":\"\u00c9diteur des Sciences\",\"potentialAction\":[{\"@type\":\"SearchAction\",\"target\":{\"@type\":\"EntryPoint\",\"urlTemplate\":\"https:\/\/www.istegroup.com\/?s={search_term_string}\"},\"query-input\":{\"@type\":\"PropertyValueSpecification\",\"valueRequired\":true,\"valueName\":\"search_term_string\"}}],\"inLanguage\":\"fr-FR\"}]}<\/script>\n<!-- \/ Yoast SEO plugin. -->","yoast_head_json":{"title":"La Covid-19 - ISTE Group","description":"Cet ouvrage analyse la situation des laboratoires qui ont r\u00e9alis\u00e9 des profits consid\u00e9rables gr\u00e2ce \u00e0 des produits exp\u00e9rimentaux \u00e0 pr\u00e9sent p\u00e9rim\u00e9s.","robots":{"index":"index","follow":"follow","max-snippet":"max-snippet:-1","max-image-preview":"max-image-preview:large","max-video-preview":"max-video-preview:-1"},"canonical":"https:\/\/www.istegroup.com\/fr\/produit\/la-covid-19\/","og_locale":"fr_FR","og_type":"article","og_title":"La Covid-19 - ISTE Group","og_description":"Cet ouvrage analyse la situation des laboratoires qui ont r\u00e9alis\u00e9 des profits consid\u00e9rables gr\u00e2ce \u00e0 des produits exp\u00e9rimentaux \u00e0 pr\u00e9sent p\u00e9rim\u00e9s.","og_url":"https:\/\/www.istegroup.com\/fr\/produit\/la-covid-19\/","og_site_name":"ISTE Group","article_modified_time":"2024-01-03T13:48:19+00:00","og_image":[{"width":597,"height":899,"url":"https:\/\/www.istegroup.com\/wp-content\/uploads\/2023\/10\/966_La-Covid-19_Guerrier.png","type":"image\/png"}],"twitter_card":"summary_large_image","twitter_misc":{"Est. reading time":"1 minute"},"schema":{"@context":"https:\/\/schema.org","@graph":[{"@type":"WebPage","@id":"https:\/\/www.istegroup.com\/fr\/produit\/la-covid-19\/","url":"https:\/\/www.istegroup.com\/fr\/produit\/la-covid-19\/","name":"La Covid-19 - ISTE Group","isPartOf":{"@id":"https:\/\/www.istegroup.com\/#website"},"primaryImageOfPage":{"@id":"https:\/\/www.istegroup.com\/fr\/produit\/la-covid-19\/#primaryimage"},"image":{"@id":"https:\/\/www.istegroup.com\/fr\/produit\/la-covid-19\/#primaryimage"},"thumbnailUrl":"https:\/\/www.istegroup.com\/wp-content\/uploads\/2023\/10\/966_La-Covid-19_Guerrier.png","datePublished":"2023-10-27T09:13:03+00:00","dateModified":"2024-01-03T13:48:19+00:00","description":"Cet ouvrage analyse la situation des laboratoires qui ont r\u00e9alis\u00e9 des profits consid\u00e9rables gr\u00e2ce \u00e0 des produits exp\u00e9rimentaux \u00e0 pr\u00e9sent p\u00e9rim\u00e9s.","breadcrumb":{"@id":"https:\/\/www.istegroup.com\/fr\/produit\/la-covid-19\/#breadcrumb"},"inLanguage":"fr-FR","potentialAction":[{"@type":"ReadAction","target":["https:\/\/www.istegroup.com\/fr\/produit\/la-covid-19\/"]}]},{"@type":"ImageObject","inLanguage":"fr-FR","@id":"https:\/\/www.istegroup.com\/fr\/produit\/la-covid-19\/#primaryimage","url":"https:\/\/www.istegroup.com\/wp-content\/uploads\/2023\/10\/966_La-Covid-19_Guerrier.png","contentUrl":"https:\/\/www.istegroup.com\/wp-content\/uploads\/2023\/10\/966_La-Covid-19_Guerrier.png","width":597,"height":899,"caption":"Livre scientifique - La Covid-19"},{"@type":"BreadcrumbList","@id":"https:\/\/www.istegroup.com\/fr\/produit\/la-covid-19\/#breadcrumb","itemListElement":[{"@type":"ListItem","position":1,"name":"Home","item":"https:\/\/www.istegroup.com\/"},{"@type":"ListItem","position":2,"name":"Shop","item":"https:\/\/www.istegroup.com\/fr\/nouveautes\/"},{"@type":"ListItem","position":3,"name":"La Covid-19"}]},{"@type":"WebSite","@id":"https:\/\/www.istegroup.com\/#website","url":"https:\/\/www.istegroup.com\/","name":"ISTE Group","description":"\u00c9diteur des Sciences","potentialAction":[{"@type":"SearchAction","target":{"@type":"EntryPoint","urlTemplate":"https:\/\/www.istegroup.com\/?s={search_term_string}"},"query-input":{"@type":"PropertyValueSpecification","valueRequired":true,"valueName":"search_term_string"}}],"inLanguage":"fr-FR"}]}},"_links":{"self":[{"href":"https:\/\/www.istegroup.com\/fr\/wp-json\/wp\/v2\/product\/54134","targetHints":{"allow":["GET"]}}],"collection":[{"href":"https:\/\/www.istegroup.com\/fr\/wp-json\/wp\/v2\/product"}],"about":[{"href":"https:\/\/www.istegroup.com\/fr\/wp-json\/wp\/v2\/types\/product"}],"wp:featuredmedia":[{"embeddable":true,"href":"https:\/\/www.istegroup.com\/fr\/wp-json\/wp\/v2\/media\/54142"}],"wp:attachment":[{"href":"https:\/\/www.istegroup.com\/fr\/wp-json\/wp\/v2\/media?parent=54134"}],"wp:term":[{"taxonomy":"product_brand","embeddable":true,"href":"https:\/\/www.istegroup.com\/fr\/wp-json\/wp\/v2\/product_brand?post=54134"},{"taxonomy":"product_cat","embeddable":true,"href":"https:\/\/www.istegroup.com\/fr\/wp-json\/wp\/v2\/product_cat?post=54134"},{"taxonomy":"product_tag","embeddable":true,"href":"https:\/\/www.istegroup.com\/fr\/wp-json\/wp\/v2\/product_tag?post=54134"}],"curies":[{"name":"wp","href":"https:\/\/api.w.org\/{rel}","templated":true}]}}