{"id":54094,"date":"2023-10-27T09:17:16","date_gmt":"2023-10-27T08:17:16","guid":{"rendered":"https:\/\/www.istegroup.com\/?post_type=product&#038;p=54094"},"modified":"2024-03-22T13:01:59","modified_gmt":"2024-03-22T13:01:59","slug":"metacognition-autoregulation-et-production-decrits","status":"publish","type":"product","link":"https:\/\/www.istegroup.com\/fr\/produit\/metacognition-autoregulation-et-production-decrits\/","title":{"rendered":"M\u00e9tacognition, autor\u00e9gulation et production d\u2019\u00e9crits"},"content":{"rendered":"<p>Les difficult\u00e9s des \u00e9tudiants \u00e0 r\u00e9diger des textes conformes aux exigences de l\u2019\u00e9criture acad\u00e9mique sont une pr\u00e9occupation r\u00e9currente des \u00e9quipes p\u00e9dagogiques et des responsables des formations universitaires. Des initiatives diverses se d\u00e9ploient, principalement en licence, pour aider les \u00e9tudiants \u00e0 am\u00e9liorer la qualit\u00e9 de leurs \u00e9crits. Les recherches sur les processus m\u00e9tacognitifs et d\u2019autor\u00e9gulation de l\u2019apprentissage peuvent servir d\u2019appui \u00e0 la conception de ces dispositifs de soutien \u00e0 l\u2019\u00e9criture, notamment en permettant une meilleure compr\u00e9hension des difficult\u00e9s des \u00e9tudiants.<\/p>\n<p>Cet ouvrage fait le point sur les concepts de m\u00e9tacognition et d\u2019autor\u00e9gulation en lien avec les processus d\u2019\u00e9criture. Il analyse les composantes m\u00e9tacognitives en jeu dans la production de textes, leurs liens avec la r\u00e9ussite en \u00e9criture et leurs d\u00e9terminants individuels et contextuels. Il compl\u00e8te cette analyse en mobilisant des travaux sur les pratiques d\u2019enseignement et d\u2019\u00e9valuation de l\u2019\u00e9criture dans le sup\u00e9rieur. L\u2019ensemble de ces \u00e9l\u00e9ments est articul\u00e9 autour d\u2019une mod\u00e9lisation multifactorielle de l\u2019apprentissage-enseignement de l\u2019\u00e9criture acad\u00e9mique.<\/p>","protected":false},"excerpt":{"rendered":"<p>Les difficult\u00e9s des \u00e9tudiants \u00e0 r\u00e9diger des textes conformes aux exigences de l\u2019\u00e9criture acad\u00e9mique sont une pr\u00e9occupation r\u00e9currente des \u00e9quipes p\u00e9dagogiques et des responsables des formations universitaires. Des initiatives diverses se d\u00e9ploient, principalement en licence, pour aider les \u00e9tudiants \u00e0 am\u00e9liorer la qualit\u00e9 de leurs \u00e9crits. Les recherches sur les processus m\u00e9tacognitifs et d\u2019autor\u00e9gulation de [&hellip;]<\/p>\n","protected":false},"featured_media":54104,"template":"","meta":{"_acf_changed":false,"_links_to":"","_links_to_target":""},"product_brand":[],"product_cat":[669],"product_tag":[],"class_list":{"0":"post-54094","1":"product","2":"type-product","3":"status-publish","4":"has-post-thumbnail","6":"product_cat-innovation-en-sciences-de-lducation-433942033","8":"first","9":"instock","10":"shipping-taxable","11":"purchasable","12":"product-type-variable"},"acf":[],"yoast_head":"<!-- This site is optimized with the Yoast SEO plugin v27.2 - https:\/\/yoast.com\/product\/yoast-seo-wordpress\/ -->\n<title>M\u00e9tacognition, autor\u00e9gulation et production d\u2019\u00e9crits - ISTE Group<\/title>\n<meta name=\"description\" content=\"Cet ouvrage fait le point sur les concepts de m\u00e9tacognition et d\u2019autor\u00e9gulation en lien avec les processus d\u2019\u00e9criture.\" \/>\n<meta name=\"robots\" content=\"index, follow, max-snippet:-1, max-image-preview:large, max-video-preview:-1\" \/>\n<link rel=\"canonical\" href=\"https:\/\/www.istegroup.com\/en\/produit\/metacognition-autoregulation-et-production-decrits\/\" \/>\n<meta property=\"og:locale\" content=\"fr_FR\" \/>\n<meta property=\"og:type\" content=\"article\" \/>\n<meta property=\"og:title\" content=\"M\u00e9tacognition, autor\u00e9gulation et production d\u2019\u00e9crits - ISTE Group\" \/>\n<meta property=\"og:description\" content=\"Cet ouvrage fait le point sur les concepts de m\u00e9tacognition et d\u2019autor\u00e9gulation en lien avec les processus d\u2019\u00e9criture.\" \/>\n<meta property=\"og:url\" content=\"https:\/\/www.istegroup.com\/en\/produit\/metacognition-autoregulation-et-production-decrits\/\" \/>\n<meta property=\"og:site_name\" content=\"ISTE Group\" \/>\n<meta property=\"article:modified_time\" content=\"2024-03-22T13:01:59+00:00\" \/>\n<meta property=\"og:image\" content=\"https:\/\/www.istegroup.com\/wp-content\/uploads\/2023\/10\/953_Metacognition-autoregulation-et-production-decrits_Escorcia.png\" \/>\n\t<meta property=\"og:image:width\" content=\"595\" \/>\n\t<meta property=\"og:image:height\" content=\"899\" \/>\n\t<meta property=\"og:image:type\" content=\"image\/png\" \/>\n<meta name=\"twitter:card\" content=\"summary_large_image\" \/>\n<meta name=\"twitter:label1\" content=\"Est. reading time\" \/>\n\t<meta name=\"twitter:data1\" content=\"1 minute\" \/>\n<script type=\"application\/ld+json\" class=\"yoast-schema-graph\">{\"@context\":\"https:\/\/schema.org\",\"@graph\":[{\"@type\":\"WebPage\",\"@id\":\"https:\/\/www.istegroup.com\/en\/produit\/metacognition-autoregulation-et-production-decrits\/\",\"url\":\"https:\/\/www.istegroup.com\/en\/produit\/metacognition-autoregulation-et-production-decrits\/\",\"name\":\"M\u00e9tacognition, autor\u00e9gulation et production d\u2019\u00e9crits - ISTE Group\",\"isPartOf\":{\"@id\":\"https:\/\/www.istegroup.com\/#website\"},\"primaryImageOfPage\":{\"@id\":\"https:\/\/www.istegroup.com\/en\/produit\/metacognition-autoregulation-et-production-decrits\/#primaryimage\"},\"image\":{\"@id\":\"https:\/\/www.istegroup.com\/en\/produit\/metacognition-autoregulation-et-production-decrits\/#primaryimage\"},\"thumbnailUrl\":\"https:\/\/www.istegroup.com\/wp-content\/uploads\/2023\/10\/953_Metacognition-autoregulation-et-production-decrits_Escorcia.png\",\"datePublished\":\"2023-10-27T08:17:16+00:00\",\"dateModified\":\"2024-03-22T13:01:59+00:00\",\"description\":\"Cet ouvrage fait le point sur les concepts de m\u00e9tacognition et d\u2019autor\u00e9gulation en lien avec les processus d\u2019\u00e9criture.\",\"breadcrumb\":{\"@id\":\"https:\/\/www.istegroup.com\/en\/produit\/metacognition-autoregulation-et-production-decrits\/#breadcrumb\"},\"inLanguage\":\"fr-FR\",\"potentialAction\":[{\"@type\":\"ReadAction\",\"target\":[\"https:\/\/www.istegroup.com\/en\/produit\/metacognition-autoregulation-et-production-decrits\/\"]}]},{\"@type\":\"ImageObject\",\"inLanguage\":\"fr-FR\",\"@id\":\"https:\/\/www.istegroup.com\/en\/produit\/metacognition-autoregulation-et-production-decrits\/#primaryimage\",\"url\":\"https:\/\/www.istegroup.com\/wp-content\/uploads\/2023\/10\/953_Metacognition-autoregulation-et-production-decrits_Escorcia.png\",\"contentUrl\":\"https:\/\/www.istegroup.com\/wp-content\/uploads\/2023\/10\/953_Metacognition-autoregulation-et-production-decrits_Escorcia.png\",\"width\":595,\"height\":899,\"caption\":\"Livre scientifique - M\u00e9tacognition, autor\u00e9gulation et production d\u2019\u00e9crits\"},{\"@type\":\"BreadcrumbList\",\"@id\":\"https:\/\/www.istegroup.com\/en\/produit\/metacognition-autoregulation-et-production-decrits\/#breadcrumb\",\"itemListElement\":[{\"@type\":\"ListItem\",\"position\":1,\"name\":\"Home\",\"item\":\"https:\/\/www.istegroup.com\/\"},{\"@type\":\"ListItem\",\"position\":2,\"name\":\"Shop\",\"item\":\"https:\/\/www.istegroup.com\/fr\/nouveautes\/\"},{\"@type\":\"ListItem\",\"position\":3,\"name\":\"M\u00e9tacognition, autor\u00e9gulation et production d\u2019\u00e9crits\"}]},{\"@type\":\"WebSite\",\"@id\":\"https:\/\/www.istegroup.com\/#website\",\"url\":\"https:\/\/www.istegroup.com\/\",\"name\":\"ISTE Group\",\"description\":\"\u00c9diteur des Sciences\",\"potentialAction\":[{\"@type\":\"SearchAction\",\"target\":{\"@type\":\"EntryPoint\",\"urlTemplate\":\"https:\/\/www.istegroup.com\/?s={search_term_string}\"},\"query-input\":{\"@type\":\"PropertyValueSpecification\",\"valueRequired\":true,\"valueName\":\"search_term_string\"}}],\"inLanguage\":\"fr-FR\"}]}<\/script>\n<!-- \/ Yoast SEO plugin. -->","yoast_head_json":{"title":"M\u00e9tacognition, autor\u00e9gulation et production d\u2019\u00e9crits - ISTE Group","description":"Cet ouvrage fait le point sur les concepts de m\u00e9tacognition et d\u2019autor\u00e9gulation en lien avec les processus d\u2019\u00e9criture.","robots":{"index":"index","follow":"follow","max-snippet":"max-snippet:-1","max-image-preview":"max-image-preview:large","max-video-preview":"max-video-preview:-1"},"canonical":"https:\/\/www.istegroup.com\/en\/produit\/metacognition-autoregulation-et-production-decrits\/","og_locale":"fr_FR","og_type":"article","og_title":"M\u00e9tacognition, autor\u00e9gulation et production d\u2019\u00e9crits - ISTE Group","og_description":"Cet ouvrage fait le point sur les concepts de m\u00e9tacognition et d\u2019autor\u00e9gulation en lien avec les processus d\u2019\u00e9criture.","og_url":"https:\/\/www.istegroup.com\/en\/produit\/metacognition-autoregulation-et-production-decrits\/","og_site_name":"ISTE Group","article_modified_time":"2024-03-22T13:01:59+00:00","og_image":[{"width":595,"height":899,"url":"https:\/\/www.istegroup.com\/wp-content\/uploads\/2023\/10\/953_Metacognition-autoregulation-et-production-decrits_Escorcia.png","type":"image\/png"}],"twitter_card":"summary_large_image","twitter_misc":{"Est. reading time":"1 minute"},"schema":{"@context":"https:\/\/schema.org","@graph":[{"@type":"WebPage","@id":"https:\/\/www.istegroup.com\/en\/produit\/metacognition-autoregulation-et-production-decrits\/","url":"https:\/\/www.istegroup.com\/en\/produit\/metacognition-autoregulation-et-production-decrits\/","name":"M\u00e9tacognition, autor\u00e9gulation et production d\u2019\u00e9crits - ISTE Group","isPartOf":{"@id":"https:\/\/www.istegroup.com\/#website"},"primaryImageOfPage":{"@id":"https:\/\/www.istegroup.com\/en\/produit\/metacognition-autoregulation-et-production-decrits\/#primaryimage"},"image":{"@id":"https:\/\/www.istegroup.com\/en\/produit\/metacognition-autoregulation-et-production-decrits\/#primaryimage"},"thumbnailUrl":"https:\/\/www.istegroup.com\/wp-content\/uploads\/2023\/10\/953_Metacognition-autoregulation-et-production-decrits_Escorcia.png","datePublished":"2023-10-27T08:17:16+00:00","dateModified":"2024-03-22T13:01:59+00:00","description":"Cet ouvrage fait le point sur les concepts de m\u00e9tacognition et d\u2019autor\u00e9gulation en lien avec les processus d\u2019\u00e9criture.","breadcrumb":{"@id":"https:\/\/www.istegroup.com\/en\/produit\/metacognition-autoregulation-et-production-decrits\/#breadcrumb"},"inLanguage":"fr-FR","potentialAction":[{"@type":"ReadAction","target":["https:\/\/www.istegroup.com\/en\/produit\/metacognition-autoregulation-et-production-decrits\/"]}]},{"@type":"ImageObject","inLanguage":"fr-FR","@id":"https:\/\/www.istegroup.com\/en\/produit\/metacognition-autoregulation-et-production-decrits\/#primaryimage","url":"https:\/\/www.istegroup.com\/wp-content\/uploads\/2023\/10\/953_Metacognition-autoregulation-et-production-decrits_Escorcia.png","contentUrl":"https:\/\/www.istegroup.com\/wp-content\/uploads\/2023\/10\/953_Metacognition-autoregulation-et-production-decrits_Escorcia.png","width":595,"height":899,"caption":"Livre scientifique - M\u00e9tacognition, autor\u00e9gulation et production d\u2019\u00e9crits"},{"@type":"BreadcrumbList","@id":"https:\/\/www.istegroup.com\/en\/produit\/metacognition-autoregulation-et-production-decrits\/#breadcrumb","itemListElement":[{"@type":"ListItem","position":1,"name":"Home","item":"https:\/\/www.istegroup.com\/"},{"@type":"ListItem","position":2,"name":"Shop","item":"https:\/\/www.istegroup.com\/fr\/nouveautes\/"},{"@type":"ListItem","position":3,"name":"M\u00e9tacognition, autor\u00e9gulation et production d\u2019\u00e9crits"}]},{"@type":"WebSite","@id":"https:\/\/www.istegroup.com\/#website","url":"https:\/\/www.istegroup.com\/","name":"ISTE Group","description":"\u00c9diteur des Sciences","potentialAction":[{"@type":"SearchAction","target":{"@type":"EntryPoint","urlTemplate":"https:\/\/www.istegroup.com\/?s={search_term_string}"},"query-input":{"@type":"PropertyValueSpecification","valueRequired":true,"valueName":"search_term_string"}}],"inLanguage":"fr-FR"}]}},"_links":{"self":[{"href":"https:\/\/www.istegroup.com\/fr\/wp-json\/wp\/v2\/product\/54094","targetHints":{"allow":["GET"]}}],"collection":[{"href":"https:\/\/www.istegroup.com\/fr\/wp-json\/wp\/v2\/product"}],"about":[{"href":"https:\/\/www.istegroup.com\/fr\/wp-json\/wp\/v2\/types\/product"}],"wp:featuredmedia":[{"embeddable":true,"href":"https:\/\/www.istegroup.com\/fr\/wp-json\/wp\/v2\/media\/54104"}],"wp:attachment":[{"href":"https:\/\/www.istegroup.com\/fr\/wp-json\/wp\/v2\/media?parent=54094"}],"wp:term":[{"taxonomy":"product_brand","embeddable":true,"href":"https:\/\/www.istegroup.com\/fr\/wp-json\/wp\/v2\/product_brand?post=54094"},{"taxonomy":"product_cat","embeddable":true,"href":"https:\/\/www.istegroup.com\/fr\/wp-json\/wp\/v2\/product_cat?post=54094"},{"taxonomy":"product_tag","embeddable":true,"href":"https:\/\/www.istegroup.com\/fr\/wp-json\/wp\/v2\/product_tag?post=54094"}],"curies":[{"name":"wp","href":"https:\/\/api.w.org\/{rel}","templated":true}]}}