{"id":54083,"date":"2023-10-27T08:51:28","date_gmt":"2023-10-27T07:51:28","guid":{"rendered":"https:\/\/www.istegroup.com\/?post_type=product&#038;p=54083"},"modified":"2024-01-03T13:48:05","modified_gmt":"2024-01-03T13:48:05","slug":"la-ville-durable-en-afrique-face-au-defi-de-lassainissement-liquide","status":"publish","type":"product","link":"https:\/\/www.istegroup.com\/fr\/produit\/la-ville-durable-en-afrique-face-au-defi-de-lassainissement-liquide\/","title":{"rendered":"La ville durable en Afrique face au d\u00e9fi de l\u2019assainissement liquide"},"content":{"rendered":"<p>Les villes africaines concentrent d\u00e9sormais les grands d\u00e9fis \u00e9cologiques, soci\u00e9taux et \u00e9conomiques de notre si\u00e8cle en mati\u00e8re d\u2019assainissement.<\/p>\n<p>La ville durable en Afrique face au d\u00e9fi de l\u2019assainissement liquide questionne la place de ce service, pourtant indispensable, dans la fabrique des villes en Afrique. L\u2019absence de r\u00e9seaux d\u2019\u00e9gouts et de stations d\u2019\u00e9puration dans la plupart des villes africaines, d\u00e9j\u00e0 submerg\u00e9es par une forte croissance d\u00e9mographique, ajout\u00e9 \u00e0 l\u2019urbanisation anarchique constitue un probl\u00e8me majeur. Pour r\u00e9pondre \u00e0 ce d\u00e9fi, il faut imp\u00e9rativement repenser la gouvernance hydraulique urbaine qui ne peut plus se soustraire aux normes d\u2019urbanisme durable.<\/p>\n<p>Cet ouvrage propose d\u00e9sormais d\u2019inscrire les questions d\u2019assainissement au coeur de la planification urbaine. Des politiques publiques d\u2019assainissement liquide doivent \u00eatre men\u00e9es pour doter chaque ville africaine d\u2019un r\u00e9seau public d\u2019\u00e9gouts et d\u2019une station d\u2019\u00e9puration comme le pr\u00e9conisent les Objectifs de D\u00e9veloppement Durable (ODD6) des Nations Unies.<\/p>","protected":false},"excerpt":{"rendered":"<p>Les villes africaines concentrent d\u00e9sormais les grands d\u00e9fis \u00e9cologiques, soci\u00e9taux et \u00e9conomiques de notre si\u00e8cle en mati\u00e8re d\u2019assainissement. La ville durable en Afrique face au d\u00e9fi de l\u2019assainissement liquide questionne la place de ce service, pourtant indispensable, dans la fabrique des villes en Afrique. L\u2019absence de r\u00e9seaux d\u2019\u00e9gouts et de stations d\u2019\u00e9puration dans la plupart [&hellip;]<\/p>\n","protected":false},"featured_media":54093,"template":"","meta":{"_acf_changed":false,"_links_to":"","_links_to_target":""},"product_brand":[],"product_cat":[684],"product_tag":[],"class_list":{"0":"post-54083","1":"product","2":"type-product","3":"status-publish","4":"has-post-thumbnail","6":"product_cat-sciences-socit-et-nouvelles-technologies-188422468","8":"first","9":"instock","10":"shipping-taxable","11":"purchasable","12":"product-type-variable"},"acf":[],"yoast_head":"<!-- This site is optimized with the Yoast SEO plugin v27.2 - https:\/\/yoast.com\/product\/yoast-seo-wordpress\/ -->\n<title>La ville durable en Afrique face au d\u00e9fi de l\u2019assainissement liquide - ISTE Group<\/title>\n<meta name=\"description\" content=\"La ville durable en Afrique face au d\u00e9fi de l\u2019assainissement liquide questionne la place de ce service, pourtant indispensable, dans la fabrique des villes en Afrique.\" \/>\n<meta name=\"robots\" content=\"index, follow, max-snippet:-1, max-image-preview:large, max-video-preview:-1\" \/>\n<link rel=\"canonical\" href=\"https:\/\/www.istegroup.com\/fr\/produit\/la-ville-durable-en-afrique-face-au-defi-de-lassainissement-liquide\/\" \/>\n<meta property=\"og:locale\" content=\"fr_FR\" \/>\n<meta property=\"og:type\" content=\"article\" \/>\n<meta property=\"og:title\" content=\"La ville durable en Afrique face au d\u00e9fi de l\u2019assainissement liquide - ISTE Group\" \/>\n<meta property=\"og:description\" content=\"La ville durable en Afrique face au d\u00e9fi de l\u2019assainissement liquide questionne la place de ce service, pourtant indispensable, dans la fabrique des villes en Afrique.\" \/>\n<meta property=\"og:url\" content=\"https:\/\/www.istegroup.com\/fr\/produit\/la-ville-durable-en-afrique-face-au-defi-de-lassainissement-liquide\/\" \/>\n<meta property=\"og:site_name\" content=\"ISTE Group\" \/>\n<meta property=\"article:modified_time\" content=\"2024-01-03T13:48:05+00:00\" \/>\n<meta property=\"og:image\" content=\"https:\/\/www.istegroup.com\/wp-content\/uploads\/2023\/10\/934_La-ville-durable-en-Afrique-face-au-defi-de-lassainissement-liquide_Elame.png\" \/>\n\t<meta property=\"og:image:width\" content=\"596\" \/>\n\t<meta property=\"og:image:height\" content=\"901\" \/>\n\t<meta property=\"og:image:type\" content=\"image\/png\" \/>\n<meta name=\"twitter:card\" content=\"summary_large_image\" \/>\n<meta name=\"twitter:label1\" content=\"Est. reading time\" \/>\n\t<meta name=\"twitter:data1\" content=\"1 minute\" \/>\n<script type=\"application\/ld+json\" class=\"yoast-schema-graph\">{\"@context\":\"https:\/\/schema.org\",\"@graph\":[{\"@type\":\"WebPage\",\"@id\":\"https:\/\/www.istegroup.com\/fr\/produit\/la-ville-durable-en-afrique-face-au-defi-de-lassainissement-liquide\/\",\"url\":\"https:\/\/www.istegroup.com\/fr\/produit\/la-ville-durable-en-afrique-face-au-defi-de-lassainissement-liquide\/\",\"name\":\"La ville durable en Afrique face au d\u00e9fi de l\u2019assainissement liquide - ISTE Group\",\"isPartOf\":{\"@id\":\"https:\/\/www.istegroup.com\/#website\"},\"primaryImageOfPage\":{\"@id\":\"https:\/\/www.istegroup.com\/fr\/produit\/la-ville-durable-en-afrique-face-au-defi-de-lassainissement-liquide\/#primaryimage\"},\"image\":{\"@id\":\"https:\/\/www.istegroup.com\/fr\/produit\/la-ville-durable-en-afrique-face-au-defi-de-lassainissement-liquide\/#primaryimage\"},\"thumbnailUrl\":\"https:\/\/www.istegroup.com\/wp-content\/uploads\/2023\/10\/934_La-ville-durable-en-Afrique-face-au-defi-de-lassainissement-liquide_Elame.png\",\"datePublished\":\"2023-10-27T07:51:28+00:00\",\"dateModified\":\"2024-01-03T13:48:05+00:00\",\"description\":\"La ville durable en Afrique face au d\u00e9fi de l\u2019assainissement liquide questionne la place de ce service, pourtant indispensable, dans la fabrique des villes en Afrique.\",\"breadcrumb\":{\"@id\":\"https:\/\/www.istegroup.com\/fr\/produit\/la-ville-durable-en-afrique-face-au-defi-de-lassainissement-liquide\/#breadcrumb\"},\"inLanguage\":\"fr-FR\",\"potentialAction\":[{\"@type\":\"ReadAction\",\"target\":[\"https:\/\/www.istegroup.com\/fr\/produit\/la-ville-durable-en-afrique-face-au-defi-de-lassainissement-liquide\/\"]}]},{\"@type\":\"ImageObject\",\"inLanguage\":\"fr-FR\",\"@id\":\"https:\/\/www.istegroup.com\/fr\/produit\/la-ville-durable-en-afrique-face-au-defi-de-lassainissement-liquide\/#primaryimage\",\"url\":\"https:\/\/www.istegroup.com\/wp-content\/uploads\/2023\/10\/934_La-ville-durable-en-Afrique-face-au-defi-de-lassainissement-liquide_Elame.png\",\"contentUrl\":\"https:\/\/www.istegroup.com\/wp-content\/uploads\/2023\/10\/934_La-ville-durable-en-Afrique-face-au-defi-de-lassainissement-liquide_Elame.png\",\"width\":596,\"height\":901,\"caption\":\"Livre scientifique - La ville durable en Afrique face au d\u00e9fi de l'assainissement liquide\"},{\"@type\":\"BreadcrumbList\",\"@id\":\"https:\/\/www.istegroup.com\/fr\/produit\/la-ville-durable-en-afrique-face-au-defi-de-lassainissement-liquide\/#breadcrumb\",\"itemListElement\":[{\"@type\":\"ListItem\",\"position\":1,\"name\":\"Home\",\"item\":\"https:\/\/www.istegroup.com\/\"},{\"@type\":\"ListItem\",\"position\":2,\"name\":\"Shop\",\"item\":\"https:\/\/www.istegroup.com\/fr\/nouveautes\/\"},{\"@type\":\"ListItem\",\"position\":3,\"name\":\"La ville durable en Afrique face au d\u00e9fi de l\u2019assainissement liquide\"}]},{\"@type\":\"WebSite\",\"@id\":\"https:\/\/www.istegroup.com\/#website\",\"url\":\"https:\/\/www.istegroup.com\/\",\"name\":\"ISTE Group\",\"description\":\"\u00c9diteur des Sciences\",\"potentialAction\":[{\"@type\":\"SearchAction\",\"target\":{\"@type\":\"EntryPoint\",\"urlTemplate\":\"https:\/\/www.istegroup.com\/?s={search_term_string}\"},\"query-input\":{\"@type\":\"PropertyValueSpecification\",\"valueRequired\":true,\"valueName\":\"search_term_string\"}}],\"inLanguage\":\"fr-FR\"}]}<\/script>\n<!-- \/ Yoast SEO plugin. -->","yoast_head_json":{"title":"La ville durable en Afrique face au d\u00e9fi de l\u2019assainissement liquide - ISTE Group","description":"La ville durable en Afrique face au d\u00e9fi de l\u2019assainissement liquide questionne la place de ce service, pourtant indispensable, dans la fabrique des villes en Afrique.","robots":{"index":"index","follow":"follow","max-snippet":"max-snippet:-1","max-image-preview":"max-image-preview:large","max-video-preview":"max-video-preview:-1"},"canonical":"https:\/\/www.istegroup.com\/fr\/produit\/la-ville-durable-en-afrique-face-au-defi-de-lassainissement-liquide\/","og_locale":"fr_FR","og_type":"article","og_title":"La ville durable en Afrique face au d\u00e9fi de l\u2019assainissement liquide - ISTE Group","og_description":"La ville durable en Afrique face au d\u00e9fi de l\u2019assainissement liquide questionne la place de ce service, pourtant indispensable, dans la fabrique des villes en Afrique.","og_url":"https:\/\/www.istegroup.com\/fr\/produit\/la-ville-durable-en-afrique-face-au-defi-de-lassainissement-liquide\/","og_site_name":"ISTE Group","article_modified_time":"2024-01-03T13:48:05+00:00","og_image":[{"width":596,"height":901,"url":"https:\/\/www.istegroup.com\/wp-content\/uploads\/2023\/10\/934_La-ville-durable-en-Afrique-face-au-defi-de-lassainissement-liquide_Elame.png","type":"image\/png"}],"twitter_card":"summary_large_image","twitter_misc":{"Est. reading time":"1 minute"},"schema":{"@context":"https:\/\/schema.org","@graph":[{"@type":"WebPage","@id":"https:\/\/www.istegroup.com\/fr\/produit\/la-ville-durable-en-afrique-face-au-defi-de-lassainissement-liquide\/","url":"https:\/\/www.istegroup.com\/fr\/produit\/la-ville-durable-en-afrique-face-au-defi-de-lassainissement-liquide\/","name":"La ville durable en Afrique face au d\u00e9fi de l\u2019assainissement liquide - ISTE Group","isPartOf":{"@id":"https:\/\/www.istegroup.com\/#website"},"primaryImageOfPage":{"@id":"https:\/\/www.istegroup.com\/fr\/produit\/la-ville-durable-en-afrique-face-au-defi-de-lassainissement-liquide\/#primaryimage"},"image":{"@id":"https:\/\/www.istegroup.com\/fr\/produit\/la-ville-durable-en-afrique-face-au-defi-de-lassainissement-liquide\/#primaryimage"},"thumbnailUrl":"https:\/\/www.istegroup.com\/wp-content\/uploads\/2023\/10\/934_La-ville-durable-en-Afrique-face-au-defi-de-lassainissement-liquide_Elame.png","datePublished":"2023-10-27T07:51:28+00:00","dateModified":"2024-01-03T13:48:05+00:00","description":"La ville durable en Afrique face au d\u00e9fi de l\u2019assainissement liquide questionne la place de ce service, pourtant indispensable, dans la fabrique des villes en Afrique.","breadcrumb":{"@id":"https:\/\/www.istegroup.com\/fr\/produit\/la-ville-durable-en-afrique-face-au-defi-de-lassainissement-liquide\/#breadcrumb"},"inLanguage":"fr-FR","potentialAction":[{"@type":"ReadAction","target":["https:\/\/www.istegroup.com\/fr\/produit\/la-ville-durable-en-afrique-face-au-defi-de-lassainissement-liquide\/"]}]},{"@type":"ImageObject","inLanguage":"fr-FR","@id":"https:\/\/www.istegroup.com\/fr\/produit\/la-ville-durable-en-afrique-face-au-defi-de-lassainissement-liquide\/#primaryimage","url":"https:\/\/www.istegroup.com\/wp-content\/uploads\/2023\/10\/934_La-ville-durable-en-Afrique-face-au-defi-de-lassainissement-liquide_Elame.png","contentUrl":"https:\/\/www.istegroup.com\/wp-content\/uploads\/2023\/10\/934_La-ville-durable-en-Afrique-face-au-defi-de-lassainissement-liquide_Elame.png","width":596,"height":901,"caption":"Livre scientifique - La ville durable en Afrique face au d\u00e9fi de l'assainissement liquide"},{"@type":"BreadcrumbList","@id":"https:\/\/www.istegroup.com\/fr\/produit\/la-ville-durable-en-afrique-face-au-defi-de-lassainissement-liquide\/#breadcrumb","itemListElement":[{"@type":"ListItem","position":1,"name":"Home","item":"https:\/\/www.istegroup.com\/"},{"@type":"ListItem","position":2,"name":"Shop","item":"https:\/\/www.istegroup.com\/fr\/nouveautes\/"},{"@type":"ListItem","position":3,"name":"La ville durable en Afrique face au d\u00e9fi de l\u2019assainissement liquide"}]},{"@type":"WebSite","@id":"https:\/\/www.istegroup.com\/#website","url":"https:\/\/www.istegroup.com\/","name":"ISTE Group","description":"\u00c9diteur des Sciences","potentialAction":[{"@type":"SearchAction","target":{"@type":"EntryPoint","urlTemplate":"https:\/\/www.istegroup.com\/?s={search_term_string}"},"query-input":{"@type":"PropertyValueSpecification","valueRequired":true,"valueName":"search_term_string"}}],"inLanguage":"fr-FR"}]}},"_links":{"self":[{"href":"https:\/\/www.istegroup.com\/fr\/wp-json\/wp\/v2\/product\/54083","targetHints":{"allow":["GET"]}}],"collection":[{"href":"https:\/\/www.istegroup.com\/fr\/wp-json\/wp\/v2\/product"}],"about":[{"href":"https:\/\/www.istegroup.com\/fr\/wp-json\/wp\/v2\/types\/product"}],"wp:featuredmedia":[{"embeddable":true,"href":"https:\/\/www.istegroup.com\/fr\/wp-json\/wp\/v2\/media\/54093"}],"wp:attachment":[{"href":"https:\/\/www.istegroup.com\/fr\/wp-json\/wp\/v2\/media?parent=54083"}],"wp:term":[{"taxonomy":"product_brand","embeddable":true,"href":"https:\/\/www.istegroup.com\/fr\/wp-json\/wp\/v2\/product_brand?post=54083"},{"taxonomy":"product_cat","embeddable":true,"href":"https:\/\/www.istegroup.com\/fr\/wp-json\/wp\/v2\/product_cat?post=54083"},{"taxonomy":"product_tag","embeddable":true,"href":"https:\/\/www.istegroup.com\/fr\/wp-json\/wp\/v2\/product_tag?post=54083"}],"curies":[{"name":"wp","href":"https:\/\/api.w.org\/{rel}","templated":true}]}}