{"id":539,"date":"2017-07-28T15:01:26","date_gmt":"2017-07-28T13:01:26","guid":{"rendered":"https:\/\/iste.yhello.co\/product\/observation-infrarouge-de-latmosphere-terrestre\/"},"modified":"2024-01-03T13:40:29","modified_gmt":"2024-01-03T13:40:29","slug":"observation-infrarouge-de-latmosphere-terrestre","status":"publish","type":"product","link":"https:\/\/www.istegroup.com\/fr\/produit\/observation-infrarouge-de-latmosphere-terrestre\/","title":{"rendered":"Observation infrarouge de l\u2019atmosph\u00e8re terrestre"},"content":{"rendered":"<p>Les probl\u00e8mes environnementaux tels que ceux li\u00e9s \u00e0 l\u2019atmosph\u00e8re terrestre sur le changement climatique ou la qualit\u00e9 de l\u2019air sont d\u00e9sormais au c\u0153ur des enjeux soci\u00e9taux. Dans ce contexte, la t\u00e9l\u00e9d\u00e9tection depuis l\u2019espace repr\u00e9sente un outil puissant et incontournable pour l\u2019\u00e9tude des composants atmosph\u00e9riques et leur variabilit\u00e9 spatiale et temporelle.<\/p>\n<p>Cet ouvrage pr\u00e9sente les caract\u00e9ristiques de la t\u00e9l\u00e9d\u00e9tection atmosph\u00e9rique infrarouge, domaine spectral largement utilis\u00e9 pour la recherche et les exploitations op\u00e9rationnelles. Les principales m\u00e9thodes et instruments sont pr\u00e9sent\u00e9s et illustr\u00e9s par des exemples d\u2019applications sur les gaz, les a\u00e9rosols et les nuages. Cette technique consistant \u00e0 mesurer \u00e0 distance le rayonnement \u00e9lectromagn\u00e9tique, une large place est consacr\u00e9e \u00e0 la physique du rayonnement et ses interactions avec l\u2019atmosph\u00e8re.<\/p>\n","protected":false},"excerpt":{"rendered":"<p>Les probl\u00e8mes environnementaux tels que ceux li\u00e9s \u00e0 l\u2019atmosph\u00e8re terrestre sur le changement climatique ou la qualit\u00e9 de l\u2019air sont d\u00e9sormais au c\u0153ur des enjeux soci\u00e9taux. Dans ce contexte, la t\u00e9l\u00e9d\u00e9tection depuis l\u2019espace repr\u00e9sente un outil puissant et incontournable pour l\u2019\u00e9tude des composants atmosph\u00e9riques et leur variabilit\u00e9 spatiale et temporelle. Cet ouvrage pr\u00e9sente les caract\u00e9ristiques [&hellip;]<\/p>\n","protected":false},"featured_media":540,"template":"","meta":{"_acf_changed":false,"_links_to":"","_links_to_target":""},"product_brand":[],"product_cat":[705],"product_tag":[2070,2071,2072,2073,2074,920,2075,31,196,2076,2077,197,198,199,21,200,22,201,203,204,63,25,172,209,2078,2079,2080,212,38,192,145,28,2081,2082,2083,2084,2085,2026,2041,2086,2087],"class_list":{"0":"post-539","1":"product","2":"type-product","3":"status-publish","4":"has-post-thumbnail","6":"product_cat-systme-terre-environnement-27112280","7":"product_tag-applications-sur-les-gaz","8":"product_tag-atmosphere","9":"product_tag-atmosphere-terrestre","10":"product_tag-atmospheres-absorbantes","11":"product_tag-atmospheres-diffusantes","12":"product_tag-changement-climatique","13":"product_tag-domaine-spectral","14":"product_tag-ebook","15":"product_tag-ebooks","16":"product_tag-herve-herbin","17":"product_tag-infrarouge","18":"product_tag-iste","19":"product_tag-iste-edition","20":"product_tag-iste-editions","21":"product_tag-iste-group","22":"product_tag-isteedition","23":"product_tag-istegroup","24":"product_tag-kindle","25":"product_tag-liseuse","26":"product_tag-livre","27":"product_tag-livre-electronique","28":"product_tag-livre-numerique","29":"product_tag-livre-scientifique","30":"product_tag-livres-scientifiques","31":"product_tag-observation-infrarouge","32":"product_tag-observation-infrarouge-de-latmosphere-terrestre","33":"product_tag-optique-atmospherique","34":"product_tag-ouvrage","35":"product_tag-ouvrage-numerique","36":"product_tag-ouvrage-science","37":"product_tag-ouvrage-scientifique","38":"product_tag-ouvrage-scientifique-francais","39":"product_tag-philippe-dubuisson","40":"product_tag-problemes-environnementaux","41":"product_tag-qualite-de-lair","42":"product_tag-rayonnement-electromagnetique","43":"product_tag-sondeurs","44":"product_tag-teledetection","45":"product_tag-teledetection-spatiale","46":"product_tag-transfert-radiatif","47":"product_tag-transfert-radiatif-direct","49":"first","50":"instock","51":"shipping-taxable","52":"purchasable","53":"product-type-variable"},"acf":[],"yoast_head":"<!-- This site is optimized with the Yoast SEO plugin v27.2 - https:\/\/yoast.com\/product\/yoast-seo-wordpress\/ -->\n<title>Observation infrarouge de l\u2019atmosph\u00e8re terrestre - ISTE Group<\/title>\n<meta name=\"description\" content=\"Observation infrarouge de l&#039;atmosph\u00e8re terrestre pr\u00e9sente les caract\u00e9ristiques de la t\u00e9l\u00e9d\u00e9tection atmosph\u00e9rique infrarouge, domaine spectral largement utilis\u00e9 pour la recherche et les exploitations op\u00e9rationnelles.\" \/>\n<meta name=\"robots\" content=\"index, follow, max-snippet:-1, max-image-preview:large, max-video-preview:-1\" \/>\n<link rel=\"canonical\" href=\"https:\/\/www.istegroup.com\/en\/produit\/observation-infrarouge-de-latmosphere-terrestre\/\" \/>\n<meta property=\"og:locale\" content=\"fr_FR\" \/>\n<meta property=\"og:type\" content=\"article\" \/>\n<meta property=\"og:title\" content=\"Observation infrarouge de l\u2019atmosph\u00e8re terrestre - ISTE Group\" \/>\n<meta property=\"og:description\" content=\"Observation infrarouge de l&#039;atmosph\u00e8re terrestre pr\u00e9sente les caract\u00e9ristiques de la t\u00e9l\u00e9d\u00e9tection atmosph\u00e9rique infrarouge, domaine spectral largement utilis\u00e9 pour la recherche et les exploitations op\u00e9rationnelles.\" \/>\n<meta property=\"og:url\" content=\"https:\/\/www.istegroup.com\/en\/produit\/observation-infrarouge-de-latmosphere-terrestre\/\" \/>\n<meta property=\"og:site_name\" content=\"ISTE Group\" \/>\n<meta property=\"article:modified_time\" content=\"2024-01-03T13:40:29+00:00\" \/>\n<meta property=\"og:image\" content=\"https:\/\/www.istegroup.com\/wp-content\/uploads\/2017\/07\/9092936004_4101640132-1.jpg\" \/>\n\t<meta property=\"og:image:width\" content=\"300\" \/>\n\t<meta property=\"og:image:height\" content=\"450\" \/>\n\t<meta property=\"og:image:type\" content=\"image\/jpeg\" \/>\n<meta name=\"twitter:card\" content=\"summary_large_image\" \/>\n<meta name=\"twitter:label1\" content=\"Est. reading time\" \/>\n\t<meta name=\"twitter:data1\" content=\"1 minute\" \/>\n<script type=\"application\/ld+json\" class=\"yoast-schema-graph\">{\"@context\":\"https:\/\/schema.org\",\"@graph\":[{\"@type\":\"WebPage\",\"@id\":\"https:\/\/www.istegroup.com\/en\/produit\/observation-infrarouge-de-latmosphere-terrestre\/\",\"url\":\"https:\/\/www.istegroup.com\/en\/produit\/observation-infrarouge-de-latmosphere-terrestre\/\",\"name\":\"Observation infrarouge de l\u2019atmosph\u00e8re terrestre - ISTE Group\",\"isPartOf\":{\"@id\":\"https:\/\/www.istegroup.com\/#website\"},\"primaryImageOfPage\":{\"@id\":\"https:\/\/www.istegroup.com\/en\/produit\/observation-infrarouge-de-latmosphere-terrestre\/#primaryimage\"},\"image\":{\"@id\":\"https:\/\/www.istegroup.com\/en\/produit\/observation-infrarouge-de-latmosphere-terrestre\/#primaryimage\"},\"thumbnailUrl\":\"https:\/\/www.istegroup.com\/wp-content\/uploads\/2017\/07\/9092936004_4101640132-1.jpg\",\"datePublished\":\"2017-07-28T13:01:26+00:00\",\"dateModified\":\"2024-01-03T13:40:29+00:00\",\"description\":\"Observation infrarouge de l'atmosph\u00e8re terrestre pr\u00e9sente les caract\u00e9ristiques de la t\u00e9l\u00e9d\u00e9tection atmosph\u00e9rique infrarouge, domaine spectral largement utilis\u00e9 pour la recherche et les exploitations op\u00e9rationnelles.\",\"breadcrumb\":{\"@id\":\"https:\/\/www.istegroup.com\/en\/produit\/observation-infrarouge-de-latmosphere-terrestre\/#breadcrumb\"},\"inLanguage\":\"fr-FR\",\"potentialAction\":[{\"@type\":\"ReadAction\",\"target\":[\"https:\/\/www.istegroup.com\/en\/produit\/observation-infrarouge-de-latmosphere-terrestre\/\"]}]},{\"@type\":\"ImageObject\",\"inLanguage\":\"fr-FR\",\"@id\":\"https:\/\/www.istegroup.com\/en\/produit\/observation-infrarouge-de-latmosphere-terrestre\/#primaryimage\",\"url\":\"https:\/\/www.istegroup.com\/wp-content\/uploads\/2017\/07\/9092936004_4101640132-1.jpg\",\"contentUrl\":\"https:\/\/www.istegroup.com\/wp-content\/uploads\/2017\/07\/9092936004_4101640132-1.jpg\",\"width\":300,\"height\":450,\"caption\":\"Observation infrarouge de l\u2019atmosph\u00e8re terrestre\"},{\"@type\":\"BreadcrumbList\",\"@id\":\"https:\/\/www.istegroup.com\/en\/produit\/observation-infrarouge-de-latmosphere-terrestre\/#breadcrumb\",\"itemListElement\":[{\"@type\":\"ListItem\",\"position\":1,\"name\":\"Home\",\"item\":\"https:\/\/www.istegroup.com\/\"},{\"@type\":\"ListItem\",\"position\":2,\"name\":\"Shop\",\"item\":\"https:\/\/www.istegroup.com\/fr\/nouveautes\/\"},{\"@type\":\"ListItem\",\"position\":3,\"name\":\"Observation infrarouge de l\u2019atmosph\u00e8re terrestre\"}]},{\"@type\":\"WebSite\",\"@id\":\"https:\/\/www.istegroup.com\/#website\",\"url\":\"https:\/\/www.istegroup.com\/\",\"name\":\"ISTE Group\",\"description\":\"\u00c9diteur des Sciences\",\"potentialAction\":[{\"@type\":\"SearchAction\",\"target\":{\"@type\":\"EntryPoint\",\"urlTemplate\":\"https:\/\/www.istegroup.com\/?s={search_term_string}\"},\"query-input\":{\"@type\":\"PropertyValueSpecification\",\"valueRequired\":true,\"valueName\":\"search_term_string\"}}],\"inLanguage\":\"fr-FR\"}]}<\/script>\n<!-- \/ Yoast SEO plugin. -->","yoast_head_json":{"title":"Observation infrarouge de l\u2019atmosph\u00e8re terrestre - ISTE Group","description":"Observation infrarouge de l'atmosph\u00e8re terrestre pr\u00e9sente les caract\u00e9ristiques de la t\u00e9l\u00e9d\u00e9tection atmosph\u00e9rique infrarouge, domaine spectral largement utilis\u00e9 pour la recherche et les exploitations op\u00e9rationnelles.","robots":{"index":"index","follow":"follow","max-snippet":"max-snippet:-1","max-image-preview":"max-image-preview:large","max-video-preview":"max-video-preview:-1"},"canonical":"https:\/\/www.istegroup.com\/en\/produit\/observation-infrarouge-de-latmosphere-terrestre\/","og_locale":"fr_FR","og_type":"article","og_title":"Observation infrarouge de l\u2019atmosph\u00e8re terrestre - ISTE Group","og_description":"Observation infrarouge de l'atmosph\u00e8re terrestre pr\u00e9sente les caract\u00e9ristiques de la t\u00e9l\u00e9d\u00e9tection atmosph\u00e9rique infrarouge, domaine spectral largement utilis\u00e9 pour la recherche et les exploitations op\u00e9rationnelles.","og_url":"https:\/\/www.istegroup.com\/en\/produit\/observation-infrarouge-de-latmosphere-terrestre\/","og_site_name":"ISTE Group","article_modified_time":"2024-01-03T13:40:29+00:00","og_image":[{"width":300,"height":450,"url":"https:\/\/www.istegroup.com\/wp-content\/uploads\/2017\/07\/9092936004_4101640132-1.jpg","type":"image\/jpeg"}],"twitter_card":"summary_large_image","twitter_misc":{"Est. reading time":"1 minute"},"schema":{"@context":"https:\/\/schema.org","@graph":[{"@type":"WebPage","@id":"https:\/\/www.istegroup.com\/en\/produit\/observation-infrarouge-de-latmosphere-terrestre\/","url":"https:\/\/www.istegroup.com\/en\/produit\/observation-infrarouge-de-latmosphere-terrestre\/","name":"Observation infrarouge de l\u2019atmosph\u00e8re terrestre - ISTE Group","isPartOf":{"@id":"https:\/\/www.istegroup.com\/#website"},"primaryImageOfPage":{"@id":"https:\/\/www.istegroup.com\/en\/produit\/observation-infrarouge-de-latmosphere-terrestre\/#primaryimage"},"image":{"@id":"https:\/\/www.istegroup.com\/en\/produit\/observation-infrarouge-de-latmosphere-terrestre\/#primaryimage"},"thumbnailUrl":"https:\/\/www.istegroup.com\/wp-content\/uploads\/2017\/07\/9092936004_4101640132-1.jpg","datePublished":"2017-07-28T13:01:26+00:00","dateModified":"2024-01-03T13:40:29+00:00","description":"Observation infrarouge de l'atmosph\u00e8re terrestre pr\u00e9sente les caract\u00e9ristiques de la t\u00e9l\u00e9d\u00e9tection atmosph\u00e9rique infrarouge, domaine spectral largement utilis\u00e9 pour la recherche et les exploitations op\u00e9rationnelles.","breadcrumb":{"@id":"https:\/\/www.istegroup.com\/en\/produit\/observation-infrarouge-de-latmosphere-terrestre\/#breadcrumb"},"inLanguage":"fr-FR","potentialAction":[{"@type":"ReadAction","target":["https:\/\/www.istegroup.com\/en\/produit\/observation-infrarouge-de-latmosphere-terrestre\/"]}]},{"@type":"ImageObject","inLanguage":"fr-FR","@id":"https:\/\/www.istegroup.com\/en\/produit\/observation-infrarouge-de-latmosphere-terrestre\/#primaryimage","url":"https:\/\/www.istegroup.com\/wp-content\/uploads\/2017\/07\/9092936004_4101640132-1.jpg","contentUrl":"https:\/\/www.istegroup.com\/wp-content\/uploads\/2017\/07\/9092936004_4101640132-1.jpg","width":300,"height":450,"caption":"Observation infrarouge de l\u2019atmosph\u00e8re terrestre"},{"@type":"BreadcrumbList","@id":"https:\/\/www.istegroup.com\/en\/produit\/observation-infrarouge-de-latmosphere-terrestre\/#breadcrumb","itemListElement":[{"@type":"ListItem","position":1,"name":"Home","item":"https:\/\/www.istegroup.com\/"},{"@type":"ListItem","position":2,"name":"Shop","item":"https:\/\/www.istegroup.com\/fr\/nouveautes\/"},{"@type":"ListItem","position":3,"name":"Observation infrarouge de l\u2019atmosph\u00e8re terrestre"}]},{"@type":"WebSite","@id":"https:\/\/www.istegroup.com\/#website","url":"https:\/\/www.istegroup.com\/","name":"ISTE Group","description":"\u00c9diteur des Sciences","potentialAction":[{"@type":"SearchAction","target":{"@type":"EntryPoint","urlTemplate":"https:\/\/www.istegroup.com\/?s={search_term_string}"},"query-input":{"@type":"PropertyValueSpecification","valueRequired":true,"valueName":"search_term_string"}}],"inLanguage":"fr-FR"}]}},"_links":{"self":[{"href":"https:\/\/www.istegroup.com\/fr\/wp-json\/wp\/v2\/product\/539","targetHints":{"allow":["GET"]}}],"collection":[{"href":"https:\/\/www.istegroup.com\/fr\/wp-json\/wp\/v2\/product"}],"about":[{"href":"https:\/\/www.istegroup.com\/fr\/wp-json\/wp\/v2\/types\/product"}],"wp:featuredmedia":[{"embeddable":true,"href":"https:\/\/www.istegroup.com\/fr\/wp-json\/wp\/v2\/media\/540"}],"wp:attachment":[{"href":"https:\/\/www.istegroup.com\/fr\/wp-json\/wp\/v2\/media?parent=539"}],"wp:term":[{"taxonomy":"product_brand","embeddable":true,"href":"https:\/\/www.istegroup.com\/fr\/wp-json\/wp\/v2\/product_brand?post=539"},{"taxonomy":"product_cat","embeddable":true,"href":"https:\/\/www.istegroup.com\/fr\/wp-json\/wp\/v2\/product_cat?post=539"},{"taxonomy":"product_tag","embeddable":true,"href":"https:\/\/www.istegroup.com\/fr\/wp-json\/wp\/v2\/product_tag?post=539"}],"curies":[{"name":"wp","href":"https:\/\/api.w.org\/{rel}","templated":true}]}}