{"id":535,"date":"2016-12-08T14:59:34","date_gmt":"2016-12-08T14:59:34","guid":{"rendered":"https:\/\/iste.yhello.co\/product\/observation-des-surfaces-continentales-par-teledetection-micro-onde\/"},"modified":"2024-01-03T13:40:28","modified_gmt":"2024-01-03T13:40:28","slug":"observation-des-surfaces-continentales-par-teledetection-micro-onde","status":"publish","type":"product","link":"https:\/\/www.istegroup.com\/fr\/produit\/observation-des-surfaces-continentales-par-teledetection-micro-onde\/","title":{"rendered":"Observation des surfaces continentales par t\u00e9l\u00e9d\u00e9tection micro-onde"},"content":{"rendered":"<p>Second volume d&rsquo;une s\u00e9rie de six ouvrages,\u00a0<em>Observation des surfaces continentales par t\u00e9l\u00e9d\u00e9tection micro-onde\u00a0<\/em>pr\u00e9sente les principes physiques et techniques de diff\u00e9rents types de capteurs micro-ondes : les radars \u00e0 synth\u00e8se d\u2019ouverture (RSO), l\u2019altim\u00e9trie satellitaire radar, les micro-ondes passives, la gravim\u00e9trie spatiale, la r\u00e9flectom\u00e9trie GNSS (Global Navigation Satellite System). L\u2019ouvrage aborde \u00e9galement la reconstruction des mod\u00e8les num\u00e9riques de terrain \u00e0 partir de mesures RSO et propose une description des m\u00e9thodes d\u2019assimilation des donn\u00e9es spatiales dans les mod\u00e8les.<\/p>\n","protected":false},"excerpt":{"rendered":"<p>Second volume d&rsquo;une s\u00e9rie de six ouvrages,\u00a0Observation des surfaces continentales par t\u00e9l\u00e9d\u00e9tection micro-onde\u00a0pr\u00e9sente les principes physiques et techniques de diff\u00e9rents types de capteurs micro-ondes : les radars \u00e0 synth\u00e8se d\u2019ouverture (RSO), l\u2019altim\u00e9trie satellitaire radar, les micro-ondes passives, la gravim\u00e9trie spatiale, la r\u00e9flectom\u00e9trie GNSS (Global Navigation Satellite System). L\u2019ouvrage aborde \u00e9galement la reconstruction des mod\u00e8les num\u00e9riques [&hellip;]<\/p>\n","protected":false},"featured_media":536,"template":"","meta":{"_acf_changed":false,"_links_to":"","_links_to_target":""},"product_brand":[],"product_cat":[675,726,705],"product_tag":[2055,799,2056,2057,2058,922,31,196,329,860,197,198,199,21,200,22,201,203,204,63,25,172,209,2018,2059,2019,2021,2060,212,38,192,145,28,2061,2024,2062,2063,253,2026,2064],"class_list":{"0":"post-535","1":"product","2":"type-product","3":"status-publish","4":"has-post-thumbnail","6":"product_cat-nouveauts-12519446","7":"product_cat-srie-tldtection-pour-lobservation-des-surfaces-continentales-376469192","8":"product_cat-systme-terre-environnement-27112280","9":"product_tag-altimetrie","10":"product_tag-analyse","11":"product_tag-capteurs-micro-ondes","12":"product_tag-changements-anthropiques","13":"product_tag-changements-climatiques","14":"product_tag-donnees-climatiques","15":"product_tag-ebook","16":"product_tag-ebooks","17":"product_tag-environnement","18":"product_tag-environnements","19":"product_tag-iste","20":"product_tag-iste-edition","21":"product_tag-iste-editions","22":"product_tag-iste-group","23":"product_tag-isteedition","24":"product_tag-istegroup","25":"product_tag-kindle","26":"product_tag-liseuse","27":"product_tag-livre","28":"product_tag-livre-electronique","29":"product_tag-livre-numerique","30":"product_tag-livre-scientifique","31":"product_tag-livres-scientifiques","32":"product_tag-mehrez-zribi","33":"product_tag-methodes-de-traitement","34":"product_tag-nicolas-baghdadi","35":"product_tag-observation-des-surfaces-continentales-par-teledetection","36":"product_tag-observation-des-surfaces-continentales-par-teledetection-micro-onde","37":"product_tag-ouvrage","38":"product_tag-ouvrage-numerique","39":"product_tag-ouvrage-science","40":"product_tag-ouvrage-scientifique","41":"product_tag-ouvrage-scientifique-francais","42":"product_tag-radar","43":"product_tag-surfaces-continentales","44":"product_tag-surveillance","45":"product_tag-techniques-et-methodes","46":"product_tag-technologie","47":"product_tag-teledetection","48":"product_tag-teledetection-micro-onde","50":"first","51":"instock","52":"shipping-taxable","53":"purchasable","54":"product-type-variable"},"acf":[],"yoast_head":"<!-- This site is optimized with the Yoast SEO plugin v27.2 - https:\/\/yoast.com\/product\/yoast-seo-wordpress\/ -->\n<title>Observation des surfaces continentales par t\u00e9l\u00e9d\u00e9tection micro-onde - ISTE Group<\/title>\n<meta name=\"description\" content=\"Observation des surfaces continentales par t\u00e9l\u00e9d\u00e9tection micro-onde\u00a0pr\u00e9sente les principes physiques et techniques de diff\u00e9rents types de capteurs micro-ondes.\" \/>\n<meta name=\"robots\" content=\"index, follow, max-snippet:-1, max-image-preview:large, max-video-preview:-1\" \/>\n<link rel=\"canonical\" href=\"https:\/\/www.istegroup.com\/fr\/produit\/observation-des-surfaces-continentales-par-teledetection-micro-onde\/\" \/>\n<meta property=\"og:locale\" content=\"fr_FR\" \/>\n<meta property=\"og:type\" content=\"article\" \/>\n<meta property=\"og:title\" content=\"Observation des surfaces continentales par t\u00e9l\u00e9d\u00e9tection micro-onde - ISTE Group\" \/>\n<meta property=\"og:description\" content=\"Observation des surfaces continentales par t\u00e9l\u00e9d\u00e9tection micro-onde\u00a0pr\u00e9sente les principes physiques et techniques de diff\u00e9rents types de capteurs micro-ondes.\" \/>\n<meta property=\"og:url\" content=\"https:\/\/www.istegroup.com\/fr\/produit\/observation-des-surfaces-continentales-par-teledetection-micro-onde\/\" \/>\n<meta property=\"og:site_name\" content=\"ISTE Group\" \/>\n<meta property=\"article:modified_time\" content=\"2024-01-03T13:40:28+00:00\" \/>\n<meta property=\"og:image\" content=\"https:\/\/www.istegroup.com\/wp-content\/uploads\/2017\/07\/17516845137_8302822417-1.jpg\" \/>\n\t<meta property=\"og:image:width\" content=\"1357\" \/>\n\t<meta property=\"og:image:height\" content=\"2048\" \/>\n\t<meta property=\"og:image:type\" content=\"image\/jpeg\" \/>\n<meta name=\"twitter:card\" content=\"summary_large_image\" \/>\n<script type=\"application\/ld+json\" class=\"yoast-schema-graph\">{\"@context\":\"https:\/\/schema.org\",\"@graph\":[{\"@type\":\"WebPage\",\"@id\":\"https:\/\/www.istegroup.com\/fr\/produit\/observation-des-surfaces-continentales-par-teledetection-micro-onde\/\",\"url\":\"https:\/\/www.istegroup.com\/fr\/produit\/observation-des-surfaces-continentales-par-teledetection-micro-onde\/\",\"name\":\"Observation des surfaces continentales par t\u00e9l\u00e9d\u00e9tection micro-onde - ISTE Group\",\"isPartOf\":{\"@id\":\"https:\/\/www.istegroup.com\/#website\"},\"primaryImageOfPage\":{\"@id\":\"https:\/\/www.istegroup.com\/fr\/produit\/observation-des-surfaces-continentales-par-teledetection-micro-onde\/#primaryimage\"},\"image\":{\"@id\":\"https:\/\/www.istegroup.com\/fr\/produit\/observation-des-surfaces-continentales-par-teledetection-micro-onde\/#primaryimage\"},\"thumbnailUrl\":\"https:\/\/www.istegroup.com\/wp-content\/uploads\/2017\/07\/17516845137_8302822417-1.jpg\",\"datePublished\":\"2016-12-08T14:59:34+00:00\",\"dateModified\":\"2024-01-03T13:40:28+00:00\",\"description\":\"Observation des surfaces continentales par t\u00e9l\u00e9d\u00e9tection micro-onde\u00a0pr\u00e9sente les principes physiques et techniques de diff\u00e9rents types de capteurs micro-ondes.\",\"breadcrumb\":{\"@id\":\"https:\/\/www.istegroup.com\/fr\/produit\/observation-des-surfaces-continentales-par-teledetection-micro-onde\/#breadcrumb\"},\"inLanguage\":\"fr-FR\",\"potentialAction\":[{\"@type\":\"ReadAction\",\"target\":[\"https:\/\/www.istegroup.com\/fr\/produit\/observation-des-surfaces-continentales-par-teledetection-micro-onde\/\"]}]},{\"@type\":\"ImageObject\",\"inLanguage\":\"fr-FR\",\"@id\":\"https:\/\/www.istegroup.com\/fr\/produit\/observation-des-surfaces-continentales-par-teledetection-micro-onde\/#primaryimage\",\"url\":\"https:\/\/www.istegroup.com\/wp-content\/uploads\/2017\/07\/17516845137_8302822417-1.jpg\",\"contentUrl\":\"https:\/\/www.istegroup.com\/wp-content\/uploads\/2017\/07\/17516845137_8302822417-1.jpg\",\"width\":1357,\"height\":2048,\"caption\":\"Techniques et m\u00e9thodes\"},{\"@type\":\"BreadcrumbList\",\"@id\":\"https:\/\/www.istegroup.com\/fr\/produit\/observation-des-surfaces-continentales-par-teledetection-micro-onde\/#breadcrumb\",\"itemListElement\":[{\"@type\":\"ListItem\",\"position\":1,\"name\":\"Home\",\"item\":\"https:\/\/www.istegroup.com\/\"},{\"@type\":\"ListItem\",\"position\":2,\"name\":\"Shop\",\"item\":\"https:\/\/www.istegroup.com\/fr\/nouveautes\/\"},{\"@type\":\"ListItem\",\"position\":3,\"name\":\"Observation des surfaces continentales par t\u00e9l\u00e9d\u00e9tection micro-onde\"}]},{\"@type\":\"WebSite\",\"@id\":\"https:\/\/www.istegroup.com\/#website\",\"url\":\"https:\/\/www.istegroup.com\/\",\"name\":\"ISTE Group\",\"description\":\"\u00c9diteur des Sciences\",\"potentialAction\":[{\"@type\":\"SearchAction\",\"target\":{\"@type\":\"EntryPoint\",\"urlTemplate\":\"https:\/\/www.istegroup.com\/?s={search_term_string}\"},\"query-input\":{\"@type\":\"PropertyValueSpecification\",\"valueRequired\":true,\"valueName\":\"search_term_string\"}}],\"inLanguage\":\"fr-FR\"}]}<\/script>\n<!-- \/ Yoast SEO plugin. -->","yoast_head_json":{"title":"Observation des surfaces continentales par t\u00e9l\u00e9d\u00e9tection micro-onde - ISTE Group","description":"Observation des surfaces continentales par t\u00e9l\u00e9d\u00e9tection micro-onde\u00a0pr\u00e9sente les principes physiques et techniques de diff\u00e9rents types de capteurs micro-ondes.","robots":{"index":"index","follow":"follow","max-snippet":"max-snippet:-1","max-image-preview":"max-image-preview:large","max-video-preview":"max-video-preview:-1"},"canonical":"https:\/\/www.istegroup.com\/fr\/produit\/observation-des-surfaces-continentales-par-teledetection-micro-onde\/","og_locale":"fr_FR","og_type":"article","og_title":"Observation des surfaces continentales par t\u00e9l\u00e9d\u00e9tection micro-onde - ISTE Group","og_description":"Observation des surfaces continentales par t\u00e9l\u00e9d\u00e9tection micro-onde\u00a0pr\u00e9sente les principes physiques et techniques de diff\u00e9rents types de capteurs micro-ondes.","og_url":"https:\/\/www.istegroup.com\/fr\/produit\/observation-des-surfaces-continentales-par-teledetection-micro-onde\/","og_site_name":"ISTE Group","article_modified_time":"2024-01-03T13:40:28+00:00","og_image":[{"width":1357,"height":2048,"url":"https:\/\/www.istegroup.com\/wp-content\/uploads\/2017\/07\/17516845137_8302822417-1.jpg","type":"image\/jpeg"}],"twitter_card":"summary_large_image","schema":{"@context":"https:\/\/schema.org","@graph":[{"@type":"WebPage","@id":"https:\/\/www.istegroup.com\/fr\/produit\/observation-des-surfaces-continentales-par-teledetection-micro-onde\/","url":"https:\/\/www.istegroup.com\/fr\/produit\/observation-des-surfaces-continentales-par-teledetection-micro-onde\/","name":"Observation des surfaces continentales par t\u00e9l\u00e9d\u00e9tection micro-onde - ISTE Group","isPartOf":{"@id":"https:\/\/www.istegroup.com\/#website"},"primaryImageOfPage":{"@id":"https:\/\/www.istegroup.com\/fr\/produit\/observation-des-surfaces-continentales-par-teledetection-micro-onde\/#primaryimage"},"image":{"@id":"https:\/\/www.istegroup.com\/fr\/produit\/observation-des-surfaces-continentales-par-teledetection-micro-onde\/#primaryimage"},"thumbnailUrl":"https:\/\/www.istegroup.com\/wp-content\/uploads\/2017\/07\/17516845137_8302822417-1.jpg","datePublished":"2016-12-08T14:59:34+00:00","dateModified":"2024-01-03T13:40:28+00:00","description":"Observation des surfaces continentales par t\u00e9l\u00e9d\u00e9tection micro-onde\u00a0pr\u00e9sente les principes physiques et techniques de diff\u00e9rents types de capteurs micro-ondes.","breadcrumb":{"@id":"https:\/\/www.istegroup.com\/fr\/produit\/observation-des-surfaces-continentales-par-teledetection-micro-onde\/#breadcrumb"},"inLanguage":"fr-FR","potentialAction":[{"@type":"ReadAction","target":["https:\/\/www.istegroup.com\/fr\/produit\/observation-des-surfaces-continentales-par-teledetection-micro-onde\/"]}]},{"@type":"ImageObject","inLanguage":"fr-FR","@id":"https:\/\/www.istegroup.com\/fr\/produit\/observation-des-surfaces-continentales-par-teledetection-micro-onde\/#primaryimage","url":"https:\/\/www.istegroup.com\/wp-content\/uploads\/2017\/07\/17516845137_8302822417-1.jpg","contentUrl":"https:\/\/www.istegroup.com\/wp-content\/uploads\/2017\/07\/17516845137_8302822417-1.jpg","width":1357,"height":2048,"caption":"Techniques et m\u00e9thodes"},{"@type":"BreadcrumbList","@id":"https:\/\/www.istegroup.com\/fr\/produit\/observation-des-surfaces-continentales-par-teledetection-micro-onde\/#breadcrumb","itemListElement":[{"@type":"ListItem","position":1,"name":"Home","item":"https:\/\/www.istegroup.com\/"},{"@type":"ListItem","position":2,"name":"Shop","item":"https:\/\/www.istegroup.com\/fr\/nouveautes\/"},{"@type":"ListItem","position":3,"name":"Observation des surfaces continentales par t\u00e9l\u00e9d\u00e9tection micro-onde"}]},{"@type":"WebSite","@id":"https:\/\/www.istegroup.com\/#website","url":"https:\/\/www.istegroup.com\/","name":"ISTE Group","description":"\u00c9diteur des Sciences","potentialAction":[{"@type":"SearchAction","target":{"@type":"EntryPoint","urlTemplate":"https:\/\/www.istegroup.com\/?s={search_term_string}"},"query-input":{"@type":"PropertyValueSpecification","valueRequired":true,"valueName":"search_term_string"}}],"inLanguage":"fr-FR"}]}},"_links":{"self":[{"href":"https:\/\/www.istegroup.com\/fr\/wp-json\/wp\/v2\/product\/535","targetHints":{"allow":["GET"]}}],"collection":[{"href":"https:\/\/www.istegroup.com\/fr\/wp-json\/wp\/v2\/product"}],"about":[{"href":"https:\/\/www.istegroup.com\/fr\/wp-json\/wp\/v2\/types\/product"}],"wp:featuredmedia":[{"embeddable":true,"href":"https:\/\/www.istegroup.com\/fr\/wp-json\/wp\/v2\/media\/536"}],"wp:attachment":[{"href":"https:\/\/www.istegroup.com\/fr\/wp-json\/wp\/v2\/media?parent=535"}],"wp:term":[{"taxonomy":"product_brand","embeddable":true,"href":"https:\/\/www.istegroup.com\/fr\/wp-json\/wp\/v2\/product_brand?post=535"},{"taxonomy":"product_cat","embeddable":true,"href":"https:\/\/www.istegroup.com\/fr\/wp-json\/wp\/v2\/product_cat?post=535"},{"taxonomy":"product_tag","embeddable":true,"href":"https:\/\/www.istegroup.com\/fr\/wp-json\/wp\/v2\/product_tag?post=535"}],"curies":[{"name":"wp","href":"https:\/\/api.w.org\/{rel}","templated":true}]}}