{"id":533,"date":"2016-01-08T14:55:26","date_gmt":"2016-01-08T14:55:26","guid":{"rendered":"https:\/\/iste.yhello.co\/product\/observation-des-surfaces-continentales-par-teledetection-iv\/"},"modified":"2024-01-03T13:40:28","modified_gmt":"2024-01-03T13:40:28","slug":"observation-des-surfaces-continentales-par-teledetection-iv","status":"publish","type":"product","link":"https:\/\/www.istegroup.com\/fr\/produit\/observation-des-surfaces-continentales-par-teledetection-iv\/","title":{"rendered":"Observation des surfaces continentales par t\u00e9l\u00e9d\u00e9tection IV"},"content":{"rendered":"<p>Notre environnement est fortement soumis aux changements climatique et anthropique. L\u2019observation spatiale est un outil essentiel pour le suivi de ses \u00e9volutions.<\/p>\n<p><em>Observation des surfaces continentales par t\u00e9l\u00e9d\u00e9tection IV\u00a0<\/em>pr\u00e9sente des applications de la t\u00e9l\u00e9d\u00e9tection en environnement et risques \u00e0 travers des probl\u00e9matiques majeures.<\/p>\n<p>L\u2019apport de la t\u00e9l\u00e9d\u00e9tection dans l\u2019\u00e9valuation de la d\u00e9sertification, des incendies de for\u00eats et de la d\u00e9forestation est abord\u00e9. Cet ouvrage \u00e9tudie aussi la caract\u00e9risation des a\u00e9rosols et des gaz par t\u00e9l\u00e9d\u00e9tection passive avant d\u2019examiner les d\u00e9formations de la surface terrestre et les processus g\u00e9omorphologiques. Il analyse \u00e9galement le potentiel de l\u2019imagerie radar pour la volcanologie et les \u00e9tudes de subsidences urbaines et mini\u00e8res. Enfin, l\u2019apport de la t\u00e9l\u00e9d\u00e9tection dans la lutte antiacridienne et l\u2019\u00e9pid\u00e9miologie des maladies infectieuses est trait\u00e9.<\/p>\n","protected":false},"excerpt":{"rendered":"<p>Notre environnement est fortement soumis aux changements climatique et anthropique. L\u2019observation spatiale est un outil essentiel pour le suivi de ses \u00e9volutions. Observation des surfaces continentales par t\u00e9l\u00e9d\u00e9tection IV\u00a0pr\u00e9sente des applications de la t\u00e9l\u00e9d\u00e9tection en environnement et risques \u00e0 travers des probl\u00e9matiques majeures. L\u2019apport de la t\u00e9l\u00e9d\u00e9tection dans l\u2019\u00e9valuation de la d\u00e9sertification, des incendies de [&hellip;]<\/p>\n","protected":false},"featured_media":534,"template":"","meta":{"_acf_changed":false,"_links_to":"","_links_to_target":""},"product_brand":[],"product_cat":[675,726,705],"product_tag":[2046,2035,2045,920,2047,2048,31,196,329,2049,2054,2050,2051,197,198,199,21,200,22,201,203,204,63,25,172,209,2018,2019,2020,2021,2052,2032,212,38,192,145,28,2024,2026,2041,2053],"class_list":{"0":"post-533","1":"product","2":"type-product","3":"status-publish","4":"has-post-thumbnail","6":"product_cat-nouveauts-12519446","7":"product_cat-srie-tldtection-pour-lobservation-des-surfaces-continentales-376469192","8":"product_cat-systme-terre-environnement-27112280","9":"product_tag-aerosols","10":"product_tag-anthropique","11":"product_tag-antiacridienne","12":"product_tag-changement-climatique","13":"product_tag-deforestation","14":"product_tag-desertification","15":"product_tag-ebook","16":"product_tag-ebooks","17":"product_tag-environnement","18":"product_tag-environnement-et-risques","19":"product_tag-epidemiologie","20":"product_tag-geomorphologique","21":"product_tag-imagerie-radar","22":"product_tag-iste","23":"product_tag-iste-edition","24":"product_tag-iste-editions","25":"product_tag-iste-group","26":"product_tag-isteedition","27":"product_tag-istegroup","28":"product_tag-kindle","29":"product_tag-liseuse","30":"product_tag-livre","31":"product_tag-livre-electronique","32":"product_tag-livre-numerique","33":"product_tag-livre-scientifique","34":"product_tag-livres-scientifiques","35":"product_tag-mehrez-zribi","36":"product_tag-nicolas-baghdadi","37":"product_tag-observation","38":"product_tag-observation-des-surfaces-continentales-par-teledetection","39":"product_tag-observation-des-surfaces-continentales-par-teledetection-iv","40":"product_tag-observation-spatiale","41":"product_tag-ouvrage","42":"product_tag-ouvrage-numerique","43":"product_tag-ouvrage-science","44":"product_tag-ouvrage-scientifique","45":"product_tag-ouvrage-scientifique-francais","46":"product_tag-surfaces-continentales","47":"product_tag-teledetection","48":"product_tag-teledetection-spatiale","49":"product_tag-volcanologie","51":"first","52":"instock","53":"shipping-taxable","54":"purchasable","55":"product-type-variable"},"acf":[],"yoast_head":"<!-- This site is optimized with the Yoast SEO plugin v27.2 - https:\/\/yoast.com\/product\/yoast-seo-wordpress\/ -->\n<title>Observation des surfaces continentales par t\u00e9l\u00e9d\u00e9tection IV - ISTE Group<\/title>\n<meta name=\"description\" content=\"Observation des surfaces continentales par t\u00e9l\u00e9d\u00e9tection IV\u00a0pr\u00e9sente des applications de la t\u00e9l\u00e9d\u00e9tection en environnement et risques.\" \/>\n<meta name=\"robots\" content=\"index, follow, max-snippet:-1, max-image-preview:large, max-video-preview:-1\" \/>\n<link rel=\"canonical\" href=\"https:\/\/www.istegroup.com\/fr\/produit\/observation-des-surfaces-continentales-par-teledetection-iv\/\" \/>\n<meta property=\"og:locale\" content=\"fr_FR\" \/>\n<meta property=\"og:type\" content=\"article\" \/>\n<meta property=\"og:title\" content=\"Observation des surfaces continentales par t\u00e9l\u00e9d\u00e9tection IV - ISTE Group\" \/>\n<meta property=\"og:description\" content=\"Observation des surfaces continentales par t\u00e9l\u00e9d\u00e9tection IV\u00a0pr\u00e9sente des applications de la t\u00e9l\u00e9d\u00e9tection en environnement et risques.\" \/>\n<meta property=\"og:url\" content=\"https:\/\/www.istegroup.com\/fr\/produit\/observation-des-surfaces-continentales-par-teledetection-iv\/\" \/>\n<meta property=\"og:site_name\" content=\"ISTE Group\" \/>\n<meta property=\"article:modified_time\" content=\"2024-01-03T13:40:28+00:00\" \/>\n<meta property=\"og:image\" content=\"https:\/\/www.istegroup.com\/wp-content\/uploads\/2017\/07\/17687126033_8345126673-1.jpg\" \/>\n\t<meta property=\"og:image:width\" content=\"1359\" \/>\n\t<meta property=\"og:image:height\" content=\"2048\" \/>\n\t<meta property=\"og:image:type\" content=\"image\/jpeg\" \/>\n<meta name=\"twitter:card\" content=\"summary_large_image\" \/>\n<meta name=\"twitter:label1\" content=\"Est. reading time\" \/>\n\t<meta name=\"twitter:data1\" content=\"1 minute\" \/>\n<script type=\"application\/ld+json\" class=\"yoast-schema-graph\">{\"@context\":\"https:\/\/schema.org\",\"@graph\":[{\"@type\":\"WebPage\",\"@id\":\"https:\/\/www.istegroup.com\/fr\/produit\/observation-des-surfaces-continentales-par-teledetection-iv\/\",\"url\":\"https:\/\/www.istegroup.com\/fr\/produit\/observation-des-surfaces-continentales-par-teledetection-iv\/\",\"name\":\"Observation des surfaces continentales par t\u00e9l\u00e9d\u00e9tection IV - ISTE Group\",\"isPartOf\":{\"@id\":\"https:\/\/www.istegroup.com\/#website\"},\"primaryImageOfPage\":{\"@id\":\"https:\/\/www.istegroup.com\/fr\/produit\/observation-des-surfaces-continentales-par-teledetection-iv\/#primaryimage\"},\"image\":{\"@id\":\"https:\/\/www.istegroup.com\/fr\/produit\/observation-des-surfaces-continentales-par-teledetection-iv\/#primaryimage\"},\"thumbnailUrl\":\"https:\/\/www.istegroup.com\/wp-content\/uploads\/2017\/07\/17687126033_8345126673-1.jpg\",\"datePublished\":\"2016-01-08T14:55:26+00:00\",\"dateModified\":\"2024-01-03T13:40:28+00:00\",\"description\":\"Observation des surfaces continentales par t\u00e9l\u00e9d\u00e9tection IV\u00a0pr\u00e9sente des applications de la t\u00e9l\u00e9d\u00e9tection en environnement et risques.\",\"breadcrumb\":{\"@id\":\"https:\/\/www.istegroup.com\/fr\/produit\/observation-des-surfaces-continentales-par-teledetection-iv\/#breadcrumb\"},\"inLanguage\":\"fr-FR\",\"potentialAction\":[{\"@type\":\"ReadAction\",\"target\":[\"https:\/\/www.istegroup.com\/fr\/produit\/observation-des-surfaces-continentales-par-teledetection-iv\/\"]}]},{\"@type\":\"ImageObject\",\"inLanguage\":\"fr-FR\",\"@id\":\"https:\/\/www.istegroup.com\/fr\/produit\/observation-des-surfaces-continentales-par-teledetection-iv\/#primaryimage\",\"url\":\"https:\/\/www.istegroup.com\/wp-content\/uploads\/2017\/07\/17687126033_8345126673-1.jpg\",\"contentUrl\":\"https:\/\/www.istegroup.com\/wp-content\/uploads\/2017\/07\/17687126033_8345126673-1.jpg\",\"width\":1359,\"height\":2048,\"caption\":\"Environnement et risques\"},{\"@type\":\"BreadcrumbList\",\"@id\":\"https:\/\/www.istegroup.com\/fr\/produit\/observation-des-surfaces-continentales-par-teledetection-iv\/#breadcrumb\",\"itemListElement\":[{\"@type\":\"ListItem\",\"position\":1,\"name\":\"Home\",\"item\":\"https:\/\/www.istegroup.com\/\"},{\"@type\":\"ListItem\",\"position\":2,\"name\":\"Shop\",\"item\":\"https:\/\/www.istegroup.com\/fr\/nouveautes\/\"},{\"@type\":\"ListItem\",\"position\":3,\"name\":\"Observation des surfaces continentales par t\u00e9l\u00e9d\u00e9tection IV\"}]},{\"@type\":\"WebSite\",\"@id\":\"https:\/\/www.istegroup.com\/#website\",\"url\":\"https:\/\/www.istegroup.com\/\",\"name\":\"ISTE Group\",\"description\":\"\u00c9diteur des Sciences\",\"potentialAction\":[{\"@type\":\"SearchAction\",\"target\":{\"@type\":\"EntryPoint\",\"urlTemplate\":\"https:\/\/www.istegroup.com\/?s={search_term_string}\"},\"query-input\":{\"@type\":\"PropertyValueSpecification\",\"valueRequired\":true,\"valueName\":\"search_term_string\"}}],\"inLanguage\":\"fr-FR\"}]}<\/script>\n<!-- \/ Yoast SEO plugin. -->","yoast_head_json":{"title":"Observation des surfaces continentales par t\u00e9l\u00e9d\u00e9tection IV - ISTE Group","description":"Observation des surfaces continentales par t\u00e9l\u00e9d\u00e9tection IV\u00a0pr\u00e9sente des applications de la t\u00e9l\u00e9d\u00e9tection en environnement et risques.","robots":{"index":"index","follow":"follow","max-snippet":"max-snippet:-1","max-image-preview":"max-image-preview:large","max-video-preview":"max-video-preview:-1"},"canonical":"https:\/\/www.istegroup.com\/fr\/produit\/observation-des-surfaces-continentales-par-teledetection-iv\/","og_locale":"fr_FR","og_type":"article","og_title":"Observation des surfaces continentales par t\u00e9l\u00e9d\u00e9tection IV - ISTE Group","og_description":"Observation des surfaces continentales par t\u00e9l\u00e9d\u00e9tection IV\u00a0pr\u00e9sente des applications de la t\u00e9l\u00e9d\u00e9tection en environnement et risques.","og_url":"https:\/\/www.istegroup.com\/fr\/produit\/observation-des-surfaces-continentales-par-teledetection-iv\/","og_site_name":"ISTE Group","article_modified_time":"2024-01-03T13:40:28+00:00","og_image":[{"width":1359,"height":2048,"url":"https:\/\/www.istegroup.com\/wp-content\/uploads\/2017\/07\/17687126033_8345126673-1.jpg","type":"image\/jpeg"}],"twitter_card":"summary_large_image","twitter_misc":{"Est. reading time":"1 minute"},"schema":{"@context":"https:\/\/schema.org","@graph":[{"@type":"WebPage","@id":"https:\/\/www.istegroup.com\/fr\/produit\/observation-des-surfaces-continentales-par-teledetection-iv\/","url":"https:\/\/www.istegroup.com\/fr\/produit\/observation-des-surfaces-continentales-par-teledetection-iv\/","name":"Observation des surfaces continentales par t\u00e9l\u00e9d\u00e9tection IV - ISTE Group","isPartOf":{"@id":"https:\/\/www.istegroup.com\/#website"},"primaryImageOfPage":{"@id":"https:\/\/www.istegroup.com\/fr\/produit\/observation-des-surfaces-continentales-par-teledetection-iv\/#primaryimage"},"image":{"@id":"https:\/\/www.istegroup.com\/fr\/produit\/observation-des-surfaces-continentales-par-teledetection-iv\/#primaryimage"},"thumbnailUrl":"https:\/\/www.istegroup.com\/wp-content\/uploads\/2017\/07\/17687126033_8345126673-1.jpg","datePublished":"2016-01-08T14:55:26+00:00","dateModified":"2024-01-03T13:40:28+00:00","description":"Observation des surfaces continentales par t\u00e9l\u00e9d\u00e9tection IV\u00a0pr\u00e9sente des applications de la t\u00e9l\u00e9d\u00e9tection en environnement et risques.","breadcrumb":{"@id":"https:\/\/www.istegroup.com\/fr\/produit\/observation-des-surfaces-continentales-par-teledetection-iv\/#breadcrumb"},"inLanguage":"fr-FR","potentialAction":[{"@type":"ReadAction","target":["https:\/\/www.istegroup.com\/fr\/produit\/observation-des-surfaces-continentales-par-teledetection-iv\/"]}]},{"@type":"ImageObject","inLanguage":"fr-FR","@id":"https:\/\/www.istegroup.com\/fr\/produit\/observation-des-surfaces-continentales-par-teledetection-iv\/#primaryimage","url":"https:\/\/www.istegroup.com\/wp-content\/uploads\/2017\/07\/17687126033_8345126673-1.jpg","contentUrl":"https:\/\/www.istegroup.com\/wp-content\/uploads\/2017\/07\/17687126033_8345126673-1.jpg","width":1359,"height":2048,"caption":"Environnement et risques"},{"@type":"BreadcrumbList","@id":"https:\/\/www.istegroup.com\/fr\/produit\/observation-des-surfaces-continentales-par-teledetection-iv\/#breadcrumb","itemListElement":[{"@type":"ListItem","position":1,"name":"Home","item":"https:\/\/www.istegroup.com\/"},{"@type":"ListItem","position":2,"name":"Shop","item":"https:\/\/www.istegroup.com\/fr\/nouveautes\/"},{"@type":"ListItem","position":3,"name":"Observation des surfaces continentales par t\u00e9l\u00e9d\u00e9tection IV"}]},{"@type":"WebSite","@id":"https:\/\/www.istegroup.com\/#website","url":"https:\/\/www.istegroup.com\/","name":"ISTE Group","description":"\u00c9diteur des Sciences","potentialAction":[{"@type":"SearchAction","target":{"@type":"EntryPoint","urlTemplate":"https:\/\/www.istegroup.com\/?s={search_term_string}"},"query-input":{"@type":"PropertyValueSpecification","valueRequired":true,"valueName":"search_term_string"}}],"inLanguage":"fr-FR"}]}},"_links":{"self":[{"href":"https:\/\/www.istegroup.com\/fr\/wp-json\/wp\/v2\/product\/533","targetHints":{"allow":["GET"]}}],"collection":[{"href":"https:\/\/www.istegroup.com\/fr\/wp-json\/wp\/v2\/product"}],"about":[{"href":"https:\/\/www.istegroup.com\/fr\/wp-json\/wp\/v2\/types\/product"}],"wp:featuredmedia":[{"embeddable":true,"href":"https:\/\/www.istegroup.com\/fr\/wp-json\/wp\/v2\/media\/534"}],"wp:attachment":[{"href":"https:\/\/www.istegroup.com\/fr\/wp-json\/wp\/v2\/media?parent=533"}],"wp:term":[{"taxonomy":"product_brand","embeddable":true,"href":"https:\/\/www.istegroup.com\/fr\/wp-json\/wp\/v2\/product_brand?post=533"},{"taxonomy":"product_cat","embeddable":true,"href":"https:\/\/www.istegroup.com\/fr\/wp-json\/wp\/v2\/product_cat?post=533"},{"taxonomy":"product_tag","embeddable":true,"href":"https:\/\/www.istegroup.com\/fr\/wp-json\/wp\/v2\/product_tag?post=533"}],"curies":[{"name":"wp","href":"https:\/\/api.w.org\/{rel}","templated":true}]}}