{"id":53054,"date":"2023-09-26T09:18:53","date_gmt":"2023-09-26T08:18:53","guid":{"rendered":"https:\/\/www.istegroup.com\/?post_type=product&#038;p=53054"},"modified":"2024-12-20T10:49:47","modified_gmt":"2024-12-20T10:49:47","slug":"h2ptm23","status":"publish","type":"product","link":"https:\/\/www.istegroup.com\/fr\/produit\/h2ptm23\/","title":{"rendered":"H2PTM\u201923"},"content":{"rendered":"<p>La conf\u00e9rence internationale H2PTM, cr\u00e9\u00e9e en 1989 par Roger Laufer, Jean-Pierre Balpe et Imad Saleh arrive \u00e0 sa 17e \u00e9dition. Elle poursuit la valorisation des recherches sur les hypertextes et les hyperm\u00e9dias dont les applications se concr\u00e9tisent de plus en plus dans les sciences humaines et sociales.<\/p>\n<p>Cette \u00e9dition est consacr\u00e9e \u00e0 la question de la fabrique du sens \u00e0 l\u2019\u00e8re de l\u2019information num\u00e9rique, un sujet d\u2019actualit\u00e9 dont les d\u00e9bats autour de l\u2019IA g\u00e9n\u00e9rative et de la d\u00e9sinformation sont cruciaux.<\/p>\n<p>Cet ouvrage regroupe l\u2019ensemble des communications s\u00e9lectionn\u00e9es pour la conf\u00e9rence <em>H2PTM\u201923 \u2013 La fabrique du sens \u00e0 l\u2019\u00e8re de l\u2019information num\u00e9rique : enjeux et d\u00e9fis<\/em>.<\/p>\n<p><a style=\"color: #1e9691;\" href=\"https:\/\/doi.org\/10.4000\/12ygx\"><em>Note de lecture &#8211; Questions de communication, <\/em><em>20 d\u00e9cembre 2024<\/em><\/a><\/p>","protected":false},"excerpt":{"rendered":"<p>La conf\u00e9rence internationale H2PTM, cr\u00e9\u00e9e en 1989 par Roger Laufer, Jean-Pierre Balpe et Imad Saleh arrive \u00e0 sa 17e \u00e9dition. Elle poursuit la valorisation des recherches sur les hypertextes et les hyperm\u00e9dias dont les applications se concr\u00e9tisent de plus en plus dans les sciences humaines et sociales. Cette \u00e9dition est consacr\u00e9e \u00e0 la question de [&hellip;]<\/p>\n","protected":false},"featured_media":53058,"template":"","meta":{"_acf_changed":false,"_links_to":"","_links_to_target":""},"product_brand":[],"product_cat":[707],"product_tag":[],"class_list":{"0":"post-53054","1":"product","2":"type-product","3":"status-publish","4":"has-post-thumbnail","6":"product_cat-systmes-dinformation-web-et-socit-12506570","8":"first","9":"instock","10":"shipping-taxable","11":"purchasable","12":"product-type-variable"},"acf":[],"yoast_head":"<!-- This site is optimized with the Yoast SEO plugin v27.2 - https:\/\/yoast.com\/product\/yoast-seo-wordpress\/ -->\n<title>H2PTM\u201923 - ISTE Group<\/title>\n<meta name=\"description\" content=\"Cet ouvrage regroupe l\u2019ensemble des communications s\u00e9lectionn\u00e9es pour la conf\u00e9rence H2PTM\u201923 \u2013 La fabrique du sens \u00e0 l\u2019\u00e8re de l\u2019information num\u00e9rique : enjeux et d\u00e9fis.\" \/>\n<meta name=\"robots\" content=\"index, follow, max-snippet:-1, max-image-preview:large, max-video-preview:-1\" \/>\n<link rel=\"canonical\" href=\"https:\/\/www.istegroup.com\/produit\/h2ptm23\/\" \/>\n<meta property=\"og:locale\" content=\"fr_FR\" \/>\n<meta property=\"og:type\" content=\"article\" \/>\n<meta property=\"og:title\" content=\"H2PTM\u201923 - ISTE Group\" \/>\n<meta property=\"og:description\" content=\"Cet ouvrage regroupe l\u2019ensemble des communications s\u00e9lectionn\u00e9es pour la conf\u00e9rence H2PTM\u201923 \u2013 La fabrique du sens \u00e0 l\u2019\u00e8re de l\u2019information num\u00e9rique : enjeux et d\u00e9fis.\" \/>\n<meta property=\"og:url\" content=\"https:\/\/www.istegroup.com\/produit\/h2ptm23\/\" \/>\n<meta property=\"og:site_name\" content=\"ISTE Group\" \/>\n<meta property=\"article:modified_time\" content=\"2024-12-20T10:49:47+00:00\" \/>\n<meta property=\"og:image\" content=\"https:\/\/www.istegroup.com\/wp-content\/uploads\/2023\/09\/H2PTM23.jpg\" \/>\n\t<meta property=\"og:image:width\" content=\"598\" \/>\n\t<meta property=\"og:image:height\" content=\"900\" \/>\n\t<meta property=\"og:image:type\" content=\"image\/jpeg\" \/>\n<meta name=\"twitter:card\" content=\"summary_large_image\" \/>\n<meta name=\"twitter:label1\" content=\"Est. reading time\" \/>\n\t<meta name=\"twitter:data1\" content=\"1 minute\" \/>\n<script type=\"application\/ld+json\" class=\"yoast-schema-graph\">{\"@context\":\"https:\/\/schema.org\",\"@graph\":[{\"@type\":\"WebPage\",\"@id\":\"https:\/\/www.istegroup.com\/produit\/h2ptm23\/\",\"url\":\"https:\/\/www.istegroup.com\/produit\/h2ptm23\/\",\"name\":\"H2PTM\u201923 - ISTE Group\",\"isPartOf\":{\"@id\":\"https:\/\/www.istegroup.com\/#website\"},\"primaryImageOfPage\":{\"@id\":\"https:\/\/www.istegroup.com\/produit\/h2ptm23\/#primaryimage\"},\"image\":{\"@id\":\"https:\/\/www.istegroup.com\/produit\/h2ptm23\/#primaryimage\"},\"thumbnailUrl\":\"https:\/\/www.istegroup.com\/wp-content\/uploads\/2023\/09\/H2PTM23.jpg\",\"datePublished\":\"2023-09-26T08:18:53+00:00\",\"dateModified\":\"2024-12-20T10:49:47+00:00\",\"description\":\"Cet ouvrage regroupe l\u2019ensemble des communications s\u00e9lectionn\u00e9es pour la conf\u00e9rence H2PTM\u201923 \u2013 La fabrique du sens \u00e0 l\u2019\u00e8re de l\u2019information num\u00e9rique : enjeux et d\u00e9fis.\",\"breadcrumb\":{\"@id\":\"https:\/\/www.istegroup.com\/produit\/h2ptm23\/#breadcrumb\"},\"inLanguage\":\"fr-FR\",\"potentialAction\":[{\"@type\":\"ReadAction\",\"target\":[\"https:\/\/www.istegroup.com\/produit\/h2ptm23\/\"]}]},{\"@type\":\"ImageObject\",\"inLanguage\":\"fr-FR\",\"@id\":\"https:\/\/www.istegroup.com\/produit\/h2ptm23\/#primaryimage\",\"url\":\"https:\/\/www.istegroup.com\/wp-content\/uploads\/2023\/09\/H2PTM23.jpg\",\"contentUrl\":\"https:\/\/www.istegroup.com\/wp-content\/uploads\/2023\/09\/H2PTM23.jpg\",\"width\":598,\"height\":900,\"caption\":\"Livre scientifique - H2PTM23\"},{\"@type\":\"BreadcrumbList\",\"@id\":\"https:\/\/www.istegroup.com\/produit\/h2ptm23\/#breadcrumb\",\"itemListElement\":[{\"@type\":\"ListItem\",\"position\":1,\"name\":\"Home\",\"item\":\"https:\/\/www.istegroup.com\/\"},{\"@type\":\"ListItem\",\"position\":2,\"name\":\"Shop\",\"item\":\"https:\/\/www.istegroup.com\/fr\/nouveautes\/\"},{\"@type\":\"ListItem\",\"position\":3,\"name\":\"H2PTM\u201923\"}]},{\"@type\":\"WebSite\",\"@id\":\"https:\/\/www.istegroup.com\/#website\",\"url\":\"https:\/\/www.istegroup.com\/\",\"name\":\"ISTE Group\",\"description\":\"\u00c9diteur des Sciences\",\"potentialAction\":[{\"@type\":\"SearchAction\",\"target\":{\"@type\":\"EntryPoint\",\"urlTemplate\":\"https:\/\/www.istegroup.com\/?s={search_term_string}\"},\"query-input\":{\"@type\":\"PropertyValueSpecification\",\"valueRequired\":true,\"valueName\":\"search_term_string\"}}],\"inLanguage\":\"fr-FR\"}]}<\/script>\n<!-- \/ Yoast SEO plugin. -->","yoast_head_json":{"title":"H2PTM\u201923 - ISTE Group","description":"Cet ouvrage regroupe l\u2019ensemble des communications s\u00e9lectionn\u00e9es pour la conf\u00e9rence H2PTM\u201923 \u2013 La fabrique du sens \u00e0 l\u2019\u00e8re de l\u2019information num\u00e9rique : enjeux et d\u00e9fis.","robots":{"index":"index","follow":"follow","max-snippet":"max-snippet:-1","max-image-preview":"max-image-preview:large","max-video-preview":"max-video-preview:-1"},"canonical":"https:\/\/www.istegroup.com\/produit\/h2ptm23\/","og_locale":"fr_FR","og_type":"article","og_title":"H2PTM\u201923 - ISTE Group","og_description":"Cet ouvrage regroupe l\u2019ensemble des communications s\u00e9lectionn\u00e9es pour la conf\u00e9rence H2PTM\u201923 \u2013 La fabrique du sens \u00e0 l\u2019\u00e8re de l\u2019information num\u00e9rique : enjeux et d\u00e9fis.","og_url":"https:\/\/www.istegroup.com\/produit\/h2ptm23\/","og_site_name":"ISTE Group","article_modified_time":"2024-12-20T10:49:47+00:00","og_image":[{"width":598,"height":900,"url":"https:\/\/www.istegroup.com\/wp-content\/uploads\/2023\/09\/H2PTM23.jpg","type":"image\/jpeg"}],"twitter_card":"summary_large_image","twitter_misc":{"Est. reading time":"1 minute"},"schema":{"@context":"https:\/\/schema.org","@graph":[{"@type":"WebPage","@id":"https:\/\/www.istegroup.com\/produit\/h2ptm23\/","url":"https:\/\/www.istegroup.com\/produit\/h2ptm23\/","name":"H2PTM\u201923 - ISTE Group","isPartOf":{"@id":"https:\/\/www.istegroup.com\/#website"},"primaryImageOfPage":{"@id":"https:\/\/www.istegroup.com\/produit\/h2ptm23\/#primaryimage"},"image":{"@id":"https:\/\/www.istegroup.com\/produit\/h2ptm23\/#primaryimage"},"thumbnailUrl":"https:\/\/www.istegroup.com\/wp-content\/uploads\/2023\/09\/H2PTM23.jpg","datePublished":"2023-09-26T08:18:53+00:00","dateModified":"2024-12-20T10:49:47+00:00","description":"Cet ouvrage regroupe l\u2019ensemble des communications s\u00e9lectionn\u00e9es pour la conf\u00e9rence H2PTM\u201923 \u2013 La fabrique du sens \u00e0 l\u2019\u00e8re de l\u2019information num\u00e9rique : enjeux et d\u00e9fis.","breadcrumb":{"@id":"https:\/\/www.istegroup.com\/produit\/h2ptm23\/#breadcrumb"},"inLanguage":"fr-FR","potentialAction":[{"@type":"ReadAction","target":["https:\/\/www.istegroup.com\/produit\/h2ptm23\/"]}]},{"@type":"ImageObject","inLanguage":"fr-FR","@id":"https:\/\/www.istegroup.com\/produit\/h2ptm23\/#primaryimage","url":"https:\/\/www.istegroup.com\/wp-content\/uploads\/2023\/09\/H2PTM23.jpg","contentUrl":"https:\/\/www.istegroup.com\/wp-content\/uploads\/2023\/09\/H2PTM23.jpg","width":598,"height":900,"caption":"Livre scientifique - H2PTM23"},{"@type":"BreadcrumbList","@id":"https:\/\/www.istegroup.com\/produit\/h2ptm23\/#breadcrumb","itemListElement":[{"@type":"ListItem","position":1,"name":"Home","item":"https:\/\/www.istegroup.com\/"},{"@type":"ListItem","position":2,"name":"Shop","item":"https:\/\/www.istegroup.com\/fr\/nouveautes\/"},{"@type":"ListItem","position":3,"name":"H2PTM\u201923"}]},{"@type":"WebSite","@id":"https:\/\/www.istegroup.com\/#website","url":"https:\/\/www.istegroup.com\/","name":"ISTE Group","description":"\u00c9diteur des Sciences","potentialAction":[{"@type":"SearchAction","target":{"@type":"EntryPoint","urlTemplate":"https:\/\/www.istegroup.com\/?s={search_term_string}"},"query-input":{"@type":"PropertyValueSpecification","valueRequired":true,"valueName":"search_term_string"}}],"inLanguage":"fr-FR"}]}},"_links":{"self":[{"href":"https:\/\/www.istegroup.com\/fr\/wp-json\/wp\/v2\/product\/53054","targetHints":{"allow":["GET"]}}],"collection":[{"href":"https:\/\/www.istegroup.com\/fr\/wp-json\/wp\/v2\/product"}],"about":[{"href":"https:\/\/www.istegroup.com\/fr\/wp-json\/wp\/v2\/types\/product"}],"wp:featuredmedia":[{"embeddable":true,"href":"https:\/\/www.istegroup.com\/fr\/wp-json\/wp\/v2\/media\/53058"}],"wp:attachment":[{"href":"https:\/\/www.istegroup.com\/fr\/wp-json\/wp\/v2\/media?parent=53054"}],"wp:term":[{"taxonomy":"product_brand","embeddable":true,"href":"https:\/\/www.istegroup.com\/fr\/wp-json\/wp\/v2\/product_brand?post=53054"},{"taxonomy":"product_cat","embeddable":true,"href":"https:\/\/www.istegroup.com\/fr\/wp-json\/wp\/v2\/product_cat?post=53054"},{"taxonomy":"product_tag","embeddable":true,"href":"https:\/\/www.istegroup.com\/fr\/wp-json\/wp\/v2\/product_tag?post=53054"}],"curies":[{"name":"wp","href":"https:\/\/api.w.org\/{rel}","templated":true}]}}