{"id":52980,"date":"2023-09-11T14:46:31","date_gmt":"2023-09-11T13:46:31","guid":{"rendered":"https:\/\/www.istegroup.com\/?post_type=product&#038;p=52980"},"modified":"2024-01-03T13:48:02","modified_gmt":"2024-01-03T13:48:02","slug":"une-aventure-dans-la-recherche-des-ondes-gravitationnelles-primordiales","status":"publish","type":"product","link":"https:\/\/www.istegroup.com\/fr\/produit\/une-aventure-dans-la-recherche-des-ondes-gravitationnelles-primordiales\/","title":{"rendered":"Une aventure dans la recherche des ondes gravitationnelles primordiales"},"content":{"rendered":"<p>\u00ab C\u2019est l\u2019\u00e9pop\u00e9e humaine, \u00e2pre, immense \u2013 \u00e9croul\u00e9e. \u00bb Victor Hugo, <em>La L\u00e9gende des si\u00e8cles<\/em>, 1876<\/p>\n<p>Cette \u00e9pop\u00e9e, raccourcie dans cet ouvrage \u00e0 moins d\u2019un si\u00e8cle, a vu la cosmologie \u00e9clore de son cocon m\u00e9taphysique pour s\u2019\u00e9lever au rang de science. Nul doute que l\u2019ombre de quelques illustres mortels plane au-dessus de cette histoire de plus de 13 milliards d\u2019ann\u00e9es.<\/p>\n<p>Cette histoire est ici cont\u00e9e par le prisme de l\u2019exp\u00e9rimentaliste. Elle parcourt le mod\u00e8le standard de la cosmologie vu \u00e0 travers son histoire moderne puis, apr\u00e8s avoir embarqu\u00e9 le lecteur dans les concepts techniques et technologiques, s\u2019\u00e9coule vers l\u2019observation vue \u00e0 travers quelques-uns des projets qui ont marqu\u00e9 les derni\u00e8res ann\u00e9es.<\/p>","protected":false},"excerpt":{"rendered":"<p style=\"text-align: center;\"><strong>Cet ouvrage est uniquement disponible en version \u00e9lectronique.<\/strong><\/p>\n<hr \/>\n","protected":false},"featured_media":52987,"template":"","meta":{"_acf_changed":false,"_links_to":"","_links_to_target":""},"product_brand":[],"product_cat":[3262],"product_tag":[],"class_list":{"0":"post-52980","1":"product","2":"type-product","3":"status-publish","4":"has-post-thumbnail","6":"product_cat-non-classe","8":"first","9":"instock","10":"shipping-taxable","11":"purchasable","12":"product-type-variable"},"acf":[],"yoast_head":"<!-- This site is optimized with the Yoast SEO plugin v27.2 - https:\/\/yoast.com\/product\/yoast-seo-wordpress\/ -->\n<title>Une aventure dans la recherche des ondes gravitationnelles primordiales - ISTE Group<\/title>\n<meta name=\"robots\" content=\"index, follow, max-snippet:-1, max-image-preview:large, max-video-preview:-1\" \/>\n<link rel=\"canonical\" href=\"https:\/\/www.istegroup.com\/en\/produit\/une-aventure-dans-la-recherche-des-ondes-gravitationnelles-primordiales\/\" \/>\n<meta property=\"og:locale\" content=\"fr_FR\" \/>\n<meta property=\"og:type\" content=\"article\" \/>\n<meta property=\"og:title\" content=\"Une aventure dans la recherche des ondes gravitationnelles primordiales - ISTE Group\" \/>\n<meta property=\"og:description\" content=\"[:fr]Cet ouvrage est uniquement disponible en version \u00e9lectronique.   [:]\" \/>\n<meta property=\"og:url\" content=\"https:\/\/www.istegroup.com\/en\/produit\/une-aventure-dans-la-recherche-des-ondes-gravitationnelles-primordiales\/\" \/>\n<meta property=\"og:site_name\" content=\"ISTE Group\" \/>\n<meta property=\"article:modified_time\" content=\"2024-01-03T13:48:02+00:00\" \/>\n<meta property=\"og:image\" content=\"https:\/\/www.istegroup.com\/wp-content\/uploads\/2023\/09\/Une-aventure-dans-la-recherche-des-ondes-gravitationnelles-primordiales.jpg\" \/>\n\t<meta property=\"og:image:width\" content=\"553\" \/>\n\t<meta property=\"og:image:height\" content=\"839\" \/>\n\t<meta property=\"og:image:type\" content=\"image\/png\" \/>\n<meta name=\"twitter:card\" content=\"summary_large_image\" \/>\n<meta name=\"twitter:label1\" content=\"Est. reading time\" \/>\n\t<meta name=\"twitter:data1\" content=\"1 minute\" \/>\n<script type=\"application\/ld+json\" class=\"yoast-schema-graph\">{\"@context\":\"https:\/\/schema.org\",\"@graph\":[{\"@type\":\"WebPage\",\"@id\":\"https:\/\/www.istegroup.com\/en\/produit\/une-aventure-dans-la-recherche-des-ondes-gravitationnelles-primordiales\/\",\"url\":\"https:\/\/www.istegroup.com\/en\/produit\/une-aventure-dans-la-recherche-des-ondes-gravitationnelles-primordiales\/\",\"name\":\"Une aventure dans la recherche des ondes gravitationnelles primordiales - ISTE Group\",\"isPartOf\":{\"@id\":\"https:\/\/www.istegroup.com\/#website\"},\"primaryImageOfPage\":{\"@id\":\"https:\/\/www.istegroup.com\/en\/produit\/une-aventure-dans-la-recherche-des-ondes-gravitationnelles-primordiales\/#primaryimage\"},\"image\":{\"@id\":\"https:\/\/www.istegroup.com\/en\/produit\/une-aventure-dans-la-recherche-des-ondes-gravitationnelles-primordiales\/#primaryimage\"},\"thumbnailUrl\":\"https:\/\/www.istegroup.com\/wp-content\/uploads\/2023\/09\/Une-aventure-dans-la-recherche-des-ondes-gravitationnelles-primordiales.jpg\",\"datePublished\":\"2023-09-11T13:46:31+00:00\",\"dateModified\":\"2024-01-03T13:48:02+00:00\",\"breadcrumb\":{\"@id\":\"https:\/\/www.istegroup.com\/en\/produit\/une-aventure-dans-la-recherche-des-ondes-gravitationnelles-primordiales\/#breadcrumb\"},\"inLanguage\":\"fr-FR\",\"potentialAction\":[{\"@type\":\"ReadAction\",\"target\":[\"https:\/\/www.istegroup.com\/en\/produit\/une-aventure-dans-la-recherche-des-ondes-gravitationnelles-primordiales\/\"]}]},{\"@type\":\"ImageObject\",\"inLanguage\":\"fr-FR\",\"@id\":\"https:\/\/www.istegroup.com\/en\/produit\/une-aventure-dans-la-recherche-des-ondes-gravitationnelles-primordiales\/#primaryimage\",\"url\":\"https:\/\/www.istegroup.com\/wp-content\/uploads\/2023\/09\/Une-aventure-dans-la-recherche-des-ondes-gravitationnelles-primordiales.jpg\",\"contentUrl\":\"https:\/\/www.istegroup.com\/wp-content\/uploads\/2023\/09\/Une-aventure-dans-la-recherche-des-ondes-gravitationnelles-primordiales.jpg\",\"width\":553,\"height\":839,\"caption\":\"Livre scientifique - Une aventure dans la recherche des ondes gravitationnelles primordiales\"},{\"@type\":\"BreadcrumbList\",\"@id\":\"https:\/\/www.istegroup.com\/en\/produit\/une-aventure-dans-la-recherche-des-ondes-gravitationnelles-primordiales\/#breadcrumb\",\"itemListElement\":[{\"@type\":\"ListItem\",\"position\":1,\"name\":\"Home\",\"item\":\"https:\/\/www.istegroup.com\/\"},{\"@type\":\"ListItem\",\"position\":2,\"name\":\"Shop\",\"item\":\"https:\/\/www.istegroup.com\/fr\/nouveautes\/\"},{\"@type\":\"ListItem\",\"position\":3,\"name\":\"Une aventure dans la recherche des ondes gravitationnelles primordiales\"}]},{\"@type\":\"WebSite\",\"@id\":\"https:\/\/www.istegroup.com\/#website\",\"url\":\"https:\/\/www.istegroup.com\/\",\"name\":\"ISTE Group\",\"description\":\"\u00c9diteur des Sciences\",\"potentialAction\":[{\"@type\":\"SearchAction\",\"target\":{\"@type\":\"EntryPoint\",\"urlTemplate\":\"https:\/\/www.istegroup.com\/?s={search_term_string}\"},\"query-input\":{\"@type\":\"PropertyValueSpecification\",\"valueRequired\":true,\"valueName\":\"search_term_string\"}}],\"inLanguage\":\"fr-FR\"}]}<\/script>\n<!-- \/ Yoast SEO plugin. -->","yoast_head_json":{"title":"Une aventure dans la recherche des ondes gravitationnelles primordiales - ISTE Group","robots":{"index":"index","follow":"follow","max-snippet":"max-snippet:-1","max-image-preview":"max-image-preview:large","max-video-preview":"max-video-preview:-1"},"canonical":"https:\/\/www.istegroup.com\/en\/produit\/une-aventure-dans-la-recherche-des-ondes-gravitationnelles-primordiales\/","og_locale":"fr_FR","og_type":"article","og_title":"Une aventure dans la recherche des ondes gravitationnelles primordiales - ISTE Group","og_description":"[:fr]Cet ouvrage est uniquement disponible en version \u00e9lectronique.   [:]","og_url":"https:\/\/www.istegroup.com\/en\/produit\/une-aventure-dans-la-recherche-des-ondes-gravitationnelles-primordiales\/","og_site_name":"ISTE Group","article_modified_time":"2024-01-03T13:48:02+00:00","og_image":[{"width":553,"height":839,"url":"https:\/\/www.istegroup.com\/wp-content\/uploads\/2023\/09\/Une-aventure-dans-la-recherche-des-ondes-gravitationnelles-primordiales.jpg","type":"image\/png"}],"twitter_card":"summary_large_image","twitter_misc":{"Est. reading time":"1 minute"},"schema":{"@context":"https:\/\/schema.org","@graph":[{"@type":"WebPage","@id":"https:\/\/www.istegroup.com\/en\/produit\/une-aventure-dans-la-recherche-des-ondes-gravitationnelles-primordiales\/","url":"https:\/\/www.istegroup.com\/en\/produit\/une-aventure-dans-la-recherche-des-ondes-gravitationnelles-primordiales\/","name":"Une aventure dans la recherche des ondes gravitationnelles primordiales - ISTE Group","isPartOf":{"@id":"https:\/\/www.istegroup.com\/#website"},"primaryImageOfPage":{"@id":"https:\/\/www.istegroup.com\/en\/produit\/une-aventure-dans-la-recherche-des-ondes-gravitationnelles-primordiales\/#primaryimage"},"image":{"@id":"https:\/\/www.istegroup.com\/en\/produit\/une-aventure-dans-la-recherche-des-ondes-gravitationnelles-primordiales\/#primaryimage"},"thumbnailUrl":"https:\/\/www.istegroup.com\/wp-content\/uploads\/2023\/09\/Une-aventure-dans-la-recherche-des-ondes-gravitationnelles-primordiales.jpg","datePublished":"2023-09-11T13:46:31+00:00","dateModified":"2024-01-03T13:48:02+00:00","breadcrumb":{"@id":"https:\/\/www.istegroup.com\/en\/produit\/une-aventure-dans-la-recherche-des-ondes-gravitationnelles-primordiales\/#breadcrumb"},"inLanguage":"fr-FR","potentialAction":[{"@type":"ReadAction","target":["https:\/\/www.istegroup.com\/en\/produit\/une-aventure-dans-la-recherche-des-ondes-gravitationnelles-primordiales\/"]}]},{"@type":"ImageObject","inLanguage":"fr-FR","@id":"https:\/\/www.istegroup.com\/en\/produit\/une-aventure-dans-la-recherche-des-ondes-gravitationnelles-primordiales\/#primaryimage","url":"https:\/\/www.istegroup.com\/wp-content\/uploads\/2023\/09\/Une-aventure-dans-la-recherche-des-ondes-gravitationnelles-primordiales.jpg","contentUrl":"https:\/\/www.istegroup.com\/wp-content\/uploads\/2023\/09\/Une-aventure-dans-la-recherche-des-ondes-gravitationnelles-primordiales.jpg","width":553,"height":839,"caption":"Livre scientifique - Une aventure dans la recherche des ondes gravitationnelles primordiales"},{"@type":"BreadcrumbList","@id":"https:\/\/www.istegroup.com\/en\/produit\/une-aventure-dans-la-recherche-des-ondes-gravitationnelles-primordiales\/#breadcrumb","itemListElement":[{"@type":"ListItem","position":1,"name":"Home","item":"https:\/\/www.istegroup.com\/"},{"@type":"ListItem","position":2,"name":"Shop","item":"https:\/\/www.istegroup.com\/fr\/nouveautes\/"},{"@type":"ListItem","position":3,"name":"Une aventure dans la recherche des ondes gravitationnelles primordiales"}]},{"@type":"WebSite","@id":"https:\/\/www.istegroup.com\/#website","url":"https:\/\/www.istegroup.com\/","name":"ISTE Group","description":"\u00c9diteur des Sciences","potentialAction":[{"@type":"SearchAction","target":{"@type":"EntryPoint","urlTemplate":"https:\/\/www.istegroup.com\/?s={search_term_string}"},"query-input":{"@type":"PropertyValueSpecification","valueRequired":true,"valueName":"search_term_string"}}],"inLanguage":"fr-FR"}]}},"_links":{"self":[{"href":"https:\/\/www.istegroup.com\/fr\/wp-json\/wp\/v2\/product\/52980","targetHints":{"allow":["GET"]}}],"collection":[{"href":"https:\/\/www.istegroup.com\/fr\/wp-json\/wp\/v2\/product"}],"about":[{"href":"https:\/\/www.istegroup.com\/fr\/wp-json\/wp\/v2\/types\/product"}],"wp:featuredmedia":[{"embeddable":true,"href":"https:\/\/www.istegroup.com\/fr\/wp-json\/wp\/v2\/media\/52987"}],"wp:attachment":[{"href":"https:\/\/www.istegroup.com\/fr\/wp-json\/wp\/v2\/media?parent=52980"}],"wp:term":[{"taxonomy":"product_brand","embeddable":true,"href":"https:\/\/www.istegroup.com\/fr\/wp-json\/wp\/v2\/product_brand?post=52980"},{"taxonomy":"product_cat","embeddable":true,"href":"https:\/\/www.istegroup.com\/fr\/wp-json\/wp\/v2\/product_cat?post=52980"},{"taxonomy":"product_tag","embeddable":true,"href":"https:\/\/www.istegroup.com\/fr\/wp-json\/wp\/v2\/product_tag?post=52980"}],"curies":[{"name":"wp","href":"https:\/\/api.w.org\/{rel}","templated":true}]}}