{"id":529,"date":"2016-12-08T14:57:15","date_gmt":"2016-12-08T14:57:15","guid":{"rendered":"https:\/\/iste.yhello.co\/product\/observation-des-surfaces-continentales-par-teledetection-ii\/"},"modified":"2024-01-03T13:40:27","modified_gmt":"2024-01-03T13:40:27","slug":"observation-des-surfaces-continentales-par-teledetection-ii","status":"publish","type":"product","link":"https:\/\/www.istegroup.com\/fr\/produit\/observation-des-surfaces-continentales-par-teledetection-ii\/","title":{"rendered":"Observation des surfaces continentales par t\u00e9l\u00e9d\u00e9tection II"},"content":{"rendered":"<p>Les r\u00e9servoirs hydrologiques continentaux jouent un r\u00f4le essentiel pour la vie sur Terre. Cependant, le cycle hydrologique continental reste l\u2019une des composantes les moins bien connues du syst\u00e8me climatique.<\/p>\n<p>Cet ouvrage pr\u00e9sente les principales applications de la t\u00e9l\u00e9d\u00e9tection pour l\u2019hydrologie continentale. Apr\u00e8s avoir \u00e9tudi\u00e9 la caract\u00e9risation des \u00e9tats des surfaces continentales par t\u00e9l\u00e9d\u00e9tection active et passive, il aborde l\u2019application de l\u2019observation spatiale dans le suivi des eaux de surface et des eaux souterraines : suivi de l\u2019Antarctique par altim\u00e9trie radar, caract\u00e9risation des redistributions de masse d\u2019eau par la mission GRACE, potentiel de la technique GNSS-R en hydrologie. L\u2019assimilation des mesures et produits de t\u00e9l\u00e9d\u00e9tection dans les mod\u00e8les de fonctionnement de diff\u00e9rents processus li\u00e9s au cycle de l\u2019eau est \u00e9galement d\u00e9taill\u00e9e.<\/p>\n","protected":false},"excerpt":{"rendered":"<p>Les r\u00e9servoirs hydrologiques continentaux jouent un r\u00f4le essentiel pour la vie sur Terre. Cependant, le cycle hydrologique continental reste l\u2019une des composantes les moins bien connues du syst\u00e8me climatique. Cet ouvrage pr\u00e9sente les principales applications de la t\u00e9l\u00e9d\u00e9tection pour l\u2019hydrologie continentale. Apr\u00e8s avoir \u00e9tudi\u00e9 la caract\u00e9risation des \u00e9tats des surfaces continentales par t\u00e9l\u00e9d\u00e9tection active et [&hellip;]<\/p>\n","protected":false},"featured_media":530,"template":"","meta":{"_acf_changed":false,"_links_to":"","_links_to_target":""},"product_brand":[],"product_cat":[675,726,705],"product_tag":[2027,884,2028,2029,31,196,2030,197,198,199,21,200,22,201,203,204,63,25,172,209,2018,2019,2020,2031,2032,212,38,192,145,28,2033,2024,2034,2026,1467],"class_list":{"0":"post-529","1":"product","2":"type-product","3":"status-publish","4":"has-post-thumbnail","6":"product_cat-nouveauts-12519446","7":"product_cat-srie-tldtection-pour-lobservation-des-surfaces-continentales-376469192","8":"product_cat-systme-terre-environnement-27112280","9":"product_tag-antartique","10":"product_tag-climat","11":"product_tag-cycle-de-leau","12":"product_tag-cycle-hydrologique","13":"product_tag-ebook","14":"product_tag-ebooks","15":"product_tag-hydrologie-continentale","16":"product_tag-iste","17":"product_tag-iste-edition","18":"product_tag-iste-editions","19":"product_tag-iste-group","20":"product_tag-isteedition","21":"product_tag-istegroup","22":"product_tag-kindle","23":"product_tag-liseuse","24":"product_tag-livre","25":"product_tag-livre-electronique","26":"product_tag-livre-numerique","27":"product_tag-livre-scientifique","28":"product_tag-livres-scientifiques","29":"product_tag-mehrez-zribi","30":"product_tag-nicolas-baghdadi","31":"product_tag-observation","32":"product_tag-observation-des-surfaces-continentales-par-teledetection-ii","33":"product_tag-observation-spatiale","34":"product_tag-ouvrage","35":"product_tag-ouvrage-numerique","36":"product_tag-ouvrage-science","37":"product_tag-ouvrage-scientifique","38":"product_tag-ouvrage-scientifique-francais","39":"product_tag-reservoirs-hydrologiques","40":"product_tag-surfaces-continentales","41":"product_tag-systeme-climatique","42":"product_tag-teledetection","43":"product_tag-terre","45":"first","46":"instock","47":"shipping-taxable","48":"purchasable","49":"product-type-variable"},"acf":[],"yoast_head":"<!-- This site is optimized with the Yoast SEO plugin v27.2 - https:\/\/yoast.com\/product\/yoast-seo-wordpress\/ -->\n<title>Observation des surfaces continentales par t\u00e9l\u00e9d\u00e9tection II - ISTE Group<\/title>\n<meta name=\"description\" content=\"Observation des surfaces continentales par t\u00e9l\u00e9d\u00e9tection II pr\u00e9sente les principales applications de la t\u00e9l\u00e9d\u00e9tection pour l\u2019hydrologie continentale.\" \/>\n<meta name=\"robots\" content=\"index, follow, max-snippet:-1, max-image-preview:large, max-video-preview:-1\" \/>\n<link rel=\"canonical\" href=\"https:\/\/www.istegroup.com\/en\/produit\/observation-des-surfaces-continentales-par-teledetection-ii\/\" \/>\n<meta property=\"og:locale\" content=\"fr_FR\" \/>\n<meta property=\"og:type\" content=\"article\" \/>\n<meta property=\"og:title\" content=\"Observation des surfaces continentales par t\u00e9l\u00e9d\u00e9tection II - ISTE Group\" \/>\n<meta property=\"og:description\" content=\"Observation des surfaces continentales par t\u00e9l\u00e9d\u00e9tection II pr\u00e9sente les principales applications de la t\u00e9l\u00e9d\u00e9tection pour l\u2019hydrologie continentale.\" \/>\n<meta property=\"og:url\" content=\"https:\/\/www.istegroup.com\/en\/produit\/observation-des-surfaces-continentales-par-teledetection-ii\/\" \/>\n<meta property=\"og:site_name\" content=\"ISTE Group\" \/>\n<meta property=\"article:modified_time\" content=\"2024-01-03T13:40:27+00:00\" \/>\n<meta property=\"og:image\" content=\"https:\/\/www.istegroup.com\/wp-content\/uploads\/2017\/07\/17605873937_8324815569-1.jpg\" \/>\n\t<meta property=\"og:image:width\" content=\"1359\" \/>\n\t<meta property=\"og:image:height\" content=\"2048\" \/>\n\t<meta property=\"og:image:type\" content=\"image\/jpeg\" \/>\n<meta name=\"twitter:card\" content=\"summary_large_image\" \/>\n<meta name=\"twitter:label1\" content=\"Est. reading time\" \/>\n\t<meta name=\"twitter:data1\" content=\"1 minute\" \/>\n<script type=\"application\/ld+json\" class=\"yoast-schema-graph\">{\"@context\":\"https:\/\/schema.org\",\"@graph\":[{\"@type\":\"WebPage\",\"@id\":\"https:\/\/www.istegroup.com\/en\/produit\/observation-des-surfaces-continentales-par-teledetection-ii\/\",\"url\":\"https:\/\/www.istegroup.com\/en\/produit\/observation-des-surfaces-continentales-par-teledetection-ii\/\",\"name\":\"Observation des surfaces continentales par t\u00e9l\u00e9d\u00e9tection II - ISTE Group\",\"isPartOf\":{\"@id\":\"https:\/\/www.istegroup.com\/#website\"},\"primaryImageOfPage\":{\"@id\":\"https:\/\/www.istegroup.com\/en\/produit\/observation-des-surfaces-continentales-par-teledetection-ii\/#primaryimage\"},\"image\":{\"@id\":\"https:\/\/www.istegroup.com\/en\/produit\/observation-des-surfaces-continentales-par-teledetection-ii\/#primaryimage\"},\"thumbnailUrl\":\"https:\/\/www.istegroup.com\/wp-content\/uploads\/2017\/07\/17605873937_8324815569-1.jpg\",\"datePublished\":\"2016-12-08T14:57:15+00:00\",\"dateModified\":\"2024-01-03T13:40:27+00:00\",\"description\":\"Observation des surfaces continentales par t\u00e9l\u00e9d\u00e9tection II pr\u00e9sente les principales applications de la t\u00e9l\u00e9d\u00e9tection pour l\u2019hydrologie continentale.\",\"breadcrumb\":{\"@id\":\"https:\/\/www.istegroup.com\/en\/produit\/observation-des-surfaces-continentales-par-teledetection-ii\/#breadcrumb\"},\"inLanguage\":\"fr-FR\",\"potentialAction\":[{\"@type\":\"ReadAction\",\"target\":[\"https:\/\/www.istegroup.com\/en\/produit\/observation-des-surfaces-continentales-par-teledetection-ii\/\"]}]},{\"@type\":\"ImageObject\",\"inLanguage\":\"fr-FR\",\"@id\":\"https:\/\/www.istegroup.com\/en\/produit\/observation-des-surfaces-continentales-par-teledetection-ii\/#primaryimage\",\"url\":\"https:\/\/www.istegroup.com\/wp-content\/uploads\/2017\/07\/17605873937_8324815569-1.jpg\",\"contentUrl\":\"https:\/\/www.istegroup.com\/wp-content\/uploads\/2017\/07\/17605873937_8324815569-1.jpg\",\"width\":1359,\"height\":2048,\"caption\":\"Hydrologie continentale\"},{\"@type\":\"BreadcrumbList\",\"@id\":\"https:\/\/www.istegroup.com\/en\/produit\/observation-des-surfaces-continentales-par-teledetection-ii\/#breadcrumb\",\"itemListElement\":[{\"@type\":\"ListItem\",\"position\":1,\"name\":\"Home\",\"item\":\"https:\/\/www.istegroup.com\/\"},{\"@type\":\"ListItem\",\"position\":2,\"name\":\"Shop\",\"item\":\"https:\/\/www.istegroup.com\/fr\/nouveautes\/\"},{\"@type\":\"ListItem\",\"position\":3,\"name\":\"Observation des surfaces continentales par t\u00e9l\u00e9d\u00e9tection II\"}]},{\"@type\":\"WebSite\",\"@id\":\"https:\/\/www.istegroup.com\/#website\",\"url\":\"https:\/\/www.istegroup.com\/\",\"name\":\"ISTE Group\",\"description\":\"\u00c9diteur des Sciences\",\"potentialAction\":[{\"@type\":\"SearchAction\",\"target\":{\"@type\":\"EntryPoint\",\"urlTemplate\":\"https:\/\/www.istegroup.com\/?s={search_term_string}\"},\"query-input\":{\"@type\":\"PropertyValueSpecification\",\"valueRequired\":true,\"valueName\":\"search_term_string\"}}],\"inLanguage\":\"fr-FR\"}]}<\/script>\n<!-- \/ Yoast SEO plugin. -->","yoast_head_json":{"title":"Observation des surfaces continentales par t\u00e9l\u00e9d\u00e9tection II - ISTE Group","description":"Observation des surfaces continentales par t\u00e9l\u00e9d\u00e9tection II pr\u00e9sente les principales applications de la t\u00e9l\u00e9d\u00e9tection pour l\u2019hydrologie continentale.","robots":{"index":"index","follow":"follow","max-snippet":"max-snippet:-1","max-image-preview":"max-image-preview:large","max-video-preview":"max-video-preview:-1"},"canonical":"https:\/\/www.istegroup.com\/en\/produit\/observation-des-surfaces-continentales-par-teledetection-ii\/","og_locale":"fr_FR","og_type":"article","og_title":"Observation des surfaces continentales par t\u00e9l\u00e9d\u00e9tection II - ISTE Group","og_description":"Observation des surfaces continentales par t\u00e9l\u00e9d\u00e9tection II pr\u00e9sente les principales applications de la t\u00e9l\u00e9d\u00e9tection pour l\u2019hydrologie continentale.","og_url":"https:\/\/www.istegroup.com\/en\/produit\/observation-des-surfaces-continentales-par-teledetection-ii\/","og_site_name":"ISTE Group","article_modified_time":"2024-01-03T13:40:27+00:00","og_image":[{"width":1359,"height":2048,"url":"https:\/\/www.istegroup.com\/wp-content\/uploads\/2017\/07\/17605873937_8324815569-1.jpg","type":"image\/jpeg"}],"twitter_card":"summary_large_image","twitter_misc":{"Est. reading time":"1 minute"},"schema":{"@context":"https:\/\/schema.org","@graph":[{"@type":"WebPage","@id":"https:\/\/www.istegroup.com\/en\/produit\/observation-des-surfaces-continentales-par-teledetection-ii\/","url":"https:\/\/www.istegroup.com\/en\/produit\/observation-des-surfaces-continentales-par-teledetection-ii\/","name":"Observation des surfaces continentales par t\u00e9l\u00e9d\u00e9tection II - ISTE Group","isPartOf":{"@id":"https:\/\/www.istegroup.com\/#website"},"primaryImageOfPage":{"@id":"https:\/\/www.istegroup.com\/en\/produit\/observation-des-surfaces-continentales-par-teledetection-ii\/#primaryimage"},"image":{"@id":"https:\/\/www.istegroup.com\/en\/produit\/observation-des-surfaces-continentales-par-teledetection-ii\/#primaryimage"},"thumbnailUrl":"https:\/\/www.istegroup.com\/wp-content\/uploads\/2017\/07\/17605873937_8324815569-1.jpg","datePublished":"2016-12-08T14:57:15+00:00","dateModified":"2024-01-03T13:40:27+00:00","description":"Observation des surfaces continentales par t\u00e9l\u00e9d\u00e9tection II pr\u00e9sente les principales applications de la t\u00e9l\u00e9d\u00e9tection pour l\u2019hydrologie continentale.","breadcrumb":{"@id":"https:\/\/www.istegroup.com\/en\/produit\/observation-des-surfaces-continentales-par-teledetection-ii\/#breadcrumb"},"inLanguage":"fr-FR","potentialAction":[{"@type":"ReadAction","target":["https:\/\/www.istegroup.com\/en\/produit\/observation-des-surfaces-continentales-par-teledetection-ii\/"]}]},{"@type":"ImageObject","inLanguage":"fr-FR","@id":"https:\/\/www.istegroup.com\/en\/produit\/observation-des-surfaces-continentales-par-teledetection-ii\/#primaryimage","url":"https:\/\/www.istegroup.com\/wp-content\/uploads\/2017\/07\/17605873937_8324815569-1.jpg","contentUrl":"https:\/\/www.istegroup.com\/wp-content\/uploads\/2017\/07\/17605873937_8324815569-1.jpg","width":1359,"height":2048,"caption":"Hydrologie continentale"},{"@type":"BreadcrumbList","@id":"https:\/\/www.istegroup.com\/en\/produit\/observation-des-surfaces-continentales-par-teledetection-ii\/#breadcrumb","itemListElement":[{"@type":"ListItem","position":1,"name":"Home","item":"https:\/\/www.istegroup.com\/"},{"@type":"ListItem","position":2,"name":"Shop","item":"https:\/\/www.istegroup.com\/fr\/nouveautes\/"},{"@type":"ListItem","position":3,"name":"Observation des surfaces continentales par t\u00e9l\u00e9d\u00e9tection II"}]},{"@type":"WebSite","@id":"https:\/\/www.istegroup.com\/#website","url":"https:\/\/www.istegroup.com\/","name":"ISTE Group","description":"\u00c9diteur des Sciences","potentialAction":[{"@type":"SearchAction","target":{"@type":"EntryPoint","urlTemplate":"https:\/\/www.istegroup.com\/?s={search_term_string}"},"query-input":{"@type":"PropertyValueSpecification","valueRequired":true,"valueName":"search_term_string"}}],"inLanguage":"fr-FR"}]}},"_links":{"self":[{"href":"https:\/\/www.istegroup.com\/fr\/wp-json\/wp\/v2\/product\/529","targetHints":{"allow":["GET"]}}],"collection":[{"href":"https:\/\/www.istegroup.com\/fr\/wp-json\/wp\/v2\/product"}],"about":[{"href":"https:\/\/www.istegroup.com\/fr\/wp-json\/wp\/v2\/types\/product"}],"wp:featuredmedia":[{"embeddable":true,"href":"https:\/\/www.istegroup.com\/fr\/wp-json\/wp\/v2\/media\/530"}],"wp:attachment":[{"href":"https:\/\/www.istegroup.com\/fr\/wp-json\/wp\/v2\/media?parent=529"}],"wp:term":[{"taxonomy":"product_brand","embeddable":true,"href":"https:\/\/www.istegroup.com\/fr\/wp-json\/wp\/v2\/product_brand?post=529"},{"taxonomy":"product_cat","embeddable":true,"href":"https:\/\/www.istegroup.com\/fr\/wp-json\/wp\/v2\/product_cat?post=529"},{"taxonomy":"product_tag","embeddable":true,"href":"https:\/\/www.istegroup.com\/fr\/wp-json\/wp\/v2\/product_tag?post=529"}],"curies":[{"name":"wp","href":"https:\/\/api.w.org\/{rel}","templated":true}]}}