{"id":52868,"date":"2023-08-24T13:57:46","date_gmt":"2023-08-24T12:57:46","guid":{"rendered":"https:\/\/www.istegroup.com\/?post_type=product&#038;p=52868"},"modified":"2024-03-22T13:25:10","modified_gmt":"2024-03-22T13:25:10","slug":"les-biotechnologies-bleues","status":"publish","type":"product","link":"https:\/\/www.istegroup.com\/fr\/produit\/les-biotechnologies-bleues\/","title":{"rendered":"Les biotechnologies bleues"},"content":{"rendered":"<p>D\u00e9velopp\u00e9 depuis plusieurs d\u00e9cennies, le concept de biotechnologie bleue est appliqu\u00e9 aux organismes aquatiques, qu\u2019ils soient d\u2019origine animale ou v\u00e9g\u00e9tale. Il transforme les ressources biologiques en produits destin\u00e9s \u00e0 l\u2019alimentation humaine et animale. L\u2019\u00e9mergence de poissons transg\u00e9niques (comme le saumon Aquadvantage) et leurs utilisations en tant que denr\u00e9es relancent le d\u00e9bat soci\u00e9tal sur la place des organismes g\u00e9n\u00e9tiquement modifi\u00e9s dans notre alimentation.<\/p>\n<p>Cette nouvelle aquaculture bas\u00e9e sur le g\u00e9nie g\u00e9n\u00e9tique est connue sous l\u2019appellation de r\u00e9volution bleue. Les biotechnologies bleues ne se limitent toutefois pas \u00e0 la production d\u2019organismes g\u00e9n\u00e9tiquement modifi\u00e9s, elles concernent \u00e9galement l\u2019application de proc\u00e9d\u00e9s biotechnologiques comme l\u2019hydrolyse enzymatique ou la fermentation sur les ressources aquatiques.<\/p>\n<p><em>Les biotechnologies bleues<\/em> pr\u00e9sente un bilan de ces proc\u00e9d\u00e9s biotechnologiques (g\u00e9nies g\u00e9n\u00e9tique, enzymatique, fermentaire) appliqu\u00e9s aux organismes aquatiques et sur leur mode de production (aquaculture traditionnelle, aquaculture productrice d\u2019organismes g\u00e9n\u00e9tiquement modifi\u00e9s).<\/p>","protected":false},"excerpt":{"rendered":"<p>D\u00e9velopp\u00e9 depuis plusieurs d\u00e9cennies, le concept de biotechnologie bleue est appliqu\u00e9 aux organismes aquatiques, qu\u2019ils soient d\u2019origine animale ou v\u00e9g\u00e9tale. Il transforme les ressources biologiques en produits destin\u00e9s \u00e0 l\u2019alimentation humaine et animale. L\u2019\u00e9mergence de poissons transg\u00e9niques (comme le saumon Aquadvantage) et leurs utilisations en tant que denr\u00e9es relancent le d\u00e9bat soci\u00e9tal sur la place [&hellip;]<\/p>\n","protected":false},"featured_media":52876,"template":"","meta":{"_acf_changed":false,"_links_to":"","_links_to_target":""},"product_brand":[],"product_cat":[658],"product_tag":[],"class_list":{"0":"post-52868","1":"product","2":"type-product","3":"status-publish","4":"has-post-thumbnail","6":"product_cat-ecologie-14419669","8":"first","9":"instock","10":"shipping-taxable","11":"purchasable","12":"product-type-variable"},"acf":[],"yoast_head":"<!-- This site is optimized with the Yoast SEO plugin v27.2 - https:\/\/yoast.com\/product\/yoast-seo-wordpress\/ -->\n<title>Les biotechnologies bleues - ISTE Group<\/title>\n<meta name=\"robots\" content=\"index, follow, max-snippet:-1, max-image-preview:large, max-video-preview:-1\" \/>\n<link rel=\"canonical\" href=\"https:\/\/www.istegroup.com\/fr\/produit\/les-biotechnologies-bleues\/\" \/>\n<meta property=\"og:locale\" content=\"fr_FR\" \/>\n<meta property=\"og:type\" content=\"article\" \/>\n<meta property=\"og:title\" content=\"Les biotechnologies bleues - ISTE Group\" \/>\n<meta property=\"og:description\" content=\"D\u00e9velopp\u00e9 depuis plusieurs d\u00e9cennies, le concept de biotechnologie bleue est appliqu\u00e9 aux organismes aquatiques, qu\u2019ils soient d\u2019origine animale ou v\u00e9g\u00e9tale. Il transforme les ressources biologiques en produits destin\u00e9s \u00e0 l\u2019alimentation humaine et animale. L\u2019\u00e9mergence de poissons transg\u00e9niques (comme le saumon Aquadvantage) et leurs utilisations en tant que denr\u00e9es relancent le d\u00e9bat soci\u00e9tal sur la place [&hellip;]\" \/>\n<meta property=\"og:url\" content=\"https:\/\/www.istegroup.com\/fr\/produit\/les-biotechnologies-bleues\/\" \/>\n<meta property=\"og:site_name\" content=\"ISTE Group\" \/>\n<meta property=\"article:modified_time\" content=\"2024-03-22T13:25:10+00:00\" \/>\n<meta property=\"og:image\" content=\"https:\/\/www.istegroup.com\/wp-content\/uploads\/2023\/08\/Les-biotechnologies-bleues.jpg\" \/>\n\t<meta property=\"og:image:width\" content=\"597\" \/>\n\t<meta property=\"og:image:height\" content=\"899\" \/>\n\t<meta property=\"og:image:type\" content=\"image\/jpeg\" \/>\n<meta name=\"twitter:card\" content=\"summary_large_image\" \/>\n<meta name=\"twitter:label1\" content=\"Est. reading time\" \/>\n\t<meta name=\"twitter:data1\" content=\"1 minute\" \/>\n<script type=\"application\/ld+json\" class=\"yoast-schema-graph\">{\"@context\":\"https:\/\/schema.org\",\"@graph\":[{\"@type\":\"WebPage\",\"@id\":\"https:\/\/www.istegroup.com\/fr\/produit\/les-biotechnologies-bleues\/\",\"url\":\"https:\/\/www.istegroup.com\/fr\/produit\/les-biotechnologies-bleues\/\",\"name\":\"Les biotechnologies bleues - ISTE Group\",\"isPartOf\":{\"@id\":\"https:\/\/www.istegroup.com\/#website\"},\"primaryImageOfPage\":{\"@id\":\"https:\/\/www.istegroup.com\/fr\/produit\/les-biotechnologies-bleues\/#primaryimage\"},\"image\":{\"@id\":\"https:\/\/www.istegroup.com\/fr\/produit\/les-biotechnologies-bleues\/#primaryimage\"},\"thumbnailUrl\":\"https:\/\/www.istegroup.com\/wp-content\/uploads\/2023\/08\/Les-biotechnologies-bleues.jpg\",\"datePublished\":\"2023-08-24T12:57:46+00:00\",\"dateModified\":\"2024-03-22T13:25:10+00:00\",\"breadcrumb\":{\"@id\":\"https:\/\/www.istegroup.com\/fr\/produit\/les-biotechnologies-bleues\/#breadcrumb\"},\"inLanguage\":\"fr-FR\",\"potentialAction\":[{\"@type\":\"ReadAction\",\"target\":[\"https:\/\/www.istegroup.com\/fr\/produit\/les-biotechnologies-bleues\/\"]}]},{\"@type\":\"ImageObject\",\"inLanguage\":\"fr-FR\",\"@id\":\"https:\/\/www.istegroup.com\/fr\/produit\/les-biotechnologies-bleues\/#primaryimage\",\"url\":\"https:\/\/www.istegroup.com\/wp-content\/uploads\/2023\/08\/Les-biotechnologies-bleues.jpg\",\"contentUrl\":\"https:\/\/www.istegroup.com\/wp-content\/uploads\/2023\/08\/Les-biotechnologies-bleues.jpg\",\"width\":597,\"height\":899,\"caption\":\"Livre scientifique - Les biotechnologies bleues\"},{\"@type\":\"BreadcrumbList\",\"@id\":\"https:\/\/www.istegroup.com\/fr\/produit\/les-biotechnologies-bleues\/#breadcrumb\",\"itemListElement\":[{\"@type\":\"ListItem\",\"position\":1,\"name\":\"Home\",\"item\":\"https:\/\/www.istegroup.com\/\"},{\"@type\":\"ListItem\",\"position\":2,\"name\":\"Shop\",\"item\":\"https:\/\/www.istegroup.com\/fr\/nouveautes\/\"},{\"@type\":\"ListItem\",\"position\":3,\"name\":\"Les biotechnologies bleues\"}]},{\"@type\":\"WebSite\",\"@id\":\"https:\/\/www.istegroup.com\/#website\",\"url\":\"https:\/\/www.istegroup.com\/\",\"name\":\"ISTE Group\",\"description\":\"\u00c9diteur des Sciences\",\"potentialAction\":[{\"@type\":\"SearchAction\",\"target\":{\"@type\":\"EntryPoint\",\"urlTemplate\":\"https:\/\/www.istegroup.com\/?s={search_term_string}\"},\"query-input\":{\"@type\":\"PropertyValueSpecification\",\"valueRequired\":true,\"valueName\":\"search_term_string\"}}],\"inLanguage\":\"fr-FR\"}]}<\/script>\n<!-- \/ Yoast SEO plugin. -->","yoast_head_json":{"title":"Les biotechnologies bleues - ISTE Group","robots":{"index":"index","follow":"follow","max-snippet":"max-snippet:-1","max-image-preview":"max-image-preview:large","max-video-preview":"max-video-preview:-1"},"canonical":"https:\/\/www.istegroup.com\/fr\/produit\/les-biotechnologies-bleues\/","og_locale":"fr_FR","og_type":"article","og_title":"Les biotechnologies bleues - ISTE Group","og_description":"D\u00e9velopp\u00e9 depuis plusieurs d\u00e9cennies, le concept de biotechnologie bleue est appliqu\u00e9 aux organismes aquatiques, qu\u2019ils soient d\u2019origine animale ou v\u00e9g\u00e9tale. Il transforme les ressources biologiques en produits destin\u00e9s \u00e0 l\u2019alimentation humaine et animale. L\u2019\u00e9mergence de poissons transg\u00e9niques (comme le saumon Aquadvantage) et leurs utilisations en tant que denr\u00e9es relancent le d\u00e9bat soci\u00e9tal sur la place [&hellip;]","og_url":"https:\/\/www.istegroup.com\/fr\/produit\/les-biotechnologies-bleues\/","og_site_name":"ISTE Group","article_modified_time":"2024-03-22T13:25:10+00:00","og_image":[{"width":597,"height":899,"url":"https:\/\/www.istegroup.com\/wp-content\/uploads\/2023\/08\/Les-biotechnologies-bleues.jpg","type":"image\/jpeg"}],"twitter_card":"summary_large_image","twitter_misc":{"Est. reading time":"1 minute"},"schema":{"@context":"https:\/\/schema.org","@graph":[{"@type":"WebPage","@id":"https:\/\/www.istegroup.com\/fr\/produit\/les-biotechnologies-bleues\/","url":"https:\/\/www.istegroup.com\/fr\/produit\/les-biotechnologies-bleues\/","name":"Les biotechnologies bleues - ISTE Group","isPartOf":{"@id":"https:\/\/www.istegroup.com\/#website"},"primaryImageOfPage":{"@id":"https:\/\/www.istegroup.com\/fr\/produit\/les-biotechnologies-bleues\/#primaryimage"},"image":{"@id":"https:\/\/www.istegroup.com\/fr\/produit\/les-biotechnologies-bleues\/#primaryimage"},"thumbnailUrl":"https:\/\/www.istegroup.com\/wp-content\/uploads\/2023\/08\/Les-biotechnologies-bleues.jpg","datePublished":"2023-08-24T12:57:46+00:00","dateModified":"2024-03-22T13:25:10+00:00","breadcrumb":{"@id":"https:\/\/www.istegroup.com\/fr\/produit\/les-biotechnologies-bleues\/#breadcrumb"},"inLanguage":"fr-FR","potentialAction":[{"@type":"ReadAction","target":["https:\/\/www.istegroup.com\/fr\/produit\/les-biotechnologies-bleues\/"]}]},{"@type":"ImageObject","inLanguage":"fr-FR","@id":"https:\/\/www.istegroup.com\/fr\/produit\/les-biotechnologies-bleues\/#primaryimage","url":"https:\/\/www.istegroup.com\/wp-content\/uploads\/2023\/08\/Les-biotechnologies-bleues.jpg","contentUrl":"https:\/\/www.istegroup.com\/wp-content\/uploads\/2023\/08\/Les-biotechnologies-bleues.jpg","width":597,"height":899,"caption":"Livre scientifique - Les biotechnologies bleues"},{"@type":"BreadcrumbList","@id":"https:\/\/www.istegroup.com\/fr\/produit\/les-biotechnologies-bleues\/#breadcrumb","itemListElement":[{"@type":"ListItem","position":1,"name":"Home","item":"https:\/\/www.istegroup.com\/"},{"@type":"ListItem","position":2,"name":"Shop","item":"https:\/\/www.istegroup.com\/fr\/nouveautes\/"},{"@type":"ListItem","position":3,"name":"Les biotechnologies bleues"}]},{"@type":"WebSite","@id":"https:\/\/www.istegroup.com\/#website","url":"https:\/\/www.istegroup.com\/","name":"ISTE Group","description":"\u00c9diteur des Sciences","potentialAction":[{"@type":"SearchAction","target":{"@type":"EntryPoint","urlTemplate":"https:\/\/www.istegroup.com\/?s={search_term_string}"},"query-input":{"@type":"PropertyValueSpecification","valueRequired":true,"valueName":"search_term_string"}}],"inLanguage":"fr-FR"}]}},"_links":{"self":[{"href":"https:\/\/www.istegroup.com\/fr\/wp-json\/wp\/v2\/product\/52868","targetHints":{"allow":["GET"]}}],"collection":[{"href":"https:\/\/www.istegroup.com\/fr\/wp-json\/wp\/v2\/product"}],"about":[{"href":"https:\/\/www.istegroup.com\/fr\/wp-json\/wp\/v2\/types\/product"}],"wp:featuredmedia":[{"embeddable":true,"href":"https:\/\/www.istegroup.com\/fr\/wp-json\/wp\/v2\/media\/52876"}],"wp:attachment":[{"href":"https:\/\/www.istegroup.com\/fr\/wp-json\/wp\/v2\/media?parent=52868"}],"wp:term":[{"taxonomy":"product_brand","embeddable":true,"href":"https:\/\/www.istegroup.com\/fr\/wp-json\/wp\/v2\/product_brand?post=52868"},{"taxonomy":"product_cat","embeddable":true,"href":"https:\/\/www.istegroup.com\/fr\/wp-json\/wp\/v2\/product_cat?post=52868"},{"taxonomy":"product_tag","embeddable":true,"href":"https:\/\/www.istegroup.com\/fr\/wp-json\/wp\/v2\/product_tag?post=52868"}],"curies":[{"name":"wp","href":"https:\/\/api.w.org\/{rel}","templated":true}]}}