{"id":52860,"date":"2023-08-24T13:45:48","date_gmt":"2023-08-24T12:45:48","guid":{"rendered":"https:\/\/www.istegroup.com\/?post_type=product&#038;p=52860"},"modified":"2024-03-22T13:04:07","modified_gmt":"2024-03-22T13:04:07","slug":"le-management-du-systeme-dinformation-dans-sa-complexite-2","status":"publish","type":"product","link":"https:\/\/www.istegroup.com\/fr\/produit\/le-management-du-systeme-dinformation-dans-sa-complexite-2\/","title":{"rendered":"Le management du syst\u00e8me d\u2019information dans sa complexit\u00e9"},"content":{"rendered":"<p>Le management du syst\u00e8me d\u2019information dans sa complexit\u00e9 a pour vocation de sensibiliser les responsables des organisations aux enjeux soulev\u00e9s par les syst\u00e8mes d\u2019information (SI). Par son caract\u00e8re p\u00e9dagogique, il entend faire en sorte que les questions relatives au SI ne soient pas laiss\u00e9es aux seuls experts du domaine.<\/p>\n<p>L\u2019ouvrage associe et analyse conjointement trois concepts cl\u00e9s de la science des SI : la gouvernance, l\u2019urbanisation et l\u2019alignement. Alors que la gouvernance suppose la mise en oeuvre d\u2019un certain nombre de moyens, d\u2019instances et de proc\u00e9dures pour g\u00e9rer plus efficacement les SI, l\u2019urbanisation engage des m\u00e9thodes de visualisation pour permettre au manager de prendre en compte les diff\u00e9rents niveaux de l\u2019organisation d\u2019un SI et leur coh\u00e9rence. Quant \u00e0 l\u2019alignement, il \u00e9value la capacit\u00e9 du SI \u00e0 contribuer de mani\u00e8re significative \u00e0 la strat\u00e9gie de l\u2019organisation.<\/p>","protected":false},"excerpt":{"rendered":"<p>Le management du syst\u00e8me d\u2019information dans sa complexit\u00e9 a pour vocation de sensibiliser les responsables des organisations aux enjeux soulev\u00e9s par les syst\u00e8mes d\u2019information (SI). Par son caract\u00e8re p\u00e9dagogique, il entend faire en sorte que les questions relatives au SI ne soient pas laiss\u00e9es aux seuls experts du domaine. L\u2019ouvrage associe et analyse conjointement trois [&hellip;]<\/p>\n","protected":false},"featured_media":52867,"template":"","meta":{"_acf_changed":false,"_links_to":"","_links_to_target":""},"product_brand":[],"product_cat":[707],"product_tag":[],"class_list":{"0":"post-52860","1":"product","2":"type-product","3":"status-publish","4":"has-post-thumbnail","6":"product_cat-systmes-dinformation-web-et-socit-12506570","8":"first","9":"instock","10":"shipping-taxable","11":"purchasable","12":"product-type-variable"},"acf":[],"yoast_head":"<!-- This site is optimized with the Yoast SEO plugin v27.2 - https:\/\/yoast.com\/product\/yoast-seo-wordpress\/ -->\n<title>Le management du syst\u00e8me d\u2019information dans sa complexit\u00e9 - ISTE Group<\/title>\n<meta name=\"description\" content=\"Le management du syst\u00e8me d&#039;information dans sa complexit\u00e9 a pour vocation de sensibiliser les responsables des organisations aux enjeux soulev\u00e9s par les syst\u00e8mes d\u2019information (SI).\" \/>\n<meta name=\"robots\" content=\"index, follow, max-snippet:-1, max-image-preview:large, max-video-preview:-1\" \/>\n<link rel=\"canonical\" href=\"https:\/\/www.istegroup.com\/fr\/produit\/le-management-du-systeme-dinformation-dans-sa-complexite-2\/\" \/>\n<meta property=\"og:locale\" content=\"fr_FR\" \/>\n<meta property=\"og:type\" content=\"article\" \/>\n<meta property=\"og:title\" content=\"Le management du syst\u00e8me d\u2019information dans sa complexit\u00e9 - ISTE Group\" \/>\n<meta property=\"og:description\" content=\"Le management du syst\u00e8me d&#039;information dans sa complexit\u00e9 a pour vocation de sensibiliser les responsables des organisations aux enjeux soulev\u00e9s par les syst\u00e8mes d\u2019information (SI).\" \/>\n<meta property=\"og:url\" content=\"https:\/\/www.istegroup.com\/fr\/produit\/le-management-du-systeme-dinformation-dans-sa-complexite-2\/\" \/>\n<meta property=\"og:site_name\" content=\"ISTE Group\" \/>\n<meta property=\"article:modified_time\" content=\"2024-03-22T13:04:07+00:00\" \/>\n<meta property=\"og:image\" content=\"https:\/\/www.istegroup.com\/wp-content\/uploads\/2023\/08\/Le-management-du-systeme-dinformation-dans-sa-complexite.jpg\" \/>\n\t<meta property=\"og:image:width\" content=\"598\" \/>\n\t<meta property=\"og:image:height\" content=\"900\" \/>\n\t<meta property=\"og:image:type\" content=\"image\/jpeg\" \/>\n<meta name=\"twitter:card\" content=\"summary_large_image\" \/>\n<meta name=\"twitter:label1\" content=\"Est. reading time\" \/>\n\t<meta name=\"twitter:data1\" content=\"1 minute\" \/>\n<script type=\"application\/ld+json\" class=\"yoast-schema-graph\">{\"@context\":\"https:\/\/schema.org\",\"@graph\":[{\"@type\":\"WebPage\",\"@id\":\"https:\/\/www.istegroup.com\/fr\/produit\/le-management-du-systeme-dinformation-dans-sa-complexite-2\/\",\"url\":\"https:\/\/www.istegroup.com\/fr\/produit\/le-management-du-systeme-dinformation-dans-sa-complexite-2\/\",\"name\":\"Le management du syst\u00e8me d\u2019information dans sa complexit\u00e9 - ISTE Group\",\"isPartOf\":{\"@id\":\"https:\/\/www.istegroup.com\/#website\"},\"primaryImageOfPage\":{\"@id\":\"https:\/\/www.istegroup.com\/fr\/produit\/le-management-du-systeme-dinformation-dans-sa-complexite-2\/#primaryimage\"},\"image\":{\"@id\":\"https:\/\/www.istegroup.com\/fr\/produit\/le-management-du-systeme-dinformation-dans-sa-complexite-2\/#primaryimage\"},\"thumbnailUrl\":\"https:\/\/www.istegroup.com\/wp-content\/uploads\/2023\/08\/Le-management-du-systeme-dinformation-dans-sa-complexite.jpg\",\"datePublished\":\"2023-08-24T12:45:48+00:00\",\"dateModified\":\"2024-03-22T13:04:07+00:00\",\"description\":\"Le management du syst\u00e8me d'information dans sa complexit\u00e9 a pour vocation de sensibiliser les responsables des organisations aux enjeux soulev\u00e9s par les syst\u00e8mes d\u2019information (SI).\",\"breadcrumb\":{\"@id\":\"https:\/\/www.istegroup.com\/fr\/produit\/le-management-du-systeme-dinformation-dans-sa-complexite-2\/#breadcrumb\"},\"inLanguage\":\"fr-FR\",\"potentialAction\":[{\"@type\":\"ReadAction\",\"target\":[\"https:\/\/www.istegroup.com\/fr\/produit\/le-management-du-systeme-dinformation-dans-sa-complexite-2\/\"]}]},{\"@type\":\"ImageObject\",\"inLanguage\":\"fr-FR\",\"@id\":\"https:\/\/www.istegroup.com\/fr\/produit\/le-management-du-systeme-dinformation-dans-sa-complexite-2\/#primaryimage\",\"url\":\"https:\/\/www.istegroup.com\/wp-content\/uploads\/2023\/08\/Le-management-du-systeme-dinformation-dans-sa-complexite.jpg\",\"contentUrl\":\"https:\/\/www.istegroup.com\/wp-content\/uploads\/2023\/08\/Le-management-du-systeme-dinformation-dans-sa-complexite.jpg\",\"width\":598,\"height\":900,\"caption\":\"Livre scientifique - Le management du syst\u00e8me d'information dans sa complexit\u00e9\"},{\"@type\":\"BreadcrumbList\",\"@id\":\"https:\/\/www.istegroup.com\/fr\/produit\/le-management-du-systeme-dinformation-dans-sa-complexite-2\/#breadcrumb\",\"itemListElement\":[{\"@type\":\"ListItem\",\"position\":1,\"name\":\"Home\",\"item\":\"https:\/\/www.istegroup.com\/\"},{\"@type\":\"ListItem\",\"position\":2,\"name\":\"Shop\",\"item\":\"https:\/\/www.istegroup.com\/fr\/nouveautes\/\"},{\"@type\":\"ListItem\",\"position\":3,\"name\":\"Le management du syst\u00e8me d\u2019information dans sa complexit\u00e9\"}]},{\"@type\":\"WebSite\",\"@id\":\"https:\/\/www.istegroup.com\/#website\",\"url\":\"https:\/\/www.istegroup.com\/\",\"name\":\"ISTE Group\",\"description\":\"\u00c9diteur des Sciences\",\"potentialAction\":[{\"@type\":\"SearchAction\",\"target\":{\"@type\":\"EntryPoint\",\"urlTemplate\":\"https:\/\/www.istegroup.com\/?s={search_term_string}\"},\"query-input\":{\"@type\":\"PropertyValueSpecification\",\"valueRequired\":true,\"valueName\":\"search_term_string\"}}],\"inLanguage\":\"fr-FR\"}]}<\/script>\n<!-- \/ Yoast SEO plugin. -->","yoast_head_json":{"title":"Le management du syst\u00e8me d\u2019information dans sa complexit\u00e9 - ISTE Group","description":"Le management du syst\u00e8me d'information dans sa complexit\u00e9 a pour vocation de sensibiliser les responsables des organisations aux enjeux soulev\u00e9s par les syst\u00e8mes d\u2019information (SI).","robots":{"index":"index","follow":"follow","max-snippet":"max-snippet:-1","max-image-preview":"max-image-preview:large","max-video-preview":"max-video-preview:-1"},"canonical":"https:\/\/www.istegroup.com\/fr\/produit\/le-management-du-systeme-dinformation-dans-sa-complexite-2\/","og_locale":"fr_FR","og_type":"article","og_title":"Le management du syst\u00e8me d\u2019information dans sa complexit\u00e9 - ISTE Group","og_description":"Le management du syst\u00e8me d'information dans sa complexit\u00e9 a pour vocation de sensibiliser les responsables des organisations aux enjeux soulev\u00e9s par les syst\u00e8mes d\u2019information (SI).","og_url":"https:\/\/www.istegroup.com\/fr\/produit\/le-management-du-systeme-dinformation-dans-sa-complexite-2\/","og_site_name":"ISTE Group","article_modified_time":"2024-03-22T13:04:07+00:00","og_image":[{"width":598,"height":900,"url":"https:\/\/www.istegroup.com\/wp-content\/uploads\/2023\/08\/Le-management-du-systeme-dinformation-dans-sa-complexite.jpg","type":"image\/jpeg"}],"twitter_card":"summary_large_image","twitter_misc":{"Est. reading time":"1 minute"},"schema":{"@context":"https:\/\/schema.org","@graph":[{"@type":"WebPage","@id":"https:\/\/www.istegroup.com\/fr\/produit\/le-management-du-systeme-dinformation-dans-sa-complexite-2\/","url":"https:\/\/www.istegroup.com\/fr\/produit\/le-management-du-systeme-dinformation-dans-sa-complexite-2\/","name":"Le management du syst\u00e8me d\u2019information dans sa complexit\u00e9 - ISTE Group","isPartOf":{"@id":"https:\/\/www.istegroup.com\/#website"},"primaryImageOfPage":{"@id":"https:\/\/www.istegroup.com\/fr\/produit\/le-management-du-systeme-dinformation-dans-sa-complexite-2\/#primaryimage"},"image":{"@id":"https:\/\/www.istegroup.com\/fr\/produit\/le-management-du-systeme-dinformation-dans-sa-complexite-2\/#primaryimage"},"thumbnailUrl":"https:\/\/www.istegroup.com\/wp-content\/uploads\/2023\/08\/Le-management-du-systeme-dinformation-dans-sa-complexite.jpg","datePublished":"2023-08-24T12:45:48+00:00","dateModified":"2024-03-22T13:04:07+00:00","description":"Le management du syst\u00e8me d'information dans sa complexit\u00e9 a pour vocation de sensibiliser les responsables des organisations aux enjeux soulev\u00e9s par les syst\u00e8mes d\u2019information (SI).","breadcrumb":{"@id":"https:\/\/www.istegroup.com\/fr\/produit\/le-management-du-systeme-dinformation-dans-sa-complexite-2\/#breadcrumb"},"inLanguage":"fr-FR","potentialAction":[{"@type":"ReadAction","target":["https:\/\/www.istegroup.com\/fr\/produit\/le-management-du-systeme-dinformation-dans-sa-complexite-2\/"]}]},{"@type":"ImageObject","inLanguage":"fr-FR","@id":"https:\/\/www.istegroup.com\/fr\/produit\/le-management-du-systeme-dinformation-dans-sa-complexite-2\/#primaryimage","url":"https:\/\/www.istegroup.com\/wp-content\/uploads\/2023\/08\/Le-management-du-systeme-dinformation-dans-sa-complexite.jpg","contentUrl":"https:\/\/www.istegroup.com\/wp-content\/uploads\/2023\/08\/Le-management-du-systeme-dinformation-dans-sa-complexite.jpg","width":598,"height":900,"caption":"Livre scientifique - Le management du syst\u00e8me d'information dans sa complexit\u00e9"},{"@type":"BreadcrumbList","@id":"https:\/\/www.istegroup.com\/fr\/produit\/le-management-du-systeme-dinformation-dans-sa-complexite-2\/#breadcrumb","itemListElement":[{"@type":"ListItem","position":1,"name":"Home","item":"https:\/\/www.istegroup.com\/"},{"@type":"ListItem","position":2,"name":"Shop","item":"https:\/\/www.istegroup.com\/fr\/nouveautes\/"},{"@type":"ListItem","position":3,"name":"Le management du syst\u00e8me d\u2019information dans sa complexit\u00e9"}]},{"@type":"WebSite","@id":"https:\/\/www.istegroup.com\/#website","url":"https:\/\/www.istegroup.com\/","name":"ISTE Group","description":"\u00c9diteur des Sciences","potentialAction":[{"@type":"SearchAction","target":{"@type":"EntryPoint","urlTemplate":"https:\/\/www.istegroup.com\/?s={search_term_string}"},"query-input":{"@type":"PropertyValueSpecification","valueRequired":true,"valueName":"search_term_string"}}],"inLanguage":"fr-FR"}]}},"_links":{"self":[{"href":"https:\/\/www.istegroup.com\/fr\/wp-json\/wp\/v2\/product\/52860","targetHints":{"allow":["GET"]}}],"collection":[{"href":"https:\/\/www.istegroup.com\/fr\/wp-json\/wp\/v2\/product"}],"about":[{"href":"https:\/\/www.istegroup.com\/fr\/wp-json\/wp\/v2\/types\/product"}],"wp:featuredmedia":[{"embeddable":true,"href":"https:\/\/www.istegroup.com\/fr\/wp-json\/wp\/v2\/media\/52867"}],"wp:attachment":[{"href":"https:\/\/www.istegroup.com\/fr\/wp-json\/wp\/v2\/media?parent=52860"}],"wp:term":[{"taxonomy":"product_brand","embeddable":true,"href":"https:\/\/www.istegroup.com\/fr\/wp-json\/wp\/v2\/product_brand?post=52860"},{"taxonomy":"product_cat","embeddable":true,"href":"https:\/\/www.istegroup.com\/fr\/wp-json\/wp\/v2\/product_cat?post=52860"},{"taxonomy":"product_tag","embeddable":true,"href":"https:\/\/www.istegroup.com\/fr\/wp-json\/wp\/v2\/product_tag?post=52860"}],"curies":[{"name":"wp","href":"https:\/\/api.w.org\/{rel}","templated":true}]}}