{"id":52849,"date":"2023-08-24T12:16:32","date_gmt":"2023-08-24T11:16:32","guid":{"rendered":"https:\/\/www.istegroup.com\/?post_type=product&#038;p=52849"},"modified":"2024-03-22T13:23:50","modified_gmt":"2024-03-22T13:23:50","slug":"les-capacites-creatives-des-organisations-ouvertes","status":"publish","type":"product","link":"https:\/\/www.istegroup.com\/fr\/produit\/les-capacites-creatives-des-organisations-ouvertes\/","title":{"rendered":"Les capacit\u00e9s cr\u00e9atives des organisations ouvertes"},"content":{"rendered":"<p>La cr\u00e9ativit\u00e9 est devenue un sujet majeur pour les organisations et les managers. S\u2019il est admis qu\u2019il existe une capacit\u00e9 cr\u00e9ative, nous avons cependant tendance \u00e0 nous int\u00e9resser uniquement \u00e0 ce qui la favorise au sein des organisations, d\u00e9laissant ainsi la cr\u00e9ativit\u00e9 dans des contextes d\u2019ouverture. <em>Les capacit\u00e9s cr\u00e9atives des organisations<\/em> ouvertes analyse, \u00e0 l\u2019aide de nombreux cas et contextes d\u2019ouverture, la mani\u00e8re dont les organisations dites \u00ab ouvertes \u00bb d\u00e9veloppent cette capacit\u00e9 cr\u00e9ative.<\/p>\n<p>Cet ouvrage propose une mise en perspective de la litt\u00e9rature foisonnante, mais solide, portant sur la capacit\u00e9 cr\u00e9ative d\u2019industries particuli\u00e8rement passionnantes et porteuses d\u2019apprentissages comme l\u2019industrie du sport <em>outdoor<\/em>, l\u2019industrie musicale ou l\u2019industrie vid\u00e9oludique. Il a pour ambition de traiter l\u2019ouverture de mani\u00e8re holistique, en d\u00e9passant la seule vision externe par l\u2019analyse de cas illustrant l\u2019ouverture intraorganisationnelle.<\/p>","protected":false},"excerpt":{"rendered":"<p>La cr\u00e9ativit\u00e9 est devenue un sujet majeur pour les organisations et les managers. S\u2019il est admis qu\u2019il existe une capacit\u00e9 cr\u00e9ative, nous avons cependant tendance \u00e0 nous int\u00e9resser uniquement \u00e0 ce qui la favorise au sein des organisations, d\u00e9laissant ainsi la cr\u00e9ativit\u00e9 dans des contextes d\u2019ouverture. Les capacit\u00e9s cr\u00e9atives des organisations ouvertes analyse, \u00e0 l\u2019aide [&hellip;]<\/p>\n","protected":false},"featured_media":56118,"template":"","meta":{"_acf_changed":false,"_links_to":"","_links_to_target":""},"product_brand":[],"product_cat":[670],"product_tag":[],"class_list":{"0":"post-52849","1":"product","2":"type-product","3":"status-publish","4":"has-post-thumbnail","6":"product_cat-innovation-entrepreneuriat-et-gestion-11041751","8":"first","9":"instock","10":"shipping-taxable","11":"purchasable","12":"product-type-variable"},"acf":[],"yoast_head":"<!-- This site is optimized with the Yoast SEO plugin v27.2 - https:\/\/yoast.com\/product\/yoast-seo-wordpress\/ -->\n<title>Les capacit\u00e9s cr\u00e9atives des organisations ouvertes - ISTE Group<\/title>\n<meta name=\"description\" content=\"Les capacit\u00e9s cr\u00e9atives des organisations ouvertes analyse, \u00e0 l\u2019aide de nombreux cas et contextes d\u2019ouverture, la mani\u00e8re dont les organisations dites \u00ab ouvertes \u00bb d\u00e9veloppent cette capacit\u00e9 cr\u00e9ative.\" \/>\n<meta name=\"robots\" content=\"index, follow, max-snippet:-1, max-image-preview:large, max-video-preview:-1\" \/>\n<link rel=\"canonical\" href=\"https:\/\/www.istegroup.com\/en\/produit\/les-capacites-creatives-des-organisations-ouvertes\/\" \/>\n<meta property=\"og:locale\" content=\"fr_FR\" \/>\n<meta property=\"og:type\" content=\"article\" \/>\n<meta property=\"og:title\" content=\"Les capacit\u00e9s cr\u00e9atives des organisations ouvertes - ISTE Group\" \/>\n<meta property=\"og:description\" content=\"Les capacit\u00e9s cr\u00e9atives des organisations ouvertes analyse, \u00e0 l\u2019aide de nombreux cas et contextes d\u2019ouverture, la mani\u00e8re dont les organisations dites \u00ab ouvertes \u00bb d\u00e9veloppent cette capacit\u00e9 cr\u00e9ative.\" \/>\n<meta property=\"og:url\" content=\"https:\/\/www.istegroup.com\/en\/produit\/les-capacites-creatives-des-organisations-ouvertes\/\" \/>\n<meta property=\"og:site_name\" content=\"ISTE Group\" \/>\n<meta property=\"article:modified_time\" content=\"2024-03-22T13:23:50+00:00\" \/>\n<meta property=\"og:image\" content=\"https:\/\/www.istegroup.com\/wp-content\/uploads\/2023\/08\/Les-capacites-creatives-des-organisations-ouvertes_FNEGE.jpg\" \/>\n\t<meta property=\"og:image:width\" content=\"597\" \/>\n\t<meta property=\"og:image:height\" content=\"900\" \/>\n\t<meta property=\"og:image:type\" content=\"image\/jpeg\" \/>\n<meta name=\"twitter:card\" content=\"summary_large_image\" \/>\n<meta name=\"twitter:label1\" content=\"Est. reading time\" \/>\n\t<meta name=\"twitter:data1\" content=\"1 minute\" \/>\n<script type=\"application\/ld+json\" class=\"yoast-schema-graph\">{\"@context\":\"https:\/\/schema.org\",\"@graph\":[{\"@type\":\"WebPage\",\"@id\":\"https:\/\/www.istegroup.com\/en\/produit\/les-capacites-creatives-des-organisations-ouvertes\/\",\"url\":\"https:\/\/www.istegroup.com\/en\/produit\/les-capacites-creatives-des-organisations-ouvertes\/\",\"name\":\"Les capacit\u00e9s cr\u00e9atives des organisations ouvertes - ISTE Group\",\"isPartOf\":{\"@id\":\"https:\/\/www.istegroup.com\/#website\"},\"primaryImageOfPage\":{\"@id\":\"https:\/\/www.istegroup.com\/en\/produit\/les-capacites-creatives-des-organisations-ouvertes\/#primaryimage\"},\"image\":{\"@id\":\"https:\/\/www.istegroup.com\/en\/produit\/les-capacites-creatives-des-organisations-ouvertes\/#primaryimage\"},\"thumbnailUrl\":\"https:\/\/www.istegroup.com\/wp-content\/uploads\/2023\/08\/Les-capacites-creatives-des-organisations-ouvertes_FNEGE.jpg\",\"datePublished\":\"2023-08-24T11:16:32+00:00\",\"dateModified\":\"2024-03-22T13:23:50+00:00\",\"description\":\"Les capacit\u00e9s cr\u00e9atives des organisations ouvertes analyse, \u00e0 l\u2019aide de nombreux cas et contextes d\u2019ouverture, la mani\u00e8re dont les organisations dites \u00ab ouvertes \u00bb d\u00e9veloppent cette capacit\u00e9 cr\u00e9ative.\",\"breadcrumb\":{\"@id\":\"https:\/\/www.istegroup.com\/en\/produit\/les-capacites-creatives-des-organisations-ouvertes\/#breadcrumb\"},\"inLanguage\":\"fr-FR\",\"potentialAction\":[{\"@type\":\"ReadAction\",\"target\":[\"https:\/\/www.istegroup.com\/en\/produit\/les-capacites-creatives-des-organisations-ouvertes\/\"]}]},{\"@type\":\"ImageObject\",\"inLanguage\":\"fr-FR\",\"@id\":\"https:\/\/www.istegroup.com\/en\/produit\/les-capacites-creatives-des-organisations-ouvertes\/#primaryimage\",\"url\":\"https:\/\/www.istegroup.com\/wp-content\/uploads\/2023\/08\/Les-capacites-creatives-des-organisations-ouvertes_FNEGE.jpg\",\"contentUrl\":\"https:\/\/www.istegroup.com\/wp-content\/uploads\/2023\/08\/Les-capacites-creatives-des-organisations-ouvertes_FNEGE.jpg\",\"width\":597,\"height\":900,\"caption\":\"Livre scientifique - Les capacit\u00e9s cr\u00e9atives des organisations ouvertes_FNEGE\"},{\"@type\":\"BreadcrumbList\",\"@id\":\"https:\/\/www.istegroup.com\/en\/produit\/les-capacites-creatives-des-organisations-ouvertes\/#breadcrumb\",\"itemListElement\":[{\"@type\":\"ListItem\",\"position\":1,\"name\":\"Home\",\"item\":\"https:\/\/www.istegroup.com\/\"},{\"@type\":\"ListItem\",\"position\":2,\"name\":\"Shop\",\"item\":\"https:\/\/www.istegroup.com\/fr\/nouveautes\/\"},{\"@type\":\"ListItem\",\"position\":3,\"name\":\"Les capacit\u00e9s cr\u00e9atives des organisations ouvertes\"}]},{\"@type\":\"WebSite\",\"@id\":\"https:\/\/www.istegroup.com\/#website\",\"url\":\"https:\/\/www.istegroup.com\/\",\"name\":\"ISTE Group\",\"description\":\"\u00c9diteur des Sciences\",\"potentialAction\":[{\"@type\":\"SearchAction\",\"target\":{\"@type\":\"EntryPoint\",\"urlTemplate\":\"https:\/\/www.istegroup.com\/?s={search_term_string}\"},\"query-input\":{\"@type\":\"PropertyValueSpecification\",\"valueRequired\":true,\"valueName\":\"search_term_string\"}}],\"inLanguage\":\"fr-FR\"}]}<\/script>\n<!-- \/ Yoast SEO plugin. -->","yoast_head_json":{"title":"Les capacit\u00e9s cr\u00e9atives des organisations ouvertes - ISTE Group","description":"Les capacit\u00e9s cr\u00e9atives des organisations ouvertes analyse, \u00e0 l\u2019aide de nombreux cas et contextes d\u2019ouverture, la mani\u00e8re dont les organisations dites \u00ab ouvertes \u00bb d\u00e9veloppent cette capacit\u00e9 cr\u00e9ative.","robots":{"index":"index","follow":"follow","max-snippet":"max-snippet:-1","max-image-preview":"max-image-preview:large","max-video-preview":"max-video-preview:-1"},"canonical":"https:\/\/www.istegroup.com\/en\/produit\/les-capacites-creatives-des-organisations-ouvertes\/","og_locale":"fr_FR","og_type":"article","og_title":"Les capacit\u00e9s cr\u00e9atives des organisations ouvertes - ISTE Group","og_description":"Les capacit\u00e9s cr\u00e9atives des organisations ouvertes analyse, \u00e0 l\u2019aide de nombreux cas et contextes d\u2019ouverture, la mani\u00e8re dont les organisations dites \u00ab ouvertes \u00bb d\u00e9veloppent cette capacit\u00e9 cr\u00e9ative.","og_url":"https:\/\/www.istegroup.com\/en\/produit\/les-capacites-creatives-des-organisations-ouvertes\/","og_site_name":"ISTE Group","article_modified_time":"2024-03-22T13:23:50+00:00","og_image":[{"width":597,"height":900,"url":"https:\/\/www.istegroup.com\/wp-content\/uploads\/2023\/08\/Les-capacites-creatives-des-organisations-ouvertes_FNEGE.jpg","type":"image\/jpeg"}],"twitter_card":"summary_large_image","twitter_misc":{"Est. reading time":"1 minute"},"schema":{"@context":"https:\/\/schema.org","@graph":[{"@type":"WebPage","@id":"https:\/\/www.istegroup.com\/en\/produit\/les-capacites-creatives-des-organisations-ouvertes\/","url":"https:\/\/www.istegroup.com\/en\/produit\/les-capacites-creatives-des-organisations-ouvertes\/","name":"Les capacit\u00e9s cr\u00e9atives des organisations ouvertes - ISTE Group","isPartOf":{"@id":"https:\/\/www.istegroup.com\/#website"},"primaryImageOfPage":{"@id":"https:\/\/www.istegroup.com\/en\/produit\/les-capacites-creatives-des-organisations-ouvertes\/#primaryimage"},"image":{"@id":"https:\/\/www.istegroup.com\/en\/produit\/les-capacites-creatives-des-organisations-ouvertes\/#primaryimage"},"thumbnailUrl":"https:\/\/www.istegroup.com\/wp-content\/uploads\/2023\/08\/Les-capacites-creatives-des-organisations-ouvertes_FNEGE.jpg","datePublished":"2023-08-24T11:16:32+00:00","dateModified":"2024-03-22T13:23:50+00:00","description":"Les capacit\u00e9s cr\u00e9atives des organisations ouvertes analyse, \u00e0 l\u2019aide de nombreux cas et contextes d\u2019ouverture, la mani\u00e8re dont les organisations dites \u00ab ouvertes \u00bb d\u00e9veloppent cette capacit\u00e9 cr\u00e9ative.","breadcrumb":{"@id":"https:\/\/www.istegroup.com\/en\/produit\/les-capacites-creatives-des-organisations-ouvertes\/#breadcrumb"},"inLanguage":"fr-FR","potentialAction":[{"@type":"ReadAction","target":["https:\/\/www.istegroup.com\/en\/produit\/les-capacites-creatives-des-organisations-ouvertes\/"]}]},{"@type":"ImageObject","inLanguage":"fr-FR","@id":"https:\/\/www.istegroup.com\/en\/produit\/les-capacites-creatives-des-organisations-ouvertes\/#primaryimage","url":"https:\/\/www.istegroup.com\/wp-content\/uploads\/2023\/08\/Les-capacites-creatives-des-organisations-ouvertes_FNEGE.jpg","contentUrl":"https:\/\/www.istegroup.com\/wp-content\/uploads\/2023\/08\/Les-capacites-creatives-des-organisations-ouvertes_FNEGE.jpg","width":597,"height":900,"caption":"Livre scientifique - Les capacit\u00e9s cr\u00e9atives des organisations ouvertes_FNEGE"},{"@type":"BreadcrumbList","@id":"https:\/\/www.istegroup.com\/en\/produit\/les-capacites-creatives-des-organisations-ouvertes\/#breadcrumb","itemListElement":[{"@type":"ListItem","position":1,"name":"Home","item":"https:\/\/www.istegroup.com\/"},{"@type":"ListItem","position":2,"name":"Shop","item":"https:\/\/www.istegroup.com\/fr\/nouveautes\/"},{"@type":"ListItem","position":3,"name":"Les capacit\u00e9s cr\u00e9atives des organisations ouvertes"}]},{"@type":"WebSite","@id":"https:\/\/www.istegroup.com\/#website","url":"https:\/\/www.istegroup.com\/","name":"ISTE Group","description":"\u00c9diteur des Sciences","potentialAction":[{"@type":"SearchAction","target":{"@type":"EntryPoint","urlTemplate":"https:\/\/www.istegroup.com\/?s={search_term_string}"},"query-input":{"@type":"PropertyValueSpecification","valueRequired":true,"valueName":"search_term_string"}}],"inLanguage":"fr-FR"}]}},"_links":{"self":[{"href":"https:\/\/www.istegroup.com\/fr\/wp-json\/wp\/v2\/product\/52849","targetHints":{"allow":["GET"]}}],"collection":[{"href":"https:\/\/www.istegroup.com\/fr\/wp-json\/wp\/v2\/product"}],"about":[{"href":"https:\/\/www.istegroup.com\/fr\/wp-json\/wp\/v2\/types\/product"}],"wp:featuredmedia":[{"embeddable":true,"href":"https:\/\/www.istegroup.com\/fr\/wp-json\/wp\/v2\/media\/56118"}],"wp:attachment":[{"href":"https:\/\/www.istegroup.com\/fr\/wp-json\/wp\/v2\/media?parent=52849"}],"wp:term":[{"taxonomy":"product_brand","embeddable":true,"href":"https:\/\/www.istegroup.com\/fr\/wp-json\/wp\/v2\/product_brand?post=52849"},{"taxonomy":"product_cat","embeddable":true,"href":"https:\/\/www.istegroup.com\/fr\/wp-json\/wp\/v2\/product_cat?post=52849"},{"taxonomy":"product_tag","embeddable":true,"href":"https:\/\/www.istegroup.com\/fr\/wp-json\/wp\/v2\/product_tag?post=52849"}],"curies":[{"name":"wp","href":"https:\/\/api.w.org\/{rel}","templated":true}]}}