{"id":527,"date":"2016-12-08T14:58:09","date_gmt":"2016-12-08T14:58:09","guid":{"rendered":"https:\/\/iste.yhello.co\/product\/observation-des-surfaces-continentales-par-teledetection-i\/"},"modified":"2024-01-03T13:40:27","modified_gmt":"2024-01-03T13:40:27","slug":"observation-des-surfaces-continentales-par-teledetection-i","status":"publish","type":"product","link":"https:\/\/www.istegroup.com\/fr\/produit\/observation-des-surfaces-continentales-par-teledetection-i\/","title":{"rendered":"Observation des surfaces continentales par t\u00e9l\u00e9d\u00e9tection I"},"content":{"rendered":"<p><em>Observation des surfaces continentales par t\u00e9l\u00e9d\u00e9tection I<\/em>, volume 3 de la s\u00e9rie, pr\u00e9sente les principales applications de la t\u00e9l\u00e9d\u00e9tection pour l\u2019agriculture et la for\u00eat. Les enjeux actuels et futurs en mati\u00e8re de recherche et de d\u00e9veloppement sont particuli\u00e8rement analys\u00e9s : cartographie des propri\u00e9t\u00e9s primaires de sol, estimation des param\u00e8tres biophysiques du couvert v\u00e9g\u00e9tal, cartographie de l\u2019occupation du sol, d\u00e9veloppement d\u2019indicateurs pour la gestion et la mod\u00e9lisation du fonctionnement des cultures et estimation des propri\u00e9t\u00e9s du couvert forestier (dynamique du couvert, hauteur, biomasse).<\/p>\n","protected":false},"excerpt":{"rendered":"<p>Observation des surfaces continentales par t\u00e9l\u00e9d\u00e9tection I, volume 3 de la s\u00e9rie, pr\u00e9sente les principales applications de la t\u00e9l\u00e9d\u00e9tection pour l\u2019agriculture et la for\u00eat. Les enjeux actuels et futurs en mati\u00e8re de recherche et de d\u00e9veloppement sont particuli\u00e8rement analys\u00e9s : cartographie des propri\u00e9t\u00e9s primaires de sol, estimation des param\u00e8tres biophysiques du couvert v\u00e9g\u00e9tal, cartographie de [&hellip;]<\/p>\n","protected":false},"featured_media":528,"template":"","meta":{"_acf_changed":false,"_links_to":"","_links_to_target":""},"product_brand":[],"product_cat":[675,726,705],"product_tag":[2013,1401,881,2014,1078,2015,2016,31,196,329,2017,197,198,199,21,200,22,201,203,204,63,25,172,209,2018,2019,2020,2021,2022,212,38,192,145,28,2023,2024,2026,2025],"class_list":{"0":"post-527","1":"product","2":"type-product","3":"status-publish","4":"has-post-thumbnail","6":"product_cat-nouveauts-12519446","7":"product_cat-srie-tldtection-pour-lobservation-des-surfaces-continentales-376469192","8":"product_cat-systme-terre-environnement-27112280","9":"product_tag-accroissement","10":"product_tag-agriculture","11":"product_tag-biodiversite","12":"product_tag-cartographie","13":"product_tag-developpement","14":"product_tag-domaine-agricole","15":"product_tag-domaine-forestier","16":"product_tag-ebook","17":"product_tag-ebooks","18":"product_tag-environnement","19":"product_tag-geophysiciens","20":"product_tag-iste","21":"product_tag-iste-edition","22":"product_tag-iste-editions","23":"product_tag-iste-group","24":"product_tag-isteedition","25":"product_tag-istegroup","26":"product_tag-kindle","27":"product_tag-liseuse","28":"product_tag-livre","29":"product_tag-livre-electronique","30":"product_tag-livre-numerique","31":"product_tag-livre-scientifique","32":"product_tag-livres-scientifiques","33":"product_tag-mehrez-zribi","34":"product_tag-nicolas-baghdadi","35":"product_tag-observation","36":"product_tag-observation-des-surfaces-continentales-par-teledetection","37":"product_tag-occupation-du-sol","38":"product_tag-ouvrage","39":"product_tag-ouvrage-numerique","40":"product_tag-ouvrage-science","41":"product_tag-ouvrage-scientifique","42":"product_tag-ouvrage-scientifique-francais","43":"product_tag-population","44":"product_tag-surfaces-continentales","45":"product_tag-teledetection","46":"product_tag-thematiciens","48":"first","49":"instock","50":"shipping-taxable","51":"purchasable","52":"product-type-variable"},"acf":[],"yoast_head":"<!-- This site is optimized with the Yoast SEO plugin v27.2 - https:\/\/yoast.com\/product\/yoast-seo-wordpress\/ -->\n<title>Observation des surfaces continentales par t\u00e9l\u00e9d\u00e9tection I - ISTE Group<\/title>\n<meta name=\"description\" content=\"Observation des surfaces continentales par t\u00e9l\u00e9d\u00e9tection I pr\u00e9sente les principales applications de la t\u00e9l\u00e9d\u00e9tection pour l\u2019agriculture et la for\u00eat.\" \/>\n<meta name=\"robots\" content=\"index, follow, max-snippet:-1, max-image-preview:large, max-video-preview:-1\" \/>\n<link rel=\"canonical\" href=\"https:\/\/www.istegroup.com\/fr\/produit\/observation-des-surfaces-continentales-par-teledetection-i\/\" \/>\n<meta property=\"og:locale\" content=\"fr_FR\" \/>\n<meta property=\"og:type\" content=\"article\" \/>\n<meta property=\"og:title\" content=\"Observation des surfaces continentales par t\u00e9l\u00e9d\u00e9tection I - ISTE Group\" \/>\n<meta property=\"og:description\" content=\"Observation des surfaces continentales par t\u00e9l\u00e9d\u00e9tection I pr\u00e9sente les principales applications de la t\u00e9l\u00e9d\u00e9tection pour l\u2019agriculture et la for\u00eat.\" \/>\n<meta property=\"og:url\" content=\"https:\/\/www.istegroup.com\/fr\/produit\/observation-des-surfaces-continentales-par-teledetection-i\/\" \/>\n<meta property=\"og:site_name\" content=\"ISTE Group\" \/>\n<meta property=\"article:modified_time\" content=\"2024-01-03T13:40:27+00:00\" \/>\n<meta property=\"og:image\" content=\"https:\/\/www.istegroup.com\/wp-content\/uploads\/2017\/07\/17517766481_8302918289-1.jpg\" \/>\n\t<meta property=\"og:image:width\" content=\"1365\" \/>\n\t<meta property=\"og:image:height\" content=\"2048\" \/>\n\t<meta property=\"og:image:type\" content=\"image\/jpeg\" \/>\n<meta name=\"twitter:card\" content=\"summary_large_image\" \/>\n<meta name=\"twitter:label1\" content=\"Est. reading time\" \/>\n\t<meta name=\"twitter:data1\" content=\"1 minute\" \/>\n<script type=\"application\/ld+json\" class=\"yoast-schema-graph\">{\"@context\":\"https:\/\/schema.org\",\"@graph\":[{\"@type\":\"WebPage\",\"@id\":\"https:\/\/www.istegroup.com\/fr\/produit\/observation-des-surfaces-continentales-par-teledetection-i\/\",\"url\":\"https:\/\/www.istegroup.com\/fr\/produit\/observation-des-surfaces-continentales-par-teledetection-i\/\",\"name\":\"Observation des surfaces continentales par t\u00e9l\u00e9d\u00e9tection I - ISTE Group\",\"isPartOf\":{\"@id\":\"https:\/\/www.istegroup.com\/#website\"},\"primaryImageOfPage\":{\"@id\":\"https:\/\/www.istegroup.com\/fr\/produit\/observation-des-surfaces-continentales-par-teledetection-i\/#primaryimage\"},\"image\":{\"@id\":\"https:\/\/www.istegroup.com\/fr\/produit\/observation-des-surfaces-continentales-par-teledetection-i\/#primaryimage\"},\"thumbnailUrl\":\"https:\/\/www.istegroup.com\/wp-content\/uploads\/2017\/07\/17517766481_8302918289-1.jpg\",\"datePublished\":\"2016-12-08T14:58:09+00:00\",\"dateModified\":\"2024-01-03T13:40:27+00:00\",\"description\":\"Observation des surfaces continentales par t\u00e9l\u00e9d\u00e9tection I pr\u00e9sente les principales applications de la t\u00e9l\u00e9d\u00e9tection pour l\u2019agriculture et la for\u00eat.\",\"breadcrumb\":{\"@id\":\"https:\/\/www.istegroup.com\/fr\/produit\/observation-des-surfaces-continentales-par-teledetection-i\/#breadcrumb\"},\"inLanguage\":\"fr-FR\",\"potentialAction\":[{\"@type\":\"ReadAction\",\"target\":[\"https:\/\/www.istegroup.com\/fr\/produit\/observation-des-surfaces-continentales-par-teledetection-i\/\"]}]},{\"@type\":\"ImageObject\",\"inLanguage\":\"fr-FR\",\"@id\":\"https:\/\/www.istegroup.com\/fr\/produit\/observation-des-surfaces-continentales-par-teledetection-i\/#primaryimage\",\"url\":\"https:\/\/www.istegroup.com\/wp-content\/uploads\/2017\/07\/17517766481_8302918289-1.jpg\",\"contentUrl\":\"https:\/\/www.istegroup.com\/wp-content\/uploads\/2017\/07\/17517766481_8302918289-1.jpg\",\"width\":1365,\"height\":2048,\"caption\":\"Agriculture et for\u00eat\"},{\"@type\":\"BreadcrumbList\",\"@id\":\"https:\/\/www.istegroup.com\/fr\/produit\/observation-des-surfaces-continentales-par-teledetection-i\/#breadcrumb\",\"itemListElement\":[{\"@type\":\"ListItem\",\"position\":1,\"name\":\"Home\",\"item\":\"https:\/\/www.istegroup.com\/\"},{\"@type\":\"ListItem\",\"position\":2,\"name\":\"Shop\",\"item\":\"https:\/\/www.istegroup.com\/fr\/nouveautes\/\"},{\"@type\":\"ListItem\",\"position\":3,\"name\":\"Observation des surfaces continentales par t\u00e9l\u00e9d\u00e9tection I\"}]},{\"@type\":\"WebSite\",\"@id\":\"https:\/\/www.istegroup.com\/#website\",\"url\":\"https:\/\/www.istegroup.com\/\",\"name\":\"ISTE Group\",\"description\":\"\u00c9diteur des Sciences\",\"potentialAction\":[{\"@type\":\"SearchAction\",\"target\":{\"@type\":\"EntryPoint\",\"urlTemplate\":\"https:\/\/www.istegroup.com\/?s={search_term_string}\"},\"query-input\":{\"@type\":\"PropertyValueSpecification\",\"valueRequired\":true,\"valueName\":\"search_term_string\"}}],\"inLanguage\":\"fr-FR\"}]}<\/script>\n<!-- \/ Yoast SEO plugin. -->","yoast_head_json":{"title":"Observation des surfaces continentales par t\u00e9l\u00e9d\u00e9tection I - ISTE Group","description":"Observation des surfaces continentales par t\u00e9l\u00e9d\u00e9tection I pr\u00e9sente les principales applications de la t\u00e9l\u00e9d\u00e9tection pour l\u2019agriculture et la for\u00eat.","robots":{"index":"index","follow":"follow","max-snippet":"max-snippet:-1","max-image-preview":"max-image-preview:large","max-video-preview":"max-video-preview:-1"},"canonical":"https:\/\/www.istegroup.com\/fr\/produit\/observation-des-surfaces-continentales-par-teledetection-i\/","og_locale":"fr_FR","og_type":"article","og_title":"Observation des surfaces continentales par t\u00e9l\u00e9d\u00e9tection I - ISTE Group","og_description":"Observation des surfaces continentales par t\u00e9l\u00e9d\u00e9tection I pr\u00e9sente les principales applications de la t\u00e9l\u00e9d\u00e9tection pour l\u2019agriculture et la for\u00eat.","og_url":"https:\/\/www.istegroup.com\/fr\/produit\/observation-des-surfaces-continentales-par-teledetection-i\/","og_site_name":"ISTE Group","article_modified_time":"2024-01-03T13:40:27+00:00","og_image":[{"width":1365,"height":2048,"url":"https:\/\/www.istegroup.com\/wp-content\/uploads\/2017\/07\/17517766481_8302918289-1.jpg","type":"image\/jpeg"}],"twitter_card":"summary_large_image","twitter_misc":{"Est. reading time":"1 minute"},"schema":{"@context":"https:\/\/schema.org","@graph":[{"@type":"WebPage","@id":"https:\/\/www.istegroup.com\/fr\/produit\/observation-des-surfaces-continentales-par-teledetection-i\/","url":"https:\/\/www.istegroup.com\/fr\/produit\/observation-des-surfaces-continentales-par-teledetection-i\/","name":"Observation des surfaces continentales par t\u00e9l\u00e9d\u00e9tection I - ISTE Group","isPartOf":{"@id":"https:\/\/www.istegroup.com\/#website"},"primaryImageOfPage":{"@id":"https:\/\/www.istegroup.com\/fr\/produit\/observation-des-surfaces-continentales-par-teledetection-i\/#primaryimage"},"image":{"@id":"https:\/\/www.istegroup.com\/fr\/produit\/observation-des-surfaces-continentales-par-teledetection-i\/#primaryimage"},"thumbnailUrl":"https:\/\/www.istegroup.com\/wp-content\/uploads\/2017\/07\/17517766481_8302918289-1.jpg","datePublished":"2016-12-08T14:58:09+00:00","dateModified":"2024-01-03T13:40:27+00:00","description":"Observation des surfaces continentales par t\u00e9l\u00e9d\u00e9tection I pr\u00e9sente les principales applications de la t\u00e9l\u00e9d\u00e9tection pour l\u2019agriculture et la for\u00eat.","breadcrumb":{"@id":"https:\/\/www.istegroup.com\/fr\/produit\/observation-des-surfaces-continentales-par-teledetection-i\/#breadcrumb"},"inLanguage":"fr-FR","potentialAction":[{"@type":"ReadAction","target":["https:\/\/www.istegroup.com\/fr\/produit\/observation-des-surfaces-continentales-par-teledetection-i\/"]}]},{"@type":"ImageObject","inLanguage":"fr-FR","@id":"https:\/\/www.istegroup.com\/fr\/produit\/observation-des-surfaces-continentales-par-teledetection-i\/#primaryimage","url":"https:\/\/www.istegroup.com\/wp-content\/uploads\/2017\/07\/17517766481_8302918289-1.jpg","contentUrl":"https:\/\/www.istegroup.com\/wp-content\/uploads\/2017\/07\/17517766481_8302918289-1.jpg","width":1365,"height":2048,"caption":"Agriculture et for\u00eat"},{"@type":"BreadcrumbList","@id":"https:\/\/www.istegroup.com\/fr\/produit\/observation-des-surfaces-continentales-par-teledetection-i\/#breadcrumb","itemListElement":[{"@type":"ListItem","position":1,"name":"Home","item":"https:\/\/www.istegroup.com\/"},{"@type":"ListItem","position":2,"name":"Shop","item":"https:\/\/www.istegroup.com\/fr\/nouveautes\/"},{"@type":"ListItem","position":3,"name":"Observation des surfaces continentales par t\u00e9l\u00e9d\u00e9tection I"}]},{"@type":"WebSite","@id":"https:\/\/www.istegroup.com\/#website","url":"https:\/\/www.istegroup.com\/","name":"ISTE Group","description":"\u00c9diteur des Sciences","potentialAction":[{"@type":"SearchAction","target":{"@type":"EntryPoint","urlTemplate":"https:\/\/www.istegroup.com\/?s={search_term_string}"},"query-input":{"@type":"PropertyValueSpecification","valueRequired":true,"valueName":"search_term_string"}}],"inLanguage":"fr-FR"}]}},"_links":{"self":[{"href":"https:\/\/www.istegroup.com\/fr\/wp-json\/wp\/v2\/product\/527","targetHints":{"allow":["GET"]}}],"collection":[{"href":"https:\/\/www.istegroup.com\/fr\/wp-json\/wp\/v2\/product"}],"about":[{"href":"https:\/\/www.istegroup.com\/fr\/wp-json\/wp\/v2\/types\/product"}],"wp:featuredmedia":[{"embeddable":true,"href":"https:\/\/www.istegroup.com\/fr\/wp-json\/wp\/v2\/media\/528"}],"wp:attachment":[{"href":"https:\/\/www.istegroup.com\/fr\/wp-json\/wp\/v2\/media?parent=527"}],"wp:term":[{"taxonomy":"product_brand","embeddable":true,"href":"https:\/\/www.istegroup.com\/fr\/wp-json\/wp\/v2\/product_brand?post=527"},{"taxonomy":"product_cat","embeddable":true,"href":"https:\/\/www.istegroup.com\/fr\/wp-json\/wp\/v2\/product_cat?post=527"},{"taxonomy":"product_tag","embeddable":true,"href":"https:\/\/www.istegroup.com\/fr\/wp-json\/wp\/v2\/product_tag?post=527"}],"curies":[{"name":"wp","href":"https:\/\/api.w.org\/{rel}","templated":true}]}}