{"id":52489,"date":"2023-07-18T11:55:24","date_gmt":"2023-07-18T10:55:24","guid":{"rendered":"https:\/\/www.istegroup.com\/?post_type=product&#038;p=52489"},"modified":"2024-01-03T13:47:55","modified_gmt":"2024-01-03T13:47:55","slug":"technologies-et-societes-africaines-au-temps-des-pandemies","status":"publish","type":"product","link":"https:\/\/www.istegroup.com\/fr\/produit\/technologies-et-societes-africaines-au-temps-des-pandemies\/","title":{"rendered":"Technologies et soci\u00e9t\u00e9s africaines au temps des pand\u00e9mies"},"content":{"rendered":"<p>Cet ouvrage retrace la fa\u00e7on dont certaines soci\u00e9t\u00e9s, de l\u2019Afrique du Nord \u00e0 l\u2019Afrique de l\u2019Ouest, ont fait face \u00e0 la pand\u00e9mie de la Covid-19. Il brosse les portraits de populations qui ont su utiliser les technologies num\u00e9riques pour sensibiliser et informer divers publics par le prisme de l\u2019art, notamment par la musique ou le th\u00e9\u00e2tre, en utilisant le vecteur des r\u00e9seaux sociaux pour r\u00e9inventer une communaut\u00e9, partager la joie, la douleur et rester en contact.<\/p>\n<p>M\u00eame si la pand\u00e9mie a r\u00e9v\u00e9l\u00e9 des difficult\u00e9s dans l\u2019usage des technologies num\u00e9riques, et plus g\u00e9n\u00e9ralement dans leur appropriation comme cela a \u00e9t\u00e9 constat\u00e9 par les universit\u00e9s ou autres lieux de transmission de connaissances, ces technologies ont jou\u00e9 un r\u00f4le central dans la vie quotidienne au plus fort de la crise, aussi bien au niveau sanitaire qu\u2019au niveau des activit\u00e9s \u00e9conomiques, notamment pour le tourisme.<\/p>","protected":false},"excerpt":{"rendered":"<p>Cet ouvrage retrace la fa\u00e7on dont certaines soci\u00e9t\u00e9s, de l\u2019Afrique du Nord \u00e0 l\u2019Afrique de l\u2019Ouest, ont fait face \u00e0 la pand\u00e9mie de la Covid-19. Il brosse les portraits de populations qui ont su utiliser les technologies num\u00e9riques pour sensibiliser et informer divers publics par le prisme de l\u2019art, notamment par la musique ou le [&hellip;]<\/p>\n","protected":false},"featured_media":52499,"template":"","meta":{"_acf_changed":false,"_links_to":"","_links_to_target":""},"product_brand":[],"product_cat":[708],"product_tag":[],"class_list":{"0":"post-52489","1":"product","2":"type-product","3":"status-publish","4":"has-post-thumbnail","6":"product_cat-systmes-et-gnie-industriel-11476925","8":"first","9":"instock","10":"shipping-taxable","11":"purchasable","12":"product-type-variable"},"acf":[],"yoast_head":"<!-- This site is optimized with the Yoast SEO plugin v27.2 - https:\/\/yoast.com\/product\/yoast-seo-wordpress\/ -->\n<title>Technologies et soci\u00e9t\u00e9s africaines au temps des pand\u00e9mies - ISTE Group<\/title>\n<meta name=\"description\" content=\"Cet ouvrage retrace la fa\u00e7on dont certaines soci\u00e9t\u00e9s, de l\u2019Afrique du Nord \u00e0 l\u2019Afrique de l\u2019Ouest, ont fait face \u00e0 la pand\u00e9mie de la Covid-19.\" \/>\n<meta name=\"robots\" content=\"index, follow, max-snippet:-1, max-image-preview:large, max-video-preview:-1\" \/>\n<link rel=\"canonical\" href=\"https:\/\/www.istegroup.com\/fr\/produit\/technologies-et-societes-africaines-au-temps-des-pandemies\/\" \/>\n<meta property=\"og:locale\" content=\"fr_FR\" \/>\n<meta property=\"og:type\" content=\"article\" \/>\n<meta property=\"og:title\" content=\"Technologies et soci\u00e9t\u00e9s africaines au temps des pand\u00e9mies - ISTE Group\" \/>\n<meta property=\"og:description\" content=\"Cet ouvrage retrace la fa\u00e7on dont certaines soci\u00e9t\u00e9s, de l\u2019Afrique du Nord \u00e0 l\u2019Afrique de l\u2019Ouest, ont fait face \u00e0 la pand\u00e9mie de la Covid-19.\" \/>\n<meta property=\"og:url\" content=\"https:\/\/www.istegroup.com\/fr\/produit\/technologies-et-societes-africaines-au-temps-des-pandemies\/\" \/>\n<meta property=\"og:site_name\" content=\"ISTE Group\" \/>\n<meta property=\"article:modified_time\" content=\"2024-01-03T13:47:55+00:00\" \/>\n<meta property=\"og:image\" content=\"https:\/\/www.istegroup.com\/wp-content\/uploads\/2023\/07\/Technologies-et-societes-africaines-au-temps-des-pandemies.jpg\" \/>\n\t<meta property=\"og:image:width\" content=\"597\" \/>\n\t<meta property=\"og:image:height\" content=\"899\" \/>\n\t<meta property=\"og:image:type\" content=\"image\/jpeg\" \/>\n<meta name=\"twitter:card\" content=\"summary_large_image\" \/>\n<meta name=\"twitter:label1\" content=\"Est. reading time\" \/>\n\t<meta name=\"twitter:data1\" content=\"1 minute\" \/>\n<script type=\"application\/ld+json\" class=\"yoast-schema-graph\">{\"@context\":\"https:\/\/schema.org\",\"@graph\":[{\"@type\":\"WebPage\",\"@id\":\"https:\/\/www.istegroup.com\/fr\/produit\/technologies-et-societes-africaines-au-temps-des-pandemies\/\",\"url\":\"https:\/\/www.istegroup.com\/fr\/produit\/technologies-et-societes-africaines-au-temps-des-pandemies\/\",\"name\":\"Technologies et soci\u00e9t\u00e9s africaines au temps des pand\u00e9mies - ISTE Group\",\"isPartOf\":{\"@id\":\"https:\/\/www.istegroup.com\/#website\"},\"primaryImageOfPage\":{\"@id\":\"https:\/\/www.istegroup.com\/fr\/produit\/technologies-et-societes-africaines-au-temps-des-pandemies\/#primaryimage\"},\"image\":{\"@id\":\"https:\/\/www.istegroup.com\/fr\/produit\/technologies-et-societes-africaines-au-temps-des-pandemies\/#primaryimage\"},\"thumbnailUrl\":\"https:\/\/www.istegroup.com\/wp-content\/uploads\/2023\/07\/Technologies-et-societes-africaines-au-temps-des-pandemies.jpg\",\"datePublished\":\"2023-07-18T10:55:24+00:00\",\"dateModified\":\"2024-01-03T13:47:55+00:00\",\"description\":\"Cet ouvrage retrace la fa\u00e7on dont certaines soci\u00e9t\u00e9s, de l\u2019Afrique du Nord \u00e0 l\u2019Afrique de l\u2019Ouest, ont fait face \u00e0 la pand\u00e9mie de la Covid-19.\",\"breadcrumb\":{\"@id\":\"https:\/\/www.istegroup.com\/fr\/produit\/technologies-et-societes-africaines-au-temps-des-pandemies\/#breadcrumb\"},\"inLanguage\":\"fr-FR\",\"potentialAction\":[{\"@type\":\"ReadAction\",\"target\":[\"https:\/\/www.istegroup.com\/fr\/produit\/technologies-et-societes-africaines-au-temps-des-pandemies\/\"]}]},{\"@type\":\"ImageObject\",\"inLanguage\":\"fr-FR\",\"@id\":\"https:\/\/www.istegroup.com\/fr\/produit\/technologies-et-societes-africaines-au-temps-des-pandemies\/#primaryimage\",\"url\":\"https:\/\/www.istegroup.com\/wp-content\/uploads\/2023\/07\/Technologies-et-societes-africaines-au-temps-des-pandemies.jpg\",\"contentUrl\":\"https:\/\/www.istegroup.com\/wp-content\/uploads\/2023\/07\/Technologies-et-societes-africaines-au-temps-des-pandemies.jpg\",\"width\":597,\"height\":899,\"caption\":\"Livre scientifique - Technologies et soci\u00e9t\u00e9s africaines au temps des pand\u00e9mies\"},{\"@type\":\"BreadcrumbList\",\"@id\":\"https:\/\/www.istegroup.com\/fr\/produit\/technologies-et-societes-africaines-au-temps-des-pandemies\/#breadcrumb\",\"itemListElement\":[{\"@type\":\"ListItem\",\"position\":1,\"name\":\"Home\",\"item\":\"https:\/\/www.istegroup.com\/\"},{\"@type\":\"ListItem\",\"position\":2,\"name\":\"Shop\",\"item\":\"https:\/\/www.istegroup.com\/fr\/nouveautes\/\"},{\"@type\":\"ListItem\",\"position\":3,\"name\":\"Technologies et soci\u00e9t\u00e9s africaines au temps des pand\u00e9mies\"}]},{\"@type\":\"WebSite\",\"@id\":\"https:\/\/www.istegroup.com\/#website\",\"url\":\"https:\/\/www.istegroup.com\/\",\"name\":\"ISTE Group\",\"description\":\"\u00c9diteur des Sciences\",\"potentialAction\":[{\"@type\":\"SearchAction\",\"target\":{\"@type\":\"EntryPoint\",\"urlTemplate\":\"https:\/\/www.istegroup.com\/?s={search_term_string}\"},\"query-input\":{\"@type\":\"PropertyValueSpecification\",\"valueRequired\":true,\"valueName\":\"search_term_string\"}}],\"inLanguage\":\"fr-FR\"}]}<\/script>\n<!-- \/ Yoast SEO plugin. -->","yoast_head_json":{"title":"Technologies et soci\u00e9t\u00e9s africaines au temps des pand\u00e9mies - ISTE Group","description":"Cet ouvrage retrace la fa\u00e7on dont certaines soci\u00e9t\u00e9s, de l\u2019Afrique du Nord \u00e0 l\u2019Afrique de l\u2019Ouest, ont fait face \u00e0 la pand\u00e9mie de la Covid-19.","robots":{"index":"index","follow":"follow","max-snippet":"max-snippet:-1","max-image-preview":"max-image-preview:large","max-video-preview":"max-video-preview:-1"},"canonical":"https:\/\/www.istegroup.com\/fr\/produit\/technologies-et-societes-africaines-au-temps-des-pandemies\/","og_locale":"fr_FR","og_type":"article","og_title":"Technologies et soci\u00e9t\u00e9s africaines au temps des pand\u00e9mies - ISTE Group","og_description":"Cet ouvrage retrace la fa\u00e7on dont certaines soci\u00e9t\u00e9s, de l\u2019Afrique du Nord \u00e0 l\u2019Afrique de l\u2019Ouest, ont fait face \u00e0 la pand\u00e9mie de la Covid-19.","og_url":"https:\/\/www.istegroup.com\/fr\/produit\/technologies-et-societes-africaines-au-temps-des-pandemies\/","og_site_name":"ISTE Group","article_modified_time":"2024-01-03T13:47:55+00:00","og_image":[{"width":597,"height":899,"url":"https:\/\/www.istegroup.com\/wp-content\/uploads\/2023\/07\/Technologies-et-societes-africaines-au-temps-des-pandemies.jpg","type":"image\/jpeg"}],"twitter_card":"summary_large_image","twitter_misc":{"Est. reading time":"1 minute"},"schema":{"@context":"https:\/\/schema.org","@graph":[{"@type":"WebPage","@id":"https:\/\/www.istegroup.com\/fr\/produit\/technologies-et-societes-africaines-au-temps-des-pandemies\/","url":"https:\/\/www.istegroup.com\/fr\/produit\/technologies-et-societes-africaines-au-temps-des-pandemies\/","name":"Technologies et soci\u00e9t\u00e9s africaines au temps des pand\u00e9mies - ISTE Group","isPartOf":{"@id":"https:\/\/www.istegroup.com\/#website"},"primaryImageOfPage":{"@id":"https:\/\/www.istegroup.com\/fr\/produit\/technologies-et-societes-africaines-au-temps-des-pandemies\/#primaryimage"},"image":{"@id":"https:\/\/www.istegroup.com\/fr\/produit\/technologies-et-societes-africaines-au-temps-des-pandemies\/#primaryimage"},"thumbnailUrl":"https:\/\/www.istegroup.com\/wp-content\/uploads\/2023\/07\/Technologies-et-societes-africaines-au-temps-des-pandemies.jpg","datePublished":"2023-07-18T10:55:24+00:00","dateModified":"2024-01-03T13:47:55+00:00","description":"Cet ouvrage retrace la fa\u00e7on dont certaines soci\u00e9t\u00e9s, de l\u2019Afrique du Nord \u00e0 l\u2019Afrique de l\u2019Ouest, ont fait face \u00e0 la pand\u00e9mie de la Covid-19.","breadcrumb":{"@id":"https:\/\/www.istegroup.com\/fr\/produit\/technologies-et-societes-africaines-au-temps-des-pandemies\/#breadcrumb"},"inLanguage":"fr-FR","potentialAction":[{"@type":"ReadAction","target":["https:\/\/www.istegroup.com\/fr\/produit\/technologies-et-societes-africaines-au-temps-des-pandemies\/"]}]},{"@type":"ImageObject","inLanguage":"fr-FR","@id":"https:\/\/www.istegroup.com\/fr\/produit\/technologies-et-societes-africaines-au-temps-des-pandemies\/#primaryimage","url":"https:\/\/www.istegroup.com\/wp-content\/uploads\/2023\/07\/Technologies-et-societes-africaines-au-temps-des-pandemies.jpg","contentUrl":"https:\/\/www.istegroup.com\/wp-content\/uploads\/2023\/07\/Technologies-et-societes-africaines-au-temps-des-pandemies.jpg","width":597,"height":899,"caption":"Livre scientifique - Technologies et soci\u00e9t\u00e9s africaines au temps des pand\u00e9mies"},{"@type":"BreadcrumbList","@id":"https:\/\/www.istegroup.com\/fr\/produit\/technologies-et-societes-africaines-au-temps-des-pandemies\/#breadcrumb","itemListElement":[{"@type":"ListItem","position":1,"name":"Home","item":"https:\/\/www.istegroup.com\/"},{"@type":"ListItem","position":2,"name":"Shop","item":"https:\/\/www.istegroup.com\/fr\/nouveautes\/"},{"@type":"ListItem","position":3,"name":"Technologies et soci\u00e9t\u00e9s africaines au temps des pand\u00e9mies"}]},{"@type":"WebSite","@id":"https:\/\/www.istegroup.com\/#website","url":"https:\/\/www.istegroup.com\/","name":"ISTE Group","description":"\u00c9diteur des Sciences","potentialAction":[{"@type":"SearchAction","target":{"@type":"EntryPoint","urlTemplate":"https:\/\/www.istegroup.com\/?s={search_term_string}"},"query-input":{"@type":"PropertyValueSpecification","valueRequired":true,"valueName":"search_term_string"}}],"inLanguage":"fr-FR"}]}},"_links":{"self":[{"href":"https:\/\/www.istegroup.com\/fr\/wp-json\/wp\/v2\/product\/52489","targetHints":{"allow":["GET"]}}],"collection":[{"href":"https:\/\/www.istegroup.com\/fr\/wp-json\/wp\/v2\/product"}],"about":[{"href":"https:\/\/www.istegroup.com\/fr\/wp-json\/wp\/v2\/types\/product"}],"wp:featuredmedia":[{"embeddable":true,"href":"https:\/\/www.istegroup.com\/fr\/wp-json\/wp\/v2\/media\/52499"}],"wp:attachment":[{"href":"https:\/\/www.istegroup.com\/fr\/wp-json\/wp\/v2\/media?parent=52489"}],"wp:term":[{"taxonomy":"product_brand","embeddable":true,"href":"https:\/\/www.istegroup.com\/fr\/wp-json\/wp\/v2\/product_brand?post=52489"},{"taxonomy":"product_cat","embeddable":true,"href":"https:\/\/www.istegroup.com\/fr\/wp-json\/wp\/v2\/product_cat?post=52489"},{"taxonomy":"product_tag","embeddable":true,"href":"https:\/\/www.istegroup.com\/fr\/wp-json\/wp\/v2\/product_tag?post=52489"}],"curies":[{"name":"wp","href":"https:\/\/api.w.org\/{rel}","templated":true}]}}