{"id":52453,"date":"2023-07-19T10:36:32","date_gmt":"2023-07-19T09:36:32","guid":{"rendered":"https:\/\/www.istegroup.com\/?post_type=product&#038;p=52453"},"modified":"2024-02-05T14:02:07","modified_gmt":"2024-02-05T14:02:07","slug":"modes-de-production-des-savoirs-entre-science-et-applications-1","status":"publish","type":"product","link":"https:\/\/www.istegroup.com\/fr\/produit\/modes-de-production-des-savoirs-entre-science-et-applications-1\/","title":{"rendered":"Modes de production des savoirs entre science et applications 1"},"content":{"rendered":"<p>Inventer n\u2019est pas une chose facile ! L\u2019auteur identifie dans cet ouvrage 12 \u00ab vall\u00e9es de la mort \u00bb qui, dans une approche lin\u00e9aire, correspondent \u00e0 des freins divers qui limitent les diff\u00e9rents passages de l\u2019id\u00e9e originale \u00e0 l\u2019invention, puis \u00e0 l\u2019innovation industrielle. Ces diff\u00e9rents \u00e9l\u00e9ments limitants ont des origines diverses : formation scientifique disciplinaris\u00e9e, faiblesse de la culture g\u00e9n\u00e9rale et scientifique, <em>New Public Management<\/em>, soutiens hi\u00e9rarchiques, financements, \u00e9valuation, r\u00e9alisation de preuves de concepts, gestion de la complexit\u00e9, approches heuristiques et interdisciplinaires d\u2019un c\u00f4t\u00e9 et attractivit\u00e9s pour le nouveau de l\u2019autre.<\/p>\n<p>Ces contextes mettent en jeu, apr\u00e8s l\u2019id\u00e9e heureuse, des petits bouts de science(s), mais surtout des aspects humains allant de la motivation, de la qualit\u00e9 des \u00e9changes \u00e0 la responsabilit\u00e9, bref d\u2019un possible bien vivre ensemble dynamique pour promouvoir des innovations issues de la science. C\u2019est donc difficile, mais si l\u2019invention est profitable pour la soci\u00e9t\u00e9, le secteur aval peut fortement fluidifier les diff\u00e9rentes \u00e9tapes de valorisation.<\/p>","protected":false},"excerpt":{"rendered":"<p>Inventer n\u2019est pas une chose facile ! L\u2019auteur identifie dans cet ouvrage 12 \u00ab vall\u00e9es de la mort \u00bb qui, dans une approche lin\u00e9aire, correspondent \u00e0 des freins divers qui limitent les diff\u00e9rents passages de l\u2019id\u00e9e originale \u00e0 l\u2019invention, puis \u00e0 l\u2019innovation industrielle. Ces diff\u00e9rents \u00e9l\u00e9ments limitants ont des origines diverses : formation scientifique disciplinaris\u00e9e, [&hellip;]<\/p>\n","protected":false},"featured_media":52458,"template":"","meta":{"_acf_changed":false,"_links_to":"","_links_to_target":""},"product_brand":[],"product_cat":[708],"product_tag":[],"class_list":{"0":"post-52453","1":"product","2":"type-product","3":"status-publish","4":"has-post-thumbnail","6":"product_cat-systmes-et-gnie-industriel-11476925","8":"first","9":"instock","10":"shipping-taxable","11":"purchasable","12":"product-type-variable"},"acf":[],"yoast_head":"<!-- This site is optimized with the Yoast SEO plugin v27.2 - https:\/\/yoast.com\/product\/yoast-seo-wordpress\/ -->\n<title>Modes de production des savoirs entre science et applications 1 - ISTE Group<\/title>\n<meta name=\"description\" content=\"L\u2019auteur identifie dans cet ouvrage 12 \u00ab vall\u00e9es de la mort \u00bb qui, dans une approche lin\u00e9aire, correspondent \u00e0 des freins divers qui limitent les diff\u00e9rents passages de l\u2019id\u00e9e originale \u00e0 l\u2019invention, puis \u00e0 l\u2019innovation industrielle.\" \/>\n<meta name=\"robots\" content=\"index, follow, max-snippet:-1, max-image-preview:large, max-video-preview:-1\" \/>\n<link rel=\"canonical\" href=\"https:\/\/www.istegroup.com\/fr\/produit\/modes-de-production-des-savoirs-entre-science-et-applications-1\/\" \/>\n<meta property=\"og:locale\" content=\"fr_FR\" \/>\n<meta property=\"og:type\" content=\"article\" \/>\n<meta property=\"og:title\" content=\"Modes de production des savoirs entre science et applications 1 - ISTE Group\" \/>\n<meta property=\"og:description\" content=\"L\u2019auteur identifie dans cet ouvrage 12 \u00ab vall\u00e9es de la mort \u00bb qui, dans une approche lin\u00e9aire, correspondent \u00e0 des freins divers qui limitent les diff\u00e9rents passages de l\u2019id\u00e9e originale \u00e0 l\u2019invention, puis \u00e0 l\u2019innovation industrielle.\" \/>\n<meta property=\"og:url\" content=\"https:\/\/www.istegroup.com\/fr\/produit\/modes-de-production-des-savoirs-entre-science-et-applications-1\/\" \/>\n<meta property=\"og:site_name\" content=\"ISTE Group\" \/>\n<meta property=\"article:modified_time\" content=\"2024-02-05T14:02:07+00:00\" \/>\n<meta property=\"og:image\" content=\"https:\/\/www.istegroup.com\/wp-content\/uploads\/2023\/07\/Modes-de-production-des-savoirs-entre-science-et-applications-1.jpg\" \/>\n\t<meta property=\"og:image:width\" content=\"597\" \/>\n\t<meta property=\"og:image:height\" content=\"900\" \/>\n\t<meta property=\"og:image:type\" content=\"image\/jpeg\" \/>\n<meta name=\"twitter:card\" content=\"summary_large_image\" \/>\n<meta name=\"twitter:label1\" content=\"Est. reading time\" \/>\n\t<meta name=\"twitter:data1\" content=\"1 minute\" \/>\n<script type=\"application\/ld+json\" class=\"yoast-schema-graph\">{\"@context\":\"https:\/\/schema.org\",\"@graph\":[{\"@type\":\"WebPage\",\"@id\":\"https:\/\/www.istegroup.com\/fr\/produit\/modes-de-production-des-savoirs-entre-science-et-applications-1\/\",\"url\":\"https:\/\/www.istegroup.com\/fr\/produit\/modes-de-production-des-savoirs-entre-science-et-applications-1\/\",\"name\":\"Modes de production des savoirs entre science et applications 1 - ISTE Group\",\"isPartOf\":{\"@id\":\"https:\/\/www.istegroup.com\/#website\"},\"primaryImageOfPage\":{\"@id\":\"https:\/\/www.istegroup.com\/fr\/produit\/modes-de-production-des-savoirs-entre-science-et-applications-1\/#primaryimage\"},\"image\":{\"@id\":\"https:\/\/www.istegroup.com\/fr\/produit\/modes-de-production-des-savoirs-entre-science-et-applications-1\/#primaryimage\"},\"thumbnailUrl\":\"https:\/\/www.istegroup.com\/wp-content\/uploads\/2023\/07\/Modes-de-production-des-savoirs-entre-science-et-applications-1.jpg\",\"datePublished\":\"2023-07-19T09:36:32+00:00\",\"dateModified\":\"2024-02-05T14:02:07+00:00\",\"description\":\"L\u2019auteur identifie dans cet ouvrage 12 \u00ab vall\u00e9es de la mort \u00bb qui, dans une approche lin\u00e9aire, correspondent \u00e0 des freins divers qui limitent les diff\u00e9rents passages de l\u2019id\u00e9e originale \u00e0 l\u2019invention, puis \u00e0 l\u2019innovation industrielle.\",\"breadcrumb\":{\"@id\":\"https:\/\/www.istegroup.com\/fr\/produit\/modes-de-production-des-savoirs-entre-science-et-applications-1\/#breadcrumb\"},\"inLanguage\":\"fr-FR\",\"potentialAction\":[{\"@type\":\"ReadAction\",\"target\":[\"https:\/\/www.istegroup.com\/fr\/produit\/modes-de-production-des-savoirs-entre-science-et-applications-1\/\"]}]},{\"@type\":\"ImageObject\",\"inLanguage\":\"fr-FR\",\"@id\":\"https:\/\/www.istegroup.com\/fr\/produit\/modes-de-production-des-savoirs-entre-science-et-applications-1\/#primaryimage\",\"url\":\"https:\/\/www.istegroup.com\/wp-content\/uploads\/2023\/07\/Modes-de-production-des-savoirs-entre-science-et-applications-1.jpg\",\"contentUrl\":\"https:\/\/www.istegroup.com\/wp-content\/uploads\/2023\/07\/Modes-de-production-des-savoirs-entre-science-et-applications-1.jpg\",\"width\":597,\"height\":900,\"caption\":\"Livre scientifique - Modes de production des savoirs entre science et applications 1\"},{\"@type\":\"BreadcrumbList\",\"@id\":\"https:\/\/www.istegroup.com\/fr\/produit\/modes-de-production-des-savoirs-entre-science-et-applications-1\/#breadcrumb\",\"itemListElement\":[{\"@type\":\"ListItem\",\"position\":1,\"name\":\"Home\",\"item\":\"https:\/\/www.istegroup.com\/\"},{\"@type\":\"ListItem\",\"position\":2,\"name\":\"Shop\",\"item\":\"https:\/\/www.istegroup.com\/fr\/nouveautes\/\"},{\"@type\":\"ListItem\",\"position\":3,\"name\":\"Modes de production des savoirs entre science et applications 1\"}]},{\"@type\":\"WebSite\",\"@id\":\"https:\/\/www.istegroup.com\/#website\",\"url\":\"https:\/\/www.istegroup.com\/\",\"name\":\"ISTE Group\",\"description\":\"\u00c9diteur des Sciences\",\"potentialAction\":[{\"@type\":\"SearchAction\",\"target\":{\"@type\":\"EntryPoint\",\"urlTemplate\":\"https:\/\/www.istegroup.com\/?s={search_term_string}\"},\"query-input\":{\"@type\":\"PropertyValueSpecification\",\"valueRequired\":true,\"valueName\":\"search_term_string\"}}],\"inLanguage\":\"fr-FR\"}]}<\/script>\n<!-- \/ Yoast SEO plugin. -->","yoast_head_json":{"title":"Modes de production des savoirs entre science et applications 1 - ISTE Group","description":"L\u2019auteur identifie dans cet ouvrage 12 \u00ab vall\u00e9es de la mort \u00bb qui, dans une approche lin\u00e9aire, correspondent \u00e0 des freins divers qui limitent les diff\u00e9rents passages de l\u2019id\u00e9e originale \u00e0 l\u2019invention, puis \u00e0 l\u2019innovation industrielle.","robots":{"index":"index","follow":"follow","max-snippet":"max-snippet:-1","max-image-preview":"max-image-preview:large","max-video-preview":"max-video-preview:-1"},"canonical":"https:\/\/www.istegroup.com\/fr\/produit\/modes-de-production-des-savoirs-entre-science-et-applications-1\/","og_locale":"fr_FR","og_type":"article","og_title":"Modes de production des savoirs entre science et applications 1 - ISTE Group","og_description":"L\u2019auteur identifie dans cet ouvrage 12 \u00ab vall\u00e9es de la mort \u00bb qui, dans une approche lin\u00e9aire, correspondent \u00e0 des freins divers qui limitent les diff\u00e9rents passages de l\u2019id\u00e9e originale \u00e0 l\u2019invention, puis \u00e0 l\u2019innovation industrielle.","og_url":"https:\/\/www.istegroup.com\/fr\/produit\/modes-de-production-des-savoirs-entre-science-et-applications-1\/","og_site_name":"ISTE Group","article_modified_time":"2024-02-05T14:02:07+00:00","og_image":[{"width":597,"height":900,"url":"https:\/\/www.istegroup.com\/wp-content\/uploads\/2023\/07\/Modes-de-production-des-savoirs-entre-science-et-applications-1.jpg","type":"image\/jpeg"}],"twitter_card":"summary_large_image","twitter_misc":{"Est. reading time":"1 minute"},"schema":{"@context":"https:\/\/schema.org","@graph":[{"@type":"WebPage","@id":"https:\/\/www.istegroup.com\/fr\/produit\/modes-de-production-des-savoirs-entre-science-et-applications-1\/","url":"https:\/\/www.istegroup.com\/fr\/produit\/modes-de-production-des-savoirs-entre-science-et-applications-1\/","name":"Modes de production des savoirs entre science et applications 1 - ISTE Group","isPartOf":{"@id":"https:\/\/www.istegroup.com\/#website"},"primaryImageOfPage":{"@id":"https:\/\/www.istegroup.com\/fr\/produit\/modes-de-production-des-savoirs-entre-science-et-applications-1\/#primaryimage"},"image":{"@id":"https:\/\/www.istegroup.com\/fr\/produit\/modes-de-production-des-savoirs-entre-science-et-applications-1\/#primaryimage"},"thumbnailUrl":"https:\/\/www.istegroup.com\/wp-content\/uploads\/2023\/07\/Modes-de-production-des-savoirs-entre-science-et-applications-1.jpg","datePublished":"2023-07-19T09:36:32+00:00","dateModified":"2024-02-05T14:02:07+00:00","description":"L\u2019auteur identifie dans cet ouvrage 12 \u00ab vall\u00e9es de la mort \u00bb qui, dans une approche lin\u00e9aire, correspondent \u00e0 des freins divers qui limitent les diff\u00e9rents passages de l\u2019id\u00e9e originale \u00e0 l\u2019invention, puis \u00e0 l\u2019innovation industrielle.","breadcrumb":{"@id":"https:\/\/www.istegroup.com\/fr\/produit\/modes-de-production-des-savoirs-entre-science-et-applications-1\/#breadcrumb"},"inLanguage":"fr-FR","potentialAction":[{"@type":"ReadAction","target":["https:\/\/www.istegroup.com\/fr\/produit\/modes-de-production-des-savoirs-entre-science-et-applications-1\/"]}]},{"@type":"ImageObject","inLanguage":"fr-FR","@id":"https:\/\/www.istegroup.com\/fr\/produit\/modes-de-production-des-savoirs-entre-science-et-applications-1\/#primaryimage","url":"https:\/\/www.istegroup.com\/wp-content\/uploads\/2023\/07\/Modes-de-production-des-savoirs-entre-science-et-applications-1.jpg","contentUrl":"https:\/\/www.istegroup.com\/wp-content\/uploads\/2023\/07\/Modes-de-production-des-savoirs-entre-science-et-applications-1.jpg","width":597,"height":900,"caption":"Livre scientifique - Modes de production des savoirs entre science et applications 1"},{"@type":"BreadcrumbList","@id":"https:\/\/www.istegroup.com\/fr\/produit\/modes-de-production-des-savoirs-entre-science-et-applications-1\/#breadcrumb","itemListElement":[{"@type":"ListItem","position":1,"name":"Home","item":"https:\/\/www.istegroup.com\/"},{"@type":"ListItem","position":2,"name":"Shop","item":"https:\/\/www.istegroup.com\/fr\/nouveautes\/"},{"@type":"ListItem","position":3,"name":"Modes de production des savoirs entre science et applications 1"}]},{"@type":"WebSite","@id":"https:\/\/www.istegroup.com\/#website","url":"https:\/\/www.istegroup.com\/","name":"ISTE Group","description":"\u00c9diteur des Sciences","potentialAction":[{"@type":"SearchAction","target":{"@type":"EntryPoint","urlTemplate":"https:\/\/www.istegroup.com\/?s={search_term_string}"},"query-input":{"@type":"PropertyValueSpecification","valueRequired":true,"valueName":"search_term_string"}}],"inLanguage":"fr-FR"}]}},"_links":{"self":[{"href":"https:\/\/www.istegroup.com\/fr\/wp-json\/wp\/v2\/product\/52453","targetHints":{"allow":["GET"]}}],"collection":[{"href":"https:\/\/www.istegroup.com\/fr\/wp-json\/wp\/v2\/product"}],"about":[{"href":"https:\/\/www.istegroup.com\/fr\/wp-json\/wp\/v2\/types\/product"}],"wp:featuredmedia":[{"embeddable":true,"href":"https:\/\/www.istegroup.com\/fr\/wp-json\/wp\/v2\/media\/52458"}],"wp:attachment":[{"href":"https:\/\/www.istegroup.com\/fr\/wp-json\/wp\/v2\/media?parent=52453"}],"wp:term":[{"taxonomy":"product_brand","embeddable":true,"href":"https:\/\/www.istegroup.com\/fr\/wp-json\/wp\/v2\/product_brand?post=52453"},{"taxonomy":"product_cat","embeddable":true,"href":"https:\/\/www.istegroup.com\/fr\/wp-json\/wp\/v2\/product_cat?post=52453"},{"taxonomy":"product_tag","embeddable":true,"href":"https:\/\/www.istegroup.com\/fr\/wp-json\/wp\/v2\/product_tag?post=52453"}],"curies":[{"name":"wp","href":"https:\/\/api.w.org\/{rel}","templated":true}]}}