{"id":52448,"date":"2023-07-18T15:21:54","date_gmt":"2023-07-18T14:21:54","guid":{"rendered":"https:\/\/www.istegroup.com\/?post_type=product&#038;p=52448"},"modified":"2025-02-07T13:17:00","modified_gmt":"2025-02-07T13:17:00","slug":"deliberation-responsable-entre-conversation-et-consideration","status":"publish","type":"product","link":"https:\/\/www.istegroup.com\/fr\/produit\/deliberation-responsable-entre-conversation-et-consideration\/","title":{"rendered":"D\u00e9lib\u00e9ration responsable entre conversation et consid\u00e9ration"},"content":{"rendered":"<p>La d\u00e9mocratie est menac\u00e9e par la critique d\u00e9fiante. Des innovations r\u00e9centes et de grande ampleur incluent des citoyens tir\u00e9s au sort et des experts pour y faire face et visent de grands d\u00e9fis comme la transition \u00e9cologique ou l\u2019avenir de l\u2019Europe. Ces nouvelles pratiques sont exploit\u00e9es ici pour r\u00e9soudre certains probl\u00e8mes th\u00e9oriques et pour les rendre pleinement d\u00e9lib\u00e9ratives et responsables.<\/p>\n<p><em>D\u00e9lib\u00e9ration responsable entre conversation et consid\u00e9ration<\/em> \u00e9claire les mani\u00e8res dont on communique publiquement les responsabilit\u00e9s en revenant aux questions fondamentales \u00e0 m\u00eame de d\u00e9crire leur contexte. L\u2019ouvrage explore les compl\u00e9mentarit\u00e9s de la narration, l\u2019interpr\u00e9tation et l\u2019argumentation. Il revisite la rh\u00e9torique qui fut invent\u00e9e pour faire face \u00e0 la complexification d\u00e9mocratique.<\/p>\n<p>Ces ressources communicationnelles se d\u00e9ploient dans la \u00ab conversation \u00bb, propice \u00e0 la prise de risque, \u00e0 l\u2019oralit\u00e9 et \u00e0 l\u2019improvisation ; dans la \u00ab d\u00e9lib\u00e9ration \u00bb, \u00e0 m\u00eame de traiter par l\u2019enqu\u00eate argument\u00e9e les d\u00e9saccords et les incertitudes ; et dans la \u00ab consid\u00e9ration \u00bb, attentive aux partenaires de la discussion, aux absents et \u00e0 toutes les dimensions d\u2019un examen pour un jugement tout bien consid\u00e9r\u00e9.<\/p>","protected":false},"excerpt":{"rendered":"<p>La d\u00e9mocratie est menac\u00e9e par la critique d\u00e9fiante. Des innovations r\u00e9centes et de grande ampleur incluent des citoyens tir\u00e9s au sort et des experts pour y faire face et visent de grands d\u00e9fis comme la transition \u00e9cologique ou l\u2019avenir de l\u2019Europe. Ces nouvelles pratiques sont exploit\u00e9es ici pour r\u00e9soudre certains probl\u00e8mes th\u00e9oriques et pour les [&hellip;]<\/p>\n","protected":false},"featured_media":52452,"template":"","meta":{"_acf_changed":false,"_links_to":"","_links_to_target":""},"product_brand":[],"product_cat":[3262],"product_tag":[],"class_list":{"0":"post-52448","1":"product","2":"type-product","3":"status-publish","4":"has-post-thumbnail","6":"product_cat-non-classe","8":"first","9":"instock","10":"shipping-taxable","11":"purchasable","12":"product-type-variable"},"acf":[],"yoast_head":"<!-- This site is optimized with the Yoast SEO plugin v27.2 - https:\/\/yoast.com\/product\/yoast-seo-wordpress\/ -->\n<title>D\u00e9lib\u00e9ration responsable entre conversation et consid\u00e9ration - ISTE Group<\/title>\n<meta name=\"description\" content=\"D\u00e9lib\u00e9ration responsable entre conversation et consid\u00e9ration \u00e9claire les mani\u00e8res dont on communique publiquement les responsabilit\u00e9s en revenant aux questions fondamentales \u00e0 m\u00eame de d\u00e9crire leur contexte.\" \/>\n<meta name=\"robots\" content=\"index, follow, max-snippet:-1, max-image-preview:large, max-video-preview:-1\" \/>\n<link rel=\"canonical\" href=\"https:\/\/www.istegroup.com\/produit\/deliberation-responsable-entre-conversation-et-consideration\/\" \/>\n<meta property=\"og:locale\" content=\"fr_FR\" \/>\n<meta property=\"og:type\" content=\"article\" \/>\n<meta property=\"og:title\" content=\"D\u00e9lib\u00e9ration responsable entre conversation et consid\u00e9ration - ISTE Group\" \/>\n<meta property=\"og:description\" content=\"D\u00e9lib\u00e9ration responsable entre conversation et consid\u00e9ration \u00e9claire les mani\u00e8res dont on communique publiquement les responsabilit\u00e9s en revenant aux questions fondamentales \u00e0 m\u00eame de d\u00e9crire leur contexte.\" \/>\n<meta property=\"og:url\" content=\"https:\/\/www.istegroup.com\/produit\/deliberation-responsable-entre-conversation-et-consideration\/\" \/>\n<meta property=\"og:site_name\" content=\"ISTE Group\" \/>\n<meta property=\"article:modified_time\" content=\"2025-02-07T13:17:00+00:00\" \/>\n<meta property=\"og:image\" content=\"https:\/\/www.istegroup.com\/wp-content\/uploads\/2023\/07\/Deliberation-responsable-entre-conversation-et-consideration.jpg\" \/>\n\t<meta property=\"og:image:width\" content=\"596\" \/>\n\t<meta property=\"og:image:height\" content=\"899\" \/>\n\t<meta property=\"og:image:type\" content=\"image\/jpeg\" \/>\n<meta name=\"twitter:card\" content=\"summary_large_image\" \/>\n<meta name=\"twitter:label1\" content=\"Est. reading time\" \/>\n\t<meta name=\"twitter:data1\" content=\"2 minutes\" \/>\n<script type=\"application\/ld+json\" class=\"yoast-schema-graph\">{\"@context\":\"https:\/\/schema.org\",\"@graph\":[{\"@type\":\"WebPage\",\"@id\":\"https:\/\/www.istegroup.com\/produit\/deliberation-responsable-entre-conversation-et-consideration\/\",\"url\":\"https:\/\/www.istegroup.com\/produit\/deliberation-responsable-entre-conversation-et-consideration\/\",\"name\":\"D\u00e9lib\u00e9ration responsable entre conversation et consid\u00e9ration - ISTE Group\",\"isPartOf\":{\"@id\":\"https:\/\/www.istegroup.com\/#website\"},\"primaryImageOfPage\":{\"@id\":\"https:\/\/www.istegroup.com\/produit\/deliberation-responsable-entre-conversation-et-consideration\/#primaryimage\"},\"image\":{\"@id\":\"https:\/\/www.istegroup.com\/produit\/deliberation-responsable-entre-conversation-et-consideration\/#primaryimage\"},\"thumbnailUrl\":\"https:\/\/www.istegroup.com\/wp-content\/uploads\/2023\/07\/Deliberation-responsable-entre-conversation-et-consideration.jpg\",\"datePublished\":\"2023-07-18T14:21:54+00:00\",\"dateModified\":\"2025-02-07T13:17:00+00:00\",\"description\":\"D\u00e9lib\u00e9ration responsable entre conversation et consid\u00e9ration \u00e9claire les mani\u00e8res dont on communique publiquement les responsabilit\u00e9s en revenant aux questions fondamentales \u00e0 m\u00eame de d\u00e9crire leur contexte.\",\"breadcrumb\":{\"@id\":\"https:\/\/www.istegroup.com\/produit\/deliberation-responsable-entre-conversation-et-consideration\/#breadcrumb\"},\"inLanguage\":\"fr-FR\",\"potentialAction\":[{\"@type\":\"ReadAction\",\"target\":[\"https:\/\/www.istegroup.com\/produit\/deliberation-responsable-entre-conversation-et-consideration\/\"]}]},{\"@type\":\"ImageObject\",\"inLanguage\":\"fr-FR\",\"@id\":\"https:\/\/www.istegroup.com\/produit\/deliberation-responsable-entre-conversation-et-consideration\/#primaryimage\",\"url\":\"https:\/\/www.istegroup.com\/wp-content\/uploads\/2023\/07\/Deliberation-responsable-entre-conversation-et-consideration.jpg\",\"contentUrl\":\"https:\/\/www.istegroup.com\/wp-content\/uploads\/2023\/07\/Deliberation-responsable-entre-conversation-et-consideration.jpg\",\"width\":596,\"height\":899,\"caption\":\"Livre scientifique - D\u00e9lib\u00e9ration responsable entre conversation et consid\u00e9ration\"},{\"@type\":\"BreadcrumbList\",\"@id\":\"https:\/\/www.istegroup.com\/produit\/deliberation-responsable-entre-conversation-et-consideration\/#breadcrumb\",\"itemListElement\":[{\"@type\":\"ListItem\",\"position\":1,\"name\":\"Home\",\"item\":\"https:\/\/www.istegroup.com\/\"},{\"@type\":\"ListItem\",\"position\":2,\"name\":\"Shop\",\"item\":\"https:\/\/www.istegroup.com\/fr\/nouveautes\/\"},{\"@type\":\"ListItem\",\"position\":3,\"name\":\"D\u00e9lib\u00e9ration responsable entre conversation et consid\u00e9ration\"}]},{\"@type\":\"WebSite\",\"@id\":\"https:\/\/www.istegroup.com\/#website\",\"url\":\"https:\/\/www.istegroup.com\/\",\"name\":\"ISTE Group\",\"description\":\"\u00c9diteur des Sciences\",\"potentialAction\":[{\"@type\":\"SearchAction\",\"target\":{\"@type\":\"EntryPoint\",\"urlTemplate\":\"https:\/\/www.istegroup.com\/?s={search_term_string}\"},\"query-input\":{\"@type\":\"PropertyValueSpecification\",\"valueRequired\":true,\"valueName\":\"search_term_string\"}}],\"inLanguage\":\"fr-FR\"}]}<\/script>\n<!-- \/ Yoast SEO plugin. -->","yoast_head_json":{"title":"D\u00e9lib\u00e9ration responsable entre conversation et consid\u00e9ration - ISTE Group","description":"D\u00e9lib\u00e9ration responsable entre conversation et consid\u00e9ration \u00e9claire les mani\u00e8res dont on communique publiquement les responsabilit\u00e9s en revenant aux questions fondamentales \u00e0 m\u00eame de d\u00e9crire leur contexte.","robots":{"index":"index","follow":"follow","max-snippet":"max-snippet:-1","max-image-preview":"max-image-preview:large","max-video-preview":"max-video-preview:-1"},"canonical":"https:\/\/www.istegroup.com\/produit\/deliberation-responsable-entre-conversation-et-consideration\/","og_locale":"fr_FR","og_type":"article","og_title":"D\u00e9lib\u00e9ration responsable entre conversation et consid\u00e9ration - ISTE Group","og_description":"D\u00e9lib\u00e9ration responsable entre conversation et consid\u00e9ration \u00e9claire les mani\u00e8res dont on communique publiquement les responsabilit\u00e9s en revenant aux questions fondamentales \u00e0 m\u00eame de d\u00e9crire leur contexte.","og_url":"https:\/\/www.istegroup.com\/produit\/deliberation-responsable-entre-conversation-et-consideration\/","og_site_name":"ISTE Group","article_modified_time":"2025-02-07T13:17:00+00:00","og_image":[{"width":596,"height":899,"url":"https:\/\/www.istegroup.com\/wp-content\/uploads\/2023\/07\/Deliberation-responsable-entre-conversation-et-consideration.jpg","type":"image\/jpeg"}],"twitter_card":"summary_large_image","twitter_misc":{"Est. reading time":"2 minutes"},"schema":{"@context":"https:\/\/schema.org","@graph":[{"@type":"WebPage","@id":"https:\/\/www.istegroup.com\/produit\/deliberation-responsable-entre-conversation-et-consideration\/","url":"https:\/\/www.istegroup.com\/produit\/deliberation-responsable-entre-conversation-et-consideration\/","name":"D\u00e9lib\u00e9ration responsable entre conversation et consid\u00e9ration - ISTE Group","isPartOf":{"@id":"https:\/\/www.istegroup.com\/#website"},"primaryImageOfPage":{"@id":"https:\/\/www.istegroup.com\/produit\/deliberation-responsable-entre-conversation-et-consideration\/#primaryimage"},"image":{"@id":"https:\/\/www.istegroup.com\/produit\/deliberation-responsable-entre-conversation-et-consideration\/#primaryimage"},"thumbnailUrl":"https:\/\/www.istegroup.com\/wp-content\/uploads\/2023\/07\/Deliberation-responsable-entre-conversation-et-consideration.jpg","datePublished":"2023-07-18T14:21:54+00:00","dateModified":"2025-02-07T13:17:00+00:00","description":"D\u00e9lib\u00e9ration responsable entre conversation et consid\u00e9ration \u00e9claire les mani\u00e8res dont on communique publiquement les responsabilit\u00e9s en revenant aux questions fondamentales \u00e0 m\u00eame de d\u00e9crire leur contexte.","breadcrumb":{"@id":"https:\/\/www.istegroup.com\/produit\/deliberation-responsable-entre-conversation-et-consideration\/#breadcrumb"},"inLanguage":"fr-FR","potentialAction":[{"@type":"ReadAction","target":["https:\/\/www.istegroup.com\/produit\/deliberation-responsable-entre-conversation-et-consideration\/"]}]},{"@type":"ImageObject","inLanguage":"fr-FR","@id":"https:\/\/www.istegroup.com\/produit\/deliberation-responsable-entre-conversation-et-consideration\/#primaryimage","url":"https:\/\/www.istegroup.com\/wp-content\/uploads\/2023\/07\/Deliberation-responsable-entre-conversation-et-consideration.jpg","contentUrl":"https:\/\/www.istegroup.com\/wp-content\/uploads\/2023\/07\/Deliberation-responsable-entre-conversation-et-consideration.jpg","width":596,"height":899,"caption":"Livre scientifique - D\u00e9lib\u00e9ration responsable entre conversation et consid\u00e9ration"},{"@type":"BreadcrumbList","@id":"https:\/\/www.istegroup.com\/produit\/deliberation-responsable-entre-conversation-et-consideration\/#breadcrumb","itemListElement":[{"@type":"ListItem","position":1,"name":"Home","item":"https:\/\/www.istegroup.com\/"},{"@type":"ListItem","position":2,"name":"Shop","item":"https:\/\/www.istegroup.com\/fr\/nouveautes\/"},{"@type":"ListItem","position":3,"name":"D\u00e9lib\u00e9ration responsable entre conversation et consid\u00e9ration"}]},{"@type":"WebSite","@id":"https:\/\/www.istegroup.com\/#website","url":"https:\/\/www.istegroup.com\/","name":"ISTE Group","description":"\u00c9diteur des Sciences","potentialAction":[{"@type":"SearchAction","target":{"@type":"EntryPoint","urlTemplate":"https:\/\/www.istegroup.com\/?s={search_term_string}"},"query-input":{"@type":"PropertyValueSpecification","valueRequired":true,"valueName":"search_term_string"}}],"inLanguage":"fr-FR"}]}},"_links":{"self":[{"href":"https:\/\/www.istegroup.com\/fr\/wp-json\/wp\/v2\/product\/52448","targetHints":{"allow":["GET"]}}],"collection":[{"href":"https:\/\/www.istegroup.com\/fr\/wp-json\/wp\/v2\/product"}],"about":[{"href":"https:\/\/www.istegroup.com\/fr\/wp-json\/wp\/v2\/types\/product"}],"wp:featuredmedia":[{"embeddable":true,"href":"https:\/\/www.istegroup.com\/fr\/wp-json\/wp\/v2\/media\/52452"}],"wp:attachment":[{"href":"https:\/\/www.istegroup.com\/fr\/wp-json\/wp\/v2\/media?parent=52448"}],"wp:term":[{"taxonomy":"product_brand","embeddable":true,"href":"https:\/\/www.istegroup.com\/fr\/wp-json\/wp\/v2\/product_brand?post=52448"},{"taxonomy":"product_cat","embeddable":true,"href":"https:\/\/www.istegroup.com\/fr\/wp-json\/wp\/v2\/product_cat?post=52448"},{"taxonomy":"product_tag","embeddable":true,"href":"https:\/\/www.istegroup.com\/fr\/wp-json\/wp\/v2\/product_tag?post=52448"}],"curies":[{"name":"wp","href":"https:\/\/api.w.org\/{rel}","templated":true}]}}