{"id":523,"date":"2017-07-28T14:59:57","date_gmt":"2017-07-28T12:59:57","guid":{"rendered":"https:\/\/iste.yhello.co\/product\/numerisation-3d-de-batiments\/"},"modified":"2024-01-03T13:40:26","modified_gmt":"2024-01-03T13:40:26","slug":"numerisation-3d-de-batiments","status":"publish","type":"product","link":"https:\/\/www.istegroup.com\/fr\/produit\/numerisation-3d-de-batiments\/","title":{"rendered":"Num\u00e9risation 3D de b\u00e2timents"},"content":{"rendered":"<p>Les bases de donn\u00e9es topographiques classiques, obtenues par images a\u00e9riennes ou spatiales, fournissent une mod\u00e9lisation 3D simplifi\u00e9e de notre environnement urbain. Elles r\u00e9pondent aux besoins de nombreuses applications, comme l\u2019am\u00e9nagement, la pr\u00e9vention des risques ou la gestion de la mobilit\u00e9.<\/p>\n<p>Pourtant, lorsqu&rsquo;il s&rsquo;agit de repr\u00e9senter et d&rsquo;analyser des sites plus complexes (monuments, ouvrages d&rsquo;art, sites arch\u00e9ologiques, etc.), elles ne suffisent plus et d\u2019autres moyens d\u2019acquisition et de traitement doivent \u00eatre mis en \u0153uvre.\u00a0<em>Num\u00e9risation 3D de b\u00e2timents<\/em>\u00a0a pour objet l\u2019\u00e9tude des moyens de lev\u00e9 adapt\u00e9s aux \u00e9difices remarquables pour en restituer les formes avec un niveau de d\u00e9tail optimal. Les m\u00e9thodes d\u00e9crites dans cet ouvrage vont de la lasergramm\u00e9trie aux techniques modernes de corr\u00e9lation dense, en passant par la photogramm\u00e9trie traditionnelle. Elles sont appel\u00e9es \u00e0 prendre le relais des techniques habituellement mises en \u0153uvre pour la r\u00e9alisation des bases de donn\u00e9es topographiques, dans le cas de commandes sp\u00e9cifiques, comme la description du relief des fa\u00e7ades et le relev\u00e9 3D complet (int\u00e9rieur et ext\u00e9rieur) d\u2019un monument.<\/p>\n","protected":false},"excerpt":{"rendered":"<p>Les bases de donn\u00e9es topographiques classiques, obtenues par images a\u00e9riennes ou spatiales, fournissent une mod\u00e9lisation 3D simplifi\u00e9e de notre environnement urbain. Elles r\u00e9pondent aux besoins de nombreuses applications, comme l\u2019am\u00e9nagement, la pr\u00e9vention des risques ou la gestion de la mobilit\u00e9. Pourtant, lorsqu&rsquo;il s&rsquo;agit de repr\u00e9senter et d&rsquo;analyser des sites plus complexes (monuments, ouvrages d&rsquo;art, sites [&hellip;]<\/p>\n","protected":false},"featured_media":524,"template":"","meta":{"_acf_changed":false,"_links_to":"","_links_to_target":""},"product_brand":[],"product_cat":[707],"product_tag":[1996,31,196,1997,197,198,199,21,200,22,201,1998,1999,203,204,63,25,172,209,324,292,2000,2001,2002,212,38,192,145,28,2003,2004,253],"class_list":{"0":"post-523","1":"product","2":"type-product","3":"status-publish","4":"has-post-thumbnail","6":"product_cat-systmes-dinformation-web-et-socit-12506570","7":"product_tag-3d","8":"product_tag-ebook","9":"product_tag-ebooks","10":"product_tag-environnement-urbain","11":"product_tag-iste","12":"product_tag-iste-edition","13":"product_tag-iste-editions","14":"product_tag-iste-group","15":"product_tag-isteedition","16":"product_tag-istegroup","17":"product_tag-kindle","18":"product_tag-lasergrammetrie","19":"product_tag-laure-chandelier","20":"product_tag-liseuse","21":"product_tag-livre","22":"product_tag-livre-electronique","23":"product_tag-livre-numerique","24":"product_tag-livre-scientifique","25":"product_tag-livres-scientifiques","26":"product_tag-modelisation","27":"product_tag-numerique","28":"product_tag-numerisation","29":"product_tag-numerisation-3d","30":"product_tag-numerisation-3d-de-batiments","31":"product_tag-ouvrage","32":"product_tag-ouvrage-numerique","33":"product_tag-ouvrage-science","34":"product_tag-ouvrage-scientifique","35":"product_tag-ouvrage-scientifique-francais","36":"product_tag-photogrammetrie","37":"product_tag-raphaele-heno","38":"product_tag-technologie","40":"first","41":"instock","42":"shipping-taxable","43":"purchasable","44":"product-type-variable"},"acf":[],"yoast_head":"<!-- This site is optimized with the Yoast SEO plugin v27.2 - https:\/\/yoast.com\/product\/yoast-seo-wordpress\/ -->\n<title>Num\u00e9risation 3D de b\u00e2timents - ISTE Group<\/title>\n<meta name=\"description\" content=\"Num\u00e9risation 3D de b\u00e2timents\u00a0a pour objet l\u2019\u00e9tude des moyens de lev\u00e9 adapt\u00e9s aux \u00e9difices remarquables pour en restituer les formes avec un niveau de d\u00e9tail optimal.\" \/>\n<meta name=\"robots\" content=\"index, follow, max-snippet:-1, max-image-preview:large, max-video-preview:-1\" \/>\n<link rel=\"canonical\" href=\"https:\/\/www.istegroup.com\/en\/produit\/numerisation-3d-de-batiments\/\" \/>\n<meta property=\"og:locale\" content=\"fr_FR\" \/>\n<meta property=\"og:type\" content=\"article\" \/>\n<meta property=\"og:title\" content=\"Num\u00e9risation 3D de b\u00e2timents - ISTE Group\" \/>\n<meta property=\"og:description\" content=\"Num\u00e9risation 3D de b\u00e2timents\u00a0a pour objet l\u2019\u00e9tude des moyens de lev\u00e9 adapt\u00e9s aux \u00e9difices remarquables pour en restituer les formes avec un niveau de d\u00e9tail optimal.\" \/>\n<meta property=\"og:url\" content=\"https:\/\/www.istegroup.com\/en\/produit\/numerisation-3d-de-batiments\/\" \/>\n<meta property=\"og:site_name\" content=\"ISTE Group\" \/>\n<meta property=\"article:modified_time\" content=\"2024-01-03T13:40:26+00:00\" \/>\n<meta property=\"og:image\" content=\"https:\/\/www.istegroup.com\/wp-content\/uploads\/2017\/07\/808680989_307340589-1.jpg\" \/>\n\t<meta property=\"og:image:width\" content=\"300\" \/>\n\t<meta property=\"og:image:height\" content=\"453\" \/>\n\t<meta property=\"og:image:type\" content=\"image\/jpeg\" \/>\n<meta name=\"twitter:card\" content=\"summary_large_image\" \/>\n<meta name=\"twitter:label1\" content=\"Est. reading time\" \/>\n\t<meta name=\"twitter:data1\" content=\"1 minute\" \/>\n<script type=\"application\/ld+json\" class=\"yoast-schema-graph\">{\"@context\":\"https:\/\/schema.org\",\"@graph\":[{\"@type\":\"WebPage\",\"@id\":\"https:\/\/www.istegroup.com\/en\/produit\/numerisation-3d-de-batiments\/\",\"url\":\"https:\/\/www.istegroup.com\/en\/produit\/numerisation-3d-de-batiments\/\",\"name\":\"Num\u00e9risation 3D de b\u00e2timents - ISTE Group\",\"isPartOf\":{\"@id\":\"https:\/\/www.istegroup.com\/#website\"},\"primaryImageOfPage\":{\"@id\":\"https:\/\/www.istegroup.com\/en\/produit\/numerisation-3d-de-batiments\/#primaryimage\"},\"image\":{\"@id\":\"https:\/\/www.istegroup.com\/en\/produit\/numerisation-3d-de-batiments\/#primaryimage\"},\"thumbnailUrl\":\"https:\/\/www.istegroup.com\/wp-content\/uploads\/2017\/07\/808680989_307340589-1.jpg\",\"datePublished\":\"2017-07-28T12:59:57+00:00\",\"dateModified\":\"2024-01-03T13:40:26+00:00\",\"description\":\"Num\u00e9risation 3D de b\u00e2timents\u00a0a pour objet l\u2019\u00e9tude des moyens de lev\u00e9 adapt\u00e9s aux \u00e9difices remarquables pour en restituer les formes avec un niveau de d\u00e9tail optimal.\",\"breadcrumb\":{\"@id\":\"https:\/\/www.istegroup.com\/en\/produit\/numerisation-3d-de-batiments\/#breadcrumb\"},\"inLanguage\":\"fr-FR\",\"potentialAction\":[{\"@type\":\"ReadAction\",\"target\":[\"https:\/\/www.istegroup.com\/en\/produit\/numerisation-3d-de-batiments\/\"]}]},{\"@type\":\"ImageObject\",\"inLanguage\":\"fr-FR\",\"@id\":\"https:\/\/www.istegroup.com\/en\/produit\/numerisation-3d-de-batiments\/#primaryimage\",\"url\":\"https:\/\/www.istegroup.com\/wp-content\/uploads\/2017\/07\/808680989_307340589-1.jpg\",\"contentUrl\":\"https:\/\/www.istegroup.com\/wp-content\/uploads\/2017\/07\/808680989_307340589-1.jpg\",\"width\":300,\"height\":453,\"caption\":\"Cas des \u00e9difices remarquables\"},{\"@type\":\"BreadcrumbList\",\"@id\":\"https:\/\/www.istegroup.com\/en\/produit\/numerisation-3d-de-batiments\/#breadcrumb\",\"itemListElement\":[{\"@type\":\"ListItem\",\"position\":1,\"name\":\"Home\",\"item\":\"https:\/\/www.istegroup.com\/\"},{\"@type\":\"ListItem\",\"position\":2,\"name\":\"Shop\",\"item\":\"https:\/\/www.istegroup.com\/fr\/nouveautes\/\"},{\"@type\":\"ListItem\",\"position\":3,\"name\":\"Num\u00e9risation 3D de b\u00e2timents\"}]},{\"@type\":\"WebSite\",\"@id\":\"https:\/\/www.istegroup.com\/#website\",\"url\":\"https:\/\/www.istegroup.com\/\",\"name\":\"ISTE Group\",\"description\":\"\u00c9diteur des Sciences\",\"potentialAction\":[{\"@type\":\"SearchAction\",\"target\":{\"@type\":\"EntryPoint\",\"urlTemplate\":\"https:\/\/www.istegroup.com\/?s={search_term_string}\"},\"query-input\":{\"@type\":\"PropertyValueSpecification\",\"valueRequired\":true,\"valueName\":\"search_term_string\"}}],\"inLanguage\":\"fr-FR\"}]}<\/script>\n<!-- \/ Yoast SEO plugin. -->","yoast_head_json":{"title":"Num\u00e9risation 3D de b\u00e2timents - ISTE Group","description":"Num\u00e9risation 3D de b\u00e2timents\u00a0a pour objet l\u2019\u00e9tude des moyens de lev\u00e9 adapt\u00e9s aux \u00e9difices remarquables pour en restituer les formes avec un niveau de d\u00e9tail optimal.","robots":{"index":"index","follow":"follow","max-snippet":"max-snippet:-1","max-image-preview":"max-image-preview:large","max-video-preview":"max-video-preview:-1"},"canonical":"https:\/\/www.istegroup.com\/en\/produit\/numerisation-3d-de-batiments\/","og_locale":"fr_FR","og_type":"article","og_title":"Num\u00e9risation 3D de b\u00e2timents - ISTE Group","og_description":"Num\u00e9risation 3D de b\u00e2timents\u00a0a pour objet l\u2019\u00e9tude des moyens de lev\u00e9 adapt\u00e9s aux \u00e9difices remarquables pour en restituer les formes avec un niveau de d\u00e9tail optimal.","og_url":"https:\/\/www.istegroup.com\/en\/produit\/numerisation-3d-de-batiments\/","og_site_name":"ISTE Group","article_modified_time":"2024-01-03T13:40:26+00:00","og_image":[{"width":300,"height":453,"url":"https:\/\/www.istegroup.com\/wp-content\/uploads\/2017\/07\/808680989_307340589-1.jpg","type":"image\/jpeg"}],"twitter_card":"summary_large_image","twitter_misc":{"Est. reading time":"1 minute"},"schema":{"@context":"https:\/\/schema.org","@graph":[{"@type":"WebPage","@id":"https:\/\/www.istegroup.com\/en\/produit\/numerisation-3d-de-batiments\/","url":"https:\/\/www.istegroup.com\/en\/produit\/numerisation-3d-de-batiments\/","name":"Num\u00e9risation 3D de b\u00e2timents - ISTE Group","isPartOf":{"@id":"https:\/\/www.istegroup.com\/#website"},"primaryImageOfPage":{"@id":"https:\/\/www.istegroup.com\/en\/produit\/numerisation-3d-de-batiments\/#primaryimage"},"image":{"@id":"https:\/\/www.istegroup.com\/en\/produit\/numerisation-3d-de-batiments\/#primaryimage"},"thumbnailUrl":"https:\/\/www.istegroup.com\/wp-content\/uploads\/2017\/07\/808680989_307340589-1.jpg","datePublished":"2017-07-28T12:59:57+00:00","dateModified":"2024-01-03T13:40:26+00:00","description":"Num\u00e9risation 3D de b\u00e2timents\u00a0a pour objet l\u2019\u00e9tude des moyens de lev\u00e9 adapt\u00e9s aux \u00e9difices remarquables pour en restituer les formes avec un niveau de d\u00e9tail optimal.","breadcrumb":{"@id":"https:\/\/www.istegroup.com\/en\/produit\/numerisation-3d-de-batiments\/#breadcrumb"},"inLanguage":"fr-FR","potentialAction":[{"@type":"ReadAction","target":["https:\/\/www.istegroup.com\/en\/produit\/numerisation-3d-de-batiments\/"]}]},{"@type":"ImageObject","inLanguage":"fr-FR","@id":"https:\/\/www.istegroup.com\/en\/produit\/numerisation-3d-de-batiments\/#primaryimage","url":"https:\/\/www.istegroup.com\/wp-content\/uploads\/2017\/07\/808680989_307340589-1.jpg","contentUrl":"https:\/\/www.istegroup.com\/wp-content\/uploads\/2017\/07\/808680989_307340589-1.jpg","width":300,"height":453,"caption":"Cas des \u00e9difices remarquables"},{"@type":"BreadcrumbList","@id":"https:\/\/www.istegroup.com\/en\/produit\/numerisation-3d-de-batiments\/#breadcrumb","itemListElement":[{"@type":"ListItem","position":1,"name":"Home","item":"https:\/\/www.istegroup.com\/"},{"@type":"ListItem","position":2,"name":"Shop","item":"https:\/\/www.istegroup.com\/fr\/nouveautes\/"},{"@type":"ListItem","position":3,"name":"Num\u00e9risation 3D de b\u00e2timents"}]},{"@type":"WebSite","@id":"https:\/\/www.istegroup.com\/#website","url":"https:\/\/www.istegroup.com\/","name":"ISTE Group","description":"\u00c9diteur des Sciences","potentialAction":[{"@type":"SearchAction","target":{"@type":"EntryPoint","urlTemplate":"https:\/\/www.istegroup.com\/?s={search_term_string}"},"query-input":{"@type":"PropertyValueSpecification","valueRequired":true,"valueName":"search_term_string"}}],"inLanguage":"fr-FR"}]}},"_links":{"self":[{"href":"https:\/\/www.istegroup.com\/fr\/wp-json\/wp\/v2\/product\/523","targetHints":{"allow":["GET"]}}],"collection":[{"href":"https:\/\/www.istegroup.com\/fr\/wp-json\/wp\/v2\/product"}],"about":[{"href":"https:\/\/www.istegroup.com\/fr\/wp-json\/wp\/v2\/types\/product"}],"wp:featuredmedia":[{"embeddable":true,"href":"https:\/\/www.istegroup.com\/fr\/wp-json\/wp\/v2\/media\/524"}],"wp:attachment":[{"href":"https:\/\/www.istegroup.com\/fr\/wp-json\/wp\/v2\/media?parent=523"}],"wp:term":[{"taxonomy":"product_brand","embeddable":true,"href":"https:\/\/www.istegroup.com\/fr\/wp-json\/wp\/v2\/product_brand?post=523"},{"taxonomy":"product_cat","embeddable":true,"href":"https:\/\/www.istegroup.com\/fr\/wp-json\/wp\/v2\/product_cat?post=523"},{"taxonomy":"product_tag","embeddable":true,"href":"https:\/\/www.istegroup.com\/fr\/wp-json\/wp\/v2\/product_tag?post=523"}],"curies":[{"name":"wp","href":"https:\/\/api.w.org\/{rel}","templated":true}]}}