{"id":52257,"date":"2023-06-28T15:32:10","date_gmt":"2023-06-28T14:32:10","guid":{"rendered":"https:\/\/www.istegroup.com\/?post_type=product&#038;p=52257"},"modified":"2025-06-20T14:18:10","modified_gmt":"2025-06-20T13:18:10","slug":"modeles-lineaires-generalises","status":"publish","type":"product","link":"https:\/\/www.istegroup.com\/fr\/produit\/modeles-lineaires-generalises\/","title":{"rendered":"Mod\u00e8les lin\u00e9aires g\u00e9n\u00e9ralis\u00e9s"},"content":{"rendered":"<p>Depuis leur formulation en 1972, les mod\u00e8les lin\u00e9aires g\u00e9n\u00e9ralis\u00e9s ont connu un v\u00e9ritable essor du fait de leurs nombreuses applications en assurance, en \u00e9conomie ou encore en sant\u00e9. Ils font encore l\u2019objet de nombreux travaux de recherche.<\/p>\n<p>Cet ouvrage offre un panorama de la th\u00e9orie des mod\u00e8les lin\u00e9aires g\u00e9n\u00e9ralis\u00e9s. Une attention particuli\u00e8re est port\u00e9e aux probl\u00e8mes de censure, de donn\u00e9es manquantes et d\u2019exc\u00e8s de z\u00e9ros. Didactique et accessible, <em>Mod\u00e8les lin\u00e9aires g\u00e9n\u00e9ralis\u00e9s<\/em> est illustr\u00e9 par des exercices et de nombreux codes R.<\/p>\n<p>Tous les pr\u00e9requis n\u00e9cessaires \u00e0 la lecture \u00e9tant introduits de mani\u00e8re progressive, cet ouvrage s\u2019adresse aussi bien aux \u00e9tudiants (en master ou en \u00e9cole d\u2019ing\u00e9nieurs) qu\u2019aux enseignants et praticiens en math\u00e9matiques et mod\u00e9lisation statistique.<\/p>","protected":false},"excerpt":{"rendered":"<p>Depuis leur formulation en 1972, les mod\u00e8les lin\u00e9aires g\u00e9n\u00e9ralis\u00e9s ont connu un v\u00e9ritable essor du fait de leurs nombreuses applications en assurance, en \u00e9conomie ou encore en sant\u00e9. Ils font encore l\u2019objet de nombreux travaux de recherche. Cet ouvrage offre un panorama de la th\u00e9orie des mod\u00e8les lin\u00e9aires g\u00e9n\u00e9ralis\u00e9s. Une attention particuli\u00e8re est port\u00e9e aux [&hellip;]<\/p>\n","protected":false},"featured_media":52262,"template":"","meta":{"_acf_changed":false,"_links_to":"","_links_to_target":""},"product_brand":[],"product_cat":[671],"product_tag":[],"class_list":{"0":"post-52257","1":"product","2":"type-product","3":"status-publish","4":"has-post-thumbnail","6":"product_cat-mathmatiques-et-statistiques-12506494","8":"first","9":"instock","10":"shipping-taxable","11":"purchasable","12":"product-type-variable"},"acf":[],"yoast_head":"<!-- This site is optimized with the Yoast SEO plugin v27.2 - https:\/\/yoast.com\/product\/yoast-seo-wordpress\/ -->\n<title>Mod\u00e8les lin\u00e9aires g\u00e9n\u00e9ralis\u00e9s - ISTE Group<\/title>\n<meta name=\"description\" content=\"Cet ouvrage offre un panorama de la th\u00e9orie des mod\u00e8les lin\u00e9aires g\u00e9n\u00e9ralis\u00e9s. Une attention particuli\u00e8re est port\u00e9e aux probl\u00e8mes de censure, de donn\u00e9es manquantes et d\u2019exc\u00e8s de z\u00e9ros.\" \/>\n<meta name=\"robots\" content=\"index, follow, max-snippet:-1, max-image-preview:large, max-video-preview:-1\" \/>\n<link rel=\"canonical\" href=\"https:\/\/www.istegroup.com\/produit\/modeles-lineaires-generalises\/\" \/>\n<meta property=\"og:locale\" content=\"fr_FR\" \/>\n<meta property=\"og:type\" content=\"article\" \/>\n<meta property=\"og:title\" content=\"Mod\u00e8les lin\u00e9aires g\u00e9n\u00e9ralis\u00e9s - ISTE Group\" \/>\n<meta property=\"og:description\" content=\"Cet ouvrage offre un panorama de la th\u00e9orie des mod\u00e8les lin\u00e9aires g\u00e9n\u00e9ralis\u00e9s. Une attention particuli\u00e8re est port\u00e9e aux probl\u00e8mes de censure, de donn\u00e9es manquantes et d\u2019exc\u00e8s de z\u00e9ros.\" \/>\n<meta property=\"og:url\" content=\"https:\/\/www.istegroup.com\/produit\/modeles-lineaires-generalises\/\" \/>\n<meta property=\"og:site_name\" content=\"ISTE Group\" \/>\n<meta property=\"article:modified_time\" content=\"2025-06-20T13:18:10+00:00\" \/>\n<meta property=\"og:image\" content=\"https:\/\/www.istegroup.com\/wp-content\/uploads\/2023\/06\/952_Modeles-lineaires-generalises.jpg\" \/>\n\t<meta property=\"og:image:width\" content=\"600\" \/>\n\t<meta property=\"og:image:height\" content=\"902\" \/>\n\t<meta property=\"og:image:type\" content=\"image\/jpeg\" \/>\n<meta name=\"twitter:card\" content=\"summary_large_image\" \/>\n<meta name=\"twitter:label1\" content=\"Est. reading time\" \/>\n\t<meta name=\"twitter:data1\" content=\"1 minute\" \/>\n<script type=\"application\/ld+json\" class=\"yoast-schema-graph\">{\"@context\":\"https:\/\/schema.org\",\"@graph\":[{\"@type\":\"WebPage\",\"@id\":\"https:\/\/www.istegroup.com\/produit\/modeles-lineaires-generalises\/\",\"url\":\"https:\/\/www.istegroup.com\/produit\/modeles-lineaires-generalises\/\",\"name\":\"Mod\u00e8les lin\u00e9aires g\u00e9n\u00e9ralis\u00e9s - ISTE Group\",\"isPartOf\":{\"@id\":\"https:\/\/www.istegroup.com\/#website\"},\"primaryImageOfPage\":{\"@id\":\"https:\/\/www.istegroup.com\/produit\/modeles-lineaires-generalises\/#primaryimage\"},\"image\":{\"@id\":\"https:\/\/www.istegroup.com\/produit\/modeles-lineaires-generalises\/#primaryimage\"},\"thumbnailUrl\":\"https:\/\/www.istegroup.com\/wp-content\/uploads\/2023\/06\/952_Modeles-lineaires-generalises.jpg\",\"datePublished\":\"2023-06-28T14:32:10+00:00\",\"dateModified\":\"2025-06-20T13:18:10+00:00\",\"description\":\"Cet ouvrage offre un panorama de la th\u00e9orie des mod\u00e8les lin\u00e9aires g\u00e9n\u00e9ralis\u00e9s. Une attention particuli\u00e8re est port\u00e9e aux probl\u00e8mes de censure, de donn\u00e9es manquantes et d\u2019exc\u00e8s de z\u00e9ros.\",\"breadcrumb\":{\"@id\":\"https:\/\/www.istegroup.com\/produit\/modeles-lineaires-generalises\/#breadcrumb\"},\"inLanguage\":\"fr-FR\",\"potentialAction\":[{\"@type\":\"ReadAction\",\"target\":[\"https:\/\/www.istegroup.com\/produit\/modeles-lineaires-generalises\/\"]}]},{\"@type\":\"ImageObject\",\"inLanguage\":\"fr-FR\",\"@id\":\"https:\/\/www.istegroup.com\/produit\/modeles-lineaires-generalises\/#primaryimage\",\"url\":\"https:\/\/www.istegroup.com\/wp-content\/uploads\/2023\/06\/952_Modeles-lineaires-generalises.jpg\",\"contentUrl\":\"https:\/\/www.istegroup.com\/wp-content\/uploads\/2023\/06\/952_Modeles-lineaires-generalises.jpg\",\"width\":600,\"height\":902,\"caption\":\"Livre scientifique - Mod\u00e8les lin\u00e9aires g\u00e9n\u00e9ralis\u00e9s\"},{\"@type\":\"BreadcrumbList\",\"@id\":\"https:\/\/www.istegroup.com\/produit\/modeles-lineaires-generalises\/#breadcrumb\",\"itemListElement\":[{\"@type\":\"ListItem\",\"position\":1,\"name\":\"Home\",\"item\":\"https:\/\/www.istegroup.com\/\"},{\"@type\":\"ListItem\",\"position\":2,\"name\":\"Shop\",\"item\":\"https:\/\/www.istegroup.com\/fr\/nouveautes\/\"},{\"@type\":\"ListItem\",\"position\":3,\"name\":\"Mod\u00e8les lin\u00e9aires g\u00e9n\u00e9ralis\u00e9s\"}]},{\"@type\":\"WebSite\",\"@id\":\"https:\/\/www.istegroup.com\/#website\",\"url\":\"https:\/\/www.istegroup.com\/\",\"name\":\"ISTE Group\",\"description\":\"\u00c9diteur des Sciences\",\"potentialAction\":[{\"@type\":\"SearchAction\",\"target\":{\"@type\":\"EntryPoint\",\"urlTemplate\":\"https:\/\/www.istegroup.com\/?s={search_term_string}\"},\"query-input\":{\"@type\":\"PropertyValueSpecification\",\"valueRequired\":true,\"valueName\":\"search_term_string\"}}],\"inLanguage\":\"fr-FR\"}]}<\/script>\n<!-- \/ Yoast SEO plugin. -->","yoast_head_json":{"title":"Mod\u00e8les lin\u00e9aires g\u00e9n\u00e9ralis\u00e9s - ISTE Group","description":"Cet ouvrage offre un panorama de la th\u00e9orie des mod\u00e8les lin\u00e9aires g\u00e9n\u00e9ralis\u00e9s. Une attention particuli\u00e8re est port\u00e9e aux probl\u00e8mes de censure, de donn\u00e9es manquantes et d\u2019exc\u00e8s de z\u00e9ros.","robots":{"index":"index","follow":"follow","max-snippet":"max-snippet:-1","max-image-preview":"max-image-preview:large","max-video-preview":"max-video-preview:-1"},"canonical":"https:\/\/www.istegroup.com\/produit\/modeles-lineaires-generalises\/","og_locale":"fr_FR","og_type":"article","og_title":"Mod\u00e8les lin\u00e9aires g\u00e9n\u00e9ralis\u00e9s - ISTE Group","og_description":"Cet ouvrage offre un panorama de la th\u00e9orie des mod\u00e8les lin\u00e9aires g\u00e9n\u00e9ralis\u00e9s. Une attention particuli\u00e8re est port\u00e9e aux probl\u00e8mes de censure, de donn\u00e9es manquantes et d\u2019exc\u00e8s de z\u00e9ros.","og_url":"https:\/\/www.istegroup.com\/produit\/modeles-lineaires-generalises\/","og_site_name":"ISTE Group","article_modified_time":"2025-06-20T13:18:10+00:00","og_image":[{"width":600,"height":902,"url":"https:\/\/www.istegroup.com\/wp-content\/uploads\/2023\/06\/952_Modeles-lineaires-generalises.jpg","type":"image\/jpeg"}],"twitter_card":"summary_large_image","twitter_misc":{"Est. reading time":"1 minute"},"schema":{"@context":"https:\/\/schema.org","@graph":[{"@type":"WebPage","@id":"https:\/\/www.istegroup.com\/produit\/modeles-lineaires-generalises\/","url":"https:\/\/www.istegroup.com\/produit\/modeles-lineaires-generalises\/","name":"Mod\u00e8les lin\u00e9aires g\u00e9n\u00e9ralis\u00e9s - ISTE Group","isPartOf":{"@id":"https:\/\/www.istegroup.com\/#website"},"primaryImageOfPage":{"@id":"https:\/\/www.istegroup.com\/produit\/modeles-lineaires-generalises\/#primaryimage"},"image":{"@id":"https:\/\/www.istegroup.com\/produit\/modeles-lineaires-generalises\/#primaryimage"},"thumbnailUrl":"https:\/\/www.istegroup.com\/wp-content\/uploads\/2023\/06\/952_Modeles-lineaires-generalises.jpg","datePublished":"2023-06-28T14:32:10+00:00","dateModified":"2025-06-20T13:18:10+00:00","description":"Cet ouvrage offre un panorama de la th\u00e9orie des mod\u00e8les lin\u00e9aires g\u00e9n\u00e9ralis\u00e9s. Une attention particuli\u00e8re est port\u00e9e aux probl\u00e8mes de censure, de donn\u00e9es manquantes et d\u2019exc\u00e8s de z\u00e9ros.","breadcrumb":{"@id":"https:\/\/www.istegroup.com\/produit\/modeles-lineaires-generalises\/#breadcrumb"},"inLanguage":"fr-FR","potentialAction":[{"@type":"ReadAction","target":["https:\/\/www.istegroup.com\/produit\/modeles-lineaires-generalises\/"]}]},{"@type":"ImageObject","inLanguage":"fr-FR","@id":"https:\/\/www.istegroup.com\/produit\/modeles-lineaires-generalises\/#primaryimage","url":"https:\/\/www.istegroup.com\/wp-content\/uploads\/2023\/06\/952_Modeles-lineaires-generalises.jpg","contentUrl":"https:\/\/www.istegroup.com\/wp-content\/uploads\/2023\/06\/952_Modeles-lineaires-generalises.jpg","width":600,"height":902,"caption":"Livre scientifique - Mod\u00e8les lin\u00e9aires g\u00e9n\u00e9ralis\u00e9s"},{"@type":"BreadcrumbList","@id":"https:\/\/www.istegroup.com\/produit\/modeles-lineaires-generalises\/#breadcrumb","itemListElement":[{"@type":"ListItem","position":1,"name":"Home","item":"https:\/\/www.istegroup.com\/"},{"@type":"ListItem","position":2,"name":"Shop","item":"https:\/\/www.istegroup.com\/fr\/nouveautes\/"},{"@type":"ListItem","position":3,"name":"Mod\u00e8les lin\u00e9aires g\u00e9n\u00e9ralis\u00e9s"}]},{"@type":"WebSite","@id":"https:\/\/www.istegroup.com\/#website","url":"https:\/\/www.istegroup.com\/","name":"ISTE Group","description":"\u00c9diteur des Sciences","potentialAction":[{"@type":"SearchAction","target":{"@type":"EntryPoint","urlTemplate":"https:\/\/www.istegroup.com\/?s={search_term_string}"},"query-input":{"@type":"PropertyValueSpecification","valueRequired":true,"valueName":"search_term_string"}}],"inLanguage":"fr-FR"}]}},"_links":{"self":[{"href":"https:\/\/www.istegroup.com\/fr\/wp-json\/wp\/v2\/product\/52257","targetHints":{"allow":["GET"]}}],"collection":[{"href":"https:\/\/www.istegroup.com\/fr\/wp-json\/wp\/v2\/product"}],"about":[{"href":"https:\/\/www.istegroup.com\/fr\/wp-json\/wp\/v2\/types\/product"}],"wp:featuredmedia":[{"embeddable":true,"href":"https:\/\/www.istegroup.com\/fr\/wp-json\/wp\/v2\/media\/52262"}],"wp:attachment":[{"href":"https:\/\/www.istegroup.com\/fr\/wp-json\/wp\/v2\/media?parent=52257"}],"wp:term":[{"taxonomy":"product_brand","embeddable":true,"href":"https:\/\/www.istegroup.com\/fr\/wp-json\/wp\/v2\/product_brand?post=52257"},{"taxonomy":"product_cat","embeddable":true,"href":"https:\/\/www.istegroup.com\/fr\/wp-json\/wp\/v2\/product_cat?post=52257"},{"taxonomy":"product_tag","embeddable":true,"href":"https:\/\/www.istegroup.com\/fr\/wp-json\/wp\/v2\/product_tag?post=52257"}],"curies":[{"name":"wp","href":"https:\/\/api.w.org\/{rel}","templated":true}]}}