{"id":52240,"date":"2023-06-28T13:16:48","date_gmt":"2023-06-28T12:16:48","guid":{"rendered":"https:\/\/www.istegroup.com\/?post_type=product&#038;p=52240"},"modified":"2024-02-05T14:05:19","modified_gmt":"2024-02-05T14:05:19","slug":"naissance-de-lecologie-scientifique","status":"publish","type":"product","link":"https:\/\/www.istegroup.com\/fr\/produit\/naissance-de-lecologie-scientifique\/","title":{"rendered":"Naissance de l\u2019\u00e9cologie scientifique"},"content":{"rendered":"<p>Cet ouvrage pr\u00e9sente une biographie du botaniste danois Eugen Warming, auteur d\u2019un trait\u00e9 d\u2019\u00e9cologie qui lui conf\u00e8re une notori\u00e9t\u00e9 internationale et qui a inspir\u00e9 la premi\u00e8re g\u00e9n\u00e9ration d\u2019\u00e9cologues europ\u00e9ens et \u00e9tasuniens du XXe si\u00e8cle.<\/p>\n<p>Il annonce la naissance d\u2019une nouvelle science ainsi qu\u2019une prise de conscience \u00e9cologique \u00e0 travers son approche innovante de la nature et ses missions arctiques et tropicales.<\/p>\n<p>Professeur au sein de plusieurs universit\u00e9s scandinaves, dans une p\u00e9riode riche de d\u00e9bats et de controverses relatives aux th\u00e9ories \u00e9volutionnistes, Eugen Warming affirme ses convictions avec vigueur. <em>Naissance de l\u2019\u00e9cologie scientifique<\/em> pr\u00e9sente l\u2019image d\u2019un homme de savoir et de pouvoir, reconnu par ses contemporains comme un fondateur de l\u2019\u00e9cologie, un acteur du projet \u00e9cologique du royaume du Danemark, dans un si\u00e8cle o\u00f9 des empires s&rsquo;affrontent.<\/p>","protected":false},"excerpt":{"rendered":"<p>Cet ouvrage pr\u00e9sente une biographie du botaniste danois Eugen Warming, auteur d\u2019un trait\u00e9 d\u2019\u00e9cologie qui lui conf\u00e8re une notori\u00e9t\u00e9 internationale et qui a inspir\u00e9 la premi\u00e8re g\u00e9n\u00e9ration d\u2019\u00e9cologues europ\u00e9ens et \u00e9tasuniens du XXe si\u00e8cle. Il annonce la naissance d\u2019une nouvelle science ainsi qu\u2019une prise de conscience \u00e9cologique \u00e0 travers son approche innovante de la nature [&hellip;]<\/p>\n","protected":false},"featured_media":52256,"template":"","meta":{"_acf_changed":false,"_links_to":"","_links_to_target":""},"product_brand":[],"product_cat":[666],"product_tag":[],"class_list":{"0":"post-52240","1":"product","2":"type-product","3":"status-publish","4":"has-post-thumbnail","6":"product_cat-histoire-des-sciences-et-des-techniques-166249028","8":"first","9":"instock","10":"shipping-taxable","11":"purchasable","12":"product-type-variable"},"acf":[],"yoast_head":"<!-- This site is optimized with the Yoast SEO plugin v27.2 - https:\/\/yoast.com\/product\/yoast-seo-wordpress\/ -->\n<title>Naissance de l\u2019\u00e9cologie scientifique - ISTE Group<\/title>\n<meta name=\"description\" content=\"Cet ouvrage pr\u00e9sente une biographie du botaniste danois Eugen Warming, auteur d\u2019un trait\u00e9 d\u2019\u00e9cologie qui lui conf\u00e8re une notori\u00e9t\u00e9 internationale et qui a inspir\u00e9 la premi\u00e8re g\u00e9n\u00e9ration d\u2019\u00e9cologues europ\u00e9ens et \u00e9tasuniens du XXe si\u00e8cle.\" \/>\n<meta name=\"robots\" content=\"index, follow, max-snippet:-1, max-image-preview:large, max-video-preview:-1\" \/>\n<link rel=\"canonical\" href=\"https:\/\/www.istegroup.com\/fr\/produit\/naissance-de-lecologie-scientifique\/\" \/>\n<meta property=\"og:locale\" content=\"fr_FR\" \/>\n<meta property=\"og:type\" content=\"article\" \/>\n<meta property=\"og:title\" content=\"Naissance de l\u2019\u00e9cologie scientifique - ISTE Group\" \/>\n<meta property=\"og:description\" content=\"Cet ouvrage pr\u00e9sente une biographie du botaniste danois Eugen Warming, auteur d\u2019un trait\u00e9 d\u2019\u00e9cologie qui lui conf\u00e8re une notori\u00e9t\u00e9 internationale et qui a inspir\u00e9 la premi\u00e8re g\u00e9n\u00e9ration d\u2019\u00e9cologues europ\u00e9ens et \u00e9tasuniens du XXe si\u00e8cle.\" \/>\n<meta property=\"og:url\" content=\"https:\/\/www.istegroup.com\/fr\/produit\/naissance-de-lecologie-scientifique\/\" \/>\n<meta property=\"og:site_name\" content=\"ISTE Group\" \/>\n<meta property=\"article:modified_time\" content=\"2024-02-05T14:05:19+00:00\" \/>\n<meta property=\"og:image\" content=\"https:\/\/www.istegroup.com\/wp-content\/uploads\/2023\/06\/945_Naissance-de-lecologie-scientifique.jpg\" \/>\n\t<meta property=\"og:image:width\" content=\"598\" \/>\n\t<meta property=\"og:image:height\" content=\"901\" \/>\n\t<meta property=\"og:image:type\" content=\"image\/jpeg\" \/>\n<meta name=\"twitter:card\" content=\"summary_large_image\" \/>\n<meta name=\"twitter:label1\" content=\"Est. reading time\" \/>\n\t<meta name=\"twitter:data1\" content=\"1 minute\" \/>\n<script type=\"application\/ld+json\" class=\"yoast-schema-graph\">{\"@context\":\"https:\/\/schema.org\",\"@graph\":[{\"@type\":\"WebPage\",\"@id\":\"https:\/\/www.istegroup.com\/fr\/produit\/naissance-de-lecologie-scientifique\/\",\"url\":\"https:\/\/www.istegroup.com\/fr\/produit\/naissance-de-lecologie-scientifique\/\",\"name\":\"Naissance de l\u2019\u00e9cologie scientifique - ISTE Group\",\"isPartOf\":{\"@id\":\"https:\/\/www.istegroup.com\/#website\"},\"primaryImageOfPage\":{\"@id\":\"https:\/\/www.istegroup.com\/fr\/produit\/naissance-de-lecologie-scientifique\/#primaryimage\"},\"image\":{\"@id\":\"https:\/\/www.istegroup.com\/fr\/produit\/naissance-de-lecologie-scientifique\/#primaryimage\"},\"thumbnailUrl\":\"https:\/\/www.istegroup.com\/wp-content\/uploads\/2023\/06\/945_Naissance-de-lecologie-scientifique.jpg\",\"datePublished\":\"2023-06-28T12:16:48+00:00\",\"dateModified\":\"2024-02-05T14:05:19+00:00\",\"description\":\"Cet ouvrage pr\u00e9sente une biographie du botaniste danois Eugen Warming, auteur d\u2019un trait\u00e9 d\u2019\u00e9cologie qui lui conf\u00e8re une notori\u00e9t\u00e9 internationale et qui a inspir\u00e9 la premi\u00e8re g\u00e9n\u00e9ration d\u2019\u00e9cologues europ\u00e9ens et \u00e9tasuniens du XXe si\u00e8cle.\",\"breadcrumb\":{\"@id\":\"https:\/\/www.istegroup.com\/fr\/produit\/naissance-de-lecologie-scientifique\/#breadcrumb\"},\"inLanguage\":\"fr-FR\",\"potentialAction\":[{\"@type\":\"ReadAction\",\"target\":[\"https:\/\/www.istegroup.com\/fr\/produit\/naissance-de-lecologie-scientifique\/\"]}]},{\"@type\":\"ImageObject\",\"inLanguage\":\"fr-FR\",\"@id\":\"https:\/\/www.istegroup.com\/fr\/produit\/naissance-de-lecologie-scientifique\/#primaryimage\",\"url\":\"https:\/\/www.istegroup.com\/wp-content\/uploads\/2023\/06\/945_Naissance-de-lecologie-scientifique.jpg\",\"contentUrl\":\"https:\/\/www.istegroup.com\/wp-content\/uploads\/2023\/06\/945_Naissance-de-lecologie-scientifique.jpg\",\"width\":598,\"height\":901,\"caption\":\"Livre scientifique - Naissance de l'\u00e9cologie scientifique\"},{\"@type\":\"BreadcrumbList\",\"@id\":\"https:\/\/www.istegroup.com\/fr\/produit\/naissance-de-lecologie-scientifique\/#breadcrumb\",\"itemListElement\":[{\"@type\":\"ListItem\",\"position\":1,\"name\":\"Home\",\"item\":\"https:\/\/www.istegroup.com\/\"},{\"@type\":\"ListItem\",\"position\":2,\"name\":\"Shop\",\"item\":\"https:\/\/www.istegroup.com\/fr\/nouveautes\/\"},{\"@type\":\"ListItem\",\"position\":3,\"name\":\"Naissance de l\u2019\u00e9cologie scientifique\"}]},{\"@type\":\"WebSite\",\"@id\":\"https:\/\/www.istegroup.com\/#website\",\"url\":\"https:\/\/www.istegroup.com\/\",\"name\":\"ISTE Group\",\"description\":\"\u00c9diteur des Sciences\",\"potentialAction\":[{\"@type\":\"SearchAction\",\"target\":{\"@type\":\"EntryPoint\",\"urlTemplate\":\"https:\/\/www.istegroup.com\/?s={search_term_string}\"},\"query-input\":{\"@type\":\"PropertyValueSpecification\",\"valueRequired\":true,\"valueName\":\"search_term_string\"}}],\"inLanguage\":\"fr-FR\"}]}<\/script>\n<!-- \/ Yoast SEO plugin. -->","yoast_head_json":{"title":"Naissance de l\u2019\u00e9cologie scientifique - ISTE Group","description":"Cet ouvrage pr\u00e9sente une biographie du botaniste danois Eugen Warming, auteur d\u2019un trait\u00e9 d\u2019\u00e9cologie qui lui conf\u00e8re une notori\u00e9t\u00e9 internationale et qui a inspir\u00e9 la premi\u00e8re g\u00e9n\u00e9ration d\u2019\u00e9cologues europ\u00e9ens et \u00e9tasuniens du XXe si\u00e8cle.","robots":{"index":"index","follow":"follow","max-snippet":"max-snippet:-1","max-image-preview":"max-image-preview:large","max-video-preview":"max-video-preview:-1"},"canonical":"https:\/\/www.istegroup.com\/fr\/produit\/naissance-de-lecologie-scientifique\/","og_locale":"fr_FR","og_type":"article","og_title":"Naissance de l\u2019\u00e9cologie scientifique - ISTE Group","og_description":"Cet ouvrage pr\u00e9sente une biographie du botaniste danois Eugen Warming, auteur d\u2019un trait\u00e9 d\u2019\u00e9cologie qui lui conf\u00e8re une notori\u00e9t\u00e9 internationale et qui a inspir\u00e9 la premi\u00e8re g\u00e9n\u00e9ration d\u2019\u00e9cologues europ\u00e9ens et \u00e9tasuniens du XXe si\u00e8cle.","og_url":"https:\/\/www.istegroup.com\/fr\/produit\/naissance-de-lecologie-scientifique\/","og_site_name":"ISTE Group","article_modified_time":"2024-02-05T14:05:19+00:00","og_image":[{"width":598,"height":901,"url":"https:\/\/www.istegroup.com\/wp-content\/uploads\/2023\/06\/945_Naissance-de-lecologie-scientifique.jpg","type":"image\/jpeg"}],"twitter_card":"summary_large_image","twitter_misc":{"Est. reading time":"1 minute"},"schema":{"@context":"https:\/\/schema.org","@graph":[{"@type":"WebPage","@id":"https:\/\/www.istegroup.com\/fr\/produit\/naissance-de-lecologie-scientifique\/","url":"https:\/\/www.istegroup.com\/fr\/produit\/naissance-de-lecologie-scientifique\/","name":"Naissance de l\u2019\u00e9cologie scientifique - ISTE Group","isPartOf":{"@id":"https:\/\/www.istegroup.com\/#website"},"primaryImageOfPage":{"@id":"https:\/\/www.istegroup.com\/fr\/produit\/naissance-de-lecologie-scientifique\/#primaryimage"},"image":{"@id":"https:\/\/www.istegroup.com\/fr\/produit\/naissance-de-lecologie-scientifique\/#primaryimage"},"thumbnailUrl":"https:\/\/www.istegroup.com\/wp-content\/uploads\/2023\/06\/945_Naissance-de-lecologie-scientifique.jpg","datePublished":"2023-06-28T12:16:48+00:00","dateModified":"2024-02-05T14:05:19+00:00","description":"Cet ouvrage pr\u00e9sente une biographie du botaniste danois Eugen Warming, auteur d\u2019un trait\u00e9 d\u2019\u00e9cologie qui lui conf\u00e8re une notori\u00e9t\u00e9 internationale et qui a inspir\u00e9 la premi\u00e8re g\u00e9n\u00e9ration d\u2019\u00e9cologues europ\u00e9ens et \u00e9tasuniens du XXe si\u00e8cle.","breadcrumb":{"@id":"https:\/\/www.istegroup.com\/fr\/produit\/naissance-de-lecologie-scientifique\/#breadcrumb"},"inLanguage":"fr-FR","potentialAction":[{"@type":"ReadAction","target":["https:\/\/www.istegroup.com\/fr\/produit\/naissance-de-lecologie-scientifique\/"]}]},{"@type":"ImageObject","inLanguage":"fr-FR","@id":"https:\/\/www.istegroup.com\/fr\/produit\/naissance-de-lecologie-scientifique\/#primaryimage","url":"https:\/\/www.istegroup.com\/wp-content\/uploads\/2023\/06\/945_Naissance-de-lecologie-scientifique.jpg","contentUrl":"https:\/\/www.istegroup.com\/wp-content\/uploads\/2023\/06\/945_Naissance-de-lecologie-scientifique.jpg","width":598,"height":901,"caption":"Livre scientifique - Naissance de l'\u00e9cologie scientifique"},{"@type":"BreadcrumbList","@id":"https:\/\/www.istegroup.com\/fr\/produit\/naissance-de-lecologie-scientifique\/#breadcrumb","itemListElement":[{"@type":"ListItem","position":1,"name":"Home","item":"https:\/\/www.istegroup.com\/"},{"@type":"ListItem","position":2,"name":"Shop","item":"https:\/\/www.istegroup.com\/fr\/nouveautes\/"},{"@type":"ListItem","position":3,"name":"Naissance de l\u2019\u00e9cologie scientifique"}]},{"@type":"WebSite","@id":"https:\/\/www.istegroup.com\/#website","url":"https:\/\/www.istegroup.com\/","name":"ISTE Group","description":"\u00c9diteur des Sciences","potentialAction":[{"@type":"SearchAction","target":{"@type":"EntryPoint","urlTemplate":"https:\/\/www.istegroup.com\/?s={search_term_string}"},"query-input":{"@type":"PropertyValueSpecification","valueRequired":true,"valueName":"search_term_string"}}],"inLanguage":"fr-FR"}]}},"_links":{"self":[{"href":"https:\/\/www.istegroup.com\/fr\/wp-json\/wp\/v2\/product\/52240","targetHints":{"allow":["GET"]}}],"collection":[{"href":"https:\/\/www.istegroup.com\/fr\/wp-json\/wp\/v2\/product"}],"about":[{"href":"https:\/\/www.istegroup.com\/fr\/wp-json\/wp\/v2\/types\/product"}],"wp:featuredmedia":[{"embeddable":true,"href":"https:\/\/www.istegroup.com\/fr\/wp-json\/wp\/v2\/media\/52256"}],"wp:attachment":[{"href":"https:\/\/www.istegroup.com\/fr\/wp-json\/wp\/v2\/media?parent=52240"}],"wp:term":[{"taxonomy":"product_brand","embeddable":true,"href":"https:\/\/www.istegroup.com\/fr\/wp-json\/wp\/v2\/product_brand?post=52240"},{"taxonomy":"product_cat","embeddable":true,"href":"https:\/\/www.istegroup.com\/fr\/wp-json\/wp\/v2\/product_cat?post=52240"},{"taxonomy":"product_tag","embeddable":true,"href":"https:\/\/www.istegroup.com\/fr\/wp-json\/wp\/v2\/product_tag?post=52240"}],"curies":[{"name":"wp","href":"https:\/\/api.w.org\/{rel}","templated":true}]}}