{"id":52228,"date":"2023-06-27T13:28:43","date_gmt":"2023-06-27T12:28:43","guid":{"rendered":"https:\/\/www.istegroup.com\/?post_type=product&#038;p=52228"},"modified":"2024-03-20T15:33:30","modified_gmt":"2024-03-20T15:33:30","slug":"le-lien-a-la-nature-a-lere-numerique-propose-de-penser-la-reconfiguration-du-rapport-a-la-nature-dans-ce-cadre-numerique","status":"publish","type":"product","link":"https:\/\/www.istegroup.com\/fr\/produit\/le-lien-a-la-nature-a-lere-numerique-propose-de-penser-la-reconfiguration-du-rapport-a-la-nature-dans-ce-cadre-numerique\/","title":{"rendered":"Le lien \u00e0 la nature \u00e0 l\u2019\u00e8re num\u00e9rique"},"content":{"rendered":"<p>Pour r\u00e9pondre aux enjeux de plus en plus affirm\u00e9s de recueil de donn\u00e9es, de sensibilisation, d\u2019\u00e9ducation et de connaissance de la nature, le recours au num\u00e9rique se d\u00e9veloppe dans nos soci\u00e9t\u00e9s. L\u2019intelligence artificielle, par exemple, para\u00eet r\u00e9pondre aux objectifs de collecte massive de donn\u00e9es sur la biodiversit\u00e9 \u00e0 l\u2019\u00e9chelle mondiale ou de facilitation de la participation citoyenne \u00e0 ces collectes.<\/p>\n<p><em>Le lien \u00e0 la nature \u00e0 l\u2019\u00e8re num\u00e9rique<\/em> propose de penser la reconfiguration du rapport \u00e0 la nature dans ce cadre num\u00e9rique. Cet ouvrage \u00e9tudie le lien m\u00e9di\u00e9 sous trois aspects. Il expose tout d\u2019abord la fa\u00e7on dont le num\u00e9rique peut favoriser le d\u00e9veloppement de ces liens \u00e0 la nature. Puis, il d\u00e9crit plus finement leur mat\u00e9rialit\u00e9 et leur \u00e9volution au fil des progr\u00e8s de l\u2019informatique. Enfin, il interroge cette croyance en un num\u00e9rique facilitateur et ouvre d\u2019autres perspectives de relations \u00e0 la nature et au vivant.<\/p>","protected":false},"excerpt":{"rendered":"<p>Pour r\u00e9pondre aux enjeux de plus en plus affirm\u00e9s de recueil de donn\u00e9es, de sensibilisation, d\u2019\u00e9ducation et de connaissance de la nature, le recours au num\u00e9rique se d\u00e9veloppe dans nos soci\u00e9t\u00e9s. L\u2019intelligence artificielle, par exemple, para\u00eet r\u00e9pondre aux objectifs de collecte massive de donn\u00e9es sur la biodiversit\u00e9 \u00e0 l\u2019\u00e9chelle mondiale ou de facilitation de la [&hellip;]<\/p>\n","protected":false},"featured_media":52234,"template":"","meta":{"_acf_changed":false,"_links_to":"","_links_to_target":""},"product_brand":[],"product_cat":[684],"product_tag":[],"class_list":{"0":"post-52228","1":"product","2":"type-product","3":"status-publish","4":"has-post-thumbnail","6":"product_cat-sciences-socit-et-nouvelles-technologies-188422468","8":"first","9":"instock","10":"shipping-taxable","11":"purchasable","12":"product-type-variable"},"acf":[],"yoast_head":"<!-- This site is optimized with the Yoast SEO plugin v27.2 - https:\/\/yoast.com\/product\/yoast-seo-wordpress\/ -->\n<title>Le lien \u00e0 la nature \u00e0 l\u2019\u00e8re num\u00e9rique - ISTE Group<\/title>\n<meta name=\"robots\" content=\"index, follow, max-snippet:-1, max-image-preview:large, max-video-preview:-1\" \/>\n<link rel=\"canonical\" href=\"https:\/\/www.istegroup.com\/en\/produit\/le-lien-a-la-nature-a-lere-numerique-propose-de-penser-la-reconfiguration-du-rapport-a-la-nature-dans-ce-cadre-numerique\/\" \/>\n<meta property=\"og:locale\" content=\"fr_FR\" \/>\n<meta property=\"og:type\" content=\"article\" \/>\n<meta property=\"og:title\" content=\"Le lien \u00e0 la nature \u00e0 l\u2019\u00e8re num\u00e9rique - ISTE Group\" \/>\n<meta property=\"og:description\" content=\"Pour r\u00e9pondre aux enjeux de plus en plus affirm\u00e9s de recueil de donn\u00e9es, de sensibilisation, d\u2019\u00e9ducation et de connaissance de la nature, le recours au num\u00e9rique se d\u00e9veloppe dans nos soci\u00e9t\u00e9s. L\u2019intelligence artificielle, par exemple, para\u00eet r\u00e9pondre aux objectifs de collecte massive de donn\u00e9es sur la biodiversit\u00e9 \u00e0 l\u2019\u00e9chelle mondiale ou de facilitation de la [&hellip;]\" \/>\n<meta property=\"og:url\" content=\"https:\/\/www.istegroup.com\/en\/produit\/le-lien-a-la-nature-a-lere-numerique-propose-de-penser-la-reconfiguration-du-rapport-a-la-nature-dans-ce-cadre-numerique\/\" \/>\n<meta property=\"og:site_name\" content=\"ISTE Group\" \/>\n<meta property=\"article:modified_time\" content=\"2024-03-20T15:33:30+00:00\" \/>\n<meta property=\"og:image\" content=\"https:\/\/www.istegroup.com\/wp-content\/uploads\/2023\/06\/944_Le-lien-a-la-nature-a-lere-numerique.jpg\" \/>\n\t<meta property=\"og:image:width\" content=\"598\" \/>\n\t<meta property=\"og:image:height\" content=\"900\" \/>\n\t<meta property=\"og:image:type\" content=\"image\/jpeg\" \/>\n<meta name=\"twitter:card\" content=\"summary_large_image\" \/>\n<meta name=\"twitter:label1\" content=\"Est. reading time\" \/>\n\t<meta name=\"twitter:data1\" content=\"1 minute\" \/>\n<script type=\"application\/ld+json\" class=\"yoast-schema-graph\">{\"@context\":\"https:\/\/schema.org\",\"@graph\":[{\"@type\":\"WebPage\",\"@id\":\"https:\/\/www.istegroup.com\/en\/produit\/le-lien-a-la-nature-a-lere-numerique-propose-de-penser-la-reconfiguration-du-rapport-a-la-nature-dans-ce-cadre-numerique\/\",\"url\":\"https:\/\/www.istegroup.com\/en\/produit\/le-lien-a-la-nature-a-lere-numerique-propose-de-penser-la-reconfiguration-du-rapport-a-la-nature-dans-ce-cadre-numerique\/\",\"name\":\"Le lien \u00e0 la nature \u00e0 l\u2019\u00e8re num\u00e9rique - ISTE Group\",\"isPartOf\":{\"@id\":\"https:\/\/www.istegroup.com\/#website\"},\"primaryImageOfPage\":{\"@id\":\"https:\/\/www.istegroup.com\/en\/produit\/le-lien-a-la-nature-a-lere-numerique-propose-de-penser-la-reconfiguration-du-rapport-a-la-nature-dans-ce-cadre-numerique\/#primaryimage\"},\"image\":{\"@id\":\"https:\/\/www.istegroup.com\/en\/produit\/le-lien-a-la-nature-a-lere-numerique-propose-de-penser-la-reconfiguration-du-rapport-a-la-nature-dans-ce-cadre-numerique\/#primaryimage\"},\"thumbnailUrl\":\"https:\/\/www.istegroup.com\/wp-content\/uploads\/2023\/06\/944_Le-lien-a-la-nature-a-lere-numerique.jpg\",\"datePublished\":\"2023-06-27T12:28:43+00:00\",\"dateModified\":\"2024-03-20T15:33:30+00:00\",\"breadcrumb\":{\"@id\":\"https:\/\/www.istegroup.com\/en\/produit\/le-lien-a-la-nature-a-lere-numerique-propose-de-penser-la-reconfiguration-du-rapport-a-la-nature-dans-ce-cadre-numerique\/#breadcrumb\"},\"inLanguage\":\"fr-FR\",\"potentialAction\":[{\"@type\":\"ReadAction\",\"target\":[\"https:\/\/www.istegroup.com\/en\/produit\/le-lien-a-la-nature-a-lere-numerique-propose-de-penser-la-reconfiguration-du-rapport-a-la-nature-dans-ce-cadre-numerique\/\"]}]},{\"@type\":\"ImageObject\",\"inLanguage\":\"fr-FR\",\"@id\":\"https:\/\/www.istegroup.com\/en\/produit\/le-lien-a-la-nature-a-lere-numerique-propose-de-penser-la-reconfiguration-du-rapport-a-la-nature-dans-ce-cadre-numerique\/#primaryimage\",\"url\":\"https:\/\/www.istegroup.com\/wp-content\/uploads\/2023\/06\/944_Le-lien-a-la-nature-a-lere-numerique.jpg\",\"contentUrl\":\"https:\/\/www.istegroup.com\/wp-content\/uploads\/2023\/06\/944_Le-lien-a-la-nature-a-lere-numerique.jpg\",\"width\":598,\"height\":900,\"caption\":\"Livre scientifique - Le lien \u00e0 la nature \u00e0 l'\u00e8re num\u00e9rique\"},{\"@type\":\"BreadcrumbList\",\"@id\":\"https:\/\/www.istegroup.com\/en\/produit\/le-lien-a-la-nature-a-lere-numerique-propose-de-penser-la-reconfiguration-du-rapport-a-la-nature-dans-ce-cadre-numerique\/#breadcrumb\",\"itemListElement\":[{\"@type\":\"ListItem\",\"position\":1,\"name\":\"Home\",\"item\":\"https:\/\/www.istegroup.com\/\"},{\"@type\":\"ListItem\",\"position\":2,\"name\":\"Shop\",\"item\":\"https:\/\/www.istegroup.com\/fr\/nouveautes\/\"},{\"@type\":\"ListItem\",\"position\":3,\"name\":\"Le lien \u00e0 la nature \u00e0 l\u2019\u00e8re num\u00e9rique\"}]},{\"@type\":\"WebSite\",\"@id\":\"https:\/\/www.istegroup.com\/#website\",\"url\":\"https:\/\/www.istegroup.com\/\",\"name\":\"ISTE Group\",\"description\":\"\u00c9diteur des Sciences\",\"potentialAction\":[{\"@type\":\"SearchAction\",\"target\":{\"@type\":\"EntryPoint\",\"urlTemplate\":\"https:\/\/www.istegroup.com\/?s={search_term_string}\"},\"query-input\":{\"@type\":\"PropertyValueSpecification\",\"valueRequired\":true,\"valueName\":\"search_term_string\"}}],\"inLanguage\":\"fr-FR\"}]}<\/script>\n<!-- \/ Yoast SEO plugin. -->","yoast_head_json":{"title":"Le lien \u00e0 la nature \u00e0 l\u2019\u00e8re num\u00e9rique - ISTE Group","robots":{"index":"index","follow":"follow","max-snippet":"max-snippet:-1","max-image-preview":"max-image-preview:large","max-video-preview":"max-video-preview:-1"},"canonical":"https:\/\/www.istegroup.com\/en\/produit\/le-lien-a-la-nature-a-lere-numerique-propose-de-penser-la-reconfiguration-du-rapport-a-la-nature-dans-ce-cadre-numerique\/","og_locale":"fr_FR","og_type":"article","og_title":"Le lien \u00e0 la nature \u00e0 l\u2019\u00e8re num\u00e9rique - ISTE Group","og_description":"Pour r\u00e9pondre aux enjeux de plus en plus affirm\u00e9s de recueil de donn\u00e9es, de sensibilisation, d\u2019\u00e9ducation et de connaissance de la nature, le recours au num\u00e9rique se d\u00e9veloppe dans nos soci\u00e9t\u00e9s. L\u2019intelligence artificielle, par exemple, para\u00eet r\u00e9pondre aux objectifs de collecte massive de donn\u00e9es sur la biodiversit\u00e9 \u00e0 l\u2019\u00e9chelle mondiale ou de facilitation de la [&hellip;]","og_url":"https:\/\/www.istegroup.com\/en\/produit\/le-lien-a-la-nature-a-lere-numerique-propose-de-penser-la-reconfiguration-du-rapport-a-la-nature-dans-ce-cadre-numerique\/","og_site_name":"ISTE Group","article_modified_time":"2024-03-20T15:33:30+00:00","og_image":[{"width":598,"height":900,"url":"https:\/\/www.istegroup.com\/wp-content\/uploads\/2023\/06\/944_Le-lien-a-la-nature-a-lere-numerique.jpg","type":"image\/jpeg"}],"twitter_card":"summary_large_image","twitter_misc":{"Est. reading time":"1 minute"},"schema":{"@context":"https:\/\/schema.org","@graph":[{"@type":"WebPage","@id":"https:\/\/www.istegroup.com\/en\/produit\/le-lien-a-la-nature-a-lere-numerique-propose-de-penser-la-reconfiguration-du-rapport-a-la-nature-dans-ce-cadre-numerique\/","url":"https:\/\/www.istegroup.com\/en\/produit\/le-lien-a-la-nature-a-lere-numerique-propose-de-penser-la-reconfiguration-du-rapport-a-la-nature-dans-ce-cadre-numerique\/","name":"Le lien \u00e0 la nature \u00e0 l\u2019\u00e8re num\u00e9rique - ISTE Group","isPartOf":{"@id":"https:\/\/www.istegroup.com\/#website"},"primaryImageOfPage":{"@id":"https:\/\/www.istegroup.com\/en\/produit\/le-lien-a-la-nature-a-lere-numerique-propose-de-penser-la-reconfiguration-du-rapport-a-la-nature-dans-ce-cadre-numerique\/#primaryimage"},"image":{"@id":"https:\/\/www.istegroup.com\/en\/produit\/le-lien-a-la-nature-a-lere-numerique-propose-de-penser-la-reconfiguration-du-rapport-a-la-nature-dans-ce-cadre-numerique\/#primaryimage"},"thumbnailUrl":"https:\/\/www.istegroup.com\/wp-content\/uploads\/2023\/06\/944_Le-lien-a-la-nature-a-lere-numerique.jpg","datePublished":"2023-06-27T12:28:43+00:00","dateModified":"2024-03-20T15:33:30+00:00","breadcrumb":{"@id":"https:\/\/www.istegroup.com\/en\/produit\/le-lien-a-la-nature-a-lere-numerique-propose-de-penser-la-reconfiguration-du-rapport-a-la-nature-dans-ce-cadre-numerique\/#breadcrumb"},"inLanguage":"fr-FR","potentialAction":[{"@type":"ReadAction","target":["https:\/\/www.istegroup.com\/en\/produit\/le-lien-a-la-nature-a-lere-numerique-propose-de-penser-la-reconfiguration-du-rapport-a-la-nature-dans-ce-cadre-numerique\/"]}]},{"@type":"ImageObject","inLanguage":"fr-FR","@id":"https:\/\/www.istegroup.com\/en\/produit\/le-lien-a-la-nature-a-lere-numerique-propose-de-penser-la-reconfiguration-du-rapport-a-la-nature-dans-ce-cadre-numerique\/#primaryimage","url":"https:\/\/www.istegroup.com\/wp-content\/uploads\/2023\/06\/944_Le-lien-a-la-nature-a-lere-numerique.jpg","contentUrl":"https:\/\/www.istegroup.com\/wp-content\/uploads\/2023\/06\/944_Le-lien-a-la-nature-a-lere-numerique.jpg","width":598,"height":900,"caption":"Livre scientifique - Le lien \u00e0 la nature \u00e0 l'\u00e8re num\u00e9rique"},{"@type":"BreadcrumbList","@id":"https:\/\/www.istegroup.com\/en\/produit\/le-lien-a-la-nature-a-lere-numerique-propose-de-penser-la-reconfiguration-du-rapport-a-la-nature-dans-ce-cadre-numerique\/#breadcrumb","itemListElement":[{"@type":"ListItem","position":1,"name":"Home","item":"https:\/\/www.istegroup.com\/"},{"@type":"ListItem","position":2,"name":"Shop","item":"https:\/\/www.istegroup.com\/fr\/nouveautes\/"},{"@type":"ListItem","position":3,"name":"Le lien \u00e0 la nature \u00e0 l\u2019\u00e8re num\u00e9rique"}]},{"@type":"WebSite","@id":"https:\/\/www.istegroup.com\/#website","url":"https:\/\/www.istegroup.com\/","name":"ISTE Group","description":"\u00c9diteur des Sciences","potentialAction":[{"@type":"SearchAction","target":{"@type":"EntryPoint","urlTemplate":"https:\/\/www.istegroup.com\/?s={search_term_string}"},"query-input":{"@type":"PropertyValueSpecification","valueRequired":true,"valueName":"search_term_string"}}],"inLanguage":"fr-FR"}]}},"_links":{"self":[{"href":"https:\/\/www.istegroup.com\/fr\/wp-json\/wp\/v2\/product\/52228","targetHints":{"allow":["GET"]}}],"collection":[{"href":"https:\/\/www.istegroup.com\/fr\/wp-json\/wp\/v2\/product"}],"about":[{"href":"https:\/\/www.istegroup.com\/fr\/wp-json\/wp\/v2\/types\/product"}],"wp:featuredmedia":[{"embeddable":true,"href":"https:\/\/www.istegroup.com\/fr\/wp-json\/wp\/v2\/media\/52234"}],"wp:attachment":[{"href":"https:\/\/www.istegroup.com\/fr\/wp-json\/wp\/v2\/media?parent=52228"}],"wp:term":[{"taxonomy":"product_brand","embeddable":true,"href":"https:\/\/www.istegroup.com\/fr\/wp-json\/wp\/v2\/product_brand?post=52228"},{"taxonomy":"product_cat","embeddable":true,"href":"https:\/\/www.istegroup.com\/fr\/wp-json\/wp\/v2\/product_cat?post=52228"},{"taxonomy":"product_tag","embeddable":true,"href":"https:\/\/www.istegroup.com\/fr\/wp-json\/wp\/v2\/product_tag?post=52228"}],"curies":[{"name":"wp","href":"https:\/\/api.w.org\/{rel}","templated":true}]}}