{"id":52205,"date":"2023-06-27T11:04:56","date_gmt":"2023-06-27T10:04:56","guid":{"rendered":"https:\/\/www.istegroup.com\/?post_type=product&#038;p=52205"},"modified":"2024-02-05T14:08:17","modified_gmt":"2024-02-05T14:08:17","slug":"intelligence-artificielle-en-sante","status":"publish","type":"product","link":"https:\/\/www.istegroup.com\/fr\/produit\/intelligence-artificielle-en-sante\/","title":{"rendered":"Intelligence artificielle en sant\u00e9"},"content":{"rendered":"<p>Incontestable, incontournable, exaltant les esprits, \u00e9chappant au domaine r\u00e9serv\u00e9 de la science, l\u2019intelligence artificielle est devenue le sujet de toutes les pr\u00e9occupations.<\/p>\n<p>Grand g\u00e9n\u00e9rateur de r\u00e9flexions math\u00e9matiques nouvelles, ce concept est le fruit d\u2019un acc\u00e8s \u00e0 l\u2019information et \u00e0 la donn\u00e9e rendu possible par la technologie informatique. Le Big Data est rentr\u00e9 dans les esprits comme une source de connaissances illimit\u00e9e dont la maitrise reste encore en pleine exploration. Son industrialisation a cependant rapidement emboit\u00e9 le pas aux math\u00e9maticiens afin de proposer des outils capables de se substituer de plus en plus \u00e0 l\u2019homme, ce qui n\u2019est pas sans cons\u00e9quence sociale et philosophique.<\/p>\n<p>Cet ouvrage apporte, \u00e0 partir d\u2019exemples de travaux scientifiques ou des visions d\u2019experts, des pistes de r\u00e9flexion sur les cons\u00e9quences et le devenir de cette technologie dite \u00ab intelligence artificielle \u00bb dans l\u2019\u00e9ducation, la sant\u00e9, l\u2019organisation du travail et le vieillissement.<\/p>","protected":false},"excerpt":{"rendered":"<p>Incontestable, incontournable, exaltant les esprits, \u00e9chappant au domaine r\u00e9serv\u00e9 de la science, l\u2019intelligence artificielle est devenue le sujet de toutes les pr\u00e9occupations. Grand g\u00e9n\u00e9rateur de r\u00e9flexions math\u00e9matiques nouvelles, ce concept est le fruit d\u2019un acc\u00e8s \u00e0 l\u2019information et \u00e0 la donn\u00e9e rendu possible par la technologie informatique. Le Big Data est rentr\u00e9 dans les esprits [&hellip;]<\/p>\n","protected":false},"featured_media":52210,"template":"","meta":{"_acf_changed":false,"_links_to":"","_links_to_target":""},"product_brand":[],"product_cat":[668],"product_tag":[],"class_list":{"0":"post-52205","1":"product","2":"type-product","3":"status-publish","4":"has-post-thumbnail","6":"product_cat-ingnierie-de-la-sant-et-socit-188418884","8":"first","9":"instock","10":"shipping-taxable","11":"purchasable","12":"product-type-variable"},"acf":[],"yoast_head":"<!-- This site is optimized with the Yoast SEO plugin v27.2 - https:\/\/yoast.com\/product\/yoast-seo-wordpress\/ -->\n<title>Intelligence artificielle en sant\u00e9 - ISTE Group<\/title>\n<meta name=\"description\" content=\"Cet ouvrage apporte des pistes de r\u00e9flexion sur les cons\u00e9quences et le devenir de cette technologie dite \u00ab intelligence artificielle \u00bb dans l\u2019\u00e9ducation, la sant\u00e9, l\u2019organisation du travail et le vieillissement.\" \/>\n<meta name=\"robots\" content=\"index, follow, max-snippet:-1, max-image-preview:large, max-video-preview:-1\" \/>\n<link rel=\"canonical\" href=\"https:\/\/www.istegroup.com\/en\/produit\/intelligence-artificielle-en-sante\/\" \/>\n<meta property=\"og:locale\" content=\"fr_FR\" \/>\n<meta property=\"og:type\" content=\"article\" \/>\n<meta property=\"og:title\" content=\"Intelligence artificielle en sant\u00e9 - ISTE Group\" \/>\n<meta property=\"og:description\" content=\"Cet ouvrage apporte des pistes de r\u00e9flexion sur les cons\u00e9quences et le devenir de cette technologie dite \u00ab intelligence artificielle \u00bb dans l\u2019\u00e9ducation, la sant\u00e9, l\u2019organisation du travail et le vieillissement.\" \/>\n<meta property=\"og:url\" content=\"https:\/\/www.istegroup.com\/en\/produit\/intelligence-artificielle-en-sante\/\" \/>\n<meta property=\"og:site_name\" content=\"ISTE Group\" \/>\n<meta property=\"article:modified_time\" content=\"2024-02-05T14:08:17+00:00\" \/>\n<meta property=\"og:image\" content=\"https:\/\/www.istegroup.com\/wp-content\/uploads\/2023\/06\/929_Intelligence-artificielle-en-sante.jpg\" \/>\n\t<meta property=\"og:image:width\" content=\"596\" \/>\n\t<meta property=\"og:image:height\" content=\"899\" \/>\n\t<meta property=\"og:image:type\" content=\"image\/jpeg\" \/>\n<meta name=\"twitter:card\" content=\"summary_large_image\" \/>\n<meta name=\"twitter:label1\" content=\"Est. reading time\" \/>\n\t<meta name=\"twitter:data1\" content=\"1 minute\" \/>\n<script type=\"application\/ld+json\" class=\"yoast-schema-graph\">{\"@context\":\"https:\/\/schema.org\",\"@graph\":[{\"@type\":\"WebPage\",\"@id\":\"https:\/\/www.istegroup.com\/en\/produit\/intelligence-artificielle-en-sante\/\",\"url\":\"https:\/\/www.istegroup.com\/en\/produit\/intelligence-artificielle-en-sante\/\",\"name\":\"Intelligence artificielle en sant\u00e9 - ISTE Group\",\"isPartOf\":{\"@id\":\"https:\/\/www.istegroup.com\/#website\"},\"primaryImageOfPage\":{\"@id\":\"https:\/\/www.istegroup.com\/en\/produit\/intelligence-artificielle-en-sante\/#primaryimage\"},\"image\":{\"@id\":\"https:\/\/www.istegroup.com\/en\/produit\/intelligence-artificielle-en-sante\/#primaryimage\"},\"thumbnailUrl\":\"https:\/\/www.istegroup.com\/wp-content\/uploads\/2023\/06\/929_Intelligence-artificielle-en-sante.jpg\",\"datePublished\":\"2023-06-27T10:04:56+00:00\",\"dateModified\":\"2024-02-05T14:08:17+00:00\",\"description\":\"Cet ouvrage apporte des pistes de r\u00e9flexion sur les cons\u00e9quences et le devenir de cette technologie dite \u00ab intelligence artificielle \u00bb dans l\u2019\u00e9ducation, la sant\u00e9, l\u2019organisation du travail et le vieillissement.\",\"breadcrumb\":{\"@id\":\"https:\/\/www.istegroup.com\/en\/produit\/intelligence-artificielle-en-sante\/#breadcrumb\"},\"inLanguage\":\"fr-FR\",\"potentialAction\":[{\"@type\":\"ReadAction\",\"target\":[\"https:\/\/www.istegroup.com\/en\/produit\/intelligence-artificielle-en-sante\/\"]}]},{\"@type\":\"ImageObject\",\"inLanguage\":\"fr-FR\",\"@id\":\"https:\/\/www.istegroup.com\/en\/produit\/intelligence-artificielle-en-sante\/#primaryimage\",\"url\":\"https:\/\/www.istegroup.com\/wp-content\/uploads\/2023\/06\/929_Intelligence-artificielle-en-sante.jpg\",\"contentUrl\":\"https:\/\/www.istegroup.com\/wp-content\/uploads\/2023\/06\/929_Intelligence-artificielle-en-sante.jpg\",\"width\":596,\"height\":899,\"caption\":\"Livre scientifique - Intelligence artificielle en sant\u00e9\"},{\"@type\":\"BreadcrumbList\",\"@id\":\"https:\/\/www.istegroup.com\/en\/produit\/intelligence-artificielle-en-sante\/#breadcrumb\",\"itemListElement\":[{\"@type\":\"ListItem\",\"position\":1,\"name\":\"Home\",\"item\":\"https:\/\/www.istegroup.com\/\"},{\"@type\":\"ListItem\",\"position\":2,\"name\":\"Shop\",\"item\":\"https:\/\/www.istegroup.com\/fr\/nouveautes\/\"},{\"@type\":\"ListItem\",\"position\":3,\"name\":\"Intelligence artificielle en sant\u00e9\"}]},{\"@type\":\"WebSite\",\"@id\":\"https:\/\/www.istegroup.com\/#website\",\"url\":\"https:\/\/www.istegroup.com\/\",\"name\":\"ISTE Group\",\"description\":\"\u00c9diteur des Sciences\",\"potentialAction\":[{\"@type\":\"SearchAction\",\"target\":{\"@type\":\"EntryPoint\",\"urlTemplate\":\"https:\/\/www.istegroup.com\/?s={search_term_string}\"},\"query-input\":{\"@type\":\"PropertyValueSpecification\",\"valueRequired\":true,\"valueName\":\"search_term_string\"}}],\"inLanguage\":\"fr-FR\"}]}<\/script>\n<!-- \/ Yoast SEO plugin. -->","yoast_head_json":{"title":"Intelligence artificielle en sant\u00e9 - ISTE Group","description":"Cet ouvrage apporte des pistes de r\u00e9flexion sur les cons\u00e9quences et le devenir de cette technologie dite \u00ab intelligence artificielle \u00bb dans l\u2019\u00e9ducation, la sant\u00e9, l\u2019organisation du travail et le vieillissement.","robots":{"index":"index","follow":"follow","max-snippet":"max-snippet:-1","max-image-preview":"max-image-preview:large","max-video-preview":"max-video-preview:-1"},"canonical":"https:\/\/www.istegroup.com\/en\/produit\/intelligence-artificielle-en-sante\/","og_locale":"fr_FR","og_type":"article","og_title":"Intelligence artificielle en sant\u00e9 - ISTE Group","og_description":"Cet ouvrage apporte des pistes de r\u00e9flexion sur les cons\u00e9quences et le devenir de cette technologie dite \u00ab intelligence artificielle \u00bb dans l\u2019\u00e9ducation, la sant\u00e9, l\u2019organisation du travail et le vieillissement.","og_url":"https:\/\/www.istegroup.com\/en\/produit\/intelligence-artificielle-en-sante\/","og_site_name":"ISTE Group","article_modified_time":"2024-02-05T14:08:17+00:00","og_image":[{"width":596,"height":899,"url":"https:\/\/www.istegroup.com\/wp-content\/uploads\/2023\/06\/929_Intelligence-artificielle-en-sante.jpg","type":"image\/jpeg"}],"twitter_card":"summary_large_image","twitter_misc":{"Est. reading time":"1 minute"},"schema":{"@context":"https:\/\/schema.org","@graph":[{"@type":"WebPage","@id":"https:\/\/www.istegroup.com\/en\/produit\/intelligence-artificielle-en-sante\/","url":"https:\/\/www.istegroup.com\/en\/produit\/intelligence-artificielle-en-sante\/","name":"Intelligence artificielle en sant\u00e9 - ISTE Group","isPartOf":{"@id":"https:\/\/www.istegroup.com\/#website"},"primaryImageOfPage":{"@id":"https:\/\/www.istegroup.com\/en\/produit\/intelligence-artificielle-en-sante\/#primaryimage"},"image":{"@id":"https:\/\/www.istegroup.com\/en\/produit\/intelligence-artificielle-en-sante\/#primaryimage"},"thumbnailUrl":"https:\/\/www.istegroup.com\/wp-content\/uploads\/2023\/06\/929_Intelligence-artificielle-en-sante.jpg","datePublished":"2023-06-27T10:04:56+00:00","dateModified":"2024-02-05T14:08:17+00:00","description":"Cet ouvrage apporte des pistes de r\u00e9flexion sur les cons\u00e9quences et le devenir de cette technologie dite \u00ab intelligence artificielle \u00bb dans l\u2019\u00e9ducation, la sant\u00e9, l\u2019organisation du travail et le vieillissement.","breadcrumb":{"@id":"https:\/\/www.istegroup.com\/en\/produit\/intelligence-artificielle-en-sante\/#breadcrumb"},"inLanguage":"fr-FR","potentialAction":[{"@type":"ReadAction","target":["https:\/\/www.istegroup.com\/en\/produit\/intelligence-artificielle-en-sante\/"]}]},{"@type":"ImageObject","inLanguage":"fr-FR","@id":"https:\/\/www.istegroup.com\/en\/produit\/intelligence-artificielle-en-sante\/#primaryimage","url":"https:\/\/www.istegroup.com\/wp-content\/uploads\/2023\/06\/929_Intelligence-artificielle-en-sante.jpg","contentUrl":"https:\/\/www.istegroup.com\/wp-content\/uploads\/2023\/06\/929_Intelligence-artificielle-en-sante.jpg","width":596,"height":899,"caption":"Livre scientifique - Intelligence artificielle en sant\u00e9"},{"@type":"BreadcrumbList","@id":"https:\/\/www.istegroup.com\/en\/produit\/intelligence-artificielle-en-sante\/#breadcrumb","itemListElement":[{"@type":"ListItem","position":1,"name":"Home","item":"https:\/\/www.istegroup.com\/"},{"@type":"ListItem","position":2,"name":"Shop","item":"https:\/\/www.istegroup.com\/fr\/nouveautes\/"},{"@type":"ListItem","position":3,"name":"Intelligence artificielle en sant\u00e9"}]},{"@type":"WebSite","@id":"https:\/\/www.istegroup.com\/#website","url":"https:\/\/www.istegroup.com\/","name":"ISTE Group","description":"\u00c9diteur des Sciences","potentialAction":[{"@type":"SearchAction","target":{"@type":"EntryPoint","urlTemplate":"https:\/\/www.istegroup.com\/?s={search_term_string}"},"query-input":{"@type":"PropertyValueSpecification","valueRequired":true,"valueName":"search_term_string"}}],"inLanguage":"fr-FR"}]}},"_links":{"self":[{"href":"https:\/\/www.istegroup.com\/fr\/wp-json\/wp\/v2\/product\/52205","targetHints":{"allow":["GET"]}}],"collection":[{"href":"https:\/\/www.istegroup.com\/fr\/wp-json\/wp\/v2\/product"}],"about":[{"href":"https:\/\/www.istegroup.com\/fr\/wp-json\/wp\/v2\/types\/product"}],"wp:featuredmedia":[{"embeddable":true,"href":"https:\/\/www.istegroup.com\/fr\/wp-json\/wp\/v2\/media\/52210"}],"wp:attachment":[{"href":"https:\/\/www.istegroup.com\/fr\/wp-json\/wp\/v2\/media?parent=52205"}],"wp:term":[{"taxonomy":"product_brand","embeddable":true,"href":"https:\/\/www.istegroup.com\/fr\/wp-json\/wp\/v2\/product_brand?post=52205"},{"taxonomy":"product_cat","embeddable":true,"href":"https:\/\/www.istegroup.com\/fr\/wp-json\/wp\/v2\/product_cat?post=52205"},{"taxonomy":"product_tag","embeddable":true,"href":"https:\/\/www.istegroup.com\/fr\/wp-json\/wp\/v2\/product_tag?post=52205"}],"curies":[{"name":"wp","href":"https:\/\/api.w.org\/{rel}","templated":true}]}}