{"id":52017,"date":"2023-06-08T15:42:26","date_gmt":"2023-06-08T14:42:26","guid":{"rendered":"https:\/\/www.istegroup.com\/?post_type=product&#038;p=52017"},"modified":"2024-02-05T12:40:36","modified_gmt":"2024-02-05T12:40:36","slug":"eco-conception-et-transition-ecologique","status":"publish","type":"product","link":"https:\/\/www.istegroup.com\/fr\/produit\/eco-conception-et-transition-ecologique\/","title":{"rendered":"\u00c9co-conception et transition \u00e9cologique"},"content":{"rendered":"<p>Les rapports successifs du GIEC soulignent r\u00e9guli\u00e8rement les cons\u00e9quences dommageables de l\u2019activit\u00e9 humaine sur le climat. Une transition \u00e9cologique para\u00eet indispensable pour modifier notre syst\u00e8me \u00e9conomique et social, tout en r\u00e9pondant aux besoins des g\u00e9n\u00e9rations actuelles et futures.<\/p>\n<p>Premi\u00e8res responsables des d\u00e9g\u00e2ts environnementaux, les entreprises doivent modifier leur mode de production pour r\u00e9duire leurs impacts n\u00e9gatifs sur l\u2019environnement. <em>\u00c9co-conception et transition \u00e9cologique<\/em> pr\u00e9sente une r\u00e9flexion originale sur l\u2019\u00e9co-conception, une m\u00e9thode visant \u00e0 proposer des produits ou des services ayant un impact environnemental r\u00e9duit par rapport au mode de production conventionnel, et ce, de l\u2019extraction des ressources \u00e0 la fin de vie des produits.<\/p>\n<p>Cet ouvrage analyse \u00e9galement les perspectives propos\u00e9es par l\u2019\u00e9conomie circulaire et l\u2019innovation frugale. Il montre alors que l\u2019innovation, pour \u00eatre durable, doit \u00eatre environnementale et sociale. Dans une vision syst\u00e9mique, il \u00e9tudie ainsi la capacit\u00e9 des acteurs, notamment les entreprises, \u00e0 changer de strat\u00e9gie pour allier bien-\u00eatre humain et respect de l\u2019environnement dans le contexte de la transition \u00e9cologique.<\/p>","protected":false},"excerpt":{"rendered":"<p>Les rapports successifs du GIEC soulignent r\u00e9guli\u00e8rement les cons\u00e9quences dommageables de l\u2019activit\u00e9 humaine sur le climat. Une transition \u00e9cologique para\u00eet indispensable pour modifier notre syst\u00e8me \u00e9conomique et social, tout en r\u00e9pondant aux besoins des g\u00e9n\u00e9rations actuelles et futures. Premi\u00e8res responsables des d\u00e9g\u00e2ts environnementaux, les entreprises doivent modifier leur mode de production pour r\u00e9duire leurs impacts [&hellip;]<\/p>\n","protected":false},"featured_media":52023,"template":"","meta":{"_acf_changed":false,"_links_to":"","_links_to_target":""},"product_brand":[],"product_cat":[670],"product_tag":[],"class_list":{"0":"post-52017","1":"product","2":"type-product","3":"status-publish","4":"has-post-thumbnail","6":"product_cat-innovation-entrepreneuriat-et-gestion-11041751","8":"first","9":"instock","10":"shipping-taxable","11":"purchasable","12":"product-type-variable"},"acf":[],"yoast_head":"<!-- This site is optimized with the Yoast SEO plugin v27.2 - https:\/\/yoast.com\/product\/yoast-seo-wordpress\/ -->\n<title>\u00c9co-conception et transition \u00e9cologique - ISTE Group<\/title>\n<meta name=\"description\" content=\"\u00c9coconception et transition \u00e9cologique pr\u00e9sente une r\u00e9flexion originale sur l\u2019\u00e9co-conception, une m\u00e9thode visant \u00e0 proposer des produits ou des services ayant un impact environnemental r\u00e9duit par rapport au mode de production conventionnel, et ce, de l\u2019extraction des ressources \u00e0 la fin de vie des produits.\" \/>\n<meta name=\"robots\" content=\"index, follow, max-snippet:-1, max-image-preview:large, max-video-preview:-1\" \/>\n<link rel=\"canonical\" href=\"https:\/\/www.istegroup.com\/en\/produit\/eco-conception-et-transition-ecologique\/\" \/>\n<meta property=\"og:locale\" content=\"fr_FR\" \/>\n<meta property=\"og:type\" content=\"article\" \/>\n<meta property=\"og:title\" content=\"\u00c9co-conception et transition \u00e9cologique - ISTE Group\" \/>\n<meta property=\"og:description\" content=\"\u00c9coconception et transition \u00e9cologique pr\u00e9sente une r\u00e9flexion originale sur l\u2019\u00e9co-conception, une m\u00e9thode visant \u00e0 proposer des produits ou des services ayant un impact environnemental r\u00e9duit par rapport au mode de production conventionnel, et ce, de l\u2019extraction des ressources \u00e0 la fin de vie des produits.\" \/>\n<meta property=\"og:url\" content=\"https:\/\/www.istegroup.com\/en\/produit\/eco-conception-et-transition-ecologique\/\" \/>\n<meta property=\"og:site_name\" content=\"ISTE Group\" \/>\n<meta property=\"article:modified_time\" content=\"2024-02-05T12:40:36+00:00\" \/>\n<meta property=\"og:image\" content=\"https:\/\/www.istegroup.com\/wp-content\/uploads\/2023\/06\/Eco-conception-et-transition-ecologique.jpg\" \/>\n\t<meta property=\"og:image:width\" content=\"598\" \/>\n\t<meta property=\"og:image:height\" content=\"900\" \/>\n\t<meta property=\"og:image:type\" content=\"image\/jpeg\" \/>\n<meta name=\"twitter:card\" content=\"summary_large_image\" \/>\n<meta name=\"twitter:label1\" content=\"Est. reading time\" \/>\n\t<meta name=\"twitter:data1\" content=\"1 minute\" \/>\n<script type=\"application\/ld+json\" class=\"yoast-schema-graph\">{\"@context\":\"https:\/\/schema.org\",\"@graph\":[{\"@type\":\"WebPage\",\"@id\":\"https:\/\/www.istegroup.com\/en\/produit\/eco-conception-et-transition-ecologique\/\",\"url\":\"https:\/\/www.istegroup.com\/en\/produit\/eco-conception-et-transition-ecologique\/\",\"name\":\"\u00c9co-conception et transition \u00e9cologique - ISTE Group\",\"isPartOf\":{\"@id\":\"https:\/\/www.istegroup.com\/#website\"},\"primaryImageOfPage\":{\"@id\":\"https:\/\/www.istegroup.com\/en\/produit\/eco-conception-et-transition-ecologique\/#primaryimage\"},\"image\":{\"@id\":\"https:\/\/www.istegroup.com\/en\/produit\/eco-conception-et-transition-ecologique\/#primaryimage\"},\"thumbnailUrl\":\"https:\/\/www.istegroup.com\/wp-content\/uploads\/2023\/06\/Eco-conception-et-transition-ecologique.jpg\",\"datePublished\":\"2023-06-08T14:42:26+00:00\",\"dateModified\":\"2024-02-05T12:40:36+00:00\",\"description\":\"\u00c9coconception et transition \u00e9cologique pr\u00e9sente une r\u00e9flexion originale sur l\u2019\u00e9co-conception, une m\u00e9thode visant \u00e0 proposer des produits ou des services ayant un impact environnemental r\u00e9duit par rapport au mode de production conventionnel, et ce, de l\u2019extraction des ressources \u00e0 la fin de vie des produits.\",\"breadcrumb\":{\"@id\":\"https:\/\/www.istegroup.com\/en\/produit\/eco-conception-et-transition-ecologique\/#breadcrumb\"},\"inLanguage\":\"fr-FR\",\"potentialAction\":[{\"@type\":\"ReadAction\",\"target\":[\"https:\/\/www.istegroup.com\/en\/produit\/eco-conception-et-transition-ecologique\/\"]}]},{\"@type\":\"ImageObject\",\"inLanguage\":\"fr-FR\",\"@id\":\"https:\/\/www.istegroup.com\/en\/produit\/eco-conception-et-transition-ecologique\/#primaryimage\",\"url\":\"https:\/\/www.istegroup.com\/wp-content\/uploads\/2023\/06\/Eco-conception-et-transition-ecologique.jpg\",\"contentUrl\":\"https:\/\/www.istegroup.com\/wp-content\/uploads\/2023\/06\/Eco-conception-et-transition-ecologique.jpg\",\"width\":598,\"height\":900,\"caption\":\"Livre scientifique - \u00c9co-conception et transition \u00e9cologique\"},{\"@type\":\"BreadcrumbList\",\"@id\":\"https:\/\/www.istegroup.com\/en\/produit\/eco-conception-et-transition-ecologique\/#breadcrumb\",\"itemListElement\":[{\"@type\":\"ListItem\",\"position\":1,\"name\":\"Home\",\"item\":\"https:\/\/www.istegroup.com\/\"},{\"@type\":\"ListItem\",\"position\":2,\"name\":\"Shop\",\"item\":\"https:\/\/www.istegroup.com\/fr\/nouveautes\/\"},{\"@type\":\"ListItem\",\"position\":3,\"name\":\"\u00c9co-conception et transition \u00e9cologique\"}]},{\"@type\":\"WebSite\",\"@id\":\"https:\/\/www.istegroup.com\/#website\",\"url\":\"https:\/\/www.istegroup.com\/\",\"name\":\"ISTE Group\",\"description\":\"\u00c9diteur des Sciences\",\"potentialAction\":[{\"@type\":\"SearchAction\",\"target\":{\"@type\":\"EntryPoint\",\"urlTemplate\":\"https:\/\/www.istegroup.com\/?s={search_term_string}\"},\"query-input\":{\"@type\":\"PropertyValueSpecification\",\"valueRequired\":true,\"valueName\":\"search_term_string\"}}],\"inLanguage\":\"fr-FR\"}]}<\/script>\n<!-- \/ Yoast SEO plugin. -->","yoast_head_json":{"title":"\u00c9co-conception et transition \u00e9cologique - ISTE Group","description":"\u00c9coconception et transition \u00e9cologique pr\u00e9sente une r\u00e9flexion originale sur l\u2019\u00e9co-conception, une m\u00e9thode visant \u00e0 proposer des produits ou des services ayant un impact environnemental r\u00e9duit par rapport au mode de production conventionnel, et ce, de l\u2019extraction des ressources \u00e0 la fin de vie des produits.","robots":{"index":"index","follow":"follow","max-snippet":"max-snippet:-1","max-image-preview":"max-image-preview:large","max-video-preview":"max-video-preview:-1"},"canonical":"https:\/\/www.istegroup.com\/en\/produit\/eco-conception-et-transition-ecologique\/","og_locale":"fr_FR","og_type":"article","og_title":"\u00c9co-conception et transition \u00e9cologique - ISTE Group","og_description":"\u00c9coconception et transition \u00e9cologique pr\u00e9sente une r\u00e9flexion originale sur l\u2019\u00e9co-conception, une m\u00e9thode visant \u00e0 proposer des produits ou des services ayant un impact environnemental r\u00e9duit par rapport au mode de production conventionnel, et ce, de l\u2019extraction des ressources \u00e0 la fin de vie des produits.","og_url":"https:\/\/www.istegroup.com\/en\/produit\/eco-conception-et-transition-ecologique\/","og_site_name":"ISTE Group","article_modified_time":"2024-02-05T12:40:36+00:00","og_image":[{"width":598,"height":900,"url":"https:\/\/www.istegroup.com\/wp-content\/uploads\/2023\/06\/Eco-conception-et-transition-ecologique.jpg","type":"image\/jpeg"}],"twitter_card":"summary_large_image","twitter_misc":{"Est. reading time":"1 minute"},"schema":{"@context":"https:\/\/schema.org","@graph":[{"@type":"WebPage","@id":"https:\/\/www.istegroup.com\/en\/produit\/eco-conception-et-transition-ecologique\/","url":"https:\/\/www.istegroup.com\/en\/produit\/eco-conception-et-transition-ecologique\/","name":"\u00c9co-conception et transition \u00e9cologique - ISTE Group","isPartOf":{"@id":"https:\/\/www.istegroup.com\/#website"},"primaryImageOfPage":{"@id":"https:\/\/www.istegroup.com\/en\/produit\/eco-conception-et-transition-ecologique\/#primaryimage"},"image":{"@id":"https:\/\/www.istegroup.com\/en\/produit\/eco-conception-et-transition-ecologique\/#primaryimage"},"thumbnailUrl":"https:\/\/www.istegroup.com\/wp-content\/uploads\/2023\/06\/Eco-conception-et-transition-ecologique.jpg","datePublished":"2023-06-08T14:42:26+00:00","dateModified":"2024-02-05T12:40:36+00:00","description":"\u00c9coconception et transition \u00e9cologique pr\u00e9sente une r\u00e9flexion originale sur l\u2019\u00e9co-conception, une m\u00e9thode visant \u00e0 proposer des produits ou des services ayant un impact environnemental r\u00e9duit par rapport au mode de production conventionnel, et ce, de l\u2019extraction des ressources \u00e0 la fin de vie des produits.","breadcrumb":{"@id":"https:\/\/www.istegroup.com\/en\/produit\/eco-conception-et-transition-ecologique\/#breadcrumb"},"inLanguage":"fr-FR","potentialAction":[{"@type":"ReadAction","target":["https:\/\/www.istegroup.com\/en\/produit\/eco-conception-et-transition-ecologique\/"]}]},{"@type":"ImageObject","inLanguage":"fr-FR","@id":"https:\/\/www.istegroup.com\/en\/produit\/eco-conception-et-transition-ecologique\/#primaryimage","url":"https:\/\/www.istegroup.com\/wp-content\/uploads\/2023\/06\/Eco-conception-et-transition-ecologique.jpg","contentUrl":"https:\/\/www.istegroup.com\/wp-content\/uploads\/2023\/06\/Eco-conception-et-transition-ecologique.jpg","width":598,"height":900,"caption":"Livre scientifique - \u00c9co-conception et transition \u00e9cologique"},{"@type":"BreadcrumbList","@id":"https:\/\/www.istegroup.com\/en\/produit\/eco-conception-et-transition-ecologique\/#breadcrumb","itemListElement":[{"@type":"ListItem","position":1,"name":"Home","item":"https:\/\/www.istegroup.com\/"},{"@type":"ListItem","position":2,"name":"Shop","item":"https:\/\/www.istegroup.com\/fr\/nouveautes\/"},{"@type":"ListItem","position":3,"name":"\u00c9co-conception et transition \u00e9cologique"}]},{"@type":"WebSite","@id":"https:\/\/www.istegroup.com\/#website","url":"https:\/\/www.istegroup.com\/","name":"ISTE Group","description":"\u00c9diteur des Sciences","potentialAction":[{"@type":"SearchAction","target":{"@type":"EntryPoint","urlTemplate":"https:\/\/www.istegroup.com\/?s={search_term_string}"},"query-input":{"@type":"PropertyValueSpecification","valueRequired":true,"valueName":"search_term_string"}}],"inLanguage":"fr-FR"}]}},"_links":{"self":[{"href":"https:\/\/www.istegroup.com\/fr\/wp-json\/wp\/v2\/product\/52017","targetHints":{"allow":["GET"]}}],"collection":[{"href":"https:\/\/www.istegroup.com\/fr\/wp-json\/wp\/v2\/product"}],"about":[{"href":"https:\/\/www.istegroup.com\/fr\/wp-json\/wp\/v2\/types\/product"}],"wp:featuredmedia":[{"embeddable":true,"href":"https:\/\/www.istegroup.com\/fr\/wp-json\/wp\/v2\/media\/52023"}],"wp:attachment":[{"href":"https:\/\/www.istegroup.com\/fr\/wp-json\/wp\/v2\/media?parent=52017"}],"wp:term":[{"taxonomy":"product_brand","embeddable":true,"href":"https:\/\/www.istegroup.com\/fr\/wp-json\/wp\/v2\/product_brand?post=52017"},{"taxonomy":"product_cat","embeddable":true,"href":"https:\/\/www.istegroup.com\/fr\/wp-json\/wp\/v2\/product_cat?post=52017"},{"taxonomy":"product_tag","embeddable":true,"href":"https:\/\/www.istegroup.com\/fr\/wp-json\/wp\/v2\/product_tag?post=52017"}],"curies":[{"name":"wp","href":"https:\/\/api.w.org\/{rel}","templated":true}]}}