{"id":52005,"date":"2023-06-10T15:23:55","date_gmt":"2023-06-10T14:23:55","guid":{"rendered":"https:\/\/www.istegroup.com\/?post_type=product&#038;p=52005"},"modified":"2024-03-22T13:22:45","modified_gmt":"2024-03-22T13:22:45","slug":"les-capacites-creatives-des-organisations","status":"publish","type":"product","link":"https:\/\/www.istegroup.com\/fr\/produit\/les-capacites-creatives-des-organisations\/","title":{"rendered":"Les capacit\u00e9s cr\u00e9atives des organisations"},"content":{"rendered":"<p>La cr\u00e9ativit\u00e9, individuelle ou collective, est souvent abord\u00e9e sans prendre en compte les processus, les routines et les dispositifs de gestion de l\u2019organisation. Or, dans ce monde en constante mutation, le d\u00e9veloppement de la cr\u00e9ativit\u00e9 \u00e0 tous les niveaux de l\u2019organisation permet de d\u00e9velopper un flux r\u00e9gulier d\u2019innovation et r\u00e9soudre des probl\u00e8mes complexes pour atteindre les objectifs fix\u00e9s.<\/p>\n<p><em>Les capacit\u00e9s cr\u00e9atives des organisations<\/em> pr\u00e9sente une approche globale de la cr\u00e9ativit\u00e9 afin de construire une v\u00e9ritable capacit\u00e9 organisationnelle susceptible de procurer un avantage strat\u00e9gique. L\u2019ouvrage permet de comprendre les capacit\u00e9s cr\u00e9atives d\u2019une organisation \u00e0 travers le fonctionnement des routines d\u2019ouverture, de rel\u00e2chement, de socialisation, d\u2019agilit\u00e9, d\u2019\u00e9quipement et de gestion des id\u00e9es. Il donne les clefs et des exemples pour d\u00e9velopper une cr\u00e9ativit\u00e9 r\u00e9currente et cr\u00e9atrice de valeur, et s\u2019int\u00e9resse \u00e9galement la question de la mesure et de la performance des capacit\u00e9s cr\u00e9atives.<\/p>","protected":false},"excerpt":{"rendered":"<p>La cr\u00e9ativit\u00e9, individuelle ou collective, est souvent abord\u00e9e sans prendre en compte les processus, les routines et les dispositifs de gestion de l\u2019organisation. Or, dans ce monde en constante mutation, le d\u00e9veloppement de la cr\u00e9ativit\u00e9 \u00e0 tous les niveaux de l\u2019organisation permet de d\u00e9velopper un flux r\u00e9gulier d\u2019innovation et r\u00e9soudre des probl\u00e8mes complexes pour atteindre [&hellip;]<\/p>\n","protected":false},"featured_media":56117,"template":"","meta":{"_acf_changed":false,"_links_to":"","_links_to_target":""},"product_brand":[],"product_cat":[670],"product_tag":[],"class_list":{"0":"post-52005","1":"product","2":"type-product","3":"status-publish","4":"has-post-thumbnail","6":"product_cat-innovation-entrepreneuriat-et-gestion-11041751","8":"first","9":"instock","10":"shipping-taxable","11":"purchasable","12":"product-type-variable"},"acf":[],"yoast_head":"<!-- This site is optimized with the Yoast SEO plugin v27.2 - https:\/\/yoast.com\/product\/yoast-seo-wordpress\/ -->\n<title>Les capacit\u00e9s cr\u00e9atives des organisations - ISTE Group<\/title>\n<meta name=\"description\" content=\"Les capacit\u00e9s cr\u00e9atives des organisations pr\u00e9sente une approche globale de la cr\u00e9ativit\u00e9 afin de construire une v\u00e9ritable capacit\u00e9 organisationnelle susceptible de procurer un avantage strat\u00e9gique.\" \/>\n<meta name=\"robots\" content=\"index, follow, max-snippet:-1, max-image-preview:large, max-video-preview:-1\" \/>\n<link rel=\"canonical\" href=\"https:\/\/www.istegroup.com\/fr\/produit\/les-capacites-creatives-des-organisations\/\" \/>\n<meta property=\"og:locale\" content=\"fr_FR\" \/>\n<meta property=\"og:type\" content=\"article\" \/>\n<meta property=\"og:title\" content=\"Les capacit\u00e9s cr\u00e9atives des organisations - ISTE Group\" \/>\n<meta property=\"og:description\" content=\"Les capacit\u00e9s cr\u00e9atives des organisations pr\u00e9sente une approche globale de la cr\u00e9ativit\u00e9 afin de construire une v\u00e9ritable capacit\u00e9 organisationnelle susceptible de procurer un avantage strat\u00e9gique.\" \/>\n<meta property=\"og:url\" content=\"https:\/\/www.istegroup.com\/fr\/produit\/les-capacites-creatives-des-organisations\/\" \/>\n<meta property=\"og:site_name\" content=\"ISTE Group\" \/>\n<meta property=\"article:modified_time\" content=\"2024-03-22T13:22:45+00:00\" \/>\n<meta property=\"og:image\" content=\"https:\/\/www.istegroup.com\/wp-content\/uploads\/2023\/06\/Les-capacites-creatives-des-organisations_FNEGE.jpg\" \/>\n\t<meta property=\"og:image:width\" content=\"598\" \/>\n\t<meta property=\"og:image:height\" content=\"901\" \/>\n\t<meta property=\"og:image:type\" content=\"image\/jpeg\" \/>\n<meta name=\"twitter:card\" content=\"summary_large_image\" \/>\n<meta name=\"twitter:label1\" content=\"Est. reading time\" \/>\n\t<meta name=\"twitter:data1\" content=\"1 minute\" \/>\n<script type=\"application\/ld+json\" class=\"yoast-schema-graph\">{\"@context\":\"https:\/\/schema.org\",\"@graph\":[{\"@type\":\"WebPage\",\"@id\":\"https:\/\/www.istegroup.com\/fr\/produit\/les-capacites-creatives-des-organisations\/\",\"url\":\"https:\/\/www.istegroup.com\/fr\/produit\/les-capacites-creatives-des-organisations\/\",\"name\":\"Les capacit\u00e9s cr\u00e9atives des organisations - ISTE Group\",\"isPartOf\":{\"@id\":\"https:\/\/www.istegroup.com\/#website\"},\"primaryImageOfPage\":{\"@id\":\"https:\/\/www.istegroup.com\/fr\/produit\/les-capacites-creatives-des-organisations\/#primaryimage\"},\"image\":{\"@id\":\"https:\/\/www.istegroup.com\/fr\/produit\/les-capacites-creatives-des-organisations\/#primaryimage\"},\"thumbnailUrl\":\"https:\/\/www.istegroup.com\/wp-content\/uploads\/2023\/06\/Les-capacites-creatives-des-organisations_FNEGE.jpg\",\"datePublished\":\"2023-06-10T14:23:55+00:00\",\"dateModified\":\"2024-03-22T13:22:45+00:00\",\"description\":\"Les capacit\u00e9s cr\u00e9atives des organisations pr\u00e9sente une approche globale de la cr\u00e9ativit\u00e9 afin de construire une v\u00e9ritable capacit\u00e9 organisationnelle susceptible de procurer un avantage strat\u00e9gique.\",\"breadcrumb\":{\"@id\":\"https:\/\/www.istegroup.com\/fr\/produit\/les-capacites-creatives-des-organisations\/#breadcrumb\"},\"inLanguage\":\"fr-FR\",\"potentialAction\":[{\"@type\":\"ReadAction\",\"target\":[\"https:\/\/www.istegroup.com\/fr\/produit\/les-capacites-creatives-des-organisations\/\"]}]},{\"@type\":\"ImageObject\",\"inLanguage\":\"fr-FR\",\"@id\":\"https:\/\/www.istegroup.com\/fr\/produit\/les-capacites-creatives-des-organisations\/#primaryimage\",\"url\":\"https:\/\/www.istegroup.com\/wp-content\/uploads\/2023\/06\/Les-capacites-creatives-des-organisations_FNEGE.jpg\",\"contentUrl\":\"https:\/\/www.istegroup.com\/wp-content\/uploads\/2023\/06\/Les-capacites-creatives-des-organisations_FNEGE.jpg\",\"width\":598,\"height\":901,\"caption\":\"Livre scientifique - Les capacit\u00e9s cr\u00e9atives des organisations_FNEGE\"},{\"@type\":\"BreadcrumbList\",\"@id\":\"https:\/\/www.istegroup.com\/fr\/produit\/les-capacites-creatives-des-organisations\/#breadcrumb\",\"itemListElement\":[{\"@type\":\"ListItem\",\"position\":1,\"name\":\"Home\",\"item\":\"https:\/\/www.istegroup.com\/\"},{\"@type\":\"ListItem\",\"position\":2,\"name\":\"Shop\",\"item\":\"https:\/\/www.istegroup.com\/fr\/nouveautes\/\"},{\"@type\":\"ListItem\",\"position\":3,\"name\":\"Les capacit\u00e9s cr\u00e9atives des organisations\"}]},{\"@type\":\"WebSite\",\"@id\":\"https:\/\/www.istegroup.com\/#website\",\"url\":\"https:\/\/www.istegroup.com\/\",\"name\":\"ISTE Group\",\"description\":\"\u00c9diteur des Sciences\",\"potentialAction\":[{\"@type\":\"SearchAction\",\"target\":{\"@type\":\"EntryPoint\",\"urlTemplate\":\"https:\/\/www.istegroup.com\/?s={search_term_string}\"},\"query-input\":{\"@type\":\"PropertyValueSpecification\",\"valueRequired\":true,\"valueName\":\"search_term_string\"}}],\"inLanguage\":\"fr-FR\"}]}<\/script>\n<!-- \/ Yoast SEO plugin. -->","yoast_head_json":{"title":"Les capacit\u00e9s cr\u00e9atives des organisations - ISTE Group","description":"Les capacit\u00e9s cr\u00e9atives des organisations pr\u00e9sente une approche globale de la cr\u00e9ativit\u00e9 afin de construire une v\u00e9ritable capacit\u00e9 organisationnelle susceptible de procurer un avantage strat\u00e9gique.","robots":{"index":"index","follow":"follow","max-snippet":"max-snippet:-1","max-image-preview":"max-image-preview:large","max-video-preview":"max-video-preview:-1"},"canonical":"https:\/\/www.istegroup.com\/fr\/produit\/les-capacites-creatives-des-organisations\/","og_locale":"fr_FR","og_type":"article","og_title":"Les capacit\u00e9s cr\u00e9atives des organisations - ISTE Group","og_description":"Les capacit\u00e9s cr\u00e9atives des organisations pr\u00e9sente une approche globale de la cr\u00e9ativit\u00e9 afin de construire une v\u00e9ritable capacit\u00e9 organisationnelle susceptible de procurer un avantage strat\u00e9gique.","og_url":"https:\/\/www.istegroup.com\/fr\/produit\/les-capacites-creatives-des-organisations\/","og_site_name":"ISTE Group","article_modified_time":"2024-03-22T13:22:45+00:00","og_image":[{"width":598,"height":901,"url":"https:\/\/www.istegroup.com\/wp-content\/uploads\/2023\/06\/Les-capacites-creatives-des-organisations_FNEGE.jpg","type":"image\/jpeg"}],"twitter_card":"summary_large_image","twitter_misc":{"Est. reading time":"1 minute"},"schema":{"@context":"https:\/\/schema.org","@graph":[{"@type":"WebPage","@id":"https:\/\/www.istegroup.com\/fr\/produit\/les-capacites-creatives-des-organisations\/","url":"https:\/\/www.istegroup.com\/fr\/produit\/les-capacites-creatives-des-organisations\/","name":"Les capacit\u00e9s cr\u00e9atives des organisations - ISTE Group","isPartOf":{"@id":"https:\/\/www.istegroup.com\/#website"},"primaryImageOfPage":{"@id":"https:\/\/www.istegroup.com\/fr\/produit\/les-capacites-creatives-des-organisations\/#primaryimage"},"image":{"@id":"https:\/\/www.istegroup.com\/fr\/produit\/les-capacites-creatives-des-organisations\/#primaryimage"},"thumbnailUrl":"https:\/\/www.istegroup.com\/wp-content\/uploads\/2023\/06\/Les-capacites-creatives-des-organisations_FNEGE.jpg","datePublished":"2023-06-10T14:23:55+00:00","dateModified":"2024-03-22T13:22:45+00:00","description":"Les capacit\u00e9s cr\u00e9atives des organisations pr\u00e9sente une approche globale de la cr\u00e9ativit\u00e9 afin de construire une v\u00e9ritable capacit\u00e9 organisationnelle susceptible de procurer un avantage strat\u00e9gique.","breadcrumb":{"@id":"https:\/\/www.istegroup.com\/fr\/produit\/les-capacites-creatives-des-organisations\/#breadcrumb"},"inLanguage":"fr-FR","potentialAction":[{"@type":"ReadAction","target":["https:\/\/www.istegroup.com\/fr\/produit\/les-capacites-creatives-des-organisations\/"]}]},{"@type":"ImageObject","inLanguage":"fr-FR","@id":"https:\/\/www.istegroup.com\/fr\/produit\/les-capacites-creatives-des-organisations\/#primaryimage","url":"https:\/\/www.istegroup.com\/wp-content\/uploads\/2023\/06\/Les-capacites-creatives-des-organisations_FNEGE.jpg","contentUrl":"https:\/\/www.istegroup.com\/wp-content\/uploads\/2023\/06\/Les-capacites-creatives-des-organisations_FNEGE.jpg","width":598,"height":901,"caption":"Livre scientifique - Les capacit\u00e9s cr\u00e9atives des organisations_FNEGE"},{"@type":"BreadcrumbList","@id":"https:\/\/www.istegroup.com\/fr\/produit\/les-capacites-creatives-des-organisations\/#breadcrumb","itemListElement":[{"@type":"ListItem","position":1,"name":"Home","item":"https:\/\/www.istegroup.com\/"},{"@type":"ListItem","position":2,"name":"Shop","item":"https:\/\/www.istegroup.com\/fr\/nouveautes\/"},{"@type":"ListItem","position":3,"name":"Les capacit\u00e9s cr\u00e9atives des organisations"}]},{"@type":"WebSite","@id":"https:\/\/www.istegroup.com\/#website","url":"https:\/\/www.istegroup.com\/","name":"ISTE Group","description":"\u00c9diteur des Sciences","potentialAction":[{"@type":"SearchAction","target":{"@type":"EntryPoint","urlTemplate":"https:\/\/www.istegroup.com\/?s={search_term_string}"},"query-input":{"@type":"PropertyValueSpecification","valueRequired":true,"valueName":"search_term_string"}}],"inLanguage":"fr-FR"}]}},"_links":{"self":[{"href":"https:\/\/www.istegroup.com\/fr\/wp-json\/wp\/v2\/product\/52005","targetHints":{"allow":["GET"]}}],"collection":[{"href":"https:\/\/www.istegroup.com\/fr\/wp-json\/wp\/v2\/product"}],"about":[{"href":"https:\/\/www.istegroup.com\/fr\/wp-json\/wp\/v2\/types\/product"}],"wp:featuredmedia":[{"embeddable":true,"href":"https:\/\/www.istegroup.com\/fr\/wp-json\/wp\/v2\/media\/56117"}],"wp:attachment":[{"href":"https:\/\/www.istegroup.com\/fr\/wp-json\/wp\/v2\/media?parent=52005"}],"wp:term":[{"taxonomy":"product_brand","embeddable":true,"href":"https:\/\/www.istegroup.com\/fr\/wp-json\/wp\/v2\/product_brand?post=52005"},{"taxonomy":"product_cat","embeddable":true,"href":"https:\/\/www.istegroup.com\/fr\/wp-json\/wp\/v2\/product_cat?post=52005"},{"taxonomy":"product_tag","embeddable":true,"href":"https:\/\/www.istegroup.com\/fr\/wp-json\/wp\/v2\/product_tag?post=52005"}],"curies":[{"name":"wp","href":"https:\/\/api.w.org\/{rel}","templated":true}]}}