{"id":51981,"date":"2023-06-20T15:15:23","date_gmt":"2023-06-20T14:15:23","guid":{"rendered":"https:\/\/www.istegroup.com\/?post_type=product&#038;p=51981"},"modified":"2024-02-05T13:55:27","modified_gmt":"2024-02-05T13:55:27","slug":"territoires-inclusifs-2","status":"publish","type":"product","link":"https:\/\/www.istegroup.com\/fr\/produit\/territoires-inclusifs-2\/","title":{"rendered":"Territoires inclusifs 2"},"content":{"rendered":"<p>Les in\u00e9galit\u00e9s et autres \u00ab fractures sociales \u00bb marquent nos \u00e9conomies et nos soci\u00e9t\u00e9s contemporaines. Si l\u2019on a pu se contenter longtemps d\u2019approches globales, l\u2019enjeu est aujourd\u2019hui mis sur la fa\u00e7on dont les dynamiques locales permettent de rendre l\u2019inclusion possible.<\/p>\n<p>Cet ouvrage collectif en deux volumes rend compte de ces dynamiques locales d\u2019acteurs, en \u00e9clairant la fa\u00e7on dont la cr\u00e9ation de territoires inclusifs peut s\u2019envisager et se d\u00e9velopper. Dans cette vis\u00e9e, l\u2019enr\u00f4lement des organisations, qu\u2019elles soient publiques, priv\u00e9es ou associatives a \u00e9t\u00e9 identifi\u00e9 comme l\u2019une des conditions de r\u00e9ussite des dispositifs mis en place. Elles oeuvrent, en effet, tant comme partenaires sur un territoire que comme espace inclusif.<\/p>\n<p><em>Territoires inclusifs 2<\/em> met l\u2019accent sur les partenariats locaux qui favorisent l\u2019inclusion, en pr\u00e9sentant des dispositifs existants et en discutant les conditions de leur impulsion.<\/p>","protected":false},"excerpt":{"rendered":"<p>Les in\u00e9galit\u00e9s et autres \u00ab fractures sociales \u00bb marquent nos \u00e9conomies et nos soci\u00e9t\u00e9s contemporaines. Si l\u2019on a pu se contenter longtemps d\u2019approches globales, l\u2019enjeu est aujourd\u2019hui mis sur la fa\u00e7on dont les dynamiques locales permettent de rendre l\u2019inclusion possible. Cet ouvrage collectif en deux volumes rend compte de ces dynamiques locales d\u2019acteurs, en \u00e9clairant [&hellip;]<\/p>\n","protected":false},"featured_media":51985,"template":"","meta":{"_acf_changed":false,"_links_to":"","_links_to_target":""},"product_brand":[],"product_cat":[670],"product_tag":[],"class_list":{"0":"post-51981","1":"product","2":"type-product","3":"status-publish","4":"has-post-thumbnail","6":"product_cat-innovation-entrepreneuriat-et-gestion-11041751","8":"first","9":"instock","10":"shipping-taxable","11":"purchasable","12":"product-type-variable"},"acf":[],"yoast_head":"<!-- This site is optimized with the Yoast SEO plugin v27.2 - https:\/\/yoast.com\/product\/yoast-seo-wordpress\/ -->\n<title>Territoires inclusifs 2 - ISTE Group<\/title>\n<meta name=\"description\" content=\"Cet ouvrage collectif en deux volumes rend compte de ces dynamiques locales d\u2019acteurs, en \u00e9clairant la fa\u00e7on dont la cr\u00e9ation de territoires inclusifs peut s\u2019envisager et se d\u00e9velopper.\" \/>\n<meta name=\"robots\" content=\"index, follow, max-snippet:-1, max-image-preview:large, max-video-preview:-1\" \/>\n<link rel=\"canonical\" href=\"https:\/\/www.istegroup.com\/en\/produit\/territoires-inclusifs-2\/\" \/>\n<meta property=\"og:locale\" content=\"fr_FR\" \/>\n<meta property=\"og:type\" content=\"article\" \/>\n<meta property=\"og:title\" content=\"Territoires inclusifs 2 - ISTE Group\" \/>\n<meta property=\"og:description\" content=\"Cet ouvrage collectif en deux volumes rend compte de ces dynamiques locales d\u2019acteurs, en \u00e9clairant la fa\u00e7on dont la cr\u00e9ation de territoires inclusifs peut s\u2019envisager et se d\u00e9velopper.\" \/>\n<meta property=\"og:url\" content=\"https:\/\/www.istegroup.com\/en\/produit\/territoires-inclusifs-2\/\" \/>\n<meta property=\"og:site_name\" content=\"ISTE Group\" \/>\n<meta property=\"article:modified_time\" content=\"2024-02-05T13:55:27+00:00\" \/>\n<meta property=\"og:image\" content=\"https:\/\/www.istegroup.com\/wp-content\/uploads\/2023\/06\/Territoires-inclusifs-2.jpg\" \/>\n\t<meta property=\"og:image:width\" content=\"596\" \/>\n\t<meta property=\"og:image:height\" content=\"898\" \/>\n\t<meta property=\"og:image:type\" content=\"image\/jpeg\" \/>\n<meta name=\"twitter:card\" content=\"summary_large_image\" \/>\n<meta name=\"twitter:label1\" content=\"Est. reading time\" \/>\n\t<meta name=\"twitter:data1\" content=\"1 minute\" \/>\n<script type=\"application\/ld+json\" class=\"yoast-schema-graph\">{\"@context\":\"https:\/\/schema.org\",\"@graph\":[{\"@type\":\"WebPage\",\"@id\":\"https:\/\/www.istegroup.com\/en\/produit\/territoires-inclusifs-2\/\",\"url\":\"https:\/\/www.istegroup.com\/en\/produit\/territoires-inclusifs-2\/\",\"name\":\"Territoires inclusifs 2 - ISTE Group\",\"isPartOf\":{\"@id\":\"https:\/\/www.istegroup.com\/#website\"},\"primaryImageOfPage\":{\"@id\":\"https:\/\/www.istegroup.com\/en\/produit\/territoires-inclusifs-2\/#primaryimage\"},\"image\":{\"@id\":\"https:\/\/www.istegroup.com\/en\/produit\/territoires-inclusifs-2\/#primaryimage\"},\"thumbnailUrl\":\"https:\/\/www.istegroup.com\/wp-content\/uploads\/2023\/06\/Territoires-inclusifs-2.jpg\",\"datePublished\":\"2023-06-20T14:15:23+00:00\",\"dateModified\":\"2024-02-05T13:55:27+00:00\",\"description\":\"Cet ouvrage collectif en deux volumes rend compte de ces dynamiques locales d\u2019acteurs, en \u00e9clairant la fa\u00e7on dont la cr\u00e9ation de territoires inclusifs peut s\u2019envisager et se d\u00e9velopper.\",\"breadcrumb\":{\"@id\":\"https:\/\/www.istegroup.com\/en\/produit\/territoires-inclusifs-2\/#breadcrumb\"},\"inLanguage\":\"fr-FR\",\"potentialAction\":[{\"@type\":\"ReadAction\",\"target\":[\"https:\/\/www.istegroup.com\/en\/produit\/territoires-inclusifs-2\/\"]}]},{\"@type\":\"ImageObject\",\"inLanguage\":\"fr-FR\",\"@id\":\"https:\/\/www.istegroup.com\/en\/produit\/territoires-inclusifs-2\/#primaryimage\",\"url\":\"https:\/\/www.istegroup.com\/wp-content\/uploads\/2023\/06\/Territoires-inclusifs-2.jpg\",\"contentUrl\":\"https:\/\/www.istegroup.com\/wp-content\/uploads\/2023\/06\/Territoires-inclusifs-2.jpg\",\"width\":596,\"height\":898,\"caption\":\"Livre scientifique - Territoires inclusifs 2\"},{\"@type\":\"BreadcrumbList\",\"@id\":\"https:\/\/www.istegroup.com\/en\/produit\/territoires-inclusifs-2\/#breadcrumb\",\"itemListElement\":[{\"@type\":\"ListItem\",\"position\":1,\"name\":\"Home\",\"item\":\"https:\/\/www.istegroup.com\/\"},{\"@type\":\"ListItem\",\"position\":2,\"name\":\"Shop\",\"item\":\"https:\/\/www.istegroup.com\/fr\/nouveautes\/\"},{\"@type\":\"ListItem\",\"position\":3,\"name\":\"Territoires inclusifs 2\"}]},{\"@type\":\"WebSite\",\"@id\":\"https:\/\/www.istegroup.com\/#website\",\"url\":\"https:\/\/www.istegroup.com\/\",\"name\":\"ISTE Group\",\"description\":\"\u00c9diteur des Sciences\",\"potentialAction\":[{\"@type\":\"SearchAction\",\"target\":{\"@type\":\"EntryPoint\",\"urlTemplate\":\"https:\/\/www.istegroup.com\/?s={search_term_string}\"},\"query-input\":{\"@type\":\"PropertyValueSpecification\",\"valueRequired\":true,\"valueName\":\"search_term_string\"}}],\"inLanguage\":\"fr-FR\"}]}<\/script>\n<!-- \/ Yoast SEO plugin. -->","yoast_head_json":{"title":"Territoires inclusifs 2 - ISTE Group","description":"Cet ouvrage collectif en deux volumes rend compte de ces dynamiques locales d\u2019acteurs, en \u00e9clairant la fa\u00e7on dont la cr\u00e9ation de territoires inclusifs peut s\u2019envisager et se d\u00e9velopper.","robots":{"index":"index","follow":"follow","max-snippet":"max-snippet:-1","max-image-preview":"max-image-preview:large","max-video-preview":"max-video-preview:-1"},"canonical":"https:\/\/www.istegroup.com\/en\/produit\/territoires-inclusifs-2\/","og_locale":"fr_FR","og_type":"article","og_title":"Territoires inclusifs 2 - ISTE Group","og_description":"Cet ouvrage collectif en deux volumes rend compte de ces dynamiques locales d\u2019acteurs, en \u00e9clairant la fa\u00e7on dont la cr\u00e9ation de territoires inclusifs peut s\u2019envisager et se d\u00e9velopper.","og_url":"https:\/\/www.istegroup.com\/en\/produit\/territoires-inclusifs-2\/","og_site_name":"ISTE Group","article_modified_time":"2024-02-05T13:55:27+00:00","og_image":[{"width":596,"height":898,"url":"https:\/\/www.istegroup.com\/wp-content\/uploads\/2023\/06\/Territoires-inclusifs-2.jpg","type":"image\/jpeg"}],"twitter_card":"summary_large_image","twitter_misc":{"Est. reading time":"1 minute"},"schema":{"@context":"https:\/\/schema.org","@graph":[{"@type":"WebPage","@id":"https:\/\/www.istegroup.com\/en\/produit\/territoires-inclusifs-2\/","url":"https:\/\/www.istegroup.com\/en\/produit\/territoires-inclusifs-2\/","name":"Territoires inclusifs 2 - ISTE Group","isPartOf":{"@id":"https:\/\/www.istegroup.com\/#website"},"primaryImageOfPage":{"@id":"https:\/\/www.istegroup.com\/en\/produit\/territoires-inclusifs-2\/#primaryimage"},"image":{"@id":"https:\/\/www.istegroup.com\/en\/produit\/territoires-inclusifs-2\/#primaryimage"},"thumbnailUrl":"https:\/\/www.istegroup.com\/wp-content\/uploads\/2023\/06\/Territoires-inclusifs-2.jpg","datePublished":"2023-06-20T14:15:23+00:00","dateModified":"2024-02-05T13:55:27+00:00","description":"Cet ouvrage collectif en deux volumes rend compte de ces dynamiques locales d\u2019acteurs, en \u00e9clairant la fa\u00e7on dont la cr\u00e9ation de territoires inclusifs peut s\u2019envisager et se d\u00e9velopper.","breadcrumb":{"@id":"https:\/\/www.istegroup.com\/en\/produit\/territoires-inclusifs-2\/#breadcrumb"},"inLanguage":"fr-FR","potentialAction":[{"@type":"ReadAction","target":["https:\/\/www.istegroup.com\/en\/produit\/territoires-inclusifs-2\/"]}]},{"@type":"ImageObject","inLanguage":"fr-FR","@id":"https:\/\/www.istegroup.com\/en\/produit\/territoires-inclusifs-2\/#primaryimage","url":"https:\/\/www.istegroup.com\/wp-content\/uploads\/2023\/06\/Territoires-inclusifs-2.jpg","contentUrl":"https:\/\/www.istegroup.com\/wp-content\/uploads\/2023\/06\/Territoires-inclusifs-2.jpg","width":596,"height":898,"caption":"Livre scientifique - Territoires inclusifs 2"},{"@type":"BreadcrumbList","@id":"https:\/\/www.istegroup.com\/en\/produit\/territoires-inclusifs-2\/#breadcrumb","itemListElement":[{"@type":"ListItem","position":1,"name":"Home","item":"https:\/\/www.istegroup.com\/"},{"@type":"ListItem","position":2,"name":"Shop","item":"https:\/\/www.istegroup.com\/fr\/nouveautes\/"},{"@type":"ListItem","position":3,"name":"Territoires inclusifs 2"}]},{"@type":"WebSite","@id":"https:\/\/www.istegroup.com\/#website","url":"https:\/\/www.istegroup.com\/","name":"ISTE Group","description":"\u00c9diteur des Sciences","potentialAction":[{"@type":"SearchAction","target":{"@type":"EntryPoint","urlTemplate":"https:\/\/www.istegroup.com\/?s={search_term_string}"},"query-input":{"@type":"PropertyValueSpecification","valueRequired":true,"valueName":"search_term_string"}}],"inLanguage":"fr-FR"}]}},"_links":{"self":[{"href":"https:\/\/www.istegroup.com\/fr\/wp-json\/wp\/v2\/product\/51981","targetHints":{"allow":["GET"]}}],"collection":[{"href":"https:\/\/www.istegroup.com\/fr\/wp-json\/wp\/v2\/product"}],"about":[{"href":"https:\/\/www.istegroup.com\/fr\/wp-json\/wp\/v2\/types\/product"}],"wp:featuredmedia":[{"embeddable":true,"href":"https:\/\/www.istegroup.com\/fr\/wp-json\/wp\/v2\/media\/51985"}],"wp:attachment":[{"href":"https:\/\/www.istegroup.com\/fr\/wp-json\/wp\/v2\/media?parent=51981"}],"wp:term":[{"taxonomy":"product_brand","embeddable":true,"href":"https:\/\/www.istegroup.com\/fr\/wp-json\/wp\/v2\/product_brand?post=51981"},{"taxonomy":"product_cat","embeddable":true,"href":"https:\/\/www.istegroup.com\/fr\/wp-json\/wp\/v2\/product_cat?post=51981"},{"taxonomy":"product_tag","embeddable":true,"href":"https:\/\/www.istegroup.com\/fr\/wp-json\/wp\/v2\/product_tag?post=51981"}],"curies":[{"name":"wp","href":"https:\/\/api.w.org\/{rel}","templated":true}]}}