{"id":51868,"date":"2023-05-31T14:46:29","date_gmt":"2023-05-31T13:46:29","guid":{"rendered":"https:\/\/www.istegroup.com\/?post_type=product&#038;p=51868"},"modified":"2024-03-22T13:21:19","modified_gmt":"2024-03-22T13:21:19","slug":"les-philosophies-des-techniques","status":"publish","type":"product","link":"https:\/\/www.istegroup.com\/fr\/produit\/les-philosophies-des-techniques\/","title":{"rendered":"Les philosophies des techniques"},"content":{"rendered":"<p>En un si\u00e8cle, les techniques ont conquis une puissance in\u00e9dite. Une nouvelle forme du monde en r\u00e9sulte. Ces mutations mettent \u00e0 l\u2019\u00e9preuve nos capacit\u00e9s et provoquent de nouvelles crises aux enjeux multiples.<\/p>\n<p>En convoquant l\u2019histoire longue, <em>Les philosophies des techniques<\/em> interroge les continuit\u00e9s et les ruptures induites par la puissance des r\u00e9gimes techniques contemporains, sans les r\u00e9sumer au num\u00e9rique. Il fait r\u00e9sonner treize auteurs de traditions diff\u00e9rentes et propose des outils pour combiner techniques productives et durabilit\u00e9, innovation et responsabilit\u00e9.<\/p>\n<p>Cet ouvrage prend le pari que, face au d\u00e9ploiement tentaculaire et m\u00e9tamorphique des techniques, la philosophie est \u00e0 m\u00eame de r\u00e9pondre \u00e0 des mutations qui sont autant de chances pour fa\u00e7onner notre avenir. Les techniques ont aujourd\u2019hui besoin d\u2019un moment philosophique.<\/p>","protected":false},"excerpt":{"rendered":"<p>En un si\u00e8cle, les techniques ont conquis une puissance in\u00e9dite. Une nouvelle forme du monde en r\u00e9sulte. Ces mutations mettent \u00e0 l\u2019\u00e9preuve nos capacit\u00e9s et provoquent de nouvelles crises aux enjeux multiples. En convoquant l\u2019histoire longue, Les philosophies des techniques interroge les continuit\u00e9s et les ruptures induites par la puissance des r\u00e9gimes techniques contemporains, sans [&hellip;]<\/p>\n","protected":false},"featured_media":51879,"template":"","meta":{"_acf_changed":false,"_links_to":"","_links_to_target":""},"product_brand":[],"product_cat":[3262],"product_tag":[],"class_list":{"0":"post-51868","1":"product","2":"type-product","3":"status-publish","4":"has-post-thumbnail","6":"product_cat-non-classe","8":"first","9":"instock","10":"shipping-taxable","11":"purchasable","12":"product-type-variable"},"acf":[],"yoast_head":"<!-- This site is optimized with the Yoast SEO plugin v27.2 - https:\/\/yoast.com\/product\/yoast-seo-wordpress\/ -->\n<title>Les philosophies des techniques - ISTE Group<\/title>\n<meta name=\"description\" content=\"En convoquant l\u2019histoire longue, Les philosophies des techniques interroge les continuit\u00e9s et les ruptures induites par la puissance des r\u00e9gimes techniques contemporains, sans les r\u00e9sumer au num\u00e9rique.\" \/>\n<meta name=\"robots\" content=\"index, follow, max-snippet:-1, max-image-preview:large, max-video-preview:-1\" \/>\n<link rel=\"canonical\" href=\"https:\/\/www.istegroup.com\/en\/produit\/les-philosophies-des-techniques\/\" \/>\n<meta property=\"og:locale\" content=\"fr_FR\" \/>\n<meta property=\"og:type\" content=\"article\" \/>\n<meta property=\"og:title\" content=\"Les philosophies des techniques - ISTE Group\" \/>\n<meta property=\"og:description\" content=\"En convoquant l\u2019histoire longue, Les philosophies des techniques interroge les continuit\u00e9s et les ruptures induites par la puissance des r\u00e9gimes techniques contemporains, sans les r\u00e9sumer au num\u00e9rique.\" \/>\n<meta property=\"og:url\" content=\"https:\/\/www.istegroup.com\/en\/produit\/les-philosophies-des-techniques\/\" \/>\n<meta property=\"og:site_name\" content=\"ISTE Group\" \/>\n<meta property=\"article:modified_time\" content=\"2024-03-22T13:21:19+00:00\" \/>\n<meta property=\"og:image\" content=\"https:\/\/www.istegroup.com\/wp-content\/uploads\/2023\/05\/Les-philosophies-des-techniques.jpg\" \/>\n\t<meta property=\"og:image:width\" content=\"598\" \/>\n\t<meta property=\"og:image:height\" content=\"898\" \/>\n\t<meta property=\"og:image:type\" content=\"image\/jpeg\" \/>\n<meta name=\"twitter:card\" content=\"summary_large_image\" \/>\n<meta name=\"twitter:label1\" content=\"Est. reading time\" \/>\n\t<meta name=\"twitter:data1\" content=\"1 minute\" \/>\n<script type=\"application\/ld+json\" class=\"yoast-schema-graph\">{\"@context\":\"https:\/\/schema.org\",\"@graph\":[{\"@type\":\"WebPage\",\"@id\":\"https:\/\/www.istegroup.com\/en\/produit\/les-philosophies-des-techniques\/\",\"url\":\"https:\/\/www.istegroup.com\/en\/produit\/les-philosophies-des-techniques\/\",\"name\":\"Les philosophies des techniques - ISTE Group\",\"isPartOf\":{\"@id\":\"https:\/\/www.istegroup.com\/#website\"},\"primaryImageOfPage\":{\"@id\":\"https:\/\/www.istegroup.com\/en\/produit\/les-philosophies-des-techniques\/#primaryimage\"},\"image\":{\"@id\":\"https:\/\/www.istegroup.com\/en\/produit\/les-philosophies-des-techniques\/#primaryimage\"},\"thumbnailUrl\":\"https:\/\/www.istegroup.com\/wp-content\/uploads\/2023\/05\/Les-philosophies-des-techniques.jpg\",\"datePublished\":\"2023-05-31T13:46:29+00:00\",\"dateModified\":\"2024-03-22T13:21:19+00:00\",\"description\":\"En convoquant l\u2019histoire longue, Les philosophies des techniques interroge les continuit\u00e9s et les ruptures induites par la puissance des r\u00e9gimes techniques contemporains, sans les r\u00e9sumer au num\u00e9rique.\",\"breadcrumb\":{\"@id\":\"https:\/\/www.istegroup.com\/en\/produit\/les-philosophies-des-techniques\/#breadcrumb\"},\"inLanguage\":\"fr-FR\",\"potentialAction\":[{\"@type\":\"ReadAction\",\"target\":[\"https:\/\/www.istegroup.com\/en\/produit\/les-philosophies-des-techniques\/\"]}]},{\"@type\":\"ImageObject\",\"inLanguage\":\"fr-FR\",\"@id\":\"https:\/\/www.istegroup.com\/en\/produit\/les-philosophies-des-techniques\/#primaryimage\",\"url\":\"https:\/\/www.istegroup.com\/wp-content\/uploads\/2023\/05\/Les-philosophies-des-techniques.jpg\",\"contentUrl\":\"https:\/\/www.istegroup.com\/wp-content\/uploads\/2023\/05\/Les-philosophies-des-techniques.jpg\",\"width\":598,\"height\":898,\"caption\":\"Livre scientifique - Les philosophies des techniques\"},{\"@type\":\"BreadcrumbList\",\"@id\":\"https:\/\/www.istegroup.com\/en\/produit\/les-philosophies-des-techniques\/#breadcrumb\",\"itemListElement\":[{\"@type\":\"ListItem\",\"position\":1,\"name\":\"Home\",\"item\":\"https:\/\/www.istegroup.com\/\"},{\"@type\":\"ListItem\",\"position\":2,\"name\":\"Shop\",\"item\":\"https:\/\/www.istegroup.com\/fr\/nouveautes\/\"},{\"@type\":\"ListItem\",\"position\":3,\"name\":\"Les philosophies des techniques\"}]},{\"@type\":\"WebSite\",\"@id\":\"https:\/\/www.istegroup.com\/#website\",\"url\":\"https:\/\/www.istegroup.com\/\",\"name\":\"ISTE Group\",\"description\":\"\u00c9diteur des Sciences\",\"potentialAction\":[{\"@type\":\"SearchAction\",\"target\":{\"@type\":\"EntryPoint\",\"urlTemplate\":\"https:\/\/www.istegroup.com\/?s={search_term_string}\"},\"query-input\":{\"@type\":\"PropertyValueSpecification\",\"valueRequired\":true,\"valueName\":\"search_term_string\"}}],\"inLanguage\":\"fr-FR\"}]}<\/script>\n<!-- \/ Yoast SEO plugin. -->","yoast_head_json":{"title":"Les philosophies des techniques - ISTE Group","description":"En convoquant l\u2019histoire longue, Les philosophies des techniques interroge les continuit\u00e9s et les ruptures induites par la puissance des r\u00e9gimes techniques contemporains, sans les r\u00e9sumer au num\u00e9rique.","robots":{"index":"index","follow":"follow","max-snippet":"max-snippet:-1","max-image-preview":"max-image-preview:large","max-video-preview":"max-video-preview:-1"},"canonical":"https:\/\/www.istegroup.com\/en\/produit\/les-philosophies-des-techniques\/","og_locale":"fr_FR","og_type":"article","og_title":"Les philosophies des techniques - ISTE Group","og_description":"En convoquant l\u2019histoire longue, Les philosophies des techniques interroge les continuit\u00e9s et les ruptures induites par la puissance des r\u00e9gimes techniques contemporains, sans les r\u00e9sumer au num\u00e9rique.","og_url":"https:\/\/www.istegroup.com\/en\/produit\/les-philosophies-des-techniques\/","og_site_name":"ISTE Group","article_modified_time":"2024-03-22T13:21:19+00:00","og_image":[{"width":598,"height":898,"url":"https:\/\/www.istegroup.com\/wp-content\/uploads\/2023\/05\/Les-philosophies-des-techniques.jpg","type":"image\/jpeg"}],"twitter_card":"summary_large_image","twitter_misc":{"Est. reading time":"1 minute"},"schema":{"@context":"https:\/\/schema.org","@graph":[{"@type":"WebPage","@id":"https:\/\/www.istegroup.com\/en\/produit\/les-philosophies-des-techniques\/","url":"https:\/\/www.istegroup.com\/en\/produit\/les-philosophies-des-techniques\/","name":"Les philosophies des techniques - ISTE Group","isPartOf":{"@id":"https:\/\/www.istegroup.com\/#website"},"primaryImageOfPage":{"@id":"https:\/\/www.istegroup.com\/en\/produit\/les-philosophies-des-techniques\/#primaryimage"},"image":{"@id":"https:\/\/www.istegroup.com\/en\/produit\/les-philosophies-des-techniques\/#primaryimage"},"thumbnailUrl":"https:\/\/www.istegroup.com\/wp-content\/uploads\/2023\/05\/Les-philosophies-des-techniques.jpg","datePublished":"2023-05-31T13:46:29+00:00","dateModified":"2024-03-22T13:21:19+00:00","description":"En convoquant l\u2019histoire longue, Les philosophies des techniques interroge les continuit\u00e9s et les ruptures induites par la puissance des r\u00e9gimes techniques contemporains, sans les r\u00e9sumer au num\u00e9rique.","breadcrumb":{"@id":"https:\/\/www.istegroup.com\/en\/produit\/les-philosophies-des-techniques\/#breadcrumb"},"inLanguage":"fr-FR","potentialAction":[{"@type":"ReadAction","target":["https:\/\/www.istegroup.com\/en\/produit\/les-philosophies-des-techniques\/"]}]},{"@type":"ImageObject","inLanguage":"fr-FR","@id":"https:\/\/www.istegroup.com\/en\/produit\/les-philosophies-des-techniques\/#primaryimage","url":"https:\/\/www.istegroup.com\/wp-content\/uploads\/2023\/05\/Les-philosophies-des-techniques.jpg","contentUrl":"https:\/\/www.istegroup.com\/wp-content\/uploads\/2023\/05\/Les-philosophies-des-techniques.jpg","width":598,"height":898,"caption":"Livre scientifique - Les philosophies des techniques"},{"@type":"BreadcrumbList","@id":"https:\/\/www.istegroup.com\/en\/produit\/les-philosophies-des-techniques\/#breadcrumb","itemListElement":[{"@type":"ListItem","position":1,"name":"Home","item":"https:\/\/www.istegroup.com\/"},{"@type":"ListItem","position":2,"name":"Shop","item":"https:\/\/www.istegroup.com\/fr\/nouveautes\/"},{"@type":"ListItem","position":3,"name":"Les philosophies des techniques"}]},{"@type":"WebSite","@id":"https:\/\/www.istegroup.com\/#website","url":"https:\/\/www.istegroup.com\/","name":"ISTE Group","description":"\u00c9diteur des Sciences","potentialAction":[{"@type":"SearchAction","target":{"@type":"EntryPoint","urlTemplate":"https:\/\/www.istegroup.com\/?s={search_term_string}"},"query-input":{"@type":"PropertyValueSpecification","valueRequired":true,"valueName":"search_term_string"}}],"inLanguage":"fr-FR"}]}},"_links":{"self":[{"href":"https:\/\/www.istegroup.com\/fr\/wp-json\/wp\/v2\/product\/51868","targetHints":{"allow":["GET"]}}],"collection":[{"href":"https:\/\/www.istegroup.com\/fr\/wp-json\/wp\/v2\/product"}],"about":[{"href":"https:\/\/www.istegroup.com\/fr\/wp-json\/wp\/v2\/types\/product"}],"wp:featuredmedia":[{"embeddable":true,"href":"https:\/\/www.istegroup.com\/fr\/wp-json\/wp\/v2\/media\/51879"}],"wp:attachment":[{"href":"https:\/\/www.istegroup.com\/fr\/wp-json\/wp\/v2\/media?parent=51868"}],"wp:term":[{"taxonomy":"product_brand","embeddable":true,"href":"https:\/\/www.istegroup.com\/fr\/wp-json\/wp\/v2\/product_brand?post=51868"},{"taxonomy":"product_cat","embeddable":true,"href":"https:\/\/www.istegroup.com\/fr\/wp-json\/wp\/v2\/product_cat?post=51868"},{"taxonomy":"product_tag","embeddable":true,"href":"https:\/\/www.istegroup.com\/fr\/wp-json\/wp\/v2\/product_tag?post=51868"}],"curies":[{"name":"wp","href":"https:\/\/api.w.org\/{rel}","templated":true}]}}