{"id":51860,"date":"2023-05-31T14:32:14","date_gmt":"2023-05-31T13:32:14","guid":{"rendered":"https:\/\/www.istegroup.com\/?post_type=product&#038;p=51860"},"modified":"2024-06-21T10:31:36","modified_gmt":"2024-06-21T09:31:36","slug":"conversion-denergie-mecanique","status":"publish","type":"product","link":"https:\/\/www.istegroup.com\/fr\/produit\/conversion-denergie-mecanique\/","title":{"rendered":"Conversion d\u2019\u00e9nergie m\u00e9canique"},"content":{"rendered":"<p>Cet ouvrage \u00e9tudie les principes de la conversion d\u2019\u00e9nergie m\u00e9canique mise en oeuvre dans les fili\u00e8res d\u2019\u00e9nergies renouvelables issues de l\u2019air et de l\u2019eau : \u00e9nergie \u00e9olienne, \u00e9nergie mar\u00e9motrice, \u00e9nergie hydro\u00e9lectrique, \u00e9nergie osmotique, \u00e9nergie thermique de la mer et \u00e9nergie des vagues.<\/p>\n<p>Didactique, <em>Conversion d\u2019\u00e9nergie m\u00e9canique<\/em> pr\u00e9sente douze exercices d\u2019application et leurs corrig\u00e9s. Ils permettent au lecteur de comprendre les principes physiques et d\u2019acqu\u00e9rir la m\u00e9thode de dimensionnement des convertisseurs d\u2019\u00e9nergie m\u00e9canique. Un rappel des notions n\u00e9cessaires \u00e0 la r\u00e9solution des exercices est effectu\u00e9 (m\u00e9canique des fluides, turbomachines hydrauliques). L\u2019ouvrage comprend \u00e9galement un \u00e9tat des lieux de chaque fili\u00e8re d\u2019\u00e9nergie renouvelable trait\u00e9e.<\/p>\n<p>Le but de cet ouvrage est de fournir au lecteur les cl\u00e9s du dimensionnement d\u2019un syst\u00e8me \u00e9nerg\u00e9tique. Pour chaque fili\u00e8re trait\u00e9e, l\u2019ouvrage d\u00e9crit un proc\u00e9d\u00e9 de production, explique son fonctionnement et calcule les caract\u00e9ristiques et dimensions des \u00e9l\u00e9ments qui le composent, en regard d\u2019une quantit\u00e9 d\u2019\u00e9nergie ou d\u2019une puissance fournie.<\/p>","protected":false},"excerpt":{"rendered":"<p>Cet ouvrage \u00e9tudie les principes de la conversion d\u2019\u00e9nergie m\u00e9canique mise en oeuvre dans les fili\u00e8res d\u2019\u00e9nergies renouvelables issues de l\u2019air et de l\u2019eau : \u00e9nergie \u00e9olienne, \u00e9nergie mar\u00e9motrice, \u00e9nergie hydro\u00e9lectrique, \u00e9nergie osmotique, \u00e9nergie thermique de la mer et \u00e9nergie des vagues. Didactique, Conversion d\u2019\u00e9nergie m\u00e9canique pr\u00e9sente douze exercices d\u2019application et leurs corrig\u00e9s. Ils permettent [&hellip;]<\/p>\n","protected":false},"featured_media":51867,"template":"","meta":{"_acf_changed":false,"_links_to":"","_links_to_target":""},"product_brand":[],"product_cat":[660],"product_tag":[],"class_list":{"0":"post-51860","1":"product","2":"type-product","3":"status-publish","4":"has-post-thumbnail","6":"product_cat-energie-12506414","8":"first","9":"instock","10":"shipping-taxable","11":"purchasable","12":"product-type-variable"},"acf":[],"yoast_head":"<!-- This site is optimized with the Yoast SEO plugin v27.2 - https:\/\/yoast.com\/product\/yoast-seo-wordpress\/ -->\n<title>Conversion d\u2019\u00e9nergie m\u00e9canique - ISTE Group<\/title>\n<meta name=\"description\" content=\"Cet ouvrage \u00e9tudie les principes de la conversion d\u2019\u00e9nergie m\u00e9canique mise en oeuvre dans les fili\u00e8res d\u2019\u00e9nergies renouvelables issues de l\u2019air et de l\u2019eau : \u00e9nergie \u00e9olienne, \u00e9nergie mar\u00e9motrice, \u00e9nergie hydro\u00e9lectrique, \u00e9nergie osmotique, \u00e9nergie thermique de la mer et \u00e9nergie des vagues.\" \/>\n<meta name=\"robots\" content=\"index, follow, max-snippet:-1, max-image-preview:large, max-video-preview:-1\" \/>\n<link rel=\"canonical\" href=\"https:\/\/www.istegroup.com\/fr\/produit\/conversion-denergie-mecanique\/\" \/>\n<meta property=\"og:locale\" content=\"fr_FR\" \/>\n<meta property=\"og:type\" content=\"article\" \/>\n<meta property=\"og:title\" content=\"Conversion d\u2019\u00e9nergie m\u00e9canique - ISTE Group\" \/>\n<meta property=\"og:description\" content=\"Cet ouvrage \u00e9tudie les principes de la conversion d\u2019\u00e9nergie m\u00e9canique mise en oeuvre dans les fili\u00e8res d\u2019\u00e9nergies renouvelables issues de l\u2019air et de l\u2019eau : \u00e9nergie \u00e9olienne, \u00e9nergie mar\u00e9motrice, \u00e9nergie hydro\u00e9lectrique, \u00e9nergie osmotique, \u00e9nergie thermique de la mer et \u00e9nergie des vagues.\" \/>\n<meta property=\"og:url\" content=\"https:\/\/www.istegroup.com\/fr\/produit\/conversion-denergie-mecanique\/\" \/>\n<meta property=\"og:site_name\" content=\"ISTE Group\" \/>\n<meta property=\"article:modified_time\" content=\"2024-06-21T09:31:36+00:00\" \/>\n<meta property=\"og:image\" content=\"https:\/\/www.istegroup.com\/wp-content\/uploads\/2023\/05\/Conversion-denergie-mecanique.jpg\" \/>\n\t<meta property=\"og:image:width\" content=\"599\" \/>\n\t<meta property=\"og:image:height\" content=\"901\" \/>\n\t<meta property=\"og:image:type\" content=\"image\/jpeg\" \/>\n<meta name=\"twitter:card\" content=\"summary_large_image\" \/>\n<meta name=\"twitter:label1\" content=\"Est. reading time\" \/>\n\t<meta name=\"twitter:data1\" content=\"1 minute\" \/>\n<script type=\"application\/ld+json\" class=\"yoast-schema-graph\">{\"@context\":\"https:\/\/schema.org\",\"@graph\":[{\"@type\":\"WebPage\",\"@id\":\"https:\/\/www.istegroup.com\/fr\/produit\/conversion-denergie-mecanique\/\",\"url\":\"https:\/\/www.istegroup.com\/fr\/produit\/conversion-denergie-mecanique\/\",\"name\":\"Conversion d\u2019\u00e9nergie m\u00e9canique - ISTE Group\",\"isPartOf\":{\"@id\":\"https:\/\/www.istegroup.com\/#website\"},\"primaryImageOfPage\":{\"@id\":\"https:\/\/www.istegroup.com\/fr\/produit\/conversion-denergie-mecanique\/#primaryimage\"},\"image\":{\"@id\":\"https:\/\/www.istegroup.com\/fr\/produit\/conversion-denergie-mecanique\/#primaryimage\"},\"thumbnailUrl\":\"https:\/\/www.istegroup.com\/wp-content\/uploads\/2023\/05\/Conversion-denergie-mecanique.jpg\",\"datePublished\":\"2023-05-31T13:32:14+00:00\",\"dateModified\":\"2024-06-21T09:31:36+00:00\",\"description\":\"Cet ouvrage \u00e9tudie les principes de la conversion d\u2019\u00e9nergie m\u00e9canique mise en oeuvre dans les fili\u00e8res d\u2019\u00e9nergies renouvelables issues de l\u2019air et de l\u2019eau : \u00e9nergie \u00e9olienne, \u00e9nergie mar\u00e9motrice, \u00e9nergie hydro\u00e9lectrique, \u00e9nergie osmotique, \u00e9nergie thermique de la mer et \u00e9nergie des vagues.\",\"breadcrumb\":{\"@id\":\"https:\/\/www.istegroup.com\/fr\/produit\/conversion-denergie-mecanique\/#breadcrumb\"},\"inLanguage\":\"fr-FR\",\"potentialAction\":[{\"@type\":\"ReadAction\",\"target\":[\"https:\/\/www.istegroup.com\/fr\/produit\/conversion-denergie-mecanique\/\"]}]},{\"@type\":\"ImageObject\",\"inLanguage\":\"fr-FR\",\"@id\":\"https:\/\/www.istegroup.com\/fr\/produit\/conversion-denergie-mecanique\/#primaryimage\",\"url\":\"https:\/\/www.istegroup.com\/wp-content\/uploads\/2023\/05\/Conversion-denergie-mecanique.jpg\",\"contentUrl\":\"https:\/\/www.istegroup.com\/wp-content\/uploads\/2023\/05\/Conversion-denergie-mecanique.jpg\",\"width\":599,\"height\":901,\"caption\":\"Livre scientifique - Conversion d'\u00e9nergie m\u00e9canique\"},{\"@type\":\"BreadcrumbList\",\"@id\":\"https:\/\/www.istegroup.com\/fr\/produit\/conversion-denergie-mecanique\/#breadcrumb\",\"itemListElement\":[{\"@type\":\"ListItem\",\"position\":1,\"name\":\"Home\",\"item\":\"https:\/\/www.istegroup.com\/\"},{\"@type\":\"ListItem\",\"position\":2,\"name\":\"Shop\",\"item\":\"https:\/\/www.istegroup.com\/fr\/nouveautes\/\"},{\"@type\":\"ListItem\",\"position\":3,\"name\":\"Conversion d\u2019\u00e9nergie m\u00e9canique\"}]},{\"@type\":\"WebSite\",\"@id\":\"https:\/\/www.istegroup.com\/#website\",\"url\":\"https:\/\/www.istegroup.com\/\",\"name\":\"ISTE Group\",\"description\":\"\u00c9diteur des Sciences\",\"potentialAction\":[{\"@type\":\"SearchAction\",\"target\":{\"@type\":\"EntryPoint\",\"urlTemplate\":\"https:\/\/www.istegroup.com\/?s={search_term_string}\"},\"query-input\":{\"@type\":\"PropertyValueSpecification\",\"valueRequired\":true,\"valueName\":\"search_term_string\"}}],\"inLanguage\":\"fr-FR\"}]}<\/script>\n<!-- \/ Yoast SEO plugin. -->","yoast_head_json":{"title":"Conversion d\u2019\u00e9nergie m\u00e9canique - ISTE Group","description":"Cet ouvrage \u00e9tudie les principes de la conversion d\u2019\u00e9nergie m\u00e9canique mise en oeuvre dans les fili\u00e8res d\u2019\u00e9nergies renouvelables issues de l\u2019air et de l\u2019eau : \u00e9nergie \u00e9olienne, \u00e9nergie mar\u00e9motrice, \u00e9nergie hydro\u00e9lectrique, \u00e9nergie osmotique, \u00e9nergie thermique de la mer et \u00e9nergie des vagues.","robots":{"index":"index","follow":"follow","max-snippet":"max-snippet:-1","max-image-preview":"max-image-preview:large","max-video-preview":"max-video-preview:-1"},"canonical":"https:\/\/www.istegroup.com\/fr\/produit\/conversion-denergie-mecanique\/","og_locale":"fr_FR","og_type":"article","og_title":"Conversion d\u2019\u00e9nergie m\u00e9canique - ISTE Group","og_description":"Cet ouvrage \u00e9tudie les principes de la conversion d\u2019\u00e9nergie m\u00e9canique mise en oeuvre dans les fili\u00e8res d\u2019\u00e9nergies renouvelables issues de l\u2019air et de l\u2019eau : \u00e9nergie \u00e9olienne, \u00e9nergie mar\u00e9motrice, \u00e9nergie hydro\u00e9lectrique, \u00e9nergie osmotique, \u00e9nergie thermique de la mer et \u00e9nergie des vagues.","og_url":"https:\/\/www.istegroup.com\/fr\/produit\/conversion-denergie-mecanique\/","og_site_name":"ISTE Group","article_modified_time":"2024-06-21T09:31:36+00:00","og_image":[{"width":599,"height":901,"url":"https:\/\/www.istegroup.com\/wp-content\/uploads\/2023\/05\/Conversion-denergie-mecanique.jpg","type":"image\/jpeg"}],"twitter_card":"summary_large_image","twitter_misc":{"Est. reading time":"1 minute"},"schema":{"@context":"https:\/\/schema.org","@graph":[{"@type":"WebPage","@id":"https:\/\/www.istegroup.com\/fr\/produit\/conversion-denergie-mecanique\/","url":"https:\/\/www.istegroup.com\/fr\/produit\/conversion-denergie-mecanique\/","name":"Conversion d\u2019\u00e9nergie m\u00e9canique - ISTE Group","isPartOf":{"@id":"https:\/\/www.istegroup.com\/#website"},"primaryImageOfPage":{"@id":"https:\/\/www.istegroup.com\/fr\/produit\/conversion-denergie-mecanique\/#primaryimage"},"image":{"@id":"https:\/\/www.istegroup.com\/fr\/produit\/conversion-denergie-mecanique\/#primaryimage"},"thumbnailUrl":"https:\/\/www.istegroup.com\/wp-content\/uploads\/2023\/05\/Conversion-denergie-mecanique.jpg","datePublished":"2023-05-31T13:32:14+00:00","dateModified":"2024-06-21T09:31:36+00:00","description":"Cet ouvrage \u00e9tudie les principes de la conversion d\u2019\u00e9nergie m\u00e9canique mise en oeuvre dans les fili\u00e8res d\u2019\u00e9nergies renouvelables issues de l\u2019air et de l\u2019eau : \u00e9nergie \u00e9olienne, \u00e9nergie mar\u00e9motrice, \u00e9nergie hydro\u00e9lectrique, \u00e9nergie osmotique, \u00e9nergie thermique de la mer et \u00e9nergie des vagues.","breadcrumb":{"@id":"https:\/\/www.istegroup.com\/fr\/produit\/conversion-denergie-mecanique\/#breadcrumb"},"inLanguage":"fr-FR","potentialAction":[{"@type":"ReadAction","target":["https:\/\/www.istegroup.com\/fr\/produit\/conversion-denergie-mecanique\/"]}]},{"@type":"ImageObject","inLanguage":"fr-FR","@id":"https:\/\/www.istegroup.com\/fr\/produit\/conversion-denergie-mecanique\/#primaryimage","url":"https:\/\/www.istegroup.com\/wp-content\/uploads\/2023\/05\/Conversion-denergie-mecanique.jpg","contentUrl":"https:\/\/www.istegroup.com\/wp-content\/uploads\/2023\/05\/Conversion-denergie-mecanique.jpg","width":599,"height":901,"caption":"Livre scientifique - Conversion d'\u00e9nergie m\u00e9canique"},{"@type":"BreadcrumbList","@id":"https:\/\/www.istegroup.com\/fr\/produit\/conversion-denergie-mecanique\/#breadcrumb","itemListElement":[{"@type":"ListItem","position":1,"name":"Home","item":"https:\/\/www.istegroup.com\/"},{"@type":"ListItem","position":2,"name":"Shop","item":"https:\/\/www.istegroup.com\/fr\/nouveautes\/"},{"@type":"ListItem","position":3,"name":"Conversion d\u2019\u00e9nergie m\u00e9canique"}]},{"@type":"WebSite","@id":"https:\/\/www.istegroup.com\/#website","url":"https:\/\/www.istegroup.com\/","name":"ISTE Group","description":"\u00c9diteur des Sciences","potentialAction":[{"@type":"SearchAction","target":{"@type":"EntryPoint","urlTemplate":"https:\/\/www.istegroup.com\/?s={search_term_string}"},"query-input":{"@type":"PropertyValueSpecification","valueRequired":true,"valueName":"search_term_string"}}],"inLanguage":"fr-FR"}]}},"_links":{"self":[{"href":"https:\/\/www.istegroup.com\/fr\/wp-json\/wp\/v2\/product\/51860","targetHints":{"allow":["GET"]}}],"collection":[{"href":"https:\/\/www.istegroup.com\/fr\/wp-json\/wp\/v2\/product"}],"about":[{"href":"https:\/\/www.istegroup.com\/fr\/wp-json\/wp\/v2\/types\/product"}],"wp:featuredmedia":[{"embeddable":true,"href":"https:\/\/www.istegroup.com\/fr\/wp-json\/wp\/v2\/media\/51867"}],"wp:attachment":[{"href":"https:\/\/www.istegroup.com\/fr\/wp-json\/wp\/v2\/media?parent=51860"}],"wp:term":[{"taxonomy":"product_brand","embeddable":true,"href":"https:\/\/www.istegroup.com\/fr\/wp-json\/wp\/v2\/product_brand?post=51860"},{"taxonomy":"product_cat","embeddable":true,"href":"https:\/\/www.istegroup.com\/fr\/wp-json\/wp\/v2\/product_cat?post=51860"},{"taxonomy":"product_tag","embeddable":true,"href":"https:\/\/www.istegroup.com\/fr\/wp-json\/wp\/v2\/product_tag?post=51860"}],"curies":[{"name":"wp","href":"https:\/\/api.w.org\/{rel}","templated":true}]}}