{"id":51852,"date":"2023-05-31T14:24:03","date_gmt":"2023-05-31T13:24:03","guid":{"rendered":"https:\/\/www.istegroup.com\/?post_type=product&#038;p=51852"},"modified":"2025-03-14T10:37:05","modified_gmt":"2025-03-14T10:37:05","slug":"transfert-thermique-4","status":"publish","type":"product","link":"https:\/\/www.istegroup.com\/fr\/produit\/transfert-thermique-4\/","title":{"rendered":"Transfert thermique 4"},"content":{"rendered":"<p>La thermique est une branche de la thermodynamique qui occupe, en raison de son implication dans le domaine de la pratique, une place particuli\u00e8re. Attach\u00e9e \u00e0 la gestion, transport et \u00e9change de l\u2019\u00e9nergie sous forme thermique, elle impacte en effet tous les aspects de la vie et l\u2019activit\u00e9 humaine. Les transferts thermiques sont par nature classifi\u00e9s en conduction, convection (qui ins\u00e8re la conduction dans la m\u00e9canique des fluides) et rayonnement.<\/p>\n<p><em>Transfert thermique 4<\/em> s\u2019int\u00e9resse au probl\u00e8me des transferts convectifs particuliers avec une ouverture sur le transfert diphasique comportant deux aspects. Des notions sur les \u00e9coulements liquides \u00e0 bulle et les \u00e9coulements dispers\u00e9s (sprays) sont \u00e9galement donn\u00e9es. Un domaine plus r\u00e9cent et beaucoup moins connu est pr\u00e9sent\u00e9, celui du transfert \u00e0 changement de phase. Une importance particuli\u00e8re est attach\u00e9e \u00e0 l\u2019application num\u00e9rique, permettant au lecteur de manier les ordres de grandeur, point important de toute physique.<\/p>","protected":false},"excerpt":{"rendered":"<p>La thermique est une branche de la thermodynamique qui occupe, en raison de son implication dans le domaine de la pratique, une place particuli\u00e8re. Attach\u00e9e \u00e0 la gestion, transport et \u00e9change de l\u2019\u00e9nergie sous forme thermique, elle impacte en effet tous les aspects de la vie et l\u2019activit\u00e9 humaine. Les transferts thermiques sont par nature [&hellip;]<\/p>\n","protected":false},"featured_media":51859,"template":"","meta":{"_acf_changed":false,"_links_to":"","_links_to_target":""},"product_brand":[],"product_cat":[664],"product_tag":[],"class_list":{"0":"post-51852","1":"product","2":"type-product","3":"status-publish","4":"has-post-thumbnail","6":"product_cat-gnie-mcanique-et-mcanique-des-solides-12506462","8":"first","9":"instock","10":"shipping-taxable","11":"purchasable","12":"product-type-variable"},"acf":[],"yoast_head":"<!-- This site is optimized with the Yoast SEO plugin v27.2 - https:\/\/yoast.com\/product\/yoast-seo-wordpress\/ -->\n<title>Transfert thermique 4 - ISTE Group<\/title>\n<meta name=\"description\" content=\"Transfert thermique 4 s\u2019int\u00e9resse au probl\u00e8me des transferts convectifs particuliers avec une ouverture sur le transfert diphasique comportant deux aspects\" \/>\n<meta name=\"robots\" content=\"index, follow, max-snippet:-1, max-image-preview:large, max-video-preview:-1\" \/>\n<link rel=\"canonical\" href=\"https:\/\/www.istegroup.com\/produit\/transfert-thermique-4\/\" \/>\n<meta property=\"og:locale\" content=\"fr_FR\" \/>\n<meta property=\"og:type\" content=\"article\" \/>\n<meta property=\"og:title\" content=\"Transfert thermique 4 - ISTE Group\" \/>\n<meta property=\"og:description\" content=\"Transfert thermique 4 s\u2019int\u00e9resse au probl\u00e8me des transferts convectifs particuliers avec une ouverture sur le transfert diphasique comportant deux aspects\" \/>\n<meta property=\"og:url\" content=\"https:\/\/www.istegroup.com\/produit\/transfert-thermique-4\/\" \/>\n<meta property=\"og:site_name\" content=\"ISTE Group\" \/>\n<meta property=\"article:modified_time\" content=\"2025-03-14T10:37:05+00:00\" \/>\n<meta property=\"og:image\" content=\"https:\/\/www.istegroup.com\/wp-content\/uploads\/2023\/05\/Transfert-thermique-4.jpg\" \/>\n\t<meta property=\"og:image:width\" content=\"597\" \/>\n\t<meta property=\"og:image:height\" content=\"899\" \/>\n\t<meta property=\"og:image:type\" content=\"image\/jpeg\" \/>\n<meta name=\"twitter:card\" content=\"summary_large_image\" \/>\n<meta name=\"twitter:label1\" content=\"Est. reading time\" \/>\n\t<meta name=\"twitter:data1\" content=\"1 minute\" \/>\n<script type=\"application\/ld+json\" class=\"yoast-schema-graph\">{\"@context\":\"https:\/\/schema.org\",\"@graph\":[{\"@type\":\"WebPage\",\"@id\":\"https:\/\/www.istegroup.com\/produit\/transfert-thermique-4\/\",\"url\":\"https:\/\/www.istegroup.com\/produit\/transfert-thermique-4\/\",\"name\":\"Transfert thermique 4 - ISTE Group\",\"isPartOf\":{\"@id\":\"https:\/\/www.istegroup.com\/#website\"},\"primaryImageOfPage\":{\"@id\":\"https:\/\/www.istegroup.com\/produit\/transfert-thermique-4\/#primaryimage\"},\"image\":{\"@id\":\"https:\/\/www.istegroup.com\/produit\/transfert-thermique-4\/#primaryimage\"},\"thumbnailUrl\":\"https:\/\/www.istegroup.com\/wp-content\/uploads\/2023\/05\/Transfert-thermique-4.jpg\",\"datePublished\":\"2023-05-31T13:24:03+00:00\",\"dateModified\":\"2025-03-14T10:37:05+00:00\",\"description\":\"Transfert thermique 4 s\u2019int\u00e9resse au probl\u00e8me des transferts convectifs particuliers avec une ouverture sur le transfert diphasique comportant deux aspects\",\"breadcrumb\":{\"@id\":\"https:\/\/www.istegroup.com\/produit\/transfert-thermique-4\/#breadcrumb\"},\"inLanguage\":\"fr-FR\",\"potentialAction\":[{\"@type\":\"ReadAction\",\"target\":[\"https:\/\/www.istegroup.com\/produit\/transfert-thermique-4\/\"]}]},{\"@type\":\"ImageObject\",\"inLanguage\":\"fr-FR\",\"@id\":\"https:\/\/www.istegroup.com\/produit\/transfert-thermique-4\/#primaryimage\",\"url\":\"https:\/\/www.istegroup.com\/wp-content\/uploads\/2023\/05\/Transfert-thermique-4.jpg\",\"contentUrl\":\"https:\/\/www.istegroup.com\/wp-content\/uploads\/2023\/05\/Transfert-thermique-4.jpg\",\"width\":597,\"height\":899,\"caption\":\"Livre scientifique - Transfert thermique 4\"},{\"@type\":\"BreadcrumbList\",\"@id\":\"https:\/\/www.istegroup.com\/produit\/transfert-thermique-4\/#breadcrumb\",\"itemListElement\":[{\"@type\":\"ListItem\",\"position\":1,\"name\":\"Home\",\"item\":\"https:\/\/www.istegroup.com\/\"},{\"@type\":\"ListItem\",\"position\":2,\"name\":\"Shop\",\"item\":\"https:\/\/www.istegroup.com\/fr\/nouveautes\/\"},{\"@type\":\"ListItem\",\"position\":3,\"name\":\"Transfert thermique 4\"}]},{\"@type\":\"WebSite\",\"@id\":\"https:\/\/www.istegroup.com\/#website\",\"url\":\"https:\/\/www.istegroup.com\/\",\"name\":\"ISTE Group\",\"description\":\"\u00c9diteur des Sciences\",\"potentialAction\":[{\"@type\":\"SearchAction\",\"target\":{\"@type\":\"EntryPoint\",\"urlTemplate\":\"https:\/\/www.istegroup.com\/?s={search_term_string}\"},\"query-input\":{\"@type\":\"PropertyValueSpecification\",\"valueRequired\":true,\"valueName\":\"search_term_string\"}}],\"inLanguage\":\"fr-FR\"}]}<\/script>\n<!-- \/ Yoast SEO plugin. -->","yoast_head_json":{"title":"Transfert thermique 4 - ISTE Group","description":"Transfert thermique 4 s\u2019int\u00e9resse au probl\u00e8me des transferts convectifs particuliers avec une ouverture sur le transfert diphasique comportant deux aspects","robots":{"index":"index","follow":"follow","max-snippet":"max-snippet:-1","max-image-preview":"max-image-preview:large","max-video-preview":"max-video-preview:-1"},"canonical":"https:\/\/www.istegroup.com\/produit\/transfert-thermique-4\/","og_locale":"fr_FR","og_type":"article","og_title":"Transfert thermique 4 - ISTE Group","og_description":"Transfert thermique 4 s\u2019int\u00e9resse au probl\u00e8me des transferts convectifs particuliers avec une ouverture sur le transfert diphasique comportant deux aspects","og_url":"https:\/\/www.istegroup.com\/produit\/transfert-thermique-4\/","og_site_name":"ISTE Group","article_modified_time":"2025-03-14T10:37:05+00:00","og_image":[{"width":597,"height":899,"url":"https:\/\/www.istegroup.com\/wp-content\/uploads\/2023\/05\/Transfert-thermique-4.jpg","type":"image\/jpeg"}],"twitter_card":"summary_large_image","twitter_misc":{"Est. reading time":"1 minute"},"schema":{"@context":"https:\/\/schema.org","@graph":[{"@type":"WebPage","@id":"https:\/\/www.istegroup.com\/produit\/transfert-thermique-4\/","url":"https:\/\/www.istegroup.com\/produit\/transfert-thermique-4\/","name":"Transfert thermique 4 - ISTE Group","isPartOf":{"@id":"https:\/\/www.istegroup.com\/#website"},"primaryImageOfPage":{"@id":"https:\/\/www.istegroup.com\/produit\/transfert-thermique-4\/#primaryimage"},"image":{"@id":"https:\/\/www.istegroup.com\/produit\/transfert-thermique-4\/#primaryimage"},"thumbnailUrl":"https:\/\/www.istegroup.com\/wp-content\/uploads\/2023\/05\/Transfert-thermique-4.jpg","datePublished":"2023-05-31T13:24:03+00:00","dateModified":"2025-03-14T10:37:05+00:00","description":"Transfert thermique 4 s\u2019int\u00e9resse au probl\u00e8me des transferts convectifs particuliers avec une ouverture sur le transfert diphasique comportant deux aspects","breadcrumb":{"@id":"https:\/\/www.istegroup.com\/produit\/transfert-thermique-4\/#breadcrumb"},"inLanguage":"fr-FR","potentialAction":[{"@type":"ReadAction","target":["https:\/\/www.istegroup.com\/produit\/transfert-thermique-4\/"]}]},{"@type":"ImageObject","inLanguage":"fr-FR","@id":"https:\/\/www.istegroup.com\/produit\/transfert-thermique-4\/#primaryimage","url":"https:\/\/www.istegroup.com\/wp-content\/uploads\/2023\/05\/Transfert-thermique-4.jpg","contentUrl":"https:\/\/www.istegroup.com\/wp-content\/uploads\/2023\/05\/Transfert-thermique-4.jpg","width":597,"height":899,"caption":"Livre scientifique - Transfert thermique 4"},{"@type":"BreadcrumbList","@id":"https:\/\/www.istegroup.com\/produit\/transfert-thermique-4\/#breadcrumb","itemListElement":[{"@type":"ListItem","position":1,"name":"Home","item":"https:\/\/www.istegroup.com\/"},{"@type":"ListItem","position":2,"name":"Shop","item":"https:\/\/www.istegroup.com\/fr\/nouveautes\/"},{"@type":"ListItem","position":3,"name":"Transfert thermique 4"}]},{"@type":"WebSite","@id":"https:\/\/www.istegroup.com\/#website","url":"https:\/\/www.istegroup.com\/","name":"ISTE Group","description":"\u00c9diteur des Sciences","potentialAction":[{"@type":"SearchAction","target":{"@type":"EntryPoint","urlTemplate":"https:\/\/www.istegroup.com\/?s={search_term_string}"},"query-input":{"@type":"PropertyValueSpecification","valueRequired":true,"valueName":"search_term_string"}}],"inLanguage":"fr-FR"}]}},"_links":{"self":[{"href":"https:\/\/www.istegroup.com\/fr\/wp-json\/wp\/v2\/product\/51852","targetHints":{"allow":["GET"]}}],"collection":[{"href":"https:\/\/www.istegroup.com\/fr\/wp-json\/wp\/v2\/product"}],"about":[{"href":"https:\/\/www.istegroup.com\/fr\/wp-json\/wp\/v2\/types\/product"}],"wp:featuredmedia":[{"embeddable":true,"href":"https:\/\/www.istegroup.com\/fr\/wp-json\/wp\/v2\/media\/51859"}],"wp:attachment":[{"href":"https:\/\/www.istegroup.com\/fr\/wp-json\/wp\/v2\/media?parent=51852"}],"wp:term":[{"taxonomy":"product_brand","embeddable":true,"href":"https:\/\/www.istegroup.com\/fr\/wp-json\/wp\/v2\/product_brand?post=51852"},{"taxonomy":"product_cat","embeddable":true,"href":"https:\/\/www.istegroup.com\/fr\/wp-json\/wp\/v2\/product_cat?post=51852"},{"taxonomy":"product_tag","embeddable":true,"href":"https:\/\/www.istegroup.com\/fr\/wp-json\/wp\/v2\/product_tag?post=51852"}],"curies":[{"name":"wp","href":"https:\/\/api.w.org\/{rel}","templated":true}]}}