{"id":517,"date":"2017-07-28T14:59:16","date_gmt":"2017-07-28T12:59:16","guid":{"rendered":"https:\/\/iste.yhello.co\/product\/methodologies-danalyse-de-la-fiabilite-de-dispositifs-a-led\/"},"modified":"2024-01-03T13:40:25","modified_gmt":"2024-01-03T13:40:25","slug":"methodologies-danalyse-de-la-fiabilite-de-dispositifs-a-led","status":"publish","type":"product","link":"https:\/\/www.istegroup.com\/fr\/produit\/methodologies-danalyse-de-la-fiabilite-de-dispositifs-a-led\/","title":{"rendered":"M\u00e9thodologies d&rsquo;analyse de la fiabilit\u00e9 de dispositifs \u00e0 LED"},"content":{"rendered":"<p>Les technologies \u00e0 base de nitrure de gallium (GaN) sont au coeur du d\u00e9veloppement de l\u2019\u00e9clairage moderne \u00e0 LED.<\/p>\n<p><em>M\u00e9thodologies d&rsquo;analyse de la fiabilit\u00e9 de dispositifs \u00e0 LED\u00a0<\/em>traite de l\u2019\u00e9tat de l\u2019art des technologies LED \u00e0 base de GaN et se focalise principalement sur l\u2019identification des ph\u00e9nom\u00e8nes de d\u00e9gradation. Il pr\u00e9sente les outils et les analyses mises en oeuvre dans les \u00e9tudes et applications de diff\u00e9rents dispositifs \u00e0 LED et offre une revue des diff\u00e9rents m\u00e9canismes de d\u00e9faillance utilisant les mod\u00e8les \u00e9lectro-optiques.<\/p>\n<p>L\u2019identification et la cause de la d\u00e9faillance sont abord\u00e9es de mani\u00e8re tr\u00e8s pr\u00e9cise afin de donner au lecteur une m\u00e9thodologie d\u2019analyse efficace de dispositifs d\u2019\u00e9clairage \u00e0 LED. Cet ouvrage est donc bas\u00e9 sur des cas r\u00e9els avec un mod\u00e8le \u00e9lectrique et optique tr\u00e8s fid\u00e8le mais relativement abordable.<\/p>\n","protected":false},"excerpt":{"rendered":"<p>Les technologies \u00e0 base de nitrure de gallium (GaN) sont au coeur du d\u00e9veloppement de l\u2019\u00e9clairage moderne \u00e0 LED. M\u00e9thodologies d&rsquo;analyse de la fiabilit\u00e9 de dispositifs \u00e0 LED\u00a0traite de l\u2019\u00e9tat de l\u2019art des technologies LED \u00e0 base de GaN et se focalise principalement sur l\u2019identification des ph\u00e9nom\u00e8nes de d\u00e9gradation. Il pr\u00e9sente les outils et les [&hellip;]<\/p>\n","protected":false},"featured_media":22965,"template":"","meta":{"_acf_changed":false,"_links_to":"","_links_to_target":""},"product_brand":[],"product_cat":[659,675,689],"product_tag":[18,19,20,21,22,85,25,26,27,86,28,87,88],"class_list":{"0":"post-517","1":"product","2":"type-product","3":"status-publish","4":"has-post-thumbnail","6":"product_cat-electronique-11476903","7":"product_cat-nouveauts-12519446","8":"product_cat-srie-durabilit-robustesse-et-fiabilit-des-dispositifs-photoniques-410385041","9":"product_tag-edition-scientifique","10":"product_tag-editions-francaise","11":"product_tag-editions-technique","12":"product_tag-iste-group","13":"product_tag-istegroup","14":"product_tag-led","15":"product_tag-livre-numerique","16":"product_tag-livre-scientifique-francais","17":"product_tag-livre-technique-francais","18":"product_tag-methodologies-danalyse-de-la-fiabilite-de-dispositifs-a-led","19":"product_tag-ouvrage-scientifique-francais","20":"product_tag-raphael-baillot","21":"product_tag-yannick-deshayes","23":"first","24":"instock","25":"shipping-taxable","26":"purchasable","27":"product-type-variable"},"acf":[],"yoast_head":"<!-- This site is optimized with the Yoast SEO plugin v27.2 - https:\/\/yoast.com\/product\/yoast-seo-wordpress\/ -->\n<title>M\u00e9thodologies d&#039;analyse de la fiabilit\u00e9 de dispositifs \u00e0 LED - ISTE Group<\/title>\n<meta name=\"description\" content=\"M\u00e9thodologies d&#039;analyse de la fiabilit\u00e9 de dispositifs \u00e0 LED\u00a0traite de l\u2019\u00e9tat de l\u2019art des technologies LED \u00e0 base de GaN et se focalise sur l\u2019identification des ph\u00e9nom\u00e8nes de d\u00e9gradation.\" \/>\n<meta name=\"robots\" content=\"index, follow, max-snippet:-1, max-image-preview:large, max-video-preview:-1\" \/>\n<link rel=\"canonical\" href=\"https:\/\/www.istegroup.com\/en\/produit\/methodologies-danalyse-de-la-fiabilite-de-dispositifs-a-led\/\" \/>\n<meta property=\"og:locale\" content=\"fr_FR\" \/>\n<meta property=\"og:type\" content=\"article\" \/>\n<meta property=\"og:title\" content=\"M\u00e9thodologies d&#039;analyse de la fiabilit\u00e9 de dispositifs \u00e0 LED - ISTE Group\" \/>\n<meta property=\"og:description\" content=\"M\u00e9thodologies d&#039;analyse de la fiabilit\u00e9 de dispositifs \u00e0 LED\u00a0traite de l\u2019\u00e9tat de l\u2019art des technologies LED \u00e0 base de GaN et se focalise sur l\u2019identification des ph\u00e9nom\u00e8nes de d\u00e9gradation.\" \/>\n<meta property=\"og:url\" content=\"https:\/\/www.istegroup.com\/en\/produit\/methodologies-danalyse-de-la-fiabilite-de-dispositifs-a-led\/\" \/>\n<meta property=\"og:site_name\" content=\"ISTE Group\" \/>\n<meta property=\"article:modified_time\" content=\"2024-01-03T13:40:25+00:00\" \/>\n<meta property=\"og:image\" content=\"https:\/\/www.istegroup.com\/wp-content\/uploads\/2019\/09\/M\u00e9thodologies-d\u2019analyse-de-la-fiabilit\u00e9-de-dispositifs-\u00e0-LED.jpg\" \/>\n\t<meta property=\"og:image:width\" content=\"300\" \/>\n\t<meta property=\"og:image:height\" content=\"452\" \/>\n\t<meta property=\"og:image:type\" content=\"image\/jpeg\" \/>\n<meta name=\"twitter:card\" content=\"summary_large_image\" \/>\n<meta name=\"twitter:label1\" content=\"Est. reading time\" \/>\n\t<meta name=\"twitter:data1\" content=\"1 minute\" \/>\n<script type=\"application\/ld+json\" class=\"yoast-schema-graph\">{\"@context\":\"https:\/\/schema.org\",\"@graph\":[{\"@type\":\"WebPage\",\"@id\":\"https:\/\/www.istegroup.com\/en\/produit\/methodologies-danalyse-de-la-fiabilite-de-dispositifs-a-led\/\",\"url\":\"https:\/\/www.istegroup.com\/en\/produit\/methodologies-danalyse-de-la-fiabilite-de-dispositifs-a-led\/\",\"name\":\"M\u00e9thodologies d'analyse de la fiabilit\u00e9 de dispositifs \u00e0 LED - ISTE Group\",\"isPartOf\":{\"@id\":\"https:\/\/www.istegroup.com\/#website\"},\"primaryImageOfPage\":{\"@id\":\"https:\/\/www.istegroup.com\/en\/produit\/methodologies-danalyse-de-la-fiabilite-de-dispositifs-a-led\/#primaryimage\"},\"image\":{\"@id\":\"https:\/\/www.istegroup.com\/en\/produit\/methodologies-danalyse-de-la-fiabilite-de-dispositifs-a-led\/#primaryimage\"},\"thumbnailUrl\":\"https:\/\/www.istegroup.com\/wp-content\/uploads\/2019\/09\/M\u00e9thodologies-d\u2019analyse-de-la-fiabilit\u00e9-de-dispositifs-\u00e0-LED.jpg\",\"datePublished\":\"2017-07-28T12:59:16+00:00\",\"dateModified\":\"2024-01-03T13:40:25+00:00\",\"description\":\"M\u00e9thodologies d'analyse de la fiabilit\u00e9 de dispositifs \u00e0 LED\u00a0traite de l\u2019\u00e9tat de l\u2019art des technologies LED \u00e0 base de GaN et se focalise sur l\u2019identification des ph\u00e9nom\u00e8nes de d\u00e9gradation.\",\"breadcrumb\":{\"@id\":\"https:\/\/www.istegroup.com\/en\/produit\/methodologies-danalyse-de-la-fiabilite-de-dispositifs-a-led\/#breadcrumb\"},\"inLanguage\":\"fr-FR\",\"potentialAction\":[{\"@type\":\"ReadAction\",\"target\":[\"https:\/\/www.istegroup.com\/en\/produit\/methodologies-danalyse-de-la-fiabilite-de-dispositifs-a-led\/\"]}]},{\"@type\":\"ImageObject\",\"inLanguage\":\"fr-FR\",\"@id\":\"https:\/\/www.istegroup.com\/en\/produit\/methodologies-danalyse-de-la-fiabilite-de-dispositifs-a-led\/#primaryimage\",\"url\":\"https:\/\/www.istegroup.com\/wp-content\/uploads\/2019\/09\/M\u00e9thodologies-d\u2019analyse-de-la-fiabilit\u00e9-de-dispositifs-\u00e0-LED.jpg\",\"contentUrl\":\"https:\/\/www.istegroup.com\/wp-content\/uploads\/2019\/09\/M\u00e9thodologies-d\u2019analyse-de-la-fiabilit\u00e9-de-dispositifs-\u00e0-LED.jpg\",\"width\":300,\"height\":452,\"caption\":\"Ouvrage M\u00e9thodologies d\u2019analyse de la fiabilit\u00e9 de dispositifs \u00e0 LED - Rapha\u00ebl Baillot et Yannick Deshayes\"},{\"@type\":\"BreadcrumbList\",\"@id\":\"https:\/\/www.istegroup.com\/en\/produit\/methodologies-danalyse-de-la-fiabilite-de-dispositifs-a-led\/#breadcrumb\",\"itemListElement\":[{\"@type\":\"ListItem\",\"position\":1,\"name\":\"Home\",\"item\":\"https:\/\/www.istegroup.com\/\"},{\"@type\":\"ListItem\",\"position\":2,\"name\":\"Shop\",\"item\":\"https:\/\/www.istegroup.com\/fr\/nouveautes\/\"},{\"@type\":\"ListItem\",\"position\":3,\"name\":\"M\u00e9thodologies d&#8217;analyse de la fiabilit\u00e9 de dispositifs \u00e0 LED\"}]},{\"@type\":\"WebSite\",\"@id\":\"https:\/\/www.istegroup.com\/#website\",\"url\":\"https:\/\/www.istegroup.com\/\",\"name\":\"ISTE Group\",\"description\":\"\u00c9diteur des Sciences\",\"potentialAction\":[{\"@type\":\"SearchAction\",\"target\":{\"@type\":\"EntryPoint\",\"urlTemplate\":\"https:\/\/www.istegroup.com\/?s={search_term_string}\"},\"query-input\":{\"@type\":\"PropertyValueSpecification\",\"valueRequired\":true,\"valueName\":\"search_term_string\"}}],\"inLanguage\":\"fr-FR\"}]}<\/script>\n<!-- \/ Yoast SEO plugin. -->","yoast_head_json":{"title":"M\u00e9thodologies d'analyse de la fiabilit\u00e9 de dispositifs \u00e0 LED - ISTE Group","description":"M\u00e9thodologies d'analyse de la fiabilit\u00e9 de dispositifs \u00e0 LED\u00a0traite de l\u2019\u00e9tat de l\u2019art des technologies LED \u00e0 base de GaN et se focalise sur l\u2019identification des ph\u00e9nom\u00e8nes de d\u00e9gradation.","robots":{"index":"index","follow":"follow","max-snippet":"max-snippet:-1","max-image-preview":"max-image-preview:large","max-video-preview":"max-video-preview:-1"},"canonical":"https:\/\/www.istegroup.com\/en\/produit\/methodologies-danalyse-de-la-fiabilite-de-dispositifs-a-led\/","og_locale":"fr_FR","og_type":"article","og_title":"M\u00e9thodologies d'analyse de la fiabilit\u00e9 de dispositifs \u00e0 LED - ISTE Group","og_description":"M\u00e9thodologies d'analyse de la fiabilit\u00e9 de dispositifs \u00e0 LED\u00a0traite de l\u2019\u00e9tat de l\u2019art des technologies LED \u00e0 base de GaN et se focalise sur l\u2019identification des ph\u00e9nom\u00e8nes de d\u00e9gradation.","og_url":"https:\/\/www.istegroup.com\/en\/produit\/methodologies-danalyse-de-la-fiabilite-de-dispositifs-a-led\/","og_site_name":"ISTE Group","article_modified_time":"2024-01-03T13:40:25+00:00","og_image":[{"width":300,"height":452,"url":"https:\/\/www.istegroup.com\/wp-content\/uploads\/2019\/09\/M\u00e9thodologies-d\u2019analyse-de-la-fiabilit\u00e9-de-dispositifs-\u00e0-LED.jpg","type":"image\/jpeg"}],"twitter_card":"summary_large_image","twitter_misc":{"Est. reading time":"1 minute"},"schema":{"@context":"https:\/\/schema.org","@graph":[{"@type":"WebPage","@id":"https:\/\/www.istegroup.com\/en\/produit\/methodologies-danalyse-de-la-fiabilite-de-dispositifs-a-led\/","url":"https:\/\/www.istegroup.com\/en\/produit\/methodologies-danalyse-de-la-fiabilite-de-dispositifs-a-led\/","name":"M\u00e9thodologies d'analyse de la fiabilit\u00e9 de dispositifs \u00e0 LED - ISTE Group","isPartOf":{"@id":"https:\/\/www.istegroup.com\/#website"},"primaryImageOfPage":{"@id":"https:\/\/www.istegroup.com\/en\/produit\/methodologies-danalyse-de-la-fiabilite-de-dispositifs-a-led\/#primaryimage"},"image":{"@id":"https:\/\/www.istegroup.com\/en\/produit\/methodologies-danalyse-de-la-fiabilite-de-dispositifs-a-led\/#primaryimage"},"thumbnailUrl":"https:\/\/www.istegroup.com\/wp-content\/uploads\/2019\/09\/M\u00e9thodologies-d\u2019analyse-de-la-fiabilit\u00e9-de-dispositifs-\u00e0-LED.jpg","datePublished":"2017-07-28T12:59:16+00:00","dateModified":"2024-01-03T13:40:25+00:00","description":"M\u00e9thodologies d'analyse de la fiabilit\u00e9 de dispositifs \u00e0 LED\u00a0traite de l\u2019\u00e9tat de l\u2019art des technologies LED \u00e0 base de GaN et se focalise sur l\u2019identification des ph\u00e9nom\u00e8nes de d\u00e9gradation.","breadcrumb":{"@id":"https:\/\/www.istegroup.com\/en\/produit\/methodologies-danalyse-de-la-fiabilite-de-dispositifs-a-led\/#breadcrumb"},"inLanguage":"fr-FR","potentialAction":[{"@type":"ReadAction","target":["https:\/\/www.istegroup.com\/en\/produit\/methodologies-danalyse-de-la-fiabilite-de-dispositifs-a-led\/"]}]},{"@type":"ImageObject","inLanguage":"fr-FR","@id":"https:\/\/www.istegroup.com\/en\/produit\/methodologies-danalyse-de-la-fiabilite-de-dispositifs-a-led\/#primaryimage","url":"https:\/\/www.istegroup.com\/wp-content\/uploads\/2019\/09\/M\u00e9thodologies-d\u2019analyse-de-la-fiabilit\u00e9-de-dispositifs-\u00e0-LED.jpg","contentUrl":"https:\/\/www.istegroup.com\/wp-content\/uploads\/2019\/09\/M\u00e9thodologies-d\u2019analyse-de-la-fiabilit\u00e9-de-dispositifs-\u00e0-LED.jpg","width":300,"height":452,"caption":"Ouvrage M\u00e9thodologies d\u2019analyse de la fiabilit\u00e9 de dispositifs \u00e0 LED - Rapha\u00ebl Baillot et Yannick Deshayes"},{"@type":"BreadcrumbList","@id":"https:\/\/www.istegroup.com\/en\/produit\/methodologies-danalyse-de-la-fiabilite-de-dispositifs-a-led\/#breadcrumb","itemListElement":[{"@type":"ListItem","position":1,"name":"Home","item":"https:\/\/www.istegroup.com\/"},{"@type":"ListItem","position":2,"name":"Shop","item":"https:\/\/www.istegroup.com\/fr\/nouveautes\/"},{"@type":"ListItem","position":3,"name":"M\u00e9thodologies d&#8217;analyse de la fiabilit\u00e9 de dispositifs \u00e0 LED"}]},{"@type":"WebSite","@id":"https:\/\/www.istegroup.com\/#website","url":"https:\/\/www.istegroup.com\/","name":"ISTE Group","description":"\u00c9diteur des Sciences","potentialAction":[{"@type":"SearchAction","target":{"@type":"EntryPoint","urlTemplate":"https:\/\/www.istegroup.com\/?s={search_term_string}"},"query-input":{"@type":"PropertyValueSpecification","valueRequired":true,"valueName":"search_term_string"}}],"inLanguage":"fr-FR"}]}},"_links":{"self":[{"href":"https:\/\/www.istegroup.com\/fr\/wp-json\/wp\/v2\/product\/517","targetHints":{"allow":["GET"]}}],"collection":[{"href":"https:\/\/www.istegroup.com\/fr\/wp-json\/wp\/v2\/product"}],"about":[{"href":"https:\/\/www.istegroup.com\/fr\/wp-json\/wp\/v2\/types\/product"}],"wp:featuredmedia":[{"embeddable":true,"href":"https:\/\/www.istegroup.com\/fr\/wp-json\/wp\/v2\/media\/22965"}],"wp:attachment":[{"href":"https:\/\/www.istegroup.com\/fr\/wp-json\/wp\/v2\/media?parent=517"}],"wp:term":[{"taxonomy":"product_brand","embeddable":true,"href":"https:\/\/www.istegroup.com\/fr\/wp-json\/wp\/v2\/product_brand?post=517"},{"taxonomy":"product_cat","embeddable":true,"href":"https:\/\/www.istegroup.com\/fr\/wp-json\/wp\/v2\/product_cat?post=517"},{"taxonomy":"product_tag","embeddable":true,"href":"https:\/\/www.istegroup.com\/fr\/wp-json\/wp\/v2\/product_tag?post=517"}],"curies":[{"name":"wp","href":"https:\/\/api.w.org\/{rel}","templated":true}]}}