{"id":51328,"date":"2023-05-03T15:33:22","date_gmt":"2023-05-03T14:33:22","guid":{"rendered":"https:\/\/www.istegroup.com\/?post_type=product&#038;p=51328"},"modified":"2024-01-03T13:47:39","modified_gmt":"2024-01-03T13:47:39","slug":"complexites-1","status":"publish","type":"product","link":"https:\/\/www.istegroup.com\/fr\/produit\/complexites-1\/","title":{"rendered":"Complexit\u00e9s 1"},"content":{"rendered":"<p>La complexit\u00e9 n\u2019est pas une probl\u00e9matique nouvelle. En leur temps d\u00e9j\u00e0, Guillaume d\u2019Ockham et Ren\u00e9 Descartes ont propos\u00e9 des m\u00e9thodes que l\u2019on peut qualifier de r\u00e9ductionnistes, pour la traiter.<\/p>\n<p>Puis au cours du XXe si\u00e8cle, une science de la complexit\u00e9 a \u00e9merg\u00e9 touchant des champs de plus en plus nombreux (informatique, intelligence artificielle, ing\u00e9nierie, etc.) pour faire d\u00e9sormais partie int\u00e9grante du quotidien. Aussi, chacun est confront\u00e9 \u00e0 des situations toujours plus complexes qu\u2019il convient d\u2019appr\u00e9hender et de savoir analyser dans une perspective globale et pour la durabilit\u00e9 d\u2019un avenir commun.<\/p>\n<p><em>Complexit\u00e9s 1<\/em> analyse la fa\u00e7on dont la complexit\u00e9 est con\u00e7ue et trait\u00e9e dans les domaines de la cybers\u00e9curit\u00e9, de la m\u00e9decine, des math\u00e9matiques et de l\u2019information. Ce large spectre de disciplines montre que tous nos domaines de connaissances sont finalement confront\u00e9s \u00e0 la complexit\u00e9. Dans un tome II, l\u2019ouvrage traitera des sciences sociales et humaines en rapport avec la complexit\u00e9.<\/p>","protected":false},"excerpt":{"rendered":"<p>La complexit\u00e9 n\u2019est pas une probl\u00e9matique nouvelle. En leur temps d\u00e9j\u00e0, Guillaume d\u2019Ockham et Ren\u00e9 Descartes ont propos\u00e9 des m\u00e9thodes que l\u2019on peut qualifier de r\u00e9ductionnistes, pour la traiter. Puis au cours du XXe si\u00e8cle, une science de la complexit\u00e9 a \u00e9merg\u00e9 touchant des champs de plus en plus nombreux (informatique, intelligence artificielle, ing\u00e9nierie, etc.) [&hellip;]<\/p>\n","protected":false},"featured_media":51332,"template":"","meta":{"_acf_changed":false,"_links_to":"","_links_to_target":""},"product_brand":[],"product_cat":[708],"product_tag":[],"class_list":{"0":"post-51328","1":"product","2":"type-product","3":"status-publish","4":"has-post-thumbnail","6":"product_cat-systmes-et-gnie-industriel-11476925","8":"first","9":"instock","10":"shipping-taxable","11":"purchasable","12":"product-type-variable"},"acf":[],"yoast_head":"<!-- This site is optimized with the Yoast SEO plugin v27.2 - https:\/\/yoast.com\/product\/yoast-seo-wordpress\/ -->\n<title>Complexit\u00e9s 1 - ISTE Group<\/title>\n<meta name=\"description\" content=\"Complexit\u00e9s 1 analyse la fa\u00e7on dont la complexit\u00e9 est con\u00e7ue et trait\u00e9e dans les domaines de la cybers\u00e9curit\u00e9, de la m\u00e9decine, des math\u00e9matiques et de l\u2019information.\" \/>\n<meta name=\"robots\" content=\"index, follow, max-snippet:-1, max-image-preview:large, max-video-preview:-1\" \/>\n<link rel=\"canonical\" href=\"https:\/\/www.istegroup.com\/fr\/produit\/complexites-1\/\" \/>\n<meta property=\"og:locale\" content=\"fr_FR\" \/>\n<meta property=\"og:type\" content=\"article\" \/>\n<meta property=\"og:title\" content=\"Complexit\u00e9s 1 - ISTE Group\" \/>\n<meta property=\"og:description\" content=\"Complexit\u00e9s 1 analyse la fa\u00e7on dont la complexit\u00e9 est con\u00e7ue et trait\u00e9e dans les domaines de la cybers\u00e9curit\u00e9, de la m\u00e9decine, des math\u00e9matiques et de l\u2019information.\" \/>\n<meta property=\"og:url\" content=\"https:\/\/www.istegroup.com\/fr\/produit\/complexites-1\/\" \/>\n<meta property=\"og:site_name\" content=\"ISTE Group\" \/>\n<meta property=\"article:modified_time\" content=\"2024-01-03T13:47:39+00:00\" \/>\n<meta property=\"og:image\" content=\"https:\/\/www.istegroup.com\/wp-content\/uploads\/2023\/04\/Complexites-1.jpg\" \/>\n\t<meta property=\"og:image:width\" content=\"599\" \/>\n\t<meta property=\"og:image:height\" content=\"898\" \/>\n\t<meta property=\"og:image:type\" content=\"image\/jpeg\" \/>\n<meta name=\"twitter:card\" content=\"summary_large_image\" \/>\n<meta name=\"twitter:label1\" content=\"Est. reading time\" \/>\n\t<meta name=\"twitter:data1\" content=\"1 minute\" \/>\n<script type=\"application\/ld+json\" class=\"yoast-schema-graph\">{\"@context\":\"https:\/\/schema.org\",\"@graph\":[{\"@type\":\"WebPage\",\"@id\":\"https:\/\/www.istegroup.com\/fr\/produit\/complexites-1\/\",\"url\":\"https:\/\/www.istegroup.com\/fr\/produit\/complexites-1\/\",\"name\":\"Complexit\u00e9s 1 - ISTE Group\",\"isPartOf\":{\"@id\":\"https:\/\/www.istegroup.com\/#website\"},\"primaryImageOfPage\":{\"@id\":\"https:\/\/www.istegroup.com\/fr\/produit\/complexites-1\/#primaryimage\"},\"image\":{\"@id\":\"https:\/\/www.istegroup.com\/fr\/produit\/complexites-1\/#primaryimage\"},\"thumbnailUrl\":\"https:\/\/www.istegroup.com\/wp-content\/uploads\/2023\/04\/Complexites-1.jpg\",\"datePublished\":\"2023-05-03T14:33:22+00:00\",\"dateModified\":\"2024-01-03T13:47:39+00:00\",\"description\":\"Complexit\u00e9s 1 analyse la fa\u00e7on dont la complexit\u00e9 est con\u00e7ue et trait\u00e9e dans les domaines de la cybers\u00e9curit\u00e9, de la m\u00e9decine, des math\u00e9matiques et de l\u2019information.\",\"breadcrumb\":{\"@id\":\"https:\/\/www.istegroup.com\/fr\/produit\/complexites-1\/#breadcrumb\"},\"inLanguage\":\"fr-FR\",\"potentialAction\":[{\"@type\":\"ReadAction\",\"target\":[\"https:\/\/www.istegroup.com\/fr\/produit\/complexites-1\/\"]}]},{\"@type\":\"ImageObject\",\"inLanguage\":\"fr-FR\",\"@id\":\"https:\/\/www.istegroup.com\/fr\/produit\/complexites-1\/#primaryimage\",\"url\":\"https:\/\/www.istegroup.com\/wp-content\/uploads\/2023\/04\/Complexites-1.jpg\",\"contentUrl\":\"https:\/\/www.istegroup.com\/wp-content\/uploads\/2023\/04\/Complexites-1.jpg\",\"width\":599,\"height\":898,\"caption\":\"Livre scientifique - Complexit\u00e9s 1\"},{\"@type\":\"BreadcrumbList\",\"@id\":\"https:\/\/www.istegroup.com\/fr\/produit\/complexites-1\/#breadcrumb\",\"itemListElement\":[{\"@type\":\"ListItem\",\"position\":1,\"name\":\"Home\",\"item\":\"https:\/\/www.istegroup.com\/\"},{\"@type\":\"ListItem\",\"position\":2,\"name\":\"Shop\",\"item\":\"https:\/\/www.istegroup.com\/fr\/nouveautes\/\"},{\"@type\":\"ListItem\",\"position\":3,\"name\":\"Complexit\u00e9s 1\"}]},{\"@type\":\"WebSite\",\"@id\":\"https:\/\/www.istegroup.com\/#website\",\"url\":\"https:\/\/www.istegroup.com\/\",\"name\":\"ISTE Group\",\"description\":\"\u00c9diteur des Sciences\",\"potentialAction\":[{\"@type\":\"SearchAction\",\"target\":{\"@type\":\"EntryPoint\",\"urlTemplate\":\"https:\/\/www.istegroup.com\/?s={search_term_string}\"},\"query-input\":{\"@type\":\"PropertyValueSpecification\",\"valueRequired\":true,\"valueName\":\"search_term_string\"}}],\"inLanguage\":\"fr-FR\"}]}<\/script>\n<!-- \/ Yoast SEO plugin. -->","yoast_head_json":{"title":"Complexit\u00e9s 1 - ISTE Group","description":"Complexit\u00e9s 1 analyse la fa\u00e7on dont la complexit\u00e9 est con\u00e7ue et trait\u00e9e dans les domaines de la cybers\u00e9curit\u00e9, de la m\u00e9decine, des math\u00e9matiques et de l\u2019information.","robots":{"index":"index","follow":"follow","max-snippet":"max-snippet:-1","max-image-preview":"max-image-preview:large","max-video-preview":"max-video-preview:-1"},"canonical":"https:\/\/www.istegroup.com\/fr\/produit\/complexites-1\/","og_locale":"fr_FR","og_type":"article","og_title":"Complexit\u00e9s 1 - ISTE Group","og_description":"Complexit\u00e9s 1 analyse la fa\u00e7on dont la complexit\u00e9 est con\u00e7ue et trait\u00e9e dans les domaines de la cybers\u00e9curit\u00e9, de la m\u00e9decine, des math\u00e9matiques et de l\u2019information.","og_url":"https:\/\/www.istegroup.com\/fr\/produit\/complexites-1\/","og_site_name":"ISTE Group","article_modified_time":"2024-01-03T13:47:39+00:00","og_image":[{"width":599,"height":898,"url":"https:\/\/www.istegroup.com\/wp-content\/uploads\/2023\/04\/Complexites-1.jpg","type":"image\/jpeg"}],"twitter_card":"summary_large_image","twitter_misc":{"Est. reading time":"1 minute"},"schema":{"@context":"https:\/\/schema.org","@graph":[{"@type":"WebPage","@id":"https:\/\/www.istegroup.com\/fr\/produit\/complexites-1\/","url":"https:\/\/www.istegroup.com\/fr\/produit\/complexites-1\/","name":"Complexit\u00e9s 1 - ISTE Group","isPartOf":{"@id":"https:\/\/www.istegroup.com\/#website"},"primaryImageOfPage":{"@id":"https:\/\/www.istegroup.com\/fr\/produit\/complexites-1\/#primaryimage"},"image":{"@id":"https:\/\/www.istegroup.com\/fr\/produit\/complexites-1\/#primaryimage"},"thumbnailUrl":"https:\/\/www.istegroup.com\/wp-content\/uploads\/2023\/04\/Complexites-1.jpg","datePublished":"2023-05-03T14:33:22+00:00","dateModified":"2024-01-03T13:47:39+00:00","description":"Complexit\u00e9s 1 analyse la fa\u00e7on dont la complexit\u00e9 est con\u00e7ue et trait\u00e9e dans les domaines de la cybers\u00e9curit\u00e9, de la m\u00e9decine, des math\u00e9matiques et de l\u2019information.","breadcrumb":{"@id":"https:\/\/www.istegroup.com\/fr\/produit\/complexites-1\/#breadcrumb"},"inLanguage":"fr-FR","potentialAction":[{"@type":"ReadAction","target":["https:\/\/www.istegroup.com\/fr\/produit\/complexites-1\/"]}]},{"@type":"ImageObject","inLanguage":"fr-FR","@id":"https:\/\/www.istegroup.com\/fr\/produit\/complexites-1\/#primaryimage","url":"https:\/\/www.istegroup.com\/wp-content\/uploads\/2023\/04\/Complexites-1.jpg","contentUrl":"https:\/\/www.istegroup.com\/wp-content\/uploads\/2023\/04\/Complexites-1.jpg","width":599,"height":898,"caption":"Livre scientifique - Complexit\u00e9s 1"},{"@type":"BreadcrumbList","@id":"https:\/\/www.istegroup.com\/fr\/produit\/complexites-1\/#breadcrumb","itemListElement":[{"@type":"ListItem","position":1,"name":"Home","item":"https:\/\/www.istegroup.com\/"},{"@type":"ListItem","position":2,"name":"Shop","item":"https:\/\/www.istegroup.com\/fr\/nouveautes\/"},{"@type":"ListItem","position":3,"name":"Complexit\u00e9s 1"}]},{"@type":"WebSite","@id":"https:\/\/www.istegroup.com\/#website","url":"https:\/\/www.istegroup.com\/","name":"ISTE Group","description":"\u00c9diteur des Sciences","potentialAction":[{"@type":"SearchAction","target":{"@type":"EntryPoint","urlTemplate":"https:\/\/www.istegroup.com\/?s={search_term_string}"},"query-input":{"@type":"PropertyValueSpecification","valueRequired":true,"valueName":"search_term_string"}}],"inLanguage":"fr-FR"}]}},"_links":{"self":[{"href":"https:\/\/www.istegroup.com\/fr\/wp-json\/wp\/v2\/product\/51328","targetHints":{"allow":["GET"]}}],"collection":[{"href":"https:\/\/www.istegroup.com\/fr\/wp-json\/wp\/v2\/product"}],"about":[{"href":"https:\/\/www.istegroup.com\/fr\/wp-json\/wp\/v2\/types\/product"}],"wp:featuredmedia":[{"embeddable":true,"href":"https:\/\/www.istegroup.com\/fr\/wp-json\/wp\/v2\/media\/51332"}],"wp:attachment":[{"href":"https:\/\/www.istegroup.com\/fr\/wp-json\/wp\/v2\/media?parent=51328"}],"wp:term":[{"taxonomy":"product_brand","embeddable":true,"href":"https:\/\/www.istegroup.com\/fr\/wp-json\/wp\/v2\/product_brand?post=51328"},{"taxonomy":"product_cat","embeddable":true,"href":"https:\/\/www.istegroup.com\/fr\/wp-json\/wp\/v2\/product_cat?post=51328"},{"taxonomy":"product_tag","embeddable":true,"href":"https:\/\/www.istegroup.com\/fr\/wp-json\/wp\/v2\/product_tag?post=51328"}],"curies":[{"name":"wp","href":"https:\/\/api.w.org\/{rel}","templated":true}]}}