{"id":51318,"date":"2023-05-03T12:18:51","date_gmt":"2023-05-03T11:18:51","guid":{"rendered":"https:\/\/www.istegroup.com\/?post_type=product&#038;p=51318"},"modified":"2024-04-29T10:23:59","modified_gmt":"2024-04-29T09:23:59","slug":"controle-de-gestion-et-creativite","status":"publish","type":"product","link":"https:\/\/www.istegroup.com\/fr\/produit\/controle-de-gestion-et-creativite\/","title":{"rendered":"Contr\u00f4le de gestion et cr\u00e9ativit\u00e9"},"content":{"rendered":"<p>L\u2019innovation constitue un levier de croissance essentiel pour les organisations. Comme tout \u00e9l\u00e9ment strat\u00e9gique, il est n\u00e9cessaire de le piloter afin de pouvoir prendre les meilleures d\u00e9cisions au bon moment. Lorsque l\u2019on parle de pilotage, naturellement nous nous rapprochons du contr\u00f4le de gestion. Toutefois, l\u2019utilisation d\u2019outils de gestion peut l\u00e9gitimement repr\u00e9senter un danger pour le d\u00e9veloppement de la cr\u00e9ativit\u00e9, indispensable \u00e0 l\u2019innovation.<\/p>\n<p>Cet ouvrage traite des interd\u00e9pendances entre le contr\u00f4le de gestion et la cr\u00e9ativit\u00e9. La comparaison de deux contextes organisationnels nous am\u00e8ne \u00e0 mettre en \u00e9vidence : le r\u00f4le primordial de l\u2019organisation qui peut \u00eatre g\u00e9n\u00e9ratrice de cr\u00e9ativit\u00e9 ; l\u2019acceptation d\u2019un d\u00e9s\u00e9quilibre entre les \u00e9l\u00e9ments en tension qui peut \u00eatre source de remise en question et favorable \u00e0 l\u2019innovation ; et le r\u00f4le des cadres dirigeants comme m\u00e9diateurs entre l\u2019organisation et les acteurs du terrain.<\/p>","protected":false},"excerpt":{"rendered":"<p>L\u2019innovation constitue un levier de croissance essentiel pour les organisations. Comme tout \u00e9l\u00e9ment strat\u00e9gique, il est n\u00e9cessaire de le piloter afin de pouvoir prendre les meilleures d\u00e9cisions au bon moment. Lorsque l\u2019on parle de pilotage, naturellement nous nous rapprochons du contr\u00f4le de gestion. Toutefois, l\u2019utilisation d\u2019outils de gestion peut l\u00e9gitimement repr\u00e9senter un danger pour le [&hellip;]<\/p>\n","protected":false},"featured_media":56537,"template":"","meta":{"_acf_changed":false,"_links_to":"","_links_to_target":""},"product_brand":[],"product_cat":[670],"product_tag":[],"class_list":{"0":"post-51318","1":"product","2":"type-product","3":"status-publish","4":"has-post-thumbnail","6":"product_cat-innovation-entrepreneuriat-et-gestion-11041751","8":"first","9":"instock","10":"shipping-taxable","11":"purchasable","12":"product-type-variable"},"acf":[],"yoast_head":"<!-- This site is optimized with the Yoast SEO plugin v27.2 - https:\/\/yoast.com\/product\/yoast-seo-wordpress\/ -->\n<title>Contr\u00f4le de gestion et cr\u00e9ativit\u00e9 - ISTE Group<\/title>\n<meta name=\"description\" content=\"Cet ouvrage traite des interd\u00e9pendances entre le contr\u00f4le de gestion et la cr\u00e9ativit\u00e9. La comparaison de deux contextes organisationnels nous am\u00e8ne \u00e0 mettre en \u00e9vidence\" \/>\n<meta name=\"robots\" content=\"index, follow, max-snippet:-1, max-image-preview:large, max-video-preview:-1\" \/>\n<link rel=\"canonical\" href=\"https:\/\/www.istegroup.com\/en\/produit\/controle-de-gestion-et-creativite\/\" \/>\n<meta property=\"og:locale\" content=\"fr_FR\" \/>\n<meta property=\"og:type\" content=\"article\" \/>\n<meta property=\"og:title\" content=\"Contr\u00f4le de gestion et cr\u00e9ativit\u00e9 - ISTE Group\" \/>\n<meta property=\"og:description\" content=\"Cet ouvrage traite des interd\u00e9pendances entre le contr\u00f4le de gestion et la cr\u00e9ativit\u00e9. La comparaison de deux contextes organisationnels nous am\u00e8ne \u00e0 mettre en \u00e9vidence\" \/>\n<meta property=\"og:url\" content=\"https:\/\/www.istegroup.com\/en\/produit\/controle-de-gestion-et-creativite\/\" \/>\n<meta property=\"og:site_name\" content=\"ISTE Group\" \/>\n<meta property=\"article:modified_time\" content=\"2024-04-29T09:23:59+00:00\" \/>\n<meta property=\"og:image\" content=\"https:\/\/www.istegroup.com\/wp-content\/uploads\/2023\/05\/Controle-de-gestion-et-creativie_FNEGE_RRRI.jpg\" \/>\n\t<meta property=\"og:image:width\" content=\"300\" \/>\n\t<meta property=\"og:image:height\" content=\"453\" \/>\n\t<meta property=\"og:image:type\" content=\"image\/jpeg\" \/>\n<meta name=\"twitter:card\" content=\"summary_large_image\" \/>\n<meta name=\"twitter:label1\" content=\"Est. reading time\" \/>\n\t<meta name=\"twitter:data1\" content=\"1 minute\" \/>\n<script type=\"application\/ld+json\" class=\"yoast-schema-graph\">{\"@context\":\"https:\/\/schema.org\",\"@graph\":[{\"@type\":\"WebPage\",\"@id\":\"https:\/\/www.istegroup.com\/en\/produit\/controle-de-gestion-et-creativite\/\",\"url\":\"https:\/\/www.istegroup.com\/en\/produit\/controle-de-gestion-et-creativite\/\",\"name\":\"Contr\u00f4le de gestion et cr\u00e9ativit\u00e9 - ISTE Group\",\"isPartOf\":{\"@id\":\"https:\/\/www.istegroup.com\/#website\"},\"primaryImageOfPage\":{\"@id\":\"https:\/\/www.istegroup.com\/en\/produit\/controle-de-gestion-et-creativite\/#primaryimage\"},\"image\":{\"@id\":\"https:\/\/www.istegroup.com\/en\/produit\/controle-de-gestion-et-creativite\/#primaryimage\"},\"thumbnailUrl\":\"https:\/\/www.istegroup.com\/wp-content\/uploads\/2023\/05\/Controle-de-gestion-et-creativie_FNEGE_RRRI.jpg\",\"datePublished\":\"2023-05-03T11:18:51+00:00\",\"dateModified\":\"2024-04-29T09:23:59+00:00\",\"description\":\"Cet ouvrage traite des interd\u00e9pendances entre le contr\u00f4le de gestion et la cr\u00e9ativit\u00e9. La comparaison de deux contextes organisationnels nous am\u00e8ne \u00e0 mettre en \u00e9vidence\",\"breadcrumb\":{\"@id\":\"https:\/\/www.istegroup.com\/en\/produit\/controle-de-gestion-et-creativite\/#breadcrumb\"},\"inLanguage\":\"fr-FR\",\"potentialAction\":[{\"@type\":\"ReadAction\",\"target\":[\"https:\/\/www.istegroup.com\/en\/produit\/controle-de-gestion-et-creativite\/\"]}]},{\"@type\":\"ImageObject\",\"inLanguage\":\"fr-FR\",\"@id\":\"https:\/\/www.istegroup.com\/en\/produit\/controle-de-gestion-et-creativite\/#primaryimage\",\"url\":\"https:\/\/www.istegroup.com\/wp-content\/uploads\/2023\/05\/Controle-de-gestion-et-creativie_FNEGE_RRRI.jpg\",\"contentUrl\":\"https:\/\/www.istegroup.com\/wp-content\/uploads\/2023\/05\/Controle-de-gestion-et-creativie_FNEGE_RRRI.jpg\",\"width\":300,\"height\":453,\"caption\":\"Livre scientifique - Contr\u00f4le de gestion et cr\u00e9ativi\u00e9 - Prix RRI FNEGE\"},{\"@type\":\"BreadcrumbList\",\"@id\":\"https:\/\/www.istegroup.com\/en\/produit\/controle-de-gestion-et-creativite\/#breadcrumb\",\"itemListElement\":[{\"@type\":\"ListItem\",\"position\":1,\"name\":\"Home\",\"item\":\"https:\/\/www.istegroup.com\/\"},{\"@type\":\"ListItem\",\"position\":2,\"name\":\"Shop\",\"item\":\"https:\/\/www.istegroup.com\/fr\/nouveautes\/\"},{\"@type\":\"ListItem\",\"position\":3,\"name\":\"Contr\u00f4le de gestion et cr\u00e9ativit\u00e9\"}]},{\"@type\":\"WebSite\",\"@id\":\"https:\/\/www.istegroup.com\/#website\",\"url\":\"https:\/\/www.istegroup.com\/\",\"name\":\"ISTE Group\",\"description\":\"\u00c9diteur des Sciences\",\"potentialAction\":[{\"@type\":\"SearchAction\",\"target\":{\"@type\":\"EntryPoint\",\"urlTemplate\":\"https:\/\/www.istegroup.com\/?s={search_term_string}\"},\"query-input\":{\"@type\":\"PropertyValueSpecification\",\"valueRequired\":true,\"valueName\":\"search_term_string\"}}],\"inLanguage\":\"fr-FR\"}]}<\/script>\n<!-- \/ Yoast SEO plugin. -->","yoast_head_json":{"title":"Contr\u00f4le de gestion et cr\u00e9ativit\u00e9 - ISTE Group","description":"Cet ouvrage traite des interd\u00e9pendances entre le contr\u00f4le de gestion et la cr\u00e9ativit\u00e9. La comparaison de deux contextes organisationnels nous am\u00e8ne \u00e0 mettre en \u00e9vidence","robots":{"index":"index","follow":"follow","max-snippet":"max-snippet:-1","max-image-preview":"max-image-preview:large","max-video-preview":"max-video-preview:-1"},"canonical":"https:\/\/www.istegroup.com\/en\/produit\/controle-de-gestion-et-creativite\/","og_locale":"fr_FR","og_type":"article","og_title":"Contr\u00f4le de gestion et cr\u00e9ativit\u00e9 - ISTE Group","og_description":"Cet ouvrage traite des interd\u00e9pendances entre le contr\u00f4le de gestion et la cr\u00e9ativit\u00e9. La comparaison de deux contextes organisationnels nous am\u00e8ne \u00e0 mettre en \u00e9vidence","og_url":"https:\/\/www.istegroup.com\/en\/produit\/controle-de-gestion-et-creativite\/","og_site_name":"ISTE Group","article_modified_time":"2024-04-29T09:23:59+00:00","og_image":[{"width":300,"height":453,"url":"https:\/\/www.istegroup.com\/wp-content\/uploads\/2023\/05\/Controle-de-gestion-et-creativie_FNEGE_RRRI.jpg","type":"image\/jpeg"}],"twitter_card":"summary_large_image","twitter_misc":{"Est. reading time":"1 minute"},"schema":{"@context":"https:\/\/schema.org","@graph":[{"@type":"WebPage","@id":"https:\/\/www.istegroup.com\/en\/produit\/controle-de-gestion-et-creativite\/","url":"https:\/\/www.istegroup.com\/en\/produit\/controle-de-gestion-et-creativite\/","name":"Contr\u00f4le de gestion et cr\u00e9ativit\u00e9 - ISTE Group","isPartOf":{"@id":"https:\/\/www.istegroup.com\/#website"},"primaryImageOfPage":{"@id":"https:\/\/www.istegroup.com\/en\/produit\/controle-de-gestion-et-creativite\/#primaryimage"},"image":{"@id":"https:\/\/www.istegroup.com\/en\/produit\/controle-de-gestion-et-creativite\/#primaryimage"},"thumbnailUrl":"https:\/\/www.istegroup.com\/wp-content\/uploads\/2023\/05\/Controle-de-gestion-et-creativie_FNEGE_RRRI.jpg","datePublished":"2023-05-03T11:18:51+00:00","dateModified":"2024-04-29T09:23:59+00:00","description":"Cet ouvrage traite des interd\u00e9pendances entre le contr\u00f4le de gestion et la cr\u00e9ativit\u00e9. La comparaison de deux contextes organisationnels nous am\u00e8ne \u00e0 mettre en \u00e9vidence","breadcrumb":{"@id":"https:\/\/www.istegroup.com\/en\/produit\/controle-de-gestion-et-creativite\/#breadcrumb"},"inLanguage":"fr-FR","potentialAction":[{"@type":"ReadAction","target":["https:\/\/www.istegroup.com\/en\/produit\/controle-de-gestion-et-creativite\/"]}]},{"@type":"ImageObject","inLanguage":"fr-FR","@id":"https:\/\/www.istegroup.com\/en\/produit\/controle-de-gestion-et-creativite\/#primaryimage","url":"https:\/\/www.istegroup.com\/wp-content\/uploads\/2023\/05\/Controle-de-gestion-et-creativie_FNEGE_RRRI.jpg","contentUrl":"https:\/\/www.istegroup.com\/wp-content\/uploads\/2023\/05\/Controle-de-gestion-et-creativie_FNEGE_RRRI.jpg","width":300,"height":453,"caption":"Livre scientifique - Contr\u00f4le de gestion et cr\u00e9ativi\u00e9 - Prix RRI FNEGE"},{"@type":"BreadcrumbList","@id":"https:\/\/www.istegroup.com\/en\/produit\/controle-de-gestion-et-creativite\/#breadcrumb","itemListElement":[{"@type":"ListItem","position":1,"name":"Home","item":"https:\/\/www.istegroup.com\/"},{"@type":"ListItem","position":2,"name":"Shop","item":"https:\/\/www.istegroup.com\/fr\/nouveautes\/"},{"@type":"ListItem","position":3,"name":"Contr\u00f4le de gestion et cr\u00e9ativit\u00e9"}]},{"@type":"WebSite","@id":"https:\/\/www.istegroup.com\/#website","url":"https:\/\/www.istegroup.com\/","name":"ISTE Group","description":"\u00c9diteur des Sciences","potentialAction":[{"@type":"SearchAction","target":{"@type":"EntryPoint","urlTemplate":"https:\/\/www.istegroup.com\/?s={search_term_string}"},"query-input":{"@type":"PropertyValueSpecification","valueRequired":true,"valueName":"search_term_string"}}],"inLanguage":"fr-FR"}]}},"_links":{"self":[{"href":"https:\/\/www.istegroup.com\/fr\/wp-json\/wp\/v2\/product\/51318","targetHints":{"allow":["GET"]}}],"collection":[{"href":"https:\/\/www.istegroup.com\/fr\/wp-json\/wp\/v2\/product"}],"about":[{"href":"https:\/\/www.istegroup.com\/fr\/wp-json\/wp\/v2\/types\/product"}],"wp:featuredmedia":[{"embeddable":true,"href":"https:\/\/www.istegroup.com\/fr\/wp-json\/wp\/v2\/media\/56537"}],"wp:attachment":[{"href":"https:\/\/www.istegroup.com\/fr\/wp-json\/wp\/v2\/media?parent=51318"}],"wp:term":[{"taxonomy":"product_brand","embeddable":true,"href":"https:\/\/www.istegroup.com\/fr\/wp-json\/wp\/v2\/product_brand?post=51318"},{"taxonomy":"product_cat","embeddable":true,"href":"https:\/\/www.istegroup.com\/fr\/wp-json\/wp\/v2\/product_cat?post=51318"},{"taxonomy":"product_tag","embeddable":true,"href":"https:\/\/www.istegroup.com\/fr\/wp-json\/wp\/v2\/product_tag?post=51318"}],"curies":[{"name":"wp","href":"https:\/\/api.w.org\/{rel}","templated":true}]}}