{"id":51308,"date":"2023-05-03T11:22:45","date_gmt":"2023-05-03T10:22:45","guid":{"rendered":"https:\/\/www.istegroup.com\/?post_type=product&#038;p=51308"},"modified":"2024-01-03T13:47:38","modified_gmt":"2024-01-03T13:47:38","slug":"espaces-culturels-de-formation","status":"publish","type":"product","link":"https:\/\/www.istegroup.com\/fr\/produit\/espaces-culturels-de-formation\/","title":{"rendered":"Espaces culturels de formation"},"content":{"rendered":"<p>Depuis deux si\u00e8cles, la forme scolaire a conf\u00e9r\u00e9 \u00e0 l\u2019\u00e9cole un point central en p\u00e9riph\u00e9rie duquel gravitent d\u2019autres acteurs \u00e9ducatifs : collectivit\u00e9s territoriales, associations, monde du travail. Au cours du XXe si\u00e8cle, cette configuration scolarocentr\u00e9e a entam\u00e9 une mutation. Les instances locales tendent \u00e0 s\u2019int\u00e9grer dans la culture verticale du syst\u00e8me scolaire. Il ne s\u2019agissait alors que du d\u00e9but d\u2019un processus qui a mis en interaction l\u2019\u00e9cole et les acteurs socioculturels.<\/p>\n<p>Dans un premier temps, <em>Espaces culturels de formation<\/em> \u00e9tudie les rapports aux savoirs induits par les articulations entre forme scolaire et espaces culturels de formation par une mise en perspective historique, p\u00e9dagogique et philosophique. Les facilit\u00e9s d\u2019acc\u00e8s aux supports de connaissances y mettent en oeuvre des rapports aux savoirs diff\u00e9rents de ceux que pratique l\u2019\u00e9cole. Puis, dans un second temps, l\u2019ouvrage s\u2019int\u00e9resse aux pratiques p\u00e9dagogiques dans ces diff\u00e9rents espaces culturels de formation, tels que biblioth\u00e8ques, m\u00e9diath\u00e8ques, mus\u00e9es et sites historiques, lieux d\u2019h\u00e9ritage, d\u2019histoire et de divertissement, les r\u00e9seaux sociaux et les supports multim\u00e9dias.<\/p>","protected":false},"excerpt":{"rendered":"<p>Depuis deux si\u00e8cles, la forme scolaire a conf\u00e9r\u00e9 \u00e0 l\u2019\u00e9cole un point central en p\u00e9riph\u00e9rie duquel gravitent d\u2019autres acteurs \u00e9ducatifs : collectivit\u00e9s territoriales, associations, monde du travail. Au cours du XXe si\u00e8cle, cette configuration scolarocentr\u00e9e a entam\u00e9 une mutation. Les instances locales tendent \u00e0 s\u2019int\u00e9grer dans la culture verticale du syst\u00e8me scolaire. Il ne s\u2019agissait [&hellip;]<\/p>\n","protected":false},"featured_media":51317,"template":"","meta":{"_acf_changed":false,"_links_to":"","_links_to_target":""},"product_brand":[],"product_cat":[669],"product_tag":[],"class_list":{"0":"post-51308","1":"product","2":"type-product","3":"status-publish","4":"has-post-thumbnail","6":"product_cat-innovation-en-sciences-de-lducation-433942033","8":"first","9":"instock","10":"shipping-taxable","11":"purchasable","12":"product-type-variable"},"acf":[],"yoast_head":"<!-- This site is optimized with the Yoast SEO plugin v27.2 - https:\/\/yoast.com\/product\/yoast-seo-wordpress\/ -->\n<title>Espaces culturels de formation - ISTE Group<\/title>\n<meta name=\"description\" content=\"Espaces culturels de formation \u00e9tudie les rapports aux savoirs induits par les articulations entre forme scolaire et espaces culturels de formation par une mise en perspective historique, p\u00e9dagogique et philosophique.\" \/>\n<meta name=\"robots\" content=\"index, follow, max-snippet:-1, max-image-preview:large, max-video-preview:-1\" \/>\n<link rel=\"canonical\" href=\"https:\/\/www.istegroup.com\/fr\/produit\/espaces-culturels-de-formation\/\" \/>\n<meta property=\"og:locale\" content=\"fr_FR\" \/>\n<meta property=\"og:type\" content=\"article\" \/>\n<meta property=\"og:title\" content=\"Espaces culturels de formation - ISTE Group\" \/>\n<meta property=\"og:description\" content=\"Espaces culturels de formation \u00e9tudie les rapports aux savoirs induits par les articulations entre forme scolaire et espaces culturels de formation par une mise en perspective historique, p\u00e9dagogique et philosophique.\" \/>\n<meta property=\"og:url\" content=\"https:\/\/www.istegroup.com\/fr\/produit\/espaces-culturels-de-formation\/\" \/>\n<meta property=\"og:site_name\" content=\"ISTE Group\" \/>\n<meta property=\"article:modified_time\" content=\"2024-01-03T13:47:38+00:00\" \/>\n<meta property=\"og:image\" content=\"https:\/\/www.istegroup.com\/wp-content\/uploads\/2023\/04\/Espaces-culturels-de-formation.jpg\" \/>\n\t<meta property=\"og:image:width\" content=\"589\" \/>\n\t<meta property=\"og:image:height\" content=\"886\" \/>\n\t<meta property=\"og:image:type\" content=\"image\/jpeg\" \/>\n<meta name=\"twitter:card\" content=\"summary_large_image\" \/>\n<meta name=\"twitter:label1\" content=\"Est. reading time\" \/>\n\t<meta name=\"twitter:data1\" content=\"1 minute\" \/>\n<script type=\"application\/ld+json\" class=\"yoast-schema-graph\">{\"@context\":\"https:\/\/schema.org\",\"@graph\":[{\"@type\":\"WebPage\",\"@id\":\"https:\/\/www.istegroup.com\/fr\/produit\/espaces-culturels-de-formation\/\",\"url\":\"https:\/\/www.istegroup.com\/fr\/produit\/espaces-culturels-de-formation\/\",\"name\":\"Espaces culturels de formation - ISTE Group\",\"isPartOf\":{\"@id\":\"https:\/\/www.istegroup.com\/#website\"},\"primaryImageOfPage\":{\"@id\":\"https:\/\/www.istegroup.com\/fr\/produit\/espaces-culturels-de-formation\/#primaryimage\"},\"image\":{\"@id\":\"https:\/\/www.istegroup.com\/fr\/produit\/espaces-culturels-de-formation\/#primaryimage\"},\"thumbnailUrl\":\"https:\/\/www.istegroup.com\/wp-content\/uploads\/2023\/04\/Espaces-culturels-de-formation.jpg\",\"datePublished\":\"2023-05-03T10:22:45+00:00\",\"dateModified\":\"2024-01-03T13:47:38+00:00\",\"description\":\"Espaces culturels de formation \u00e9tudie les rapports aux savoirs induits par les articulations entre forme scolaire et espaces culturels de formation par une mise en perspective historique, p\u00e9dagogique et philosophique.\",\"breadcrumb\":{\"@id\":\"https:\/\/www.istegroup.com\/fr\/produit\/espaces-culturels-de-formation\/#breadcrumb\"},\"inLanguage\":\"fr-FR\",\"potentialAction\":[{\"@type\":\"ReadAction\",\"target\":[\"https:\/\/www.istegroup.com\/fr\/produit\/espaces-culturels-de-formation\/\"]}]},{\"@type\":\"ImageObject\",\"inLanguage\":\"fr-FR\",\"@id\":\"https:\/\/www.istegroup.com\/fr\/produit\/espaces-culturels-de-formation\/#primaryimage\",\"url\":\"https:\/\/www.istegroup.com\/wp-content\/uploads\/2023\/04\/Espaces-culturels-de-formation.jpg\",\"contentUrl\":\"https:\/\/www.istegroup.com\/wp-content\/uploads\/2023\/04\/Espaces-culturels-de-formation.jpg\",\"width\":589,\"height\":886,\"caption\":\"Livre scientifique - Espaces culturels de formation\"},{\"@type\":\"BreadcrumbList\",\"@id\":\"https:\/\/www.istegroup.com\/fr\/produit\/espaces-culturels-de-formation\/#breadcrumb\",\"itemListElement\":[{\"@type\":\"ListItem\",\"position\":1,\"name\":\"Home\",\"item\":\"https:\/\/www.istegroup.com\/\"},{\"@type\":\"ListItem\",\"position\":2,\"name\":\"Shop\",\"item\":\"https:\/\/www.istegroup.com\/fr\/nouveautes\/\"},{\"@type\":\"ListItem\",\"position\":3,\"name\":\"Espaces culturels de formation\"}]},{\"@type\":\"WebSite\",\"@id\":\"https:\/\/www.istegroup.com\/#website\",\"url\":\"https:\/\/www.istegroup.com\/\",\"name\":\"ISTE Group\",\"description\":\"\u00c9diteur des Sciences\",\"potentialAction\":[{\"@type\":\"SearchAction\",\"target\":{\"@type\":\"EntryPoint\",\"urlTemplate\":\"https:\/\/www.istegroup.com\/?s={search_term_string}\"},\"query-input\":{\"@type\":\"PropertyValueSpecification\",\"valueRequired\":true,\"valueName\":\"search_term_string\"}}],\"inLanguage\":\"fr-FR\"}]}<\/script>\n<!-- \/ Yoast SEO plugin. -->","yoast_head_json":{"title":"Espaces culturels de formation - ISTE Group","description":"Espaces culturels de formation \u00e9tudie les rapports aux savoirs induits par les articulations entre forme scolaire et espaces culturels de formation par une mise en perspective historique, p\u00e9dagogique et philosophique.","robots":{"index":"index","follow":"follow","max-snippet":"max-snippet:-1","max-image-preview":"max-image-preview:large","max-video-preview":"max-video-preview:-1"},"canonical":"https:\/\/www.istegroup.com\/fr\/produit\/espaces-culturels-de-formation\/","og_locale":"fr_FR","og_type":"article","og_title":"Espaces culturels de formation - ISTE Group","og_description":"Espaces culturels de formation \u00e9tudie les rapports aux savoirs induits par les articulations entre forme scolaire et espaces culturels de formation par une mise en perspective historique, p\u00e9dagogique et philosophique.","og_url":"https:\/\/www.istegroup.com\/fr\/produit\/espaces-culturels-de-formation\/","og_site_name":"ISTE Group","article_modified_time":"2024-01-03T13:47:38+00:00","og_image":[{"width":589,"height":886,"url":"https:\/\/www.istegroup.com\/wp-content\/uploads\/2023\/04\/Espaces-culturels-de-formation.jpg","type":"image\/jpeg"}],"twitter_card":"summary_large_image","twitter_misc":{"Est. reading time":"1 minute"},"schema":{"@context":"https:\/\/schema.org","@graph":[{"@type":"WebPage","@id":"https:\/\/www.istegroup.com\/fr\/produit\/espaces-culturels-de-formation\/","url":"https:\/\/www.istegroup.com\/fr\/produit\/espaces-culturels-de-formation\/","name":"Espaces culturels de formation - ISTE Group","isPartOf":{"@id":"https:\/\/www.istegroup.com\/#website"},"primaryImageOfPage":{"@id":"https:\/\/www.istegroup.com\/fr\/produit\/espaces-culturels-de-formation\/#primaryimage"},"image":{"@id":"https:\/\/www.istegroup.com\/fr\/produit\/espaces-culturels-de-formation\/#primaryimage"},"thumbnailUrl":"https:\/\/www.istegroup.com\/wp-content\/uploads\/2023\/04\/Espaces-culturels-de-formation.jpg","datePublished":"2023-05-03T10:22:45+00:00","dateModified":"2024-01-03T13:47:38+00:00","description":"Espaces culturels de formation \u00e9tudie les rapports aux savoirs induits par les articulations entre forme scolaire et espaces culturels de formation par une mise en perspective historique, p\u00e9dagogique et philosophique.","breadcrumb":{"@id":"https:\/\/www.istegroup.com\/fr\/produit\/espaces-culturels-de-formation\/#breadcrumb"},"inLanguage":"fr-FR","potentialAction":[{"@type":"ReadAction","target":["https:\/\/www.istegroup.com\/fr\/produit\/espaces-culturels-de-formation\/"]}]},{"@type":"ImageObject","inLanguage":"fr-FR","@id":"https:\/\/www.istegroup.com\/fr\/produit\/espaces-culturels-de-formation\/#primaryimage","url":"https:\/\/www.istegroup.com\/wp-content\/uploads\/2023\/04\/Espaces-culturels-de-formation.jpg","contentUrl":"https:\/\/www.istegroup.com\/wp-content\/uploads\/2023\/04\/Espaces-culturels-de-formation.jpg","width":589,"height":886,"caption":"Livre scientifique - Espaces culturels de formation"},{"@type":"BreadcrumbList","@id":"https:\/\/www.istegroup.com\/fr\/produit\/espaces-culturels-de-formation\/#breadcrumb","itemListElement":[{"@type":"ListItem","position":1,"name":"Home","item":"https:\/\/www.istegroup.com\/"},{"@type":"ListItem","position":2,"name":"Shop","item":"https:\/\/www.istegroup.com\/fr\/nouveautes\/"},{"@type":"ListItem","position":3,"name":"Espaces culturels de formation"}]},{"@type":"WebSite","@id":"https:\/\/www.istegroup.com\/#website","url":"https:\/\/www.istegroup.com\/","name":"ISTE Group","description":"\u00c9diteur des Sciences","potentialAction":[{"@type":"SearchAction","target":{"@type":"EntryPoint","urlTemplate":"https:\/\/www.istegroup.com\/?s={search_term_string}"},"query-input":{"@type":"PropertyValueSpecification","valueRequired":true,"valueName":"search_term_string"}}],"inLanguage":"fr-FR"}]}},"_links":{"self":[{"href":"https:\/\/www.istegroup.com\/fr\/wp-json\/wp\/v2\/product\/51308","targetHints":{"allow":["GET"]}}],"collection":[{"href":"https:\/\/www.istegroup.com\/fr\/wp-json\/wp\/v2\/product"}],"about":[{"href":"https:\/\/www.istegroup.com\/fr\/wp-json\/wp\/v2\/types\/product"}],"wp:featuredmedia":[{"embeddable":true,"href":"https:\/\/www.istegroup.com\/fr\/wp-json\/wp\/v2\/media\/51317"}],"wp:attachment":[{"href":"https:\/\/www.istegroup.com\/fr\/wp-json\/wp\/v2\/media?parent=51308"}],"wp:term":[{"taxonomy":"product_brand","embeddable":true,"href":"https:\/\/www.istegroup.com\/fr\/wp-json\/wp\/v2\/product_brand?post=51308"},{"taxonomy":"product_cat","embeddable":true,"href":"https:\/\/www.istegroup.com\/fr\/wp-json\/wp\/v2\/product_cat?post=51308"},{"taxonomy":"product_tag","embeddable":true,"href":"https:\/\/www.istegroup.com\/fr\/wp-json\/wp\/v2\/product_tag?post=51308"}],"curies":[{"name":"wp","href":"https:\/\/api.w.org\/{rel}","templated":true}]}}