{"id":51255,"date":"2023-04-11T15:44:08","date_gmt":"2023-04-11T14:44:08","guid":{"rendered":"https:\/\/www.istegroup.com\/?post_type=product&#038;p=51255"},"modified":"2024-01-03T13:47:33","modified_gmt":"2024-01-03T13:47:33","slug":"les-favela-tours","status":"publish","type":"product","link":"https:\/\/www.istegroup.com\/fr\/produit\/les-favela-tours\/","title":{"rendered":"Les favela-tours"},"content":{"rendered":"<p>Les favelas ont longtemps cristallis\u00e9 les peurs des touristes s\u00e9journant \u00e0 Rio de Janeiro. Aujourd\u2019hui attractives, une v\u00e9ritable pratique touristique s\u2019est institu\u00e9e dans certaines d\u2019entre elles. Bien que toujours consid\u00e9r\u00e9s par ses acteurs comme une activit\u00e9 \u00ab hors des sentiers battus \u00bb, des favela-tours s\u2019organisent d\u00e9sormais quotidiennement.<\/p>\n<p><em>Les favela-tours<\/em> analyse ce qui sous-tend l\u2019\u00e9mergence d\u2019un tourisme dans les favelas, lieux d\u2019alt\u00e9rit\u00e9 et d\u2019authenticit\u00e9 pour des visiteurs qui viennent principalement d\u2019Europe de l\u2019Ouest et d\u2019Am\u00e9rique du Nord.<\/p>\n<p>\u00c0 partir d\u2019une enqu\u00eate men\u00e9e aupr\u00e8s des diff\u00e9rents acteurs de ces pratiques (guides, habitants, touristes), cet ouvrage s\u2019int\u00e9resse aux forces locales et globales dont la convergence explique l\u2019inscription de la favela dans le syst\u00e8me touristique occidental. Il expose ce que les favela-tours montrent du tourisme comme m\u00e9canisme de fabrique et d\u2019assimilation de l\u2019alt\u00e9rit\u00e9.<\/p>","protected":false},"excerpt":{"rendered":"<p>Les favelas ont longtemps cristallis\u00e9 les peurs des touristes s\u00e9journant \u00e0 Rio de Janeiro. Aujourd\u2019hui attractives, une v\u00e9ritable pratique touristique s\u2019est institu\u00e9e dans certaines d\u2019entre elles. Bien que toujours consid\u00e9r\u00e9s par ses acteurs comme une activit\u00e9 \u00ab hors des sentiers battus \u00bb, des favela-tours s\u2019organisent d\u00e9sormais quotidiennement. Les favela-tours analyse ce qui sous-tend l\u2019\u00e9mergence d\u2019un [&hellip;]<\/p>\n","protected":false},"featured_media":51261,"template":"","meta":{"_acf_changed":false,"_links_to":"","_links_to_target":""},"product_brand":[],"product_cat":[684],"product_tag":[],"class_list":{"0":"post-51255","1":"product","2":"type-product","3":"status-publish","4":"has-post-thumbnail","6":"product_cat-sciences-socit-et-nouvelles-technologies-188422468","8":"first","9":"instock","10":"shipping-taxable","11":"purchasable","12":"product-type-variable"},"acf":[],"yoast_head":"<!-- This site is optimized with the Yoast SEO plugin v27.2 - https:\/\/yoast.com\/product\/yoast-seo-wordpress\/ -->\n<title>Les favela-tours - ISTE Group<\/title>\n<meta name=\"description\" content=\"Les favela-tours analyse ce qui sous-tend l\u2019\u00e9mergence d\u2019un tourisme dans les favelas, lieux d\u2019alt\u00e9rit\u00e9 et d\u2019authenticit\u00e9 pour des visiteurs qui viennent principalement d\u2019Europe de l\u2019Ouest et d\u2019Am\u00e9rique du Nord.\" \/>\n<meta name=\"robots\" content=\"index, follow, max-snippet:-1, max-image-preview:large, max-video-preview:-1\" \/>\n<link rel=\"canonical\" href=\"https:\/\/www.istegroup.com\/fr\/produit\/les-favela-tours\/\" \/>\n<meta property=\"og:locale\" content=\"fr_FR\" \/>\n<meta property=\"og:type\" content=\"article\" \/>\n<meta property=\"og:title\" content=\"Les favela-tours - ISTE Group\" \/>\n<meta property=\"og:description\" content=\"Les favela-tours analyse ce qui sous-tend l\u2019\u00e9mergence d\u2019un tourisme dans les favelas, lieux d\u2019alt\u00e9rit\u00e9 et d\u2019authenticit\u00e9 pour des visiteurs qui viennent principalement d\u2019Europe de l\u2019Ouest et d\u2019Am\u00e9rique du Nord.\" \/>\n<meta property=\"og:url\" content=\"https:\/\/www.istegroup.com\/fr\/produit\/les-favela-tours\/\" \/>\n<meta property=\"og:site_name\" content=\"ISTE Group\" \/>\n<meta property=\"article:modified_time\" content=\"2024-01-03T13:47:33+00:00\" \/>\n<meta property=\"og:image\" content=\"https:\/\/www.istegroup.com\/wp-content\/uploads\/2023\/04\/Les-favela-tours.jpg\" \/>\n\t<meta property=\"og:image:width\" content=\"601\" \/>\n\t<meta property=\"og:image:height\" content=\"901\" \/>\n\t<meta property=\"og:image:type\" content=\"image\/jpeg\" \/>\n<meta name=\"twitter:card\" content=\"summary_large_image\" \/>\n<meta name=\"twitter:label1\" content=\"Est. reading time\" \/>\n\t<meta name=\"twitter:data1\" content=\"1 minute\" \/>\n<script type=\"application\/ld+json\" class=\"yoast-schema-graph\">{\"@context\":\"https:\/\/schema.org\",\"@graph\":[{\"@type\":\"WebPage\",\"@id\":\"https:\/\/www.istegroup.com\/fr\/produit\/les-favela-tours\/\",\"url\":\"https:\/\/www.istegroup.com\/fr\/produit\/les-favela-tours\/\",\"name\":\"Les favela-tours - ISTE Group\",\"isPartOf\":{\"@id\":\"https:\/\/www.istegroup.com\/#website\"},\"primaryImageOfPage\":{\"@id\":\"https:\/\/www.istegroup.com\/fr\/produit\/les-favela-tours\/#primaryimage\"},\"image\":{\"@id\":\"https:\/\/www.istegroup.com\/fr\/produit\/les-favela-tours\/#primaryimage\"},\"thumbnailUrl\":\"https:\/\/www.istegroup.com\/wp-content\/uploads\/2023\/04\/Les-favela-tours.jpg\",\"datePublished\":\"2023-04-11T14:44:08+00:00\",\"dateModified\":\"2024-01-03T13:47:33+00:00\",\"description\":\"Les favela-tours analyse ce qui sous-tend l\u2019\u00e9mergence d\u2019un tourisme dans les favelas, lieux d\u2019alt\u00e9rit\u00e9 et d\u2019authenticit\u00e9 pour des visiteurs qui viennent principalement d\u2019Europe de l\u2019Ouest et d\u2019Am\u00e9rique du Nord.\",\"breadcrumb\":{\"@id\":\"https:\/\/www.istegroup.com\/fr\/produit\/les-favela-tours\/#breadcrumb\"},\"inLanguage\":\"fr-FR\",\"potentialAction\":[{\"@type\":\"ReadAction\",\"target\":[\"https:\/\/www.istegroup.com\/fr\/produit\/les-favela-tours\/\"]}]},{\"@type\":\"ImageObject\",\"inLanguage\":\"fr-FR\",\"@id\":\"https:\/\/www.istegroup.com\/fr\/produit\/les-favela-tours\/#primaryimage\",\"url\":\"https:\/\/www.istegroup.com\/wp-content\/uploads\/2023\/04\/Les-favela-tours.jpg\",\"contentUrl\":\"https:\/\/www.istegroup.com\/wp-content\/uploads\/2023\/04\/Les-favela-tours.jpg\",\"width\":601,\"height\":901,\"caption\":\"Livre scientifique - Les favela-tours\"},{\"@type\":\"BreadcrumbList\",\"@id\":\"https:\/\/www.istegroup.com\/fr\/produit\/les-favela-tours\/#breadcrumb\",\"itemListElement\":[{\"@type\":\"ListItem\",\"position\":1,\"name\":\"Home\",\"item\":\"https:\/\/www.istegroup.com\/\"},{\"@type\":\"ListItem\",\"position\":2,\"name\":\"Shop\",\"item\":\"https:\/\/www.istegroup.com\/fr\/nouveautes\/\"},{\"@type\":\"ListItem\",\"position\":3,\"name\":\"Les favela-tours\"}]},{\"@type\":\"WebSite\",\"@id\":\"https:\/\/www.istegroup.com\/#website\",\"url\":\"https:\/\/www.istegroup.com\/\",\"name\":\"ISTE Group\",\"description\":\"\u00c9diteur des Sciences\",\"potentialAction\":[{\"@type\":\"SearchAction\",\"target\":{\"@type\":\"EntryPoint\",\"urlTemplate\":\"https:\/\/www.istegroup.com\/?s={search_term_string}\"},\"query-input\":{\"@type\":\"PropertyValueSpecification\",\"valueRequired\":true,\"valueName\":\"search_term_string\"}}],\"inLanguage\":\"fr-FR\"}]}<\/script>\n<!-- \/ Yoast SEO plugin. -->","yoast_head_json":{"title":"Les favela-tours - ISTE Group","description":"Les favela-tours analyse ce qui sous-tend l\u2019\u00e9mergence d\u2019un tourisme dans les favelas, lieux d\u2019alt\u00e9rit\u00e9 et d\u2019authenticit\u00e9 pour des visiteurs qui viennent principalement d\u2019Europe de l\u2019Ouest et d\u2019Am\u00e9rique du Nord.","robots":{"index":"index","follow":"follow","max-snippet":"max-snippet:-1","max-image-preview":"max-image-preview:large","max-video-preview":"max-video-preview:-1"},"canonical":"https:\/\/www.istegroup.com\/fr\/produit\/les-favela-tours\/","og_locale":"fr_FR","og_type":"article","og_title":"Les favela-tours - ISTE Group","og_description":"Les favela-tours analyse ce qui sous-tend l\u2019\u00e9mergence d\u2019un tourisme dans les favelas, lieux d\u2019alt\u00e9rit\u00e9 et d\u2019authenticit\u00e9 pour des visiteurs qui viennent principalement d\u2019Europe de l\u2019Ouest et d\u2019Am\u00e9rique du Nord.","og_url":"https:\/\/www.istegroup.com\/fr\/produit\/les-favela-tours\/","og_site_name":"ISTE Group","article_modified_time":"2024-01-03T13:47:33+00:00","og_image":[{"width":601,"height":901,"url":"https:\/\/www.istegroup.com\/wp-content\/uploads\/2023\/04\/Les-favela-tours.jpg","type":"image\/jpeg"}],"twitter_card":"summary_large_image","twitter_misc":{"Est. reading time":"1 minute"},"schema":{"@context":"https:\/\/schema.org","@graph":[{"@type":"WebPage","@id":"https:\/\/www.istegroup.com\/fr\/produit\/les-favela-tours\/","url":"https:\/\/www.istegroup.com\/fr\/produit\/les-favela-tours\/","name":"Les favela-tours - ISTE Group","isPartOf":{"@id":"https:\/\/www.istegroup.com\/#website"},"primaryImageOfPage":{"@id":"https:\/\/www.istegroup.com\/fr\/produit\/les-favela-tours\/#primaryimage"},"image":{"@id":"https:\/\/www.istegroup.com\/fr\/produit\/les-favela-tours\/#primaryimage"},"thumbnailUrl":"https:\/\/www.istegroup.com\/wp-content\/uploads\/2023\/04\/Les-favela-tours.jpg","datePublished":"2023-04-11T14:44:08+00:00","dateModified":"2024-01-03T13:47:33+00:00","description":"Les favela-tours analyse ce qui sous-tend l\u2019\u00e9mergence d\u2019un tourisme dans les favelas, lieux d\u2019alt\u00e9rit\u00e9 et d\u2019authenticit\u00e9 pour des visiteurs qui viennent principalement d\u2019Europe de l\u2019Ouest et d\u2019Am\u00e9rique du Nord.","breadcrumb":{"@id":"https:\/\/www.istegroup.com\/fr\/produit\/les-favela-tours\/#breadcrumb"},"inLanguage":"fr-FR","potentialAction":[{"@type":"ReadAction","target":["https:\/\/www.istegroup.com\/fr\/produit\/les-favela-tours\/"]}]},{"@type":"ImageObject","inLanguage":"fr-FR","@id":"https:\/\/www.istegroup.com\/fr\/produit\/les-favela-tours\/#primaryimage","url":"https:\/\/www.istegroup.com\/wp-content\/uploads\/2023\/04\/Les-favela-tours.jpg","contentUrl":"https:\/\/www.istegroup.com\/wp-content\/uploads\/2023\/04\/Les-favela-tours.jpg","width":601,"height":901,"caption":"Livre scientifique - Les favela-tours"},{"@type":"BreadcrumbList","@id":"https:\/\/www.istegroup.com\/fr\/produit\/les-favela-tours\/#breadcrumb","itemListElement":[{"@type":"ListItem","position":1,"name":"Home","item":"https:\/\/www.istegroup.com\/"},{"@type":"ListItem","position":2,"name":"Shop","item":"https:\/\/www.istegroup.com\/fr\/nouveautes\/"},{"@type":"ListItem","position":3,"name":"Les favela-tours"}]},{"@type":"WebSite","@id":"https:\/\/www.istegroup.com\/#website","url":"https:\/\/www.istegroup.com\/","name":"ISTE Group","description":"\u00c9diteur des Sciences","potentialAction":[{"@type":"SearchAction","target":{"@type":"EntryPoint","urlTemplate":"https:\/\/www.istegroup.com\/?s={search_term_string}"},"query-input":{"@type":"PropertyValueSpecification","valueRequired":true,"valueName":"search_term_string"}}],"inLanguage":"fr-FR"}]}},"_links":{"self":[{"href":"https:\/\/www.istegroup.com\/fr\/wp-json\/wp\/v2\/product\/51255","targetHints":{"allow":["GET"]}}],"collection":[{"href":"https:\/\/www.istegroup.com\/fr\/wp-json\/wp\/v2\/product"}],"about":[{"href":"https:\/\/www.istegroup.com\/fr\/wp-json\/wp\/v2\/types\/product"}],"wp:featuredmedia":[{"embeddable":true,"href":"https:\/\/www.istegroup.com\/fr\/wp-json\/wp\/v2\/media\/51261"}],"wp:attachment":[{"href":"https:\/\/www.istegroup.com\/fr\/wp-json\/wp\/v2\/media?parent=51255"}],"wp:term":[{"taxonomy":"product_brand","embeddable":true,"href":"https:\/\/www.istegroup.com\/fr\/wp-json\/wp\/v2\/product_brand?post=51255"},{"taxonomy":"product_cat","embeddable":true,"href":"https:\/\/www.istegroup.com\/fr\/wp-json\/wp\/v2\/product_cat?post=51255"},{"taxonomy":"product_tag","embeddable":true,"href":"https:\/\/www.istegroup.com\/fr\/wp-json\/wp\/v2\/product_tag?post=51255"}],"curies":[{"name":"wp","href":"https:\/\/api.w.org\/{rel}","templated":true}]}}