{"id":51242,"date":"2023-04-11T14:59:35","date_gmt":"2023-04-11T13:59:35","guid":{"rendered":"https:\/\/www.istegroup.com\/?post_type=product&#038;p=51242"},"modified":"2024-02-05T12:38:00","modified_gmt":"2024-02-05T12:38:00","slug":"reserves-de-biosphere-et-objectifs-de-developpement-durable-2","status":"publish","type":"product","link":"https:\/\/www.istegroup.com\/fr\/produit\/reserves-de-biosphere-et-objectifs-de-developpement-durable-2\/","title":{"rendered":"R\u00e9serves de biosph\u00e8re et objectifs<\/br> de d\u00e9veloppement durable 2"},"content":{"rendered":"<p>Depuis 1971, le programme de l&rsquo;Unesco intitul\u00e9 L&rsquo;Homme et la biosph\u00e8re (Man and the Biosphere) reprend \u00e0 son compte diff\u00e9rents principes d\u2019articulation entre sph\u00e8res politique, scientifique et acad\u00e9mique.<\/p>\n<p><em>R\u00e9serves de biosph\u00e8re et objectifs de d\u00e9veloppement durable 2<\/em> rappelle les enjeux fondamentaux li\u00e9s aux questions de gouvernance. La diversit\u00e9, la multiplicit\u00e9 des intervenants, la complexit\u00e9 des jeux d\u2019acteurs, mais aussi leur organisation sont ici d\u00e9terminantes pour la bonne gestion des ressources et des territoires. L\u2019ouvrage pr\u00e9sente \u00e9galement plusieurs \u00e9tudes de cas d\u00e9montrant qu\u2019entre les fortes aspirations au d\u00e9veloppement de leurs populations, l\u2019impact des activit\u00e9s humaines et les besoins de conserver leur patrimoine biologique, les r\u00e9serves de biosph\u00e8re du sud m\u00e9diterran\u00e9en font face \u00e0 des probl\u00e9matiques importantes : pollutions agricoles, incendies de for\u00eats, utilisation de l\u2019eau, dans un contexte de changement climatique, etc.<\/p>","protected":false},"excerpt":{"rendered":"<p>Depuis 1971, le programme de l&rsquo;Unesco intitul\u00e9 L&rsquo;Homme et la biosph\u00e8re (Man and the Biosphere) reprend \u00e0 son compte diff\u00e9rents principes d\u2019articulation entre sph\u00e8res politique, scientifique et acad\u00e9mique. R\u00e9serves de biosph\u00e8re et objectifs de d\u00e9veloppement durable 2 rappelle les enjeux fondamentaux li\u00e9s aux questions de gouvernance. La diversit\u00e9, la multiplicit\u00e9 des intervenants, la complexit\u00e9 des [&hellip;]<\/p>\n","protected":false},"featured_media":51245,"template":"","meta":{"_acf_changed":false,"_links_to":"","_links_to_target":""},"product_brand":[],"product_cat":[684],"product_tag":[],"class_list":{"0":"post-51242","1":"product","2":"type-product","3":"status-publish","4":"has-post-thumbnail","6":"product_cat-sciences-socit-et-nouvelles-technologies-188422468","8":"first","9":"instock","10":"shipping-taxable","11":"purchasable","12":"product-type-variable"},"acf":[],"yoast_head":"<!-- This site is optimized with the Yoast SEO plugin v27.2 - https:\/\/yoast.com\/product\/yoast-seo-wordpress\/ -->\n<title>R\u00e9serves de biosph\u00e8re et objectifs de d\u00e9veloppement durable 2 - ISTE Group<\/title>\n<meta name=\"robots\" content=\"index, follow, max-snippet:-1, max-image-preview:large, max-video-preview:-1\" \/>\n<link rel=\"canonical\" href=\"https:\/\/www.istegroup.com\/fr\/produit\/reserves-de-biosphere-et-objectifs-de-developpement-durable-2\/\" \/>\n<meta property=\"og:locale\" content=\"fr_FR\" \/>\n<meta property=\"og:type\" content=\"article\" \/>\n<meta property=\"og:title\" content=\"R\u00e9serves de biosph\u00e8re et objectifs de d\u00e9veloppement durable 2 - ISTE Group\" \/>\n<meta property=\"og:description\" content=\"Depuis 1971, le programme de l&rsquo;Unesco intitul\u00e9 L&rsquo;Homme et la biosph\u00e8re (Man and the Biosphere) reprend \u00e0 son compte diff\u00e9rents principes d\u2019articulation entre sph\u00e8res politique, scientifique et acad\u00e9mique. R\u00e9serves de biosph\u00e8re et objectifs de d\u00e9veloppement durable 2 rappelle les enjeux fondamentaux li\u00e9s aux questions de gouvernance. La diversit\u00e9, la multiplicit\u00e9 des intervenants, la complexit\u00e9 des [&hellip;]\" \/>\n<meta property=\"og:url\" content=\"https:\/\/www.istegroup.com\/fr\/produit\/reserves-de-biosphere-et-objectifs-de-developpement-durable-2\/\" \/>\n<meta property=\"og:site_name\" content=\"ISTE Group\" \/>\n<meta property=\"article:modified_time\" content=\"2024-02-05T12:38:00+00:00\" \/>\n<meta property=\"og:image\" content=\"https:\/\/www.istegroup.com\/wp-content\/uploads\/2023\/04\/Reserves-de-biosphere-et-objecifs-de-developpement-durable-2.jpg\" \/>\n\t<meta property=\"og:image:width\" content=\"598\" \/>\n\t<meta property=\"og:image:height\" content=\"903\" \/>\n\t<meta property=\"og:image:type\" content=\"image\/jpeg\" \/>\n<meta name=\"twitter:card\" content=\"summary_large_image\" \/>\n<meta name=\"twitter:label1\" content=\"Est. reading time\" \/>\n\t<meta name=\"twitter:data1\" content=\"2 minutes\" \/>\n<script type=\"application\/ld+json\" class=\"yoast-schema-graph\">{\"@context\":\"https:\/\/schema.org\",\"@graph\":[{\"@type\":\"WebPage\",\"@id\":\"https:\/\/www.istegroup.com\/fr\/produit\/reserves-de-biosphere-et-objectifs-de-developpement-durable-2\/\",\"url\":\"https:\/\/www.istegroup.com\/fr\/produit\/reserves-de-biosphere-et-objectifs-de-developpement-durable-2\/\",\"name\":\"R\u00e9serves de biosph\u00e8re et objectifs de d\u00e9veloppement durable 2 - ISTE Group\",\"isPartOf\":{\"@id\":\"https:\/\/www.istegroup.com\/#website\"},\"primaryImageOfPage\":{\"@id\":\"https:\/\/www.istegroup.com\/fr\/produit\/reserves-de-biosphere-et-objectifs-de-developpement-durable-2\/#primaryimage\"},\"image\":{\"@id\":\"https:\/\/www.istegroup.com\/fr\/produit\/reserves-de-biosphere-et-objectifs-de-developpement-durable-2\/#primaryimage\"},\"thumbnailUrl\":\"https:\/\/www.istegroup.com\/wp-content\/uploads\/2023\/04\/Reserves-de-biosphere-et-objecifs-de-developpement-durable-2.jpg\",\"datePublished\":\"2023-04-11T13:59:35+00:00\",\"dateModified\":\"2024-02-05T12:38:00+00:00\",\"breadcrumb\":{\"@id\":\"https:\/\/www.istegroup.com\/fr\/produit\/reserves-de-biosphere-et-objectifs-de-developpement-durable-2\/#breadcrumb\"},\"inLanguage\":\"fr-FR\",\"potentialAction\":[{\"@type\":\"ReadAction\",\"target\":[\"https:\/\/www.istegroup.com\/fr\/produit\/reserves-de-biosphere-et-objectifs-de-developpement-durable-2\/\"]}]},{\"@type\":\"ImageObject\",\"inLanguage\":\"fr-FR\",\"@id\":\"https:\/\/www.istegroup.com\/fr\/produit\/reserves-de-biosphere-et-objectifs-de-developpement-durable-2\/#primaryimage\",\"url\":\"https:\/\/www.istegroup.com\/wp-content\/uploads\/2023\/04\/Reserves-de-biosphere-et-objecifs-de-developpement-durable-2.jpg\",\"contentUrl\":\"https:\/\/www.istegroup.com\/wp-content\/uploads\/2023\/04\/Reserves-de-biosphere-et-objecifs-de-developpement-durable-2.jpg\",\"width\":598,\"height\":903,\"caption\":\"Livre scientifique - R\u00e9serves de biosph\u00e8re et objecifs de d\u00e9veloppement durable 2\"},{\"@type\":\"BreadcrumbList\",\"@id\":\"https:\/\/www.istegroup.com\/fr\/produit\/reserves-de-biosphere-et-objectifs-de-developpement-durable-2\/#breadcrumb\",\"itemListElement\":[{\"@type\":\"ListItem\",\"position\":1,\"name\":\"Home\",\"item\":\"https:\/\/www.istegroup.com\/\"},{\"@type\":\"ListItem\",\"position\":2,\"name\":\"Shop\",\"item\":\"https:\/\/www.istegroup.com\/fr\/nouveautes\/\"},{\"@type\":\"ListItem\",\"position\":3,\"name\":\"R\u00e9serves de biosph\u00e8re et objectifs de d\u00e9veloppement durable 2\"}]},{\"@type\":\"WebSite\",\"@id\":\"https:\/\/www.istegroup.com\/#website\",\"url\":\"https:\/\/www.istegroup.com\/\",\"name\":\"ISTE Group\",\"description\":\"\u00c9diteur des Sciences\",\"potentialAction\":[{\"@type\":\"SearchAction\",\"target\":{\"@type\":\"EntryPoint\",\"urlTemplate\":\"https:\/\/www.istegroup.com\/?s={search_term_string}\"},\"query-input\":{\"@type\":\"PropertyValueSpecification\",\"valueRequired\":true,\"valueName\":\"search_term_string\"}}],\"inLanguage\":\"fr-FR\"}]}<\/script>\n<!-- \/ Yoast SEO plugin. -->","yoast_head_json":{"title":"R\u00e9serves de biosph\u00e8re et objectifs de d\u00e9veloppement durable 2 - ISTE Group","robots":{"index":"index","follow":"follow","max-snippet":"max-snippet:-1","max-image-preview":"max-image-preview:large","max-video-preview":"max-video-preview:-1"},"canonical":"https:\/\/www.istegroup.com\/fr\/produit\/reserves-de-biosphere-et-objectifs-de-developpement-durable-2\/","og_locale":"fr_FR","og_type":"article","og_title":"R\u00e9serves de biosph\u00e8re et objectifs de d\u00e9veloppement durable 2 - ISTE Group","og_description":"Depuis 1971, le programme de l&rsquo;Unesco intitul\u00e9 L&rsquo;Homme et la biosph\u00e8re (Man and the Biosphere) reprend \u00e0 son compte diff\u00e9rents principes d\u2019articulation entre sph\u00e8res politique, scientifique et acad\u00e9mique. R\u00e9serves de biosph\u00e8re et objectifs de d\u00e9veloppement durable 2 rappelle les enjeux fondamentaux li\u00e9s aux questions de gouvernance. La diversit\u00e9, la multiplicit\u00e9 des intervenants, la complexit\u00e9 des [&hellip;]","og_url":"https:\/\/www.istegroup.com\/fr\/produit\/reserves-de-biosphere-et-objectifs-de-developpement-durable-2\/","og_site_name":"ISTE Group","article_modified_time":"2024-02-05T12:38:00+00:00","og_image":[{"width":598,"height":903,"url":"https:\/\/www.istegroup.com\/wp-content\/uploads\/2023\/04\/Reserves-de-biosphere-et-objecifs-de-developpement-durable-2.jpg","type":"image\/jpeg"}],"twitter_card":"summary_large_image","twitter_misc":{"Est. reading time":"2 minutes"},"schema":{"@context":"https:\/\/schema.org","@graph":[{"@type":"WebPage","@id":"https:\/\/www.istegroup.com\/fr\/produit\/reserves-de-biosphere-et-objectifs-de-developpement-durable-2\/","url":"https:\/\/www.istegroup.com\/fr\/produit\/reserves-de-biosphere-et-objectifs-de-developpement-durable-2\/","name":"R\u00e9serves de biosph\u00e8re et objectifs de d\u00e9veloppement durable 2 - ISTE Group","isPartOf":{"@id":"https:\/\/www.istegroup.com\/#website"},"primaryImageOfPage":{"@id":"https:\/\/www.istegroup.com\/fr\/produit\/reserves-de-biosphere-et-objectifs-de-developpement-durable-2\/#primaryimage"},"image":{"@id":"https:\/\/www.istegroup.com\/fr\/produit\/reserves-de-biosphere-et-objectifs-de-developpement-durable-2\/#primaryimage"},"thumbnailUrl":"https:\/\/www.istegroup.com\/wp-content\/uploads\/2023\/04\/Reserves-de-biosphere-et-objecifs-de-developpement-durable-2.jpg","datePublished":"2023-04-11T13:59:35+00:00","dateModified":"2024-02-05T12:38:00+00:00","breadcrumb":{"@id":"https:\/\/www.istegroup.com\/fr\/produit\/reserves-de-biosphere-et-objectifs-de-developpement-durable-2\/#breadcrumb"},"inLanguage":"fr-FR","potentialAction":[{"@type":"ReadAction","target":["https:\/\/www.istegroup.com\/fr\/produit\/reserves-de-biosphere-et-objectifs-de-developpement-durable-2\/"]}]},{"@type":"ImageObject","inLanguage":"fr-FR","@id":"https:\/\/www.istegroup.com\/fr\/produit\/reserves-de-biosphere-et-objectifs-de-developpement-durable-2\/#primaryimage","url":"https:\/\/www.istegroup.com\/wp-content\/uploads\/2023\/04\/Reserves-de-biosphere-et-objecifs-de-developpement-durable-2.jpg","contentUrl":"https:\/\/www.istegroup.com\/wp-content\/uploads\/2023\/04\/Reserves-de-biosphere-et-objecifs-de-developpement-durable-2.jpg","width":598,"height":903,"caption":"Livre scientifique - R\u00e9serves de biosph\u00e8re et objecifs de d\u00e9veloppement durable 2"},{"@type":"BreadcrumbList","@id":"https:\/\/www.istegroup.com\/fr\/produit\/reserves-de-biosphere-et-objectifs-de-developpement-durable-2\/#breadcrumb","itemListElement":[{"@type":"ListItem","position":1,"name":"Home","item":"https:\/\/www.istegroup.com\/"},{"@type":"ListItem","position":2,"name":"Shop","item":"https:\/\/www.istegroup.com\/fr\/nouveautes\/"},{"@type":"ListItem","position":3,"name":"R\u00e9serves de biosph\u00e8re et objectifs de d\u00e9veloppement durable 2"}]},{"@type":"WebSite","@id":"https:\/\/www.istegroup.com\/#website","url":"https:\/\/www.istegroup.com\/","name":"ISTE Group","description":"\u00c9diteur des Sciences","potentialAction":[{"@type":"SearchAction","target":{"@type":"EntryPoint","urlTemplate":"https:\/\/www.istegroup.com\/?s={search_term_string}"},"query-input":{"@type":"PropertyValueSpecification","valueRequired":true,"valueName":"search_term_string"}}],"inLanguage":"fr-FR"}]}},"_links":{"self":[{"href":"https:\/\/www.istegroup.com\/fr\/wp-json\/wp\/v2\/product\/51242","targetHints":{"allow":["GET"]}}],"collection":[{"href":"https:\/\/www.istegroup.com\/fr\/wp-json\/wp\/v2\/product"}],"about":[{"href":"https:\/\/www.istegroup.com\/fr\/wp-json\/wp\/v2\/types\/product"}],"wp:featuredmedia":[{"embeddable":true,"href":"https:\/\/www.istegroup.com\/fr\/wp-json\/wp\/v2\/media\/51245"}],"wp:attachment":[{"href":"https:\/\/www.istegroup.com\/fr\/wp-json\/wp\/v2\/media?parent=51242"}],"wp:term":[{"taxonomy":"product_brand","embeddable":true,"href":"https:\/\/www.istegroup.com\/fr\/wp-json\/wp\/v2\/product_brand?post=51242"},{"taxonomy":"product_cat","embeddable":true,"href":"https:\/\/www.istegroup.com\/fr\/wp-json\/wp\/v2\/product_cat?post=51242"},{"taxonomy":"product_tag","embeddable":true,"href":"https:\/\/www.istegroup.com\/fr\/wp-json\/wp\/v2\/product_tag?post=51242"}],"curies":[{"name":"wp","href":"https:\/\/api.w.org\/{rel}","templated":true}]}}