{"id":51221,"date":"2023-05-03T14:19:16","date_gmt":"2023-05-03T13:19:16","guid":{"rendered":"https:\/\/www.istegroup.com\/?post_type=product&#038;p=51221"},"modified":"2024-01-03T13:47:38","modified_gmt":"2024-01-03T13:47:38","slug":"commande-en-dynamique-des-systemes","status":"publish","type":"product","link":"https:\/\/www.istegroup.com\/fr\/produit\/commande-en-dynamique-des-systemes\/","title":{"rendered":"Commande en dynamique des syst\u00e8mes"},"content":{"rendered":"<p>Cet ouvrage, \u00e0 travers le prisme d\u2019une pr\u00e9sentation p\u00e9dagogique des fondamentaux, d\u00e9compose les grands principes en mati\u00e8re de sch\u00e9ma de commande et de dynamique.<\/p>\n<p>La boucle de commande est largement d\u00e9velopp\u00e9e en raison de la r\u00e9f\u00e9rence qu\u2019elle constitue en commande. En \u00e9tablissant la boucle de commande \u00e9quivalente \u00e0 toute autre commande, il devient possible, \u00e0 travers son r\u00e9gulateur, d\u2019\u00e9valuer qualitativement la strat\u00e9gie de commande : une analyse comparative montre alors que la complexification du sch\u00e9ma de commande ne s\u2019accompagne pas forc\u00e9ment d\u2019une meilleure strat\u00e9gie de commande et donc de meilleures performances. La robustesse apportant une d\u00e9sensibilisation de performances, la commande CRONE est pr\u00e9sent\u00e9e en raison du faible nombre de param\u00e8tres \u00e0 optimiser.<\/p>\n<p><em>Commande en dynamique des syst\u00e8mes<\/em> s\u2019adresse \u00e0 un public tr\u00e8s large d\u2019ing\u00e9nieurs, chercheurs, enseignants ou \u00e9tudiants soucieux de clarifier leur vision de la commande en automatique. Le caract\u00e8re p\u00e9dagogique de l\u2019ouvrage est renforc\u00e9 par de nombreux probl\u00e8mes r\u00e9solus qui d\u00e9veloppent des exemples de synth\u00e8se de diff\u00e9rentes commandes.<\/p>","protected":false},"excerpt":{"rendered":"<p>Cet ouvrage, \u00e0 travers le prisme d\u2019une pr\u00e9sentation p\u00e9dagogique des fondamentaux, d\u00e9compose les grands principes en mati\u00e8re de sch\u00e9ma de commande et de dynamique. La boucle de commande est largement d\u00e9velopp\u00e9e en raison de la r\u00e9f\u00e9rence qu\u2019elle constitue en commande. En \u00e9tablissant la boucle de commande \u00e9quivalente \u00e0 toute autre commande, il devient possible, \u00e0 [&hellip;]<\/p>\n","protected":false},"featured_media":51229,"template":"","meta":{"_acf_changed":false,"_links_to":"","_links_to_target":""},"product_brand":[],"product_cat":[708],"product_tag":[],"class_list":{"0":"post-51221","1":"product","2":"type-product","3":"status-publish","4":"has-post-thumbnail","6":"product_cat-systmes-et-gnie-industriel-11476925","8":"first","9":"instock","10":"shipping-taxable","11":"purchasable","12":"product-type-variable"},"acf":[],"yoast_head":"<!-- This site is optimized with the Yoast SEO plugin v27.2 - https:\/\/yoast.com\/product\/yoast-seo-wordpress\/ -->\n<title>Commande en dynamique des syst\u00e8mes - ISTE Group<\/title>\n<meta name=\"description\" content=\"Cet ouvrage, \u00e0 travers le prisme d\u2019une pr\u00e9sentation p\u00e9dagogique des fondamentaux, d\u00e9compose les grands principes en mati\u00e8re de sch\u00e9ma de commande et de dynamique.\" \/>\n<meta name=\"robots\" content=\"index, follow, max-snippet:-1, max-image-preview:large, max-video-preview:-1\" \/>\n<link rel=\"canonical\" href=\"https:\/\/www.istegroup.com\/fr\/produit\/commande-en-dynamique-des-systemes\/\" \/>\n<meta property=\"og:locale\" content=\"fr_FR\" \/>\n<meta property=\"og:type\" content=\"article\" \/>\n<meta property=\"og:title\" content=\"Commande en dynamique des syst\u00e8mes - ISTE Group\" \/>\n<meta property=\"og:description\" content=\"Cet ouvrage, \u00e0 travers le prisme d\u2019une pr\u00e9sentation p\u00e9dagogique des fondamentaux, d\u00e9compose les grands principes en mati\u00e8re de sch\u00e9ma de commande et de dynamique.\" \/>\n<meta property=\"og:url\" content=\"https:\/\/www.istegroup.com\/fr\/produit\/commande-en-dynamique-des-systemes\/\" \/>\n<meta property=\"og:site_name\" content=\"ISTE Group\" \/>\n<meta property=\"article:modified_time\" content=\"2024-01-03T13:47:38+00:00\" \/>\n<meta property=\"og:image\" content=\"https:\/\/www.istegroup.com\/wp-content\/uploads\/2023\/04\/Commande-en-dynamique-des-systemes.jpg\" \/>\n\t<meta property=\"og:image:width\" content=\"250\" \/>\n\t<meta property=\"og:image:height\" content=\"373\" \/>\n\t<meta property=\"og:image:type\" content=\"image\/jpeg\" \/>\n<meta name=\"twitter:card\" content=\"summary_large_image\" \/>\n<meta name=\"twitter:label1\" content=\"Est. reading time\" \/>\n\t<meta name=\"twitter:data1\" content=\"1 minute\" \/>\n<script type=\"application\/ld+json\" class=\"yoast-schema-graph\">{\"@context\":\"https:\/\/schema.org\",\"@graph\":[{\"@type\":\"WebPage\",\"@id\":\"https:\/\/www.istegroup.com\/fr\/produit\/commande-en-dynamique-des-systemes\/\",\"url\":\"https:\/\/www.istegroup.com\/fr\/produit\/commande-en-dynamique-des-systemes\/\",\"name\":\"Commande en dynamique des syst\u00e8mes - ISTE Group\",\"isPartOf\":{\"@id\":\"https:\/\/www.istegroup.com\/#website\"},\"primaryImageOfPage\":{\"@id\":\"https:\/\/www.istegroup.com\/fr\/produit\/commande-en-dynamique-des-systemes\/#primaryimage\"},\"image\":{\"@id\":\"https:\/\/www.istegroup.com\/fr\/produit\/commande-en-dynamique-des-systemes\/#primaryimage\"},\"thumbnailUrl\":\"https:\/\/www.istegroup.com\/wp-content\/uploads\/2023\/04\/Commande-en-dynamique-des-systemes.jpg\",\"datePublished\":\"2023-05-03T13:19:16+00:00\",\"dateModified\":\"2024-01-03T13:47:38+00:00\",\"description\":\"Cet ouvrage, \u00e0 travers le prisme d\u2019une pr\u00e9sentation p\u00e9dagogique des fondamentaux, d\u00e9compose les grands principes en mati\u00e8re de sch\u00e9ma de commande et de dynamique.\",\"breadcrumb\":{\"@id\":\"https:\/\/www.istegroup.com\/fr\/produit\/commande-en-dynamique-des-systemes\/#breadcrumb\"},\"inLanguage\":\"fr-FR\",\"potentialAction\":[{\"@type\":\"ReadAction\",\"target\":[\"https:\/\/www.istegroup.com\/fr\/produit\/commande-en-dynamique-des-systemes\/\"]}]},{\"@type\":\"ImageObject\",\"inLanguage\":\"fr-FR\",\"@id\":\"https:\/\/www.istegroup.com\/fr\/produit\/commande-en-dynamique-des-systemes\/#primaryimage\",\"url\":\"https:\/\/www.istegroup.com\/wp-content\/uploads\/2023\/04\/Commande-en-dynamique-des-systemes.jpg\",\"contentUrl\":\"https:\/\/www.istegroup.com\/wp-content\/uploads\/2023\/04\/Commande-en-dynamique-des-systemes.jpg\",\"width\":250,\"height\":373,\"caption\":\"Livre scientifique - Commande en dynamique des syst\u00e8mes\"},{\"@type\":\"BreadcrumbList\",\"@id\":\"https:\/\/www.istegroup.com\/fr\/produit\/commande-en-dynamique-des-systemes\/#breadcrumb\",\"itemListElement\":[{\"@type\":\"ListItem\",\"position\":1,\"name\":\"Home\",\"item\":\"https:\/\/www.istegroup.com\/\"},{\"@type\":\"ListItem\",\"position\":2,\"name\":\"Shop\",\"item\":\"https:\/\/www.istegroup.com\/fr\/nouveautes\/\"},{\"@type\":\"ListItem\",\"position\":3,\"name\":\"Commande en dynamique des syst\u00e8mes\"}]},{\"@type\":\"WebSite\",\"@id\":\"https:\/\/www.istegroup.com\/#website\",\"url\":\"https:\/\/www.istegroup.com\/\",\"name\":\"ISTE Group\",\"description\":\"\u00c9diteur des Sciences\",\"potentialAction\":[{\"@type\":\"SearchAction\",\"target\":{\"@type\":\"EntryPoint\",\"urlTemplate\":\"https:\/\/www.istegroup.com\/?s={search_term_string}\"},\"query-input\":{\"@type\":\"PropertyValueSpecification\",\"valueRequired\":true,\"valueName\":\"search_term_string\"}}],\"inLanguage\":\"fr-FR\"}]}<\/script>\n<!-- \/ Yoast SEO plugin. -->","yoast_head_json":{"title":"Commande en dynamique des syst\u00e8mes - ISTE Group","description":"Cet ouvrage, \u00e0 travers le prisme d\u2019une pr\u00e9sentation p\u00e9dagogique des fondamentaux, d\u00e9compose les grands principes en mati\u00e8re de sch\u00e9ma de commande et de dynamique.","robots":{"index":"index","follow":"follow","max-snippet":"max-snippet:-1","max-image-preview":"max-image-preview:large","max-video-preview":"max-video-preview:-1"},"canonical":"https:\/\/www.istegroup.com\/fr\/produit\/commande-en-dynamique-des-systemes\/","og_locale":"fr_FR","og_type":"article","og_title":"Commande en dynamique des syst\u00e8mes - ISTE Group","og_description":"Cet ouvrage, \u00e0 travers le prisme d\u2019une pr\u00e9sentation p\u00e9dagogique des fondamentaux, d\u00e9compose les grands principes en mati\u00e8re de sch\u00e9ma de commande et de dynamique.","og_url":"https:\/\/www.istegroup.com\/fr\/produit\/commande-en-dynamique-des-systemes\/","og_site_name":"ISTE Group","article_modified_time":"2024-01-03T13:47:38+00:00","og_image":[{"width":250,"height":373,"url":"https:\/\/www.istegroup.com\/wp-content\/uploads\/2023\/04\/Commande-en-dynamique-des-systemes.jpg","type":"image\/jpeg"}],"twitter_card":"summary_large_image","twitter_misc":{"Est. reading time":"1 minute"},"schema":{"@context":"https:\/\/schema.org","@graph":[{"@type":"WebPage","@id":"https:\/\/www.istegroup.com\/fr\/produit\/commande-en-dynamique-des-systemes\/","url":"https:\/\/www.istegroup.com\/fr\/produit\/commande-en-dynamique-des-systemes\/","name":"Commande en dynamique des syst\u00e8mes - ISTE Group","isPartOf":{"@id":"https:\/\/www.istegroup.com\/#website"},"primaryImageOfPage":{"@id":"https:\/\/www.istegroup.com\/fr\/produit\/commande-en-dynamique-des-systemes\/#primaryimage"},"image":{"@id":"https:\/\/www.istegroup.com\/fr\/produit\/commande-en-dynamique-des-systemes\/#primaryimage"},"thumbnailUrl":"https:\/\/www.istegroup.com\/wp-content\/uploads\/2023\/04\/Commande-en-dynamique-des-systemes.jpg","datePublished":"2023-05-03T13:19:16+00:00","dateModified":"2024-01-03T13:47:38+00:00","description":"Cet ouvrage, \u00e0 travers le prisme d\u2019une pr\u00e9sentation p\u00e9dagogique des fondamentaux, d\u00e9compose les grands principes en mati\u00e8re de sch\u00e9ma de commande et de dynamique.","breadcrumb":{"@id":"https:\/\/www.istegroup.com\/fr\/produit\/commande-en-dynamique-des-systemes\/#breadcrumb"},"inLanguage":"fr-FR","potentialAction":[{"@type":"ReadAction","target":["https:\/\/www.istegroup.com\/fr\/produit\/commande-en-dynamique-des-systemes\/"]}]},{"@type":"ImageObject","inLanguage":"fr-FR","@id":"https:\/\/www.istegroup.com\/fr\/produit\/commande-en-dynamique-des-systemes\/#primaryimage","url":"https:\/\/www.istegroup.com\/wp-content\/uploads\/2023\/04\/Commande-en-dynamique-des-systemes.jpg","contentUrl":"https:\/\/www.istegroup.com\/wp-content\/uploads\/2023\/04\/Commande-en-dynamique-des-systemes.jpg","width":250,"height":373,"caption":"Livre scientifique - Commande en dynamique des syst\u00e8mes"},{"@type":"BreadcrumbList","@id":"https:\/\/www.istegroup.com\/fr\/produit\/commande-en-dynamique-des-systemes\/#breadcrumb","itemListElement":[{"@type":"ListItem","position":1,"name":"Home","item":"https:\/\/www.istegroup.com\/"},{"@type":"ListItem","position":2,"name":"Shop","item":"https:\/\/www.istegroup.com\/fr\/nouveautes\/"},{"@type":"ListItem","position":3,"name":"Commande en dynamique des syst\u00e8mes"}]},{"@type":"WebSite","@id":"https:\/\/www.istegroup.com\/#website","url":"https:\/\/www.istegroup.com\/","name":"ISTE Group","description":"\u00c9diteur des Sciences","potentialAction":[{"@type":"SearchAction","target":{"@type":"EntryPoint","urlTemplate":"https:\/\/www.istegroup.com\/?s={search_term_string}"},"query-input":{"@type":"PropertyValueSpecification","valueRequired":true,"valueName":"search_term_string"}}],"inLanguage":"fr-FR"}]}},"_links":{"self":[{"href":"https:\/\/www.istegroup.com\/fr\/wp-json\/wp\/v2\/product\/51221","targetHints":{"allow":["GET"]}}],"collection":[{"href":"https:\/\/www.istegroup.com\/fr\/wp-json\/wp\/v2\/product"}],"about":[{"href":"https:\/\/www.istegroup.com\/fr\/wp-json\/wp\/v2\/types\/product"}],"wp:featuredmedia":[{"embeddable":true,"href":"https:\/\/www.istegroup.com\/fr\/wp-json\/wp\/v2\/media\/51229"}],"wp:attachment":[{"href":"https:\/\/www.istegroup.com\/fr\/wp-json\/wp\/v2\/media?parent=51221"}],"wp:term":[{"taxonomy":"product_brand","embeddable":true,"href":"https:\/\/www.istegroup.com\/fr\/wp-json\/wp\/v2\/product_brand?post=51221"},{"taxonomy":"product_cat","embeddable":true,"href":"https:\/\/www.istegroup.com\/fr\/wp-json\/wp\/v2\/product_cat?post=51221"},{"taxonomy":"product_tag","embeddable":true,"href":"https:\/\/www.istegroup.com\/fr\/wp-json\/wp\/v2\/product_tag?post=51221"}],"curies":[{"name":"wp","href":"https:\/\/api.w.org\/{rel}","templated":true}]}}