{"id":50937,"date":"2025-07-16T17:00:17","date_gmt":"2025-07-16T16:00:17","guid":{"rendered":"https:\/\/www.istegroup.com\/?post_type=product&#038;p=50937"},"modified":"2025-07-25T11:35:47","modified_gmt":"2025-07-25T10:35:47","slug":"micro-nano-generateurs-thermoelectriques-2","status":"publish","type":"product","link":"https:\/\/www.istegroup.com\/fr\/produit\/micro-nano-generateurs-thermoelectriques-2\/","title":{"rendered":"Micro-nano g\u00e9n\u00e9rateurs thermo\u00e9lectriques 2"},"content":{"rendered":"<p><em>Micro-nano g\u00e9n\u00e9rateurs thermo\u00e9lectriques 2<\/em> poursuit l\u2019exploration d\u2019une technologie cl\u00e9 au service de l\u2019Internet des objets, un r\u00e9seau essentiel \u00e0 la communication, \u00e0 l\u2019\u00e9change de donn\u00e9es et \u00e0 l\u2019intelligence embarqu\u00e9e. Que se passerait-il si ce r\u00e9seau devenait soudainement indisponible \u00e0 cause d\u2019une panne ou d\u2019une p\u00e9nurie d\u2019\u00e9nergie ? Les g\u00e9n\u00e9rateurs thermo\u00e9lectriques, capables de convertir la chaleur ambiante en \u00e9lectricit\u00e9, offrent une solution prometteuse pour garantir l\u2019autonomie \u00e9nerg\u00e9tique des dispositifs connect\u00e9s.<\/p>\n<p>Ce volume analyse les d\u00e9fis et perspectives li\u00e9s au d\u00e9veloppement de cette technologie. Il traite en profondeur de la fiabilit\u00e9 et de la durabilit\u00e9 des mat\u00e9riaux et dispositifs thermo\u00e9lectriques, des effets de la microstructure sur les propri\u00e9t\u00e9s \u00e9lectroniques des mat\u00e9riaux complexes, et des nanofils thermo\u00e9lectriques. Il explore \u00e9galement l\u2019impact du dopage chimique ou du magn\u00e9tisme, la g\u00e9n\u00e9ration thermo\u00e9lectrique via l\u2019effet Nernst anormal, ainsi que l\u2019ing\u00e9nierie des phonons. L\u2019ouvrage fait le point sur l\u2019\u00e9tat actuel des connaissances, les technologies \u00e9mergentes, les siliciures de m\u00e9taux de transition, et dresse un panorama des applications pass\u00e9es, pr\u00e9sentes et \u00e0 venir de la thermo\u00e9lectricit\u00e9.<\/p>\n","protected":false},"excerpt":{"rendered":"<p>Micro-nano g\u00e9n\u00e9rateurs thermo\u00e9lectriques 2 poursuit l\u2019exploration d\u2019une technologie cl\u00e9 au service de l\u2019Internet des objets, un r\u00e9seau essentiel \u00e0 la communication, \u00e0 l\u2019\u00e9change de donn\u00e9es et \u00e0 l\u2019intelligence embarqu\u00e9e. Que se passerait-il si ce r\u00e9seau devenait soudainement indisponible \u00e0 cause d\u2019une panne ou d\u2019une p\u00e9nurie d\u2019\u00e9nergie ? Les g\u00e9n\u00e9rateurs thermo\u00e9lectriques, capables de convertir la chaleur [&hellip;]<\/p>\n","protected":false},"featured_media":60970,"template":"","meta":{"_acf_changed":false,"_links_to":"","_links_to_target":""},"product_brand":[],"product_cat":[4289],"product_tag":[],"class_list":{"0":"post-50937","1":"product","2":"type-product","3":"status-publish","4":"has-post-thumbnail","6":"product_cat-sciences","8":"first","9":"instock","10":"shipping-taxable","11":"purchasable","12":"product-type-variable"},"acf":[],"yoast_head":"<!-- This site is optimized with the Yoast SEO plugin v27.2 - https:\/\/yoast.com\/product\/yoast-seo-wordpress\/ -->\n<title>Micro-nano g\u00e9n\u00e9rateurs thermo\u00e9lectriques 2 - ISTE Group<\/title>\n<meta name=\"description\" content=\"Micro-nano g\u00e9n\u00e9rateurs thermo\u00e9lectriques 2 poursuit l\u2019exploration d\u2019une technologie cl\u00e9 au service de l\u2019Internet des objets, un r\u00e9seau essentiel \u00e0 la communication, \u00e0 l\u2019\u00e9change de donn\u00e9es et \u00e0 l\u2019intelligence embarqu\u00e9e.\" \/>\n<meta name=\"robots\" content=\"index, follow, max-snippet:-1, max-image-preview:large, max-video-preview:-1\" \/>\n<link rel=\"canonical\" href=\"https:\/\/www.istegroup.com\/produit\/micro-nano-generateurs-thermoelectriques-2\/\" \/>\n<meta property=\"og:locale\" content=\"fr_FR\" \/>\n<meta property=\"og:type\" content=\"article\" \/>\n<meta property=\"og:title\" content=\"Micro-nano g\u00e9n\u00e9rateurs thermo\u00e9lectriques 2 - ISTE Group\" \/>\n<meta property=\"og:description\" content=\"Micro-nano g\u00e9n\u00e9rateurs thermo\u00e9lectriques 2 poursuit l\u2019exploration d\u2019une technologie cl\u00e9 au service de l\u2019Internet des objets, un r\u00e9seau essentiel \u00e0 la communication, \u00e0 l\u2019\u00e9change de donn\u00e9es et \u00e0 l\u2019intelligence embarqu\u00e9e.\" \/>\n<meta property=\"og:url\" content=\"https:\/\/www.istegroup.com\/produit\/micro-nano-generateurs-thermoelectriques-2\/\" \/>\n<meta property=\"og:site_name\" content=\"ISTE Group\" \/>\n<meta property=\"article:modified_time\" content=\"2025-07-25T10:35:47+00:00\" \/>\n<meta property=\"og:image\" content=\"https:\/\/www.istegroup.com\/wp-content\/uploads\/2019\/11\/Micro-nano-generateurs-thermoelectriques-2.jpeg\" \/>\n\t<meta property=\"og:image:width\" content=\"300\" \/>\n\t<meta property=\"og:image:height\" content=\"450\" \/>\n\t<meta property=\"og:image:type\" content=\"image\/jpeg\" \/>\n<meta name=\"twitter:card\" content=\"summary_large_image\" \/>\n<meta name=\"twitter:label1\" content=\"Est. reading time\" \/>\n\t<meta name=\"twitter:data1\" content=\"2 minutes\" \/>\n<script type=\"application\/ld+json\" class=\"yoast-schema-graph\">{\"@context\":\"https:\/\/schema.org\",\"@graph\":[{\"@type\":\"WebPage\",\"@id\":\"https:\/\/www.istegroup.com\/produit\/micro-nano-generateurs-thermoelectriques-2\/\",\"url\":\"https:\/\/www.istegroup.com\/produit\/micro-nano-generateurs-thermoelectriques-2\/\",\"name\":\"Micro-nano g\u00e9n\u00e9rateurs thermo\u00e9lectriques 2 - ISTE Group\",\"isPartOf\":{\"@id\":\"https:\/\/www.istegroup.com\/#website\"},\"primaryImageOfPage\":{\"@id\":\"https:\/\/www.istegroup.com\/produit\/micro-nano-generateurs-thermoelectriques-2\/#primaryimage\"},\"image\":{\"@id\":\"https:\/\/www.istegroup.com\/produit\/micro-nano-generateurs-thermoelectriques-2\/#primaryimage\"},\"thumbnailUrl\":\"https:\/\/www.istegroup.com\/wp-content\/uploads\/2019\/11\/Micro-nano-generateurs-thermoelectriques-2.jpeg\",\"datePublished\":\"2025-07-16T16:00:17+00:00\",\"dateModified\":\"2025-07-25T10:35:47+00:00\",\"description\":\"Micro-nano g\u00e9n\u00e9rateurs thermo\u00e9lectriques 2 poursuit l\u2019exploration d\u2019une technologie cl\u00e9 au service de l\u2019Internet des objets, un r\u00e9seau essentiel \u00e0 la communication, \u00e0 l\u2019\u00e9change de donn\u00e9es et \u00e0 l\u2019intelligence embarqu\u00e9e.\",\"breadcrumb\":{\"@id\":\"https:\/\/www.istegroup.com\/produit\/micro-nano-generateurs-thermoelectriques-2\/#breadcrumb\"},\"inLanguage\":\"fr-FR\",\"potentialAction\":[{\"@type\":\"ReadAction\",\"target\":[\"https:\/\/www.istegroup.com\/produit\/micro-nano-generateurs-thermoelectriques-2\/\"]}]},{\"@type\":\"ImageObject\",\"inLanguage\":\"fr-FR\",\"@id\":\"https:\/\/www.istegroup.com\/produit\/micro-nano-generateurs-thermoelectriques-2\/#primaryimage\",\"url\":\"https:\/\/www.istegroup.com\/wp-content\/uploads\/2019\/11\/Micro-nano-generateurs-thermoelectriques-2.jpeg\",\"contentUrl\":\"https:\/\/www.istegroup.com\/wp-content\/uploads\/2019\/11\/Micro-nano-generateurs-thermoelectriques-2.jpeg\",\"width\":300,\"height\":450},{\"@type\":\"BreadcrumbList\",\"@id\":\"https:\/\/www.istegroup.com\/produit\/micro-nano-generateurs-thermoelectriques-2\/#breadcrumb\",\"itemListElement\":[{\"@type\":\"ListItem\",\"position\":1,\"name\":\"Home\",\"item\":\"https:\/\/www.istegroup.com\/\"},{\"@type\":\"ListItem\",\"position\":2,\"name\":\"Shop\",\"item\":\"https:\/\/www.istegroup.com\/fr\/nouveautes\/\"},{\"@type\":\"ListItem\",\"position\":3,\"name\":\"Micro-nano g\u00e9n\u00e9rateurs thermo\u00e9lectriques 2\"}]},{\"@type\":\"WebSite\",\"@id\":\"https:\/\/www.istegroup.com\/#website\",\"url\":\"https:\/\/www.istegroup.com\/\",\"name\":\"ISTE Group\",\"description\":\"\u00c9diteur des Sciences\",\"potentialAction\":[{\"@type\":\"SearchAction\",\"target\":{\"@type\":\"EntryPoint\",\"urlTemplate\":\"https:\/\/www.istegroup.com\/?s={search_term_string}\"},\"query-input\":{\"@type\":\"PropertyValueSpecification\",\"valueRequired\":true,\"valueName\":\"search_term_string\"}}],\"inLanguage\":\"fr-FR\"}]}<\/script>\n<!-- \/ Yoast SEO plugin. -->","yoast_head_json":{"title":"Micro-nano g\u00e9n\u00e9rateurs thermo\u00e9lectriques 2 - ISTE Group","description":"Micro-nano g\u00e9n\u00e9rateurs thermo\u00e9lectriques 2 poursuit l\u2019exploration d\u2019une technologie cl\u00e9 au service de l\u2019Internet des objets, un r\u00e9seau essentiel \u00e0 la communication, \u00e0 l\u2019\u00e9change de donn\u00e9es et \u00e0 l\u2019intelligence embarqu\u00e9e.","robots":{"index":"index","follow":"follow","max-snippet":"max-snippet:-1","max-image-preview":"max-image-preview:large","max-video-preview":"max-video-preview:-1"},"canonical":"https:\/\/www.istegroup.com\/produit\/micro-nano-generateurs-thermoelectriques-2\/","og_locale":"fr_FR","og_type":"article","og_title":"Micro-nano g\u00e9n\u00e9rateurs thermo\u00e9lectriques 2 - ISTE Group","og_description":"Micro-nano g\u00e9n\u00e9rateurs thermo\u00e9lectriques 2 poursuit l\u2019exploration d\u2019une technologie cl\u00e9 au service de l\u2019Internet des objets, un r\u00e9seau essentiel \u00e0 la communication, \u00e0 l\u2019\u00e9change de donn\u00e9es et \u00e0 l\u2019intelligence embarqu\u00e9e.","og_url":"https:\/\/www.istegroup.com\/produit\/micro-nano-generateurs-thermoelectriques-2\/","og_site_name":"ISTE Group","article_modified_time":"2025-07-25T10:35:47+00:00","og_image":[{"width":300,"height":450,"url":"https:\/\/www.istegroup.com\/wp-content\/uploads\/2019\/11\/Micro-nano-generateurs-thermoelectriques-2.jpeg","type":"image\/jpeg"}],"twitter_card":"summary_large_image","twitter_misc":{"Est. reading time":"2 minutes"},"schema":{"@context":"https:\/\/schema.org","@graph":[{"@type":"WebPage","@id":"https:\/\/www.istegroup.com\/produit\/micro-nano-generateurs-thermoelectriques-2\/","url":"https:\/\/www.istegroup.com\/produit\/micro-nano-generateurs-thermoelectriques-2\/","name":"Micro-nano g\u00e9n\u00e9rateurs thermo\u00e9lectriques 2 - ISTE Group","isPartOf":{"@id":"https:\/\/www.istegroup.com\/#website"},"primaryImageOfPage":{"@id":"https:\/\/www.istegroup.com\/produit\/micro-nano-generateurs-thermoelectriques-2\/#primaryimage"},"image":{"@id":"https:\/\/www.istegroup.com\/produit\/micro-nano-generateurs-thermoelectriques-2\/#primaryimage"},"thumbnailUrl":"https:\/\/www.istegroup.com\/wp-content\/uploads\/2019\/11\/Micro-nano-generateurs-thermoelectriques-2.jpeg","datePublished":"2025-07-16T16:00:17+00:00","dateModified":"2025-07-25T10:35:47+00:00","description":"Micro-nano g\u00e9n\u00e9rateurs thermo\u00e9lectriques 2 poursuit l\u2019exploration d\u2019une technologie cl\u00e9 au service de l\u2019Internet des objets, un r\u00e9seau essentiel \u00e0 la communication, \u00e0 l\u2019\u00e9change de donn\u00e9es et \u00e0 l\u2019intelligence embarqu\u00e9e.","breadcrumb":{"@id":"https:\/\/www.istegroup.com\/produit\/micro-nano-generateurs-thermoelectriques-2\/#breadcrumb"},"inLanguage":"fr-FR","potentialAction":[{"@type":"ReadAction","target":["https:\/\/www.istegroup.com\/produit\/micro-nano-generateurs-thermoelectriques-2\/"]}]},{"@type":"ImageObject","inLanguage":"fr-FR","@id":"https:\/\/www.istegroup.com\/produit\/micro-nano-generateurs-thermoelectriques-2\/#primaryimage","url":"https:\/\/www.istegroup.com\/wp-content\/uploads\/2019\/11\/Micro-nano-generateurs-thermoelectriques-2.jpeg","contentUrl":"https:\/\/www.istegroup.com\/wp-content\/uploads\/2019\/11\/Micro-nano-generateurs-thermoelectriques-2.jpeg","width":300,"height":450},{"@type":"BreadcrumbList","@id":"https:\/\/www.istegroup.com\/produit\/micro-nano-generateurs-thermoelectriques-2\/#breadcrumb","itemListElement":[{"@type":"ListItem","position":1,"name":"Home","item":"https:\/\/www.istegroup.com\/"},{"@type":"ListItem","position":2,"name":"Shop","item":"https:\/\/www.istegroup.com\/fr\/nouveautes\/"},{"@type":"ListItem","position":3,"name":"Micro-nano g\u00e9n\u00e9rateurs thermo\u00e9lectriques 2"}]},{"@type":"WebSite","@id":"https:\/\/www.istegroup.com\/#website","url":"https:\/\/www.istegroup.com\/","name":"ISTE Group","description":"\u00c9diteur des Sciences","potentialAction":[{"@type":"SearchAction","target":{"@type":"EntryPoint","urlTemplate":"https:\/\/www.istegroup.com\/?s={search_term_string}"},"query-input":{"@type":"PropertyValueSpecification","valueRequired":true,"valueName":"search_term_string"}}],"inLanguage":"fr-FR"}]}},"_links":{"self":[{"href":"https:\/\/www.istegroup.com\/fr\/wp-json\/wp\/v2\/product\/50937","targetHints":{"allow":["GET"]}}],"collection":[{"href":"https:\/\/www.istegroup.com\/fr\/wp-json\/wp\/v2\/product"}],"about":[{"href":"https:\/\/www.istegroup.com\/fr\/wp-json\/wp\/v2\/types\/product"}],"wp:featuredmedia":[{"embeddable":true,"href":"https:\/\/www.istegroup.com\/fr\/wp-json\/wp\/v2\/media\/60970"}],"wp:attachment":[{"href":"https:\/\/www.istegroup.com\/fr\/wp-json\/wp\/v2\/media?parent=50937"}],"wp:term":[{"taxonomy":"product_brand","embeddable":true,"href":"https:\/\/www.istegroup.com\/fr\/wp-json\/wp\/v2\/product_brand?post=50937"},{"taxonomy":"product_cat","embeddable":true,"href":"https:\/\/www.istegroup.com\/fr\/wp-json\/wp\/v2\/product_cat?post=50937"},{"taxonomy":"product_tag","embeddable":true,"href":"https:\/\/www.istegroup.com\/fr\/wp-json\/wp\/v2\/product_tag?post=50937"}],"curies":[{"name":"wp","href":"https:\/\/api.w.org\/{rel}","templated":true}]}}