{"id":50920,"date":"2025-05-28T09:54:56","date_gmt":"2025-05-28T08:54:56","guid":{"rendered":"https:\/\/www.istegroup.com\/?post_type=product&#038;p=50920"},"modified":"2025-07-30T13:48:52","modified_gmt":"2025-07-30T12:48:52","slug":"stockage-de-lhydrogene","status":"publish","type":"product","link":"https:\/\/www.istegroup.com\/fr\/produit\/stockage-de-lhydrogene\/","title":{"rendered":"Stockage de l&rsquo;hydrog\u00e8ne"},"content":{"rendered":"<p>Le stockage de l\u2019hydrog\u00e8ne occupe une place centrale dans la cha\u00eene de valeur de l\u2019hydrog\u00e8ne-\u00e9nergie. Des m\u00e9thodes efficaces, \u00e9conomes et s\u00fbres sont indispensables pour augmenter la densit\u00e9 volumique de ce gaz et permettre le d\u00e9ploiement de cette fili\u00e8re.<\/p>\n<p>Cet ouvrage analyse les diff\u00e9rents modes de stockage de l\u2019hydrog\u00e8ne, que ce soit \u00e0 l\u2019\u00e9tat gazeux dans des r\u00e9servoirs ou des structures g\u00e9ologiques pressuris\u00e9es, \u00e0 l\u2019\u00e9tat liquide par formation d\u2019ammoniac ou de liquides organiques porteurs d\u2019hydrog\u00e8ne, ou encore \u00e0 l\u2019\u00e9tat solide, dans des compos\u00e9s inorganiques contenant de l\u2019hydrog\u00e8ne, tels que les hydrures m\u00e9talliques et les hydrures r\u00e9g\u00e9n\u00e9rables, ou par adsorption sur des mat\u00e9riaux poreux.<\/p>\n<p>Pour chaque m\u00e9thode, les concepts sont pr\u00e9sent\u00e9s selon les proc\u00e9d\u00e9s utilis\u00e9s ou les mat\u00e9riaux de stockage mis en jeu. Leurs avantages et inconv\u00e9nients, ainsi que les principaux verrous et d\u00e9fis \u00e0 surmonter, sont analys\u00e9s.<\/p>\n<p><em>Stockage de l&rsquo;hydrog\u00e8ne<\/em> propose une vue d&rsquo;ensemble des diff\u00e9rentes solutions de stockage actuellement disponibles et aide les op\u00e9rateurs \u00e0 choisir la m\u00e9thode la plus appropri\u00e9e pour une application donn\u00e9e.<\/p>\n","protected":false},"excerpt":{"rendered":"<p>Le stockage de l\u2019hydrog\u00e8ne occupe une place centrale dans la cha\u00eene de valeur de l\u2019hydrog\u00e8ne-\u00e9nergie. Des m\u00e9thodes efficaces, \u00e9conomes et s\u00fbres sont indispensables pour augmenter la densit\u00e9 volumique de ce gaz et permettre le d\u00e9ploiement de cette fili\u00e8re. Cet ouvrage analyse les diff\u00e9rents modes de stockage de l\u2019hydrog\u00e8ne, que ce soit \u00e0 l\u2019\u00e9tat gazeux dans [&hellip;]<\/p>\n","protected":false},"featured_media":60403,"template":"","meta":{"_acf_changed":false,"_links_to":"","_links_to_target":""},"product_brand":[],"product_cat":[4289],"product_tag":[],"class_list":{"0":"post-50920","1":"product","2":"type-product","3":"status-publish","4":"has-post-thumbnail","6":"product_cat-sciences","8":"first","9":"instock","10":"shipping-taxable","11":"purchasable","12":"product-type-variable"},"acf":[],"yoast_head":"<!-- This site is optimized with the Yoast SEO plugin v27.2 - https:\/\/yoast.com\/product\/yoast-seo-wordpress\/ -->\n<title>Stockage de l&#039;hydrog\u00e8ne - ISTE Group<\/title>\n<meta name=\"description\" content=\"Le stockage de l\u2019hydrog\u00e8ne occupe une place centrale dans la cha\u00eene de valeur de l\u2019hydrog\u00e8ne-\u00e9nergie.\" \/>\n<meta name=\"robots\" content=\"index, follow, max-snippet:-1, max-image-preview:large, max-video-preview:-1\" \/>\n<link rel=\"canonical\" href=\"https:\/\/www.istegroup.com\/produit\/stockage-de-lhydrogene\/\" \/>\n<meta property=\"og:locale\" content=\"fr_FR\" \/>\n<meta property=\"og:type\" content=\"article\" \/>\n<meta property=\"og:title\" content=\"Stockage de l&#039;hydrog\u00e8ne - ISTE Group\" \/>\n<meta property=\"og:description\" content=\"Le stockage de l\u2019hydrog\u00e8ne occupe une place centrale dans la cha\u00eene de valeur de l\u2019hydrog\u00e8ne-\u00e9nergie.\" \/>\n<meta property=\"og:url\" content=\"https:\/\/www.istegroup.com\/produit\/stockage-de-lhydrogene\/\" \/>\n<meta property=\"og:site_name\" content=\"ISTE Group\" \/>\n<meta property=\"article:modified_time\" content=\"2025-07-30T12:48:52+00:00\" \/>\n<meta property=\"og:image\" content=\"https:\/\/www.istegroup.com\/wp-content\/uploads\/2019\/03\/Stockage-de-lhydrogene.jpg\" \/>\n\t<meta property=\"og:image:width\" content=\"300\" \/>\n\t<meta property=\"og:image:height\" content=\"450\" \/>\n\t<meta property=\"og:image:type\" content=\"image\/jpeg\" \/>\n<meta name=\"twitter:card\" content=\"summary_large_image\" \/>\n<meta name=\"twitter:label1\" content=\"Est. reading time\" \/>\n\t<meta name=\"twitter:data1\" content=\"2 minutes\" \/>\n<script type=\"application\/ld+json\" class=\"yoast-schema-graph\">{\"@context\":\"https:\/\/schema.org\",\"@graph\":[{\"@type\":\"WebPage\",\"@id\":\"https:\/\/www.istegroup.com\/produit\/stockage-de-lhydrogene\/\",\"url\":\"https:\/\/www.istegroup.com\/produit\/stockage-de-lhydrogene\/\",\"name\":\"Stockage de l'hydrog\u00e8ne - ISTE Group\",\"isPartOf\":{\"@id\":\"https:\/\/www.istegroup.com\/#website\"},\"primaryImageOfPage\":{\"@id\":\"https:\/\/www.istegroup.com\/produit\/stockage-de-lhydrogene\/#primaryimage\"},\"image\":{\"@id\":\"https:\/\/www.istegroup.com\/produit\/stockage-de-lhydrogene\/#primaryimage\"},\"thumbnailUrl\":\"https:\/\/www.istegroup.com\/wp-content\/uploads\/2019\/03\/Stockage-de-lhydrogene.jpg\",\"datePublished\":\"2025-05-28T08:54:56+00:00\",\"dateModified\":\"2025-07-30T12:48:52+00:00\",\"description\":\"Le stockage de l\u2019hydrog\u00e8ne occupe une place centrale dans la cha\u00eene de valeur de l\u2019hydrog\u00e8ne-\u00e9nergie.\",\"breadcrumb\":{\"@id\":\"https:\/\/www.istegroup.com\/produit\/stockage-de-lhydrogene\/#breadcrumb\"},\"inLanguage\":\"fr-FR\",\"potentialAction\":[{\"@type\":\"ReadAction\",\"target\":[\"https:\/\/www.istegroup.com\/produit\/stockage-de-lhydrogene\/\"]}]},{\"@type\":\"ImageObject\",\"inLanguage\":\"fr-FR\",\"@id\":\"https:\/\/www.istegroup.com\/produit\/stockage-de-lhydrogene\/#primaryimage\",\"url\":\"https:\/\/www.istegroup.com\/wp-content\/uploads\/2019\/03\/Stockage-de-lhydrogene.jpg\",\"contentUrl\":\"https:\/\/www.istegroup.com\/wp-content\/uploads\/2019\/03\/Stockage-de-lhydrogene.jpg\",\"width\":300,\"height\":450},{\"@type\":\"BreadcrumbList\",\"@id\":\"https:\/\/www.istegroup.com\/produit\/stockage-de-lhydrogene\/#breadcrumb\",\"itemListElement\":[{\"@type\":\"ListItem\",\"position\":1,\"name\":\"Home\",\"item\":\"https:\/\/www.istegroup.com\/\"},{\"@type\":\"ListItem\",\"position\":2,\"name\":\"Shop\",\"item\":\"https:\/\/www.istegroup.com\/fr\/nouveautes\/\"},{\"@type\":\"ListItem\",\"position\":3,\"name\":\"Stockage de l&rsquo;hydrog\u00e8ne\"}]},{\"@type\":\"WebSite\",\"@id\":\"https:\/\/www.istegroup.com\/#website\",\"url\":\"https:\/\/www.istegroup.com\/\",\"name\":\"ISTE Group\",\"description\":\"\u00c9diteur des Sciences\",\"potentialAction\":[{\"@type\":\"SearchAction\",\"target\":{\"@type\":\"EntryPoint\",\"urlTemplate\":\"https:\/\/www.istegroup.com\/?s={search_term_string}\"},\"query-input\":{\"@type\":\"PropertyValueSpecification\",\"valueRequired\":true,\"valueName\":\"search_term_string\"}}],\"inLanguage\":\"fr-FR\"}]}<\/script>\n<!-- \/ Yoast SEO plugin. -->","yoast_head_json":{"title":"Stockage de l'hydrog\u00e8ne - ISTE Group","description":"Le stockage de l\u2019hydrog\u00e8ne occupe une place centrale dans la cha\u00eene de valeur de l\u2019hydrog\u00e8ne-\u00e9nergie.","robots":{"index":"index","follow":"follow","max-snippet":"max-snippet:-1","max-image-preview":"max-image-preview:large","max-video-preview":"max-video-preview:-1"},"canonical":"https:\/\/www.istegroup.com\/produit\/stockage-de-lhydrogene\/","og_locale":"fr_FR","og_type":"article","og_title":"Stockage de l'hydrog\u00e8ne - ISTE Group","og_description":"Le stockage de l\u2019hydrog\u00e8ne occupe une place centrale dans la cha\u00eene de valeur de l\u2019hydrog\u00e8ne-\u00e9nergie.","og_url":"https:\/\/www.istegroup.com\/produit\/stockage-de-lhydrogene\/","og_site_name":"ISTE Group","article_modified_time":"2025-07-30T12:48:52+00:00","og_image":[{"width":300,"height":450,"url":"https:\/\/www.istegroup.com\/wp-content\/uploads\/2019\/03\/Stockage-de-lhydrogene.jpg","type":"image\/jpeg"}],"twitter_card":"summary_large_image","twitter_misc":{"Est. reading time":"2 minutes"},"schema":{"@context":"https:\/\/schema.org","@graph":[{"@type":"WebPage","@id":"https:\/\/www.istegroup.com\/produit\/stockage-de-lhydrogene\/","url":"https:\/\/www.istegroup.com\/produit\/stockage-de-lhydrogene\/","name":"Stockage de l'hydrog\u00e8ne - ISTE Group","isPartOf":{"@id":"https:\/\/www.istegroup.com\/#website"},"primaryImageOfPage":{"@id":"https:\/\/www.istegroup.com\/produit\/stockage-de-lhydrogene\/#primaryimage"},"image":{"@id":"https:\/\/www.istegroup.com\/produit\/stockage-de-lhydrogene\/#primaryimage"},"thumbnailUrl":"https:\/\/www.istegroup.com\/wp-content\/uploads\/2019\/03\/Stockage-de-lhydrogene.jpg","datePublished":"2025-05-28T08:54:56+00:00","dateModified":"2025-07-30T12:48:52+00:00","description":"Le stockage de l\u2019hydrog\u00e8ne occupe une place centrale dans la cha\u00eene de valeur de l\u2019hydrog\u00e8ne-\u00e9nergie.","breadcrumb":{"@id":"https:\/\/www.istegroup.com\/produit\/stockage-de-lhydrogene\/#breadcrumb"},"inLanguage":"fr-FR","potentialAction":[{"@type":"ReadAction","target":["https:\/\/www.istegroup.com\/produit\/stockage-de-lhydrogene\/"]}]},{"@type":"ImageObject","inLanguage":"fr-FR","@id":"https:\/\/www.istegroup.com\/produit\/stockage-de-lhydrogene\/#primaryimage","url":"https:\/\/www.istegroup.com\/wp-content\/uploads\/2019\/03\/Stockage-de-lhydrogene.jpg","contentUrl":"https:\/\/www.istegroup.com\/wp-content\/uploads\/2019\/03\/Stockage-de-lhydrogene.jpg","width":300,"height":450},{"@type":"BreadcrumbList","@id":"https:\/\/www.istegroup.com\/produit\/stockage-de-lhydrogene\/#breadcrumb","itemListElement":[{"@type":"ListItem","position":1,"name":"Home","item":"https:\/\/www.istegroup.com\/"},{"@type":"ListItem","position":2,"name":"Shop","item":"https:\/\/www.istegroup.com\/fr\/nouveautes\/"},{"@type":"ListItem","position":3,"name":"Stockage de l&rsquo;hydrog\u00e8ne"}]},{"@type":"WebSite","@id":"https:\/\/www.istegroup.com\/#website","url":"https:\/\/www.istegroup.com\/","name":"ISTE Group","description":"\u00c9diteur des Sciences","potentialAction":[{"@type":"SearchAction","target":{"@type":"EntryPoint","urlTemplate":"https:\/\/www.istegroup.com\/?s={search_term_string}"},"query-input":{"@type":"PropertyValueSpecification","valueRequired":true,"valueName":"search_term_string"}}],"inLanguage":"fr-FR"}]}},"_links":{"self":[{"href":"https:\/\/www.istegroup.com\/fr\/wp-json\/wp\/v2\/product\/50920","targetHints":{"allow":["GET"]}}],"collection":[{"href":"https:\/\/www.istegroup.com\/fr\/wp-json\/wp\/v2\/product"}],"about":[{"href":"https:\/\/www.istegroup.com\/fr\/wp-json\/wp\/v2\/types\/product"}],"wp:featuredmedia":[{"embeddable":true,"href":"https:\/\/www.istegroup.com\/fr\/wp-json\/wp\/v2\/media\/60403"}],"wp:attachment":[{"href":"https:\/\/www.istegroup.com\/fr\/wp-json\/wp\/v2\/media?parent=50920"}],"wp:term":[{"taxonomy":"product_brand","embeddable":true,"href":"https:\/\/www.istegroup.com\/fr\/wp-json\/wp\/v2\/product_brand?post=50920"},{"taxonomy":"product_cat","embeddable":true,"href":"https:\/\/www.istegroup.com\/fr\/wp-json\/wp\/v2\/product_cat?post=50920"},{"taxonomy":"product_tag","embeddable":true,"href":"https:\/\/www.istegroup.com\/fr\/wp-json\/wp\/v2\/product_tag?post=50920"}],"curies":[{"name":"wp","href":"https:\/\/api.w.org\/{rel}","templated":true}]}}