{"id":50817,"date":"2024-02-13T13:20:04","date_gmt":"2024-02-13T13:20:04","guid":{"rendered":"https:\/\/www.istegroup.com\/?post_type=product&#038;p=50817"},"modified":"2025-01-03T11:02:09","modified_gmt":"2025-01-03T11:02:09","slug":"detection-de-changements-et-analyse-des-series-temporelles-dimages-2","status":"publish","type":"product","link":"https:\/\/www.istegroup.com\/fr\/produit\/detection-de-changements-et-analyse-des-series-temporelles-dimages-2\/","title":{"rendered":"D\u00e9tection de changements et analyse des s\u00e9ries temporelles d\u2019images 2"},"content":{"rendered":"<p>Cet ouvrage traite de l\u2019analyse des s\u00e9ries temporelles d\u2019images de t\u00e9l\u00e9d\u00e9tection par apprentissages statistique, automatique et\/ou profond.<\/p>\n<p><em>D\u00e9tection de changements et analyse des s\u00e9ries temporelles d\u2019images 2<\/em> pr\u00e9sente un \u00e9ventail de mod\u00e8les et de m\u00e9thodes supervis\u00e9es d\u2019analyse, d\u2019extraction d\u2019informations spatio-temporelles et de classification, \u00e0 partir de s\u00e9ries chronologiques d\u2019observations des \u00e9tats de la surface terrestre par t\u00e9l\u00e9d\u00e9tection spatiale. L\u2019ouvrage met en lumi\u00e8re des contributions sur la d\u00e9tection de changements multidates dans des donn\u00e9es mono- et multi-modales, sur les classes de transitions et d\u2019entit\u00e9s dynamiques, sur l\u2019analyse des tendances et des fluctuations spatio-temporellles, ou encore sur le suivi et l\u2019analyse pr\u00e9dictive d\u2019\u00e9volution.<\/p>\n<p>De nombreuses applications illustrent les \u00e9tudes sur l\u2019\u00e9volution de la surface terrestre (cartographie d\u2019exploitation des terres, analyse de l\u2019\u00e9tat des glaciers, dynamique urbaine, \u00e9valuation de la neige, etc.) et sur les risques naturels (\u00e9valuation des inondations, activit\u00e9s volcaniques, surveillance des avalanches, etc.). Les orientations futures sont \u00e9galement expos\u00e9es.<\/p>","protected":false},"excerpt":{"rendered":"<p>Cet ouvrage traite de l\u2019analyse des s\u00e9ries temporelles d\u2019images de t\u00e9l\u00e9d\u00e9tection par apprentissages statistique, automatique et\/ou profond. D\u00e9tection de changements et analyse des s\u00e9ries temporelles d\u2019images 2 pr\u00e9sente un \u00e9ventail de mod\u00e8les et de m\u00e9thodes supervis\u00e9es d\u2019analyse, d\u2019extraction d\u2019informations spatio-temporelles et de classification, \u00e0 partir de s\u00e9ries chronologiques d\u2019observations des \u00e9tats de la surface terrestre [&hellip;]<\/p>\n","protected":false},"featured_media":55682,"template":"","meta":{"_acf_changed":false,"_links_to":"","_links_to_target":""},"product_brand":[],"product_cat":[4289],"product_tag":[],"class_list":{"0":"post-50817","1":"product","2":"type-product","3":"status-publish","4":"has-post-thumbnail","6":"product_cat-sciences","8":"first","9":"instock","10":"shipping-taxable","11":"purchasable","12":"product-type-variable"},"acf":[],"yoast_head":"<!-- This site is optimized with the Yoast SEO plugin v27.2 - https:\/\/yoast.com\/product\/yoast-seo-wordpress\/ -->\n<title>D\u00e9tection de changements et analyse des s\u00e9ries temporelles d\u2019images 2 - ISTE Group<\/title>\n<meta name=\"description\" content=\"D\u00e9tection de changements et analyse des s\u00e9ries temporelles d\u2019images 2 pr\u00e9sente un \u00e9ventail de mod\u00e8les et de m\u00e9thodes supervis\u00e9es d\u2019analyse, d\u2019extraction d\u2019informations spatio-temporelles et de classification, \u00e0 partir de s\u00e9ries chronologiques d\u2019observations des \u00e9tats de la surface terrestre par t\u00e9l\u00e9d\u00e9tection spatiale.\" \/>\n<meta name=\"robots\" content=\"index, follow, max-snippet:-1, max-image-preview:large, max-video-preview:-1\" \/>\n<link rel=\"canonical\" href=\"https:\/\/www.istegroup.com\/en\/produit\/detection-de-changements-et-analyse-des-series-temporelles-dimages-2\/\" \/>\n<meta property=\"og:locale\" content=\"fr_FR\" \/>\n<meta property=\"og:type\" content=\"article\" \/>\n<meta property=\"og:title\" content=\"D\u00e9tection de changements et analyse des s\u00e9ries temporelles d\u2019images 2 - ISTE Group\" \/>\n<meta property=\"og:description\" content=\"D\u00e9tection de changements et analyse des s\u00e9ries temporelles d\u2019images 2 pr\u00e9sente un \u00e9ventail de mod\u00e8les et de m\u00e9thodes supervis\u00e9es d\u2019analyse, d\u2019extraction d\u2019informations spatio-temporelles et de classification, \u00e0 partir de s\u00e9ries chronologiques d\u2019observations des \u00e9tats de la surface terrestre par t\u00e9l\u00e9d\u00e9tection spatiale.\" \/>\n<meta property=\"og:url\" content=\"https:\/\/www.istegroup.com\/en\/produit\/detection-de-changements-et-analyse-des-series-temporelles-dimages-2\/\" \/>\n<meta property=\"og:site_name\" content=\"ISTE Group\" \/>\n<meta property=\"article:modified_time\" content=\"2025-01-03T11:02:09+00:00\" \/>\n<meta property=\"og:image\" content=\"https:\/\/www.istegroup.com\/wp-content\/uploads\/2022\/09\/Detection-de-changements-et-analyse-des-series-temporelles-dimages-2.jpeg\" \/>\n\t<meta property=\"og:image:width\" content=\"300\" \/>\n\t<meta property=\"og:image:height\" content=\"450\" \/>\n\t<meta property=\"og:image:type\" content=\"image\/jpeg\" \/>\n<meta name=\"twitter:card\" content=\"summary_large_image\" \/>\n<meta name=\"twitter:label1\" content=\"Est. reading time\" \/>\n\t<meta name=\"twitter:data1\" content=\"1 minute\" \/>\n<script type=\"application\/ld+json\" class=\"yoast-schema-graph\">{\"@context\":\"https:\/\/schema.org\",\"@graph\":[{\"@type\":\"WebPage\",\"@id\":\"https:\/\/www.istegroup.com\/en\/produit\/detection-de-changements-et-analyse-des-series-temporelles-dimages-2\/\",\"url\":\"https:\/\/www.istegroup.com\/en\/produit\/detection-de-changements-et-analyse-des-series-temporelles-dimages-2\/\",\"name\":\"D\u00e9tection de changements et analyse des s\u00e9ries temporelles d\u2019images 2 - ISTE Group\",\"isPartOf\":{\"@id\":\"https:\/\/www.istegroup.com\/#website\"},\"primaryImageOfPage\":{\"@id\":\"https:\/\/www.istegroup.com\/en\/produit\/detection-de-changements-et-analyse-des-series-temporelles-dimages-2\/#primaryimage\"},\"image\":{\"@id\":\"https:\/\/www.istegroup.com\/en\/produit\/detection-de-changements-et-analyse-des-series-temporelles-dimages-2\/#primaryimage\"},\"thumbnailUrl\":\"https:\/\/www.istegroup.com\/wp-content\/uploads\/2022\/09\/Detection-de-changements-et-analyse-des-series-temporelles-dimages-2.jpeg\",\"datePublished\":\"2024-02-13T13:20:04+00:00\",\"dateModified\":\"2025-01-03T11:02:09+00:00\",\"description\":\"D\u00e9tection de changements et analyse des s\u00e9ries temporelles d\u2019images 2 pr\u00e9sente un \u00e9ventail de mod\u00e8les et de m\u00e9thodes supervis\u00e9es d\u2019analyse, d\u2019extraction d\u2019informations spatio-temporelles et de classification, \u00e0 partir de s\u00e9ries chronologiques d\u2019observations des \u00e9tats de la surface terrestre par t\u00e9l\u00e9d\u00e9tection spatiale.\",\"breadcrumb\":{\"@id\":\"https:\/\/www.istegroup.com\/en\/produit\/detection-de-changements-et-analyse-des-series-temporelles-dimages-2\/#breadcrumb\"},\"inLanguage\":\"fr-FR\",\"potentialAction\":[{\"@type\":\"ReadAction\",\"target\":[\"https:\/\/www.istegroup.com\/en\/produit\/detection-de-changements-et-analyse-des-series-temporelles-dimages-2\/\"]}]},{\"@type\":\"ImageObject\",\"inLanguage\":\"fr-FR\",\"@id\":\"https:\/\/www.istegroup.com\/en\/produit\/detection-de-changements-et-analyse-des-series-temporelles-dimages-2\/#primaryimage\",\"url\":\"https:\/\/www.istegroup.com\/wp-content\/uploads\/2022\/09\/Detection-de-changements-et-analyse-des-series-temporelles-dimages-2.jpeg\",\"contentUrl\":\"https:\/\/www.istegroup.com\/wp-content\/uploads\/2022\/09\/Detection-de-changements-et-analyse-des-series-temporelles-dimages-2.jpeg\",\"width\":300,\"height\":450,\"caption\":\"Livre scientifique - D\u00e9tection de changements et analyse des s\u00e9ries temporelles d\u2019images 2\"},{\"@type\":\"BreadcrumbList\",\"@id\":\"https:\/\/www.istegroup.com\/en\/produit\/detection-de-changements-et-analyse-des-series-temporelles-dimages-2\/#breadcrumb\",\"itemListElement\":[{\"@type\":\"ListItem\",\"position\":1,\"name\":\"Home\",\"item\":\"https:\/\/www.istegroup.com\/\"},{\"@type\":\"ListItem\",\"position\":2,\"name\":\"Shop\",\"item\":\"https:\/\/www.istegroup.com\/fr\/nouveautes\/\"},{\"@type\":\"ListItem\",\"position\":3,\"name\":\"D\u00e9tection de changements et analyse des s\u00e9ries temporelles d\u2019images 2\"}]},{\"@type\":\"WebSite\",\"@id\":\"https:\/\/www.istegroup.com\/#website\",\"url\":\"https:\/\/www.istegroup.com\/\",\"name\":\"ISTE Group\",\"description\":\"\u00c9diteur des Sciences\",\"potentialAction\":[{\"@type\":\"SearchAction\",\"target\":{\"@type\":\"EntryPoint\",\"urlTemplate\":\"https:\/\/www.istegroup.com\/?s={search_term_string}\"},\"query-input\":{\"@type\":\"PropertyValueSpecification\",\"valueRequired\":true,\"valueName\":\"search_term_string\"}}],\"inLanguage\":\"fr-FR\"}]}<\/script>\n<!-- \/ Yoast SEO plugin. -->","yoast_head_json":{"title":"D\u00e9tection de changements et analyse des s\u00e9ries temporelles d\u2019images 2 - ISTE Group","description":"D\u00e9tection de changements et analyse des s\u00e9ries temporelles d\u2019images 2 pr\u00e9sente un \u00e9ventail de mod\u00e8les et de m\u00e9thodes supervis\u00e9es d\u2019analyse, d\u2019extraction d\u2019informations spatio-temporelles et de classification, \u00e0 partir de s\u00e9ries chronologiques d\u2019observations des \u00e9tats de la surface terrestre par t\u00e9l\u00e9d\u00e9tection spatiale.","robots":{"index":"index","follow":"follow","max-snippet":"max-snippet:-1","max-image-preview":"max-image-preview:large","max-video-preview":"max-video-preview:-1"},"canonical":"https:\/\/www.istegroup.com\/en\/produit\/detection-de-changements-et-analyse-des-series-temporelles-dimages-2\/","og_locale":"fr_FR","og_type":"article","og_title":"D\u00e9tection de changements et analyse des s\u00e9ries temporelles d\u2019images 2 - ISTE Group","og_description":"D\u00e9tection de changements et analyse des s\u00e9ries temporelles d\u2019images 2 pr\u00e9sente un \u00e9ventail de mod\u00e8les et de m\u00e9thodes supervis\u00e9es d\u2019analyse, d\u2019extraction d\u2019informations spatio-temporelles et de classification, \u00e0 partir de s\u00e9ries chronologiques d\u2019observations des \u00e9tats de la surface terrestre par t\u00e9l\u00e9d\u00e9tection spatiale.","og_url":"https:\/\/www.istegroup.com\/en\/produit\/detection-de-changements-et-analyse-des-series-temporelles-dimages-2\/","og_site_name":"ISTE Group","article_modified_time":"2025-01-03T11:02:09+00:00","og_image":[{"width":300,"height":450,"url":"https:\/\/www.istegroup.com\/wp-content\/uploads\/2022\/09\/Detection-de-changements-et-analyse-des-series-temporelles-dimages-2.jpeg","type":"image\/jpeg"}],"twitter_card":"summary_large_image","twitter_misc":{"Est. reading time":"1 minute"},"schema":{"@context":"https:\/\/schema.org","@graph":[{"@type":"WebPage","@id":"https:\/\/www.istegroup.com\/en\/produit\/detection-de-changements-et-analyse-des-series-temporelles-dimages-2\/","url":"https:\/\/www.istegroup.com\/en\/produit\/detection-de-changements-et-analyse-des-series-temporelles-dimages-2\/","name":"D\u00e9tection de changements et analyse des s\u00e9ries temporelles d\u2019images 2 - ISTE Group","isPartOf":{"@id":"https:\/\/www.istegroup.com\/#website"},"primaryImageOfPage":{"@id":"https:\/\/www.istegroup.com\/en\/produit\/detection-de-changements-et-analyse-des-series-temporelles-dimages-2\/#primaryimage"},"image":{"@id":"https:\/\/www.istegroup.com\/en\/produit\/detection-de-changements-et-analyse-des-series-temporelles-dimages-2\/#primaryimage"},"thumbnailUrl":"https:\/\/www.istegroup.com\/wp-content\/uploads\/2022\/09\/Detection-de-changements-et-analyse-des-series-temporelles-dimages-2.jpeg","datePublished":"2024-02-13T13:20:04+00:00","dateModified":"2025-01-03T11:02:09+00:00","description":"D\u00e9tection de changements et analyse des s\u00e9ries temporelles d\u2019images 2 pr\u00e9sente un \u00e9ventail de mod\u00e8les et de m\u00e9thodes supervis\u00e9es d\u2019analyse, d\u2019extraction d\u2019informations spatio-temporelles et de classification, \u00e0 partir de s\u00e9ries chronologiques d\u2019observations des \u00e9tats de la surface terrestre par t\u00e9l\u00e9d\u00e9tection spatiale.","breadcrumb":{"@id":"https:\/\/www.istegroup.com\/en\/produit\/detection-de-changements-et-analyse-des-series-temporelles-dimages-2\/#breadcrumb"},"inLanguage":"fr-FR","potentialAction":[{"@type":"ReadAction","target":["https:\/\/www.istegroup.com\/en\/produit\/detection-de-changements-et-analyse-des-series-temporelles-dimages-2\/"]}]},{"@type":"ImageObject","inLanguage":"fr-FR","@id":"https:\/\/www.istegroup.com\/en\/produit\/detection-de-changements-et-analyse-des-series-temporelles-dimages-2\/#primaryimage","url":"https:\/\/www.istegroup.com\/wp-content\/uploads\/2022\/09\/Detection-de-changements-et-analyse-des-series-temporelles-dimages-2.jpeg","contentUrl":"https:\/\/www.istegroup.com\/wp-content\/uploads\/2022\/09\/Detection-de-changements-et-analyse-des-series-temporelles-dimages-2.jpeg","width":300,"height":450,"caption":"Livre scientifique - D\u00e9tection de changements et analyse des s\u00e9ries temporelles d\u2019images 2"},{"@type":"BreadcrumbList","@id":"https:\/\/www.istegroup.com\/en\/produit\/detection-de-changements-et-analyse-des-series-temporelles-dimages-2\/#breadcrumb","itemListElement":[{"@type":"ListItem","position":1,"name":"Home","item":"https:\/\/www.istegroup.com\/"},{"@type":"ListItem","position":2,"name":"Shop","item":"https:\/\/www.istegroup.com\/fr\/nouveautes\/"},{"@type":"ListItem","position":3,"name":"D\u00e9tection de changements et analyse des s\u00e9ries temporelles d\u2019images 2"}]},{"@type":"WebSite","@id":"https:\/\/www.istegroup.com\/#website","url":"https:\/\/www.istegroup.com\/","name":"ISTE Group","description":"\u00c9diteur des Sciences","potentialAction":[{"@type":"SearchAction","target":{"@type":"EntryPoint","urlTemplate":"https:\/\/www.istegroup.com\/?s={search_term_string}"},"query-input":{"@type":"PropertyValueSpecification","valueRequired":true,"valueName":"search_term_string"}}],"inLanguage":"fr-FR"}]}},"_links":{"self":[{"href":"https:\/\/www.istegroup.com\/fr\/wp-json\/wp\/v2\/product\/50817","targetHints":{"allow":["GET"]}}],"collection":[{"href":"https:\/\/www.istegroup.com\/fr\/wp-json\/wp\/v2\/product"}],"about":[{"href":"https:\/\/www.istegroup.com\/fr\/wp-json\/wp\/v2\/types\/product"}],"wp:featuredmedia":[{"embeddable":true,"href":"https:\/\/www.istegroup.com\/fr\/wp-json\/wp\/v2\/media\/55682"}],"wp:attachment":[{"href":"https:\/\/www.istegroup.com\/fr\/wp-json\/wp\/v2\/media?parent=50817"}],"wp:term":[{"taxonomy":"product_brand","embeddable":true,"href":"https:\/\/www.istegroup.com\/fr\/wp-json\/wp\/v2\/product_brand?post=50817"},{"taxonomy":"product_cat","embeddable":true,"href":"https:\/\/www.istegroup.com\/fr\/wp-json\/wp\/v2\/product_cat?post=50817"},{"taxonomy":"product_tag","embeddable":true,"href":"https:\/\/www.istegroup.com\/fr\/wp-json\/wp\/v2\/product_tag?post=50817"}],"curies":[{"name":"wp","href":"https:\/\/api.w.org\/{rel}","templated":true}]}}