{"id":50767,"date":"2024-01-14T13:40:43","date_gmt":"2024-01-14T13:40:43","guid":{"rendered":"https:\/\/www.istegroup.com\/?post_type=product&#038;p=50767"},"modified":"2025-01-03T11:03:23","modified_gmt":"2025-01-03T11:03:23","slug":"les-instruments-de-la-conception-architecturale","status":"publish","type":"product","link":"https:\/\/www.istegroup.com\/fr\/produit\/les-instruments-de-la-conception-architecturale\/","title":{"rendered":"Les instruments de la conception architecturale"},"content":{"rendered":"<p>Les pratiques architecturales ont \u00e9t\u00e9 ind\u00e9niablement transform\u00e9es par l\u2019arriv\u00e9e des technologies num\u00e9riques. Celles-ci semblent n\u00e9anmoins toujours occuper une place ambigu\u00eb, voire probl\u00e9matique, au sein des processus de conception.<\/p>\n<p>Cet ouvrage sur les instruments de la conception architecturale ne consid\u00e8re pas ces derniers comme un simple moyen pour parvenir \u00e0 une fin autonome, pure, ou d\u00e9tach\u00e9e de toute technicit\u00e9. Au contraire, ces instruments, et leurs capacit\u00e9s structurantes, sont une des sources qui am\u00e8nent \u00e0 penser diff\u00e9remment les mani\u00e8res de concevoir de l\u2019architecte. C\u2019est au travers de l\u2019acte m\u00eame, dans l\u2019exp\u00e9rimentation avec les instruments, que leurs diff\u00e9rentes potentialit\u00e9s se d\u00e9ploient et se consolident. C\u2019est au travers de ces exp\u00e9rimentations r\u00e9p\u00e9t\u00e9es, r\u00e9vis\u00e9es et stabilis\u00e9es, que les pratiques parviennent \u00e0 se transformer, durablement. Il s\u2019agit l\u00e0 d\u2019un constat qui a pu \u00eatre rep\u00e9r\u00e9 dans les diff\u00e9rentes pratiques analys\u00e9es dans <em>Les instruments de la conception architecturale<\/em>.<\/p>","protected":false},"excerpt":{"rendered":"<p>Les pratiques architecturales ont \u00e9t\u00e9 ind\u00e9niablement transform\u00e9es par l\u2019arriv\u00e9e des technologies num\u00e9riques. Celles-ci semblent n\u00e9anmoins toujours occuper une place ambigu\u00eb, voire probl\u00e9matique, au sein des processus de conception. Cet ouvrage sur les instruments de la conception architecturale ne consid\u00e8re pas ces derniers comme un simple moyen pour parvenir \u00e0 une fin autonome, pure, ou d\u00e9tach\u00e9e [&hellip;]<\/p>\n","protected":false},"featured_media":55142,"template":"","meta":{"_acf_changed":false,"_links_to":"","_links_to_target":""},"product_brand":[],"product_cat":[4289],"product_tag":[],"class_list":{"0":"post-50767","1":"product","2":"type-product","3":"status-publish","4":"has-post-thumbnail","6":"product_cat-sciences","8":"first","9":"instock","10":"shipping-taxable","11":"purchasable","12":"product-type-variable"},"acf":[],"yoast_head":"<!-- This site is optimized with the Yoast SEO plugin v27.2 - https:\/\/yoast.com\/product\/yoast-seo-wordpress\/ -->\n<title>Les instruments de la conception architecturale - ISTE Group<\/title>\n<meta name=\"description\" content=\"Cet ouvrage sur les instruments de la conception architecturale ne consid\u00e8re pas ces derniers comme un simple moyen pour parvenir \u00e0 une fin autonome, pure, ou d\u00e9tach\u00e9e de toute technicit\u00e9.\" \/>\n<meta name=\"robots\" content=\"index, follow, max-snippet:-1, max-image-preview:large, max-video-preview:-1\" \/>\n<link rel=\"canonical\" href=\"https:\/\/www.istegroup.com\/fr\/produit\/les-instruments-de-la-conception-architecturale\/\" \/>\n<meta property=\"og:locale\" content=\"fr_FR\" \/>\n<meta property=\"og:type\" content=\"article\" \/>\n<meta property=\"og:title\" content=\"Les instruments de la conception architecturale - ISTE Group\" \/>\n<meta property=\"og:description\" content=\"Cet ouvrage sur les instruments de la conception architecturale ne consid\u00e8re pas ces derniers comme un simple moyen pour parvenir \u00e0 une fin autonome, pure, ou d\u00e9tach\u00e9e de toute technicit\u00e9.\" \/>\n<meta property=\"og:url\" content=\"https:\/\/www.istegroup.com\/fr\/produit\/les-instruments-de-la-conception-architecturale\/\" \/>\n<meta property=\"og:site_name\" content=\"ISTE Group\" \/>\n<meta property=\"article:modified_time\" content=\"2025-01-03T11:03:23+00:00\" \/>\n<meta property=\"og:image\" content=\"https:\/\/www.istegroup.com\/wp-content\/uploads\/2022\/03\/Les-instruments-de-la-conception-architecturale.jpeg\" \/>\n\t<meta property=\"og:image:width\" content=\"300\" \/>\n\t<meta property=\"og:image:height\" content=\"450\" \/>\n\t<meta property=\"og:image:type\" content=\"image\/jpeg\" \/>\n<meta name=\"twitter:card\" content=\"summary_large_image\" \/>\n<meta name=\"twitter:label1\" content=\"Est. reading time\" \/>\n\t<meta name=\"twitter:data1\" content=\"1 minute\" \/>\n<script type=\"application\/ld+json\" class=\"yoast-schema-graph\">{\"@context\":\"https:\/\/schema.org\",\"@graph\":[{\"@type\":\"WebPage\",\"@id\":\"https:\/\/www.istegroup.com\/fr\/produit\/les-instruments-de-la-conception-architecturale\/\",\"url\":\"https:\/\/www.istegroup.com\/fr\/produit\/les-instruments-de-la-conception-architecturale\/\",\"name\":\"Les instruments de la conception architecturale - ISTE Group\",\"isPartOf\":{\"@id\":\"https:\/\/www.istegroup.com\/#website\"},\"primaryImageOfPage\":{\"@id\":\"https:\/\/www.istegroup.com\/fr\/produit\/les-instruments-de-la-conception-architecturale\/#primaryimage\"},\"image\":{\"@id\":\"https:\/\/www.istegroup.com\/fr\/produit\/les-instruments-de-la-conception-architecturale\/#primaryimage\"},\"thumbnailUrl\":\"https:\/\/www.istegroup.com\/wp-content\/uploads\/2022\/03\/Les-instruments-de-la-conception-architecturale.jpeg\",\"datePublished\":\"2024-01-14T13:40:43+00:00\",\"dateModified\":\"2025-01-03T11:03:23+00:00\",\"description\":\"Cet ouvrage sur les instruments de la conception architecturale ne consid\u00e8re pas ces derniers comme un simple moyen pour parvenir \u00e0 une fin autonome, pure, ou d\u00e9tach\u00e9e de toute technicit\u00e9.\",\"breadcrumb\":{\"@id\":\"https:\/\/www.istegroup.com\/fr\/produit\/les-instruments-de-la-conception-architecturale\/#breadcrumb\"},\"inLanguage\":\"fr-FR\",\"potentialAction\":[{\"@type\":\"ReadAction\",\"target\":[\"https:\/\/www.istegroup.com\/fr\/produit\/les-instruments-de-la-conception-architecturale\/\"]}]},{\"@type\":\"ImageObject\",\"inLanguage\":\"fr-FR\",\"@id\":\"https:\/\/www.istegroup.com\/fr\/produit\/les-instruments-de-la-conception-architecturale\/#primaryimage\",\"url\":\"https:\/\/www.istegroup.com\/wp-content\/uploads\/2022\/03\/Les-instruments-de-la-conception-architecturale.jpeg\",\"contentUrl\":\"https:\/\/www.istegroup.com\/wp-content\/uploads\/2022\/03\/Les-instruments-de-la-conception-architecturale.jpeg\",\"width\":300,\"height\":450,\"caption\":\"Livre scientifique - Les instruments de la conception architecturale\"},{\"@type\":\"BreadcrumbList\",\"@id\":\"https:\/\/www.istegroup.com\/fr\/produit\/les-instruments-de-la-conception-architecturale\/#breadcrumb\",\"itemListElement\":[{\"@type\":\"ListItem\",\"position\":1,\"name\":\"Home\",\"item\":\"https:\/\/www.istegroup.com\/\"},{\"@type\":\"ListItem\",\"position\":2,\"name\":\"Shop\",\"item\":\"https:\/\/www.istegroup.com\/fr\/nouveautes\/\"},{\"@type\":\"ListItem\",\"position\":3,\"name\":\"Les instruments de la conception architecturale\"}]},{\"@type\":\"WebSite\",\"@id\":\"https:\/\/www.istegroup.com\/#website\",\"url\":\"https:\/\/www.istegroup.com\/\",\"name\":\"ISTE Group\",\"description\":\"\u00c9diteur des Sciences\",\"potentialAction\":[{\"@type\":\"SearchAction\",\"target\":{\"@type\":\"EntryPoint\",\"urlTemplate\":\"https:\/\/www.istegroup.com\/?s={search_term_string}\"},\"query-input\":{\"@type\":\"PropertyValueSpecification\",\"valueRequired\":true,\"valueName\":\"search_term_string\"}}],\"inLanguage\":\"fr-FR\"}]}<\/script>\n<!-- \/ Yoast SEO plugin. -->","yoast_head_json":{"title":"Les instruments de la conception architecturale - ISTE Group","description":"Cet ouvrage sur les instruments de la conception architecturale ne consid\u00e8re pas ces derniers comme un simple moyen pour parvenir \u00e0 une fin autonome, pure, ou d\u00e9tach\u00e9e de toute technicit\u00e9.","robots":{"index":"index","follow":"follow","max-snippet":"max-snippet:-1","max-image-preview":"max-image-preview:large","max-video-preview":"max-video-preview:-1"},"canonical":"https:\/\/www.istegroup.com\/fr\/produit\/les-instruments-de-la-conception-architecturale\/","og_locale":"fr_FR","og_type":"article","og_title":"Les instruments de la conception architecturale - ISTE Group","og_description":"Cet ouvrage sur les instruments de la conception architecturale ne consid\u00e8re pas ces derniers comme un simple moyen pour parvenir \u00e0 une fin autonome, pure, ou d\u00e9tach\u00e9e de toute technicit\u00e9.","og_url":"https:\/\/www.istegroup.com\/fr\/produit\/les-instruments-de-la-conception-architecturale\/","og_site_name":"ISTE Group","article_modified_time":"2025-01-03T11:03:23+00:00","og_image":[{"width":300,"height":450,"url":"https:\/\/www.istegroup.com\/wp-content\/uploads\/2022\/03\/Les-instruments-de-la-conception-architecturale.jpeg","type":"image\/jpeg"}],"twitter_card":"summary_large_image","twitter_misc":{"Est. reading time":"1 minute"},"schema":{"@context":"https:\/\/schema.org","@graph":[{"@type":"WebPage","@id":"https:\/\/www.istegroup.com\/fr\/produit\/les-instruments-de-la-conception-architecturale\/","url":"https:\/\/www.istegroup.com\/fr\/produit\/les-instruments-de-la-conception-architecturale\/","name":"Les instruments de la conception architecturale - ISTE Group","isPartOf":{"@id":"https:\/\/www.istegroup.com\/#website"},"primaryImageOfPage":{"@id":"https:\/\/www.istegroup.com\/fr\/produit\/les-instruments-de-la-conception-architecturale\/#primaryimage"},"image":{"@id":"https:\/\/www.istegroup.com\/fr\/produit\/les-instruments-de-la-conception-architecturale\/#primaryimage"},"thumbnailUrl":"https:\/\/www.istegroup.com\/wp-content\/uploads\/2022\/03\/Les-instruments-de-la-conception-architecturale.jpeg","datePublished":"2024-01-14T13:40:43+00:00","dateModified":"2025-01-03T11:03:23+00:00","description":"Cet ouvrage sur les instruments de la conception architecturale ne consid\u00e8re pas ces derniers comme un simple moyen pour parvenir \u00e0 une fin autonome, pure, ou d\u00e9tach\u00e9e de toute technicit\u00e9.","breadcrumb":{"@id":"https:\/\/www.istegroup.com\/fr\/produit\/les-instruments-de-la-conception-architecturale\/#breadcrumb"},"inLanguage":"fr-FR","potentialAction":[{"@type":"ReadAction","target":["https:\/\/www.istegroup.com\/fr\/produit\/les-instruments-de-la-conception-architecturale\/"]}]},{"@type":"ImageObject","inLanguage":"fr-FR","@id":"https:\/\/www.istegroup.com\/fr\/produit\/les-instruments-de-la-conception-architecturale\/#primaryimage","url":"https:\/\/www.istegroup.com\/wp-content\/uploads\/2022\/03\/Les-instruments-de-la-conception-architecturale.jpeg","contentUrl":"https:\/\/www.istegroup.com\/wp-content\/uploads\/2022\/03\/Les-instruments-de-la-conception-architecturale.jpeg","width":300,"height":450,"caption":"Livre scientifique - Les instruments de la conception architecturale"},{"@type":"BreadcrumbList","@id":"https:\/\/www.istegroup.com\/fr\/produit\/les-instruments-de-la-conception-architecturale\/#breadcrumb","itemListElement":[{"@type":"ListItem","position":1,"name":"Home","item":"https:\/\/www.istegroup.com\/"},{"@type":"ListItem","position":2,"name":"Shop","item":"https:\/\/www.istegroup.com\/fr\/nouveautes\/"},{"@type":"ListItem","position":3,"name":"Les instruments de la conception architecturale"}]},{"@type":"WebSite","@id":"https:\/\/www.istegroup.com\/#website","url":"https:\/\/www.istegroup.com\/","name":"ISTE Group","description":"\u00c9diteur des Sciences","potentialAction":[{"@type":"SearchAction","target":{"@type":"EntryPoint","urlTemplate":"https:\/\/www.istegroup.com\/?s={search_term_string}"},"query-input":{"@type":"PropertyValueSpecification","valueRequired":true,"valueName":"search_term_string"}}],"inLanguage":"fr-FR"}]}},"_links":{"self":[{"href":"https:\/\/www.istegroup.com\/fr\/wp-json\/wp\/v2\/product\/50767","targetHints":{"allow":["GET"]}}],"collection":[{"href":"https:\/\/www.istegroup.com\/fr\/wp-json\/wp\/v2\/product"}],"about":[{"href":"https:\/\/www.istegroup.com\/fr\/wp-json\/wp\/v2\/types\/product"}],"wp:featuredmedia":[{"embeddable":true,"href":"https:\/\/www.istegroup.com\/fr\/wp-json\/wp\/v2\/media\/55142"}],"wp:attachment":[{"href":"https:\/\/www.istegroup.com\/fr\/wp-json\/wp\/v2\/media?parent=50767"}],"wp:term":[{"taxonomy":"product_brand","embeddable":true,"href":"https:\/\/www.istegroup.com\/fr\/wp-json\/wp\/v2\/product_brand?post=50767"},{"taxonomy":"product_cat","embeddable":true,"href":"https:\/\/www.istegroup.com\/fr\/wp-json\/wp\/v2\/product_cat?post=50767"},{"taxonomy":"product_tag","embeddable":true,"href":"https:\/\/www.istegroup.com\/fr\/wp-json\/wp\/v2\/product_tag?post=50767"}],"curies":[{"name":"wp","href":"https:\/\/api.w.org\/{rel}","templated":true}]}}