{"id":50697,"date":"2023-03-21T14:29:36","date_gmt":"2023-03-21T14:29:36","guid":{"rendered":"https:\/\/www.istegroup.com\/?post_type=product&#038;p=50697"},"modified":"2024-02-05T13:57:23","modified_gmt":"2024-02-05T13:57:23","slug":"modelisation-numerique-en-electromagnetisme-basse-frequence-par-la-methode-des-elements-finis","status":"publish","type":"product","link":"https:\/\/www.istegroup.com\/fr\/produit\/modelisation-numerique-en-electromagnetisme-basse-frequence-par-la-methode-des-elements-finis\/","title":{"rendered":"Mod\u00e9lisation num\u00e9rique en \u00e9lectromagn\u00e9tisme basse fr\u00e9quence par la m\u00e9thode des \u00e9l\u00e9ments finis"},"content":{"rendered":"<p>La mod\u00e9lisation num\u00e9rique tient maintenant une place centrale dans la conception et l\u2019\u00e9tude des syst\u00e8mes \u00e9lectromagn\u00e9tiques. Dans le domaine des dispositifs fonctionnant en basse fr\u00e9quence, c\u2019est la m\u00e9thode des \u00e9l\u00e9ments finis qui s\u2019est impos\u00e9e au cours de ces derni\u00e8res d\u00e9cennies. Aujourd\u2019hui, elle est couramment utilis\u00e9e par les ing\u00e9nieurs et les chercheurs dans l\u2019industrie, ainsi que les centres de recherche.<\/p>\n<p>Cet ouvrage pr\u00e9sente en d\u00e9tail toutes les \u00e9tapes permettant, \u00e0 partir des \u00e9quations de Maxwell, d\u2019aboutir aux \u00e9quations \u00e0 r\u00e9soudre \u00e0 l\u2019aide d\u2019un calculateur <em>via<\/em> la m\u00e9thode des \u00e9l\u00e9ments finis. On passe ainsi des \u00e9quations de base dans le domaine continu aux \u00e9quations dans le domaine discret propre aux \u00e9l\u00e9ments finis. Cette d\u00e9marche est men\u00e9e avec un souci permanent de maintenir un lien entre la physique, c\u2019est-\u00e0-dire les propri\u00e9t\u00e9s des champs \u00e9lectromagn\u00e9tiques, et l\u2019analyse num\u00e9rique. De nombreux exemples acad\u00e9miques, que l\u2019on retrouve lors des diff\u00e9rentes \u00e9tapes de la construction du mod\u00e8le, permettent d\u2019\u00e9clairer la compr\u00e9hension des d\u00e9veloppements.<\/p>","protected":false},"excerpt":{"rendered":"<p>La mod\u00e9lisation num\u00e9rique tient maintenant une place centrale dans la conception et l\u2019\u00e9tude des syst\u00e8mes \u00e9lectromagn\u00e9tiques. Dans le domaine des dispositifs fonctionnant en basse fr\u00e9quence, c\u2019est la m\u00e9thode des \u00e9l\u00e9ments finis qui s\u2019est impos\u00e9e au cours de ces derni\u00e8res d\u00e9cennies. Aujourd\u2019hui, elle est couramment utilis\u00e9e par les ing\u00e9nieurs et les chercheurs dans l\u2019industrie, ainsi que [&hellip;]<\/p>\n","protected":false},"featured_media":50704,"template":"","meta":{"_acf_changed":false,"_links_to":"","_links_to_target":""},"product_brand":[],"product_cat":[673],"product_tag":[],"class_list":{"0":"post-50697","1":"product","2":"type-product","3":"status-publish","4":"has-post-thumbnail","6":"product_cat-mthodes-numriques-12506508","8":"first","9":"instock","10":"shipping-taxable","11":"purchasable","12":"product-type-variable"},"acf":[],"yoast_head":"<!-- This site is optimized with the Yoast SEO plugin v27.2 - https:\/\/yoast.com\/product\/yoast-seo-wordpress\/ -->\n<title>Mod\u00e9lisation num\u00e9rique en \u00e9lectromagn\u00e9tisme basse fr\u00e9quence par la m\u00e9thode des \u00e9l\u00e9ments finis - ISTE Group<\/title>\n<meta name=\"robots\" content=\"index, follow, max-snippet:-1, max-image-preview:large, max-video-preview:-1\" \/>\n<link rel=\"canonical\" href=\"https:\/\/www.istegroup.com\/fr\/produit\/modelisation-numerique-en-electromagnetisme-basse-frequence-par-la-methode-des-elements-finis\/\" \/>\n<meta property=\"og:locale\" content=\"fr_FR\" \/>\n<meta property=\"og:type\" content=\"article\" \/>\n<meta property=\"og:title\" content=\"Mod\u00e9lisation num\u00e9rique en \u00e9lectromagn\u00e9tisme basse fr\u00e9quence par la m\u00e9thode des \u00e9l\u00e9ments finis - ISTE Group\" \/>\n<meta property=\"og:description\" content=\"La mod\u00e9lisation num\u00e9rique tient maintenant une place centrale dans la conception et l\u2019\u00e9tude des syst\u00e8mes \u00e9lectromagn\u00e9tiques. Dans le domaine des dispositifs fonctionnant en basse fr\u00e9quence, c\u2019est la m\u00e9thode des \u00e9l\u00e9ments finis qui s\u2019est impos\u00e9e au cours de ces derni\u00e8res d\u00e9cennies. Aujourd\u2019hui, elle est couramment utilis\u00e9e par les ing\u00e9nieurs et les chercheurs dans l\u2019industrie, ainsi que [&hellip;]\" \/>\n<meta property=\"og:url\" content=\"https:\/\/www.istegroup.com\/fr\/produit\/modelisation-numerique-en-electromagnetisme-basse-frequence-par-la-methode-des-elements-finis\/\" \/>\n<meta property=\"og:site_name\" content=\"ISTE Group\" \/>\n<meta property=\"article:modified_time\" content=\"2024-02-05T13:57:23+00:00\" \/>\n<meta property=\"og:image\" content=\"https:\/\/www.istegroup.com\/wp-content\/uploads\/2023\/03\/922_Modelisation-numerique-en-electromagnetisme-basse-frequence-par-la-methode-des-elements-finis.jpg\" \/>\n\t<meta property=\"og:image:width\" content=\"598\" \/>\n\t<meta property=\"og:image:height\" content=\"898\" \/>\n\t<meta property=\"og:image:type\" content=\"image\/jpeg\" \/>\n<meta name=\"twitter:card\" content=\"summary_large_image\" \/>\n<meta name=\"twitter:label1\" content=\"Est. reading time\" \/>\n\t<meta name=\"twitter:data1\" content=\"1 minute\" \/>\n<script type=\"application\/ld+json\" class=\"yoast-schema-graph\">{\"@context\":\"https:\/\/schema.org\",\"@graph\":[{\"@type\":\"WebPage\",\"@id\":\"https:\/\/www.istegroup.com\/fr\/produit\/modelisation-numerique-en-electromagnetisme-basse-frequence-par-la-methode-des-elements-finis\/\",\"url\":\"https:\/\/www.istegroup.com\/fr\/produit\/modelisation-numerique-en-electromagnetisme-basse-frequence-par-la-methode-des-elements-finis\/\",\"name\":\"Mod\u00e9lisation num\u00e9rique en \u00e9lectromagn\u00e9tisme basse fr\u00e9quence par la m\u00e9thode des \u00e9l\u00e9ments finis - ISTE Group\",\"isPartOf\":{\"@id\":\"https:\/\/www.istegroup.com\/#website\"},\"primaryImageOfPage\":{\"@id\":\"https:\/\/www.istegroup.com\/fr\/produit\/modelisation-numerique-en-electromagnetisme-basse-frequence-par-la-methode-des-elements-finis\/#primaryimage\"},\"image\":{\"@id\":\"https:\/\/www.istegroup.com\/fr\/produit\/modelisation-numerique-en-electromagnetisme-basse-frequence-par-la-methode-des-elements-finis\/#primaryimage\"},\"thumbnailUrl\":\"https:\/\/www.istegroup.com\/wp-content\/uploads\/2023\/03\/922_Modelisation-numerique-en-electromagnetisme-basse-frequence-par-la-methode-des-elements-finis.jpg\",\"datePublished\":\"2023-03-21T14:29:36+00:00\",\"dateModified\":\"2024-02-05T13:57:23+00:00\",\"breadcrumb\":{\"@id\":\"https:\/\/www.istegroup.com\/fr\/produit\/modelisation-numerique-en-electromagnetisme-basse-frequence-par-la-methode-des-elements-finis\/#breadcrumb\"},\"inLanguage\":\"fr-FR\",\"potentialAction\":[{\"@type\":\"ReadAction\",\"target\":[\"https:\/\/www.istegroup.com\/fr\/produit\/modelisation-numerique-en-electromagnetisme-basse-frequence-par-la-methode-des-elements-finis\/\"]}]},{\"@type\":\"ImageObject\",\"inLanguage\":\"fr-FR\",\"@id\":\"https:\/\/www.istegroup.com\/fr\/produit\/modelisation-numerique-en-electromagnetisme-basse-frequence-par-la-methode-des-elements-finis\/#primaryimage\",\"url\":\"https:\/\/www.istegroup.com\/wp-content\/uploads\/2023\/03\/922_Modelisation-numerique-en-electromagnetisme-basse-frequence-par-la-methode-des-elements-finis.jpg\",\"contentUrl\":\"https:\/\/www.istegroup.com\/wp-content\/uploads\/2023\/03\/922_Modelisation-numerique-en-electromagnetisme-basse-frequence-par-la-methode-des-elements-finis.jpg\",\"width\":598,\"height\":898,\"caption\":\"Livre scientifique - Mod\u00e9lisation num\u00e9rique en \u00e9lectromagn\u00e9tisme basse fr\u00e9quence par la m\u00e9thode des \u00e9l\u00e9ments finis\"},{\"@type\":\"BreadcrumbList\",\"@id\":\"https:\/\/www.istegroup.com\/fr\/produit\/modelisation-numerique-en-electromagnetisme-basse-frequence-par-la-methode-des-elements-finis\/#breadcrumb\",\"itemListElement\":[{\"@type\":\"ListItem\",\"position\":1,\"name\":\"Home\",\"item\":\"https:\/\/www.istegroup.com\/\"},{\"@type\":\"ListItem\",\"position\":2,\"name\":\"Shop\",\"item\":\"https:\/\/www.istegroup.com\/fr\/nouveautes\/\"},{\"@type\":\"ListItem\",\"position\":3,\"name\":\"Mod\u00e9lisation num\u00e9rique en \u00e9lectromagn\u00e9tisme basse fr\u00e9quence par la m\u00e9thode des \u00e9l\u00e9ments finis\"}]},{\"@type\":\"WebSite\",\"@id\":\"https:\/\/www.istegroup.com\/#website\",\"url\":\"https:\/\/www.istegroup.com\/\",\"name\":\"ISTE Group\",\"description\":\"\u00c9diteur des Sciences\",\"potentialAction\":[{\"@type\":\"SearchAction\",\"target\":{\"@type\":\"EntryPoint\",\"urlTemplate\":\"https:\/\/www.istegroup.com\/?s={search_term_string}\"},\"query-input\":{\"@type\":\"PropertyValueSpecification\",\"valueRequired\":true,\"valueName\":\"search_term_string\"}}],\"inLanguage\":\"fr-FR\"}]}<\/script>\n<!-- \/ Yoast SEO plugin. -->","yoast_head_json":{"title":"Mod\u00e9lisation num\u00e9rique en \u00e9lectromagn\u00e9tisme basse fr\u00e9quence par la m\u00e9thode des \u00e9l\u00e9ments finis - ISTE Group","robots":{"index":"index","follow":"follow","max-snippet":"max-snippet:-1","max-image-preview":"max-image-preview:large","max-video-preview":"max-video-preview:-1"},"canonical":"https:\/\/www.istegroup.com\/fr\/produit\/modelisation-numerique-en-electromagnetisme-basse-frequence-par-la-methode-des-elements-finis\/","og_locale":"fr_FR","og_type":"article","og_title":"Mod\u00e9lisation num\u00e9rique en \u00e9lectromagn\u00e9tisme basse fr\u00e9quence par la m\u00e9thode des \u00e9l\u00e9ments finis - ISTE Group","og_description":"La mod\u00e9lisation num\u00e9rique tient maintenant une place centrale dans la conception et l\u2019\u00e9tude des syst\u00e8mes \u00e9lectromagn\u00e9tiques. Dans le domaine des dispositifs fonctionnant en basse fr\u00e9quence, c\u2019est la m\u00e9thode des \u00e9l\u00e9ments finis qui s\u2019est impos\u00e9e au cours de ces derni\u00e8res d\u00e9cennies. Aujourd\u2019hui, elle est couramment utilis\u00e9e par les ing\u00e9nieurs et les chercheurs dans l\u2019industrie, ainsi que [&hellip;]","og_url":"https:\/\/www.istegroup.com\/fr\/produit\/modelisation-numerique-en-electromagnetisme-basse-frequence-par-la-methode-des-elements-finis\/","og_site_name":"ISTE Group","article_modified_time":"2024-02-05T13:57:23+00:00","og_image":[{"width":598,"height":898,"url":"https:\/\/www.istegroup.com\/wp-content\/uploads\/2023\/03\/922_Modelisation-numerique-en-electromagnetisme-basse-frequence-par-la-methode-des-elements-finis.jpg","type":"image\/jpeg"}],"twitter_card":"summary_large_image","twitter_misc":{"Est. reading time":"1 minute"},"schema":{"@context":"https:\/\/schema.org","@graph":[{"@type":"WebPage","@id":"https:\/\/www.istegroup.com\/fr\/produit\/modelisation-numerique-en-electromagnetisme-basse-frequence-par-la-methode-des-elements-finis\/","url":"https:\/\/www.istegroup.com\/fr\/produit\/modelisation-numerique-en-electromagnetisme-basse-frequence-par-la-methode-des-elements-finis\/","name":"Mod\u00e9lisation num\u00e9rique en \u00e9lectromagn\u00e9tisme basse fr\u00e9quence par la m\u00e9thode des \u00e9l\u00e9ments finis - ISTE Group","isPartOf":{"@id":"https:\/\/www.istegroup.com\/#website"},"primaryImageOfPage":{"@id":"https:\/\/www.istegroup.com\/fr\/produit\/modelisation-numerique-en-electromagnetisme-basse-frequence-par-la-methode-des-elements-finis\/#primaryimage"},"image":{"@id":"https:\/\/www.istegroup.com\/fr\/produit\/modelisation-numerique-en-electromagnetisme-basse-frequence-par-la-methode-des-elements-finis\/#primaryimage"},"thumbnailUrl":"https:\/\/www.istegroup.com\/wp-content\/uploads\/2023\/03\/922_Modelisation-numerique-en-electromagnetisme-basse-frequence-par-la-methode-des-elements-finis.jpg","datePublished":"2023-03-21T14:29:36+00:00","dateModified":"2024-02-05T13:57:23+00:00","breadcrumb":{"@id":"https:\/\/www.istegroup.com\/fr\/produit\/modelisation-numerique-en-electromagnetisme-basse-frequence-par-la-methode-des-elements-finis\/#breadcrumb"},"inLanguage":"fr-FR","potentialAction":[{"@type":"ReadAction","target":["https:\/\/www.istegroup.com\/fr\/produit\/modelisation-numerique-en-electromagnetisme-basse-frequence-par-la-methode-des-elements-finis\/"]}]},{"@type":"ImageObject","inLanguage":"fr-FR","@id":"https:\/\/www.istegroup.com\/fr\/produit\/modelisation-numerique-en-electromagnetisme-basse-frequence-par-la-methode-des-elements-finis\/#primaryimage","url":"https:\/\/www.istegroup.com\/wp-content\/uploads\/2023\/03\/922_Modelisation-numerique-en-electromagnetisme-basse-frequence-par-la-methode-des-elements-finis.jpg","contentUrl":"https:\/\/www.istegroup.com\/wp-content\/uploads\/2023\/03\/922_Modelisation-numerique-en-electromagnetisme-basse-frequence-par-la-methode-des-elements-finis.jpg","width":598,"height":898,"caption":"Livre scientifique - Mod\u00e9lisation num\u00e9rique en \u00e9lectromagn\u00e9tisme basse fr\u00e9quence par la m\u00e9thode des \u00e9l\u00e9ments finis"},{"@type":"BreadcrumbList","@id":"https:\/\/www.istegroup.com\/fr\/produit\/modelisation-numerique-en-electromagnetisme-basse-frequence-par-la-methode-des-elements-finis\/#breadcrumb","itemListElement":[{"@type":"ListItem","position":1,"name":"Home","item":"https:\/\/www.istegroup.com\/"},{"@type":"ListItem","position":2,"name":"Shop","item":"https:\/\/www.istegroup.com\/fr\/nouveautes\/"},{"@type":"ListItem","position":3,"name":"Mod\u00e9lisation num\u00e9rique en \u00e9lectromagn\u00e9tisme basse fr\u00e9quence par la m\u00e9thode des \u00e9l\u00e9ments finis"}]},{"@type":"WebSite","@id":"https:\/\/www.istegroup.com\/#website","url":"https:\/\/www.istegroup.com\/","name":"ISTE Group","description":"\u00c9diteur des Sciences","potentialAction":[{"@type":"SearchAction","target":{"@type":"EntryPoint","urlTemplate":"https:\/\/www.istegroup.com\/?s={search_term_string}"},"query-input":{"@type":"PropertyValueSpecification","valueRequired":true,"valueName":"search_term_string"}}],"inLanguage":"fr-FR"}]}},"_links":{"self":[{"href":"https:\/\/www.istegroup.com\/fr\/wp-json\/wp\/v2\/product\/50697","targetHints":{"allow":["GET"]}}],"collection":[{"href":"https:\/\/www.istegroup.com\/fr\/wp-json\/wp\/v2\/product"}],"about":[{"href":"https:\/\/www.istegroup.com\/fr\/wp-json\/wp\/v2\/types\/product"}],"wp:featuredmedia":[{"embeddable":true,"href":"https:\/\/www.istegroup.com\/fr\/wp-json\/wp\/v2\/media\/50704"}],"wp:attachment":[{"href":"https:\/\/www.istegroup.com\/fr\/wp-json\/wp\/v2\/media?parent=50697"}],"wp:term":[{"taxonomy":"product_brand","embeddable":true,"href":"https:\/\/www.istegroup.com\/fr\/wp-json\/wp\/v2\/product_brand?post=50697"},{"taxonomy":"product_cat","embeddable":true,"href":"https:\/\/www.istegroup.com\/fr\/wp-json\/wp\/v2\/product_cat?post=50697"},{"taxonomy":"product_tag","embeddable":true,"href":"https:\/\/www.istegroup.com\/fr\/wp-json\/wp\/v2\/product_tag?post=50697"}],"curies":[{"name":"wp","href":"https:\/\/api.w.org\/{rel}","templated":true}]}}