{"id":50549,"date":"2023-03-21T00:30:08","date_gmt":"2023-03-21T00:30:08","guid":{"rendered":"https:\/\/www.istegroup.com\/?post_type=product&#038;p=50549"},"modified":"2025-05-19T16:06:55","modified_gmt":"2025-05-19T15:06:55","slug":"la-radioecologie-marine","status":"publish","type":"product","link":"https:\/\/www.istegroup.com\/fr\/produit\/la-radioecologie-marine\/","title":{"rendered":"La radio\u00e9cologie marine"},"content":{"rendered":"<p>L\u2019environnement marin est contamin\u00e9 par des radionucl\u00e9ides, directement ou indirectement, par les retomb\u00e9es atomiques, les rejets de l\u2019industrie nucl\u00e9aire ou lors d\u2019accidents nucl\u00e9aires. Les organismes marins \u00ab bioaccumulent \u00bb les radionucl\u00e9ides dispersant ces derniers par fouissage, migration ou trophisme, et entra\u00eenant des contaminations radioactives et des doses d\u2019irradiation tr\u00e8s variables selon les sites, les milieux et les organismes marins. Les effets n\u00e9fastes des rayonnements ionisants \u00e0 l\u2019\u00e9gard des \u00eatres vivants se font sentir depuis la mol\u00e9cule jusqu\u2019\u00e0 l\u2019\u00e9cosyst\u00e8me, en passant par la cellule, l\u2019organe, l\u2019individu et la population.<\/p>\n<p><em>La radio\u00e9cologie marine<\/em> pr\u00e9sente cette branche de la science qui estime le devenir des radionucl\u00e9ides dans l\u2019environnement marin et \u00e9value le risque radioactif pour les \u00eatres vivants. L\u2019ouvrage \u00e9tudie la complexit\u00e9 du devenir des radionucl\u00e9ides, avec des modifications des formes physico-chimiques, une dispersion dans les masses d\u2019eaux marines et une fixation sur les particules s\u00e9dimentaires. Il identifie et caract\u00e9rise les dangers radioactifs, \u00e9value l\u2019exposition aux dangers, ses effets et le risque radioactif pour les organismes marins.<\/p>","protected":false},"excerpt":{"rendered":"<p>L\u2019environnement marin est contamin\u00e9 par des radionucl\u00e9ides, directement ou indirectement, par les retomb\u00e9es atomiques, les rejets de l\u2019industrie nucl\u00e9aire ou lors d\u2019accidents nucl\u00e9aires. Les organismes marins \u00ab bioaccumulent \u00bb les radionucl\u00e9ides dispersant ces derniers par fouissage, migration ou trophisme, et entra\u00eenant des contaminations radioactives et des doses d\u2019irradiation tr\u00e8s variables selon les sites, les milieux [&hellip;]<\/p>\n","protected":false},"featured_media":50555,"template":"","meta":{"_acf_changed":false,"_links_to":"","_links_to_target":""},"product_brand":[],"product_cat":[658],"product_tag":[],"class_list":{"0":"post-50549","1":"product","2":"type-product","3":"status-publish","4":"has-post-thumbnail","6":"product_cat-ecologie-14419669","8":"first","9":"instock","10":"shipping-taxable","11":"purchasable","12":"product-type-variable"},"acf":[],"yoast_head":"<!-- This site is optimized with the Yoast SEO plugin v27.2 - https:\/\/yoast.com\/product\/yoast-seo-wordpress\/ -->\n<title>La radio\u00e9cologie marine - ISTE Group<\/title>\n<meta name=\"robots\" content=\"index, follow, max-snippet:-1, max-image-preview:large, max-video-preview:-1\" \/>\n<link rel=\"canonical\" href=\"https:\/\/www.istegroup.com\/fr\/produit\/la-radioecologie-marine\/\" \/>\n<meta property=\"og:locale\" content=\"fr_FR\" \/>\n<meta property=\"og:type\" content=\"article\" \/>\n<meta property=\"og:title\" content=\"La radio\u00e9cologie marine - ISTE Group\" \/>\n<meta property=\"og:description\" content=\"L\u2019environnement marin est contamin\u00e9 par des radionucl\u00e9ides, directement ou indirectement, par les retomb\u00e9es atomiques, les rejets de l\u2019industrie nucl\u00e9aire ou lors d\u2019accidents nucl\u00e9aires. Les organismes marins \u00ab bioaccumulent \u00bb les radionucl\u00e9ides dispersant ces derniers par fouissage, migration ou trophisme, et entra\u00eenant des contaminations radioactives et des doses d\u2019irradiation tr\u00e8s variables selon les sites, les milieux [&hellip;]\" \/>\n<meta property=\"og:url\" content=\"https:\/\/www.istegroup.com\/fr\/produit\/la-radioecologie-marine\/\" \/>\n<meta property=\"og:site_name\" content=\"ISTE Group\" \/>\n<meta property=\"article:modified_time\" content=\"2025-05-19T15:06:55+00:00\" \/>\n<meta property=\"og:image\" content=\"https:\/\/www.istegroup.com\/wp-content\/uploads\/2023\/03\/La-radioecologie-marine.jpg\" \/>\n\t<meta property=\"og:image:width\" content=\"597\" \/>\n\t<meta property=\"og:image:height\" content=\"901\" \/>\n\t<meta property=\"og:image:type\" content=\"image\/jpeg\" \/>\n<meta name=\"twitter:card\" content=\"summary_large_image\" \/>\n<meta name=\"twitter:label1\" content=\"Est. reading time\" \/>\n\t<meta name=\"twitter:data1\" content=\"1 minute\" \/>\n<script type=\"application\/ld+json\" class=\"yoast-schema-graph\">{\"@context\":\"https:\/\/schema.org\",\"@graph\":[{\"@type\":\"WebPage\",\"@id\":\"https:\/\/www.istegroup.com\/fr\/produit\/la-radioecologie-marine\/\",\"url\":\"https:\/\/www.istegroup.com\/fr\/produit\/la-radioecologie-marine\/\",\"name\":\"La radio\u00e9cologie marine - ISTE Group\",\"isPartOf\":{\"@id\":\"https:\/\/www.istegroup.com\/#website\"},\"primaryImageOfPage\":{\"@id\":\"https:\/\/www.istegroup.com\/fr\/produit\/la-radioecologie-marine\/#primaryimage\"},\"image\":{\"@id\":\"https:\/\/www.istegroup.com\/fr\/produit\/la-radioecologie-marine\/#primaryimage\"},\"thumbnailUrl\":\"https:\/\/www.istegroup.com\/wp-content\/uploads\/2023\/03\/La-radioecologie-marine.jpg\",\"datePublished\":\"2023-03-21T00:30:08+00:00\",\"dateModified\":\"2025-05-19T15:06:55+00:00\",\"breadcrumb\":{\"@id\":\"https:\/\/www.istegroup.com\/fr\/produit\/la-radioecologie-marine\/#breadcrumb\"},\"inLanguage\":\"fr-FR\",\"potentialAction\":[{\"@type\":\"ReadAction\",\"target\":[\"https:\/\/www.istegroup.com\/fr\/produit\/la-radioecologie-marine\/\"]}]},{\"@type\":\"ImageObject\",\"inLanguage\":\"fr-FR\",\"@id\":\"https:\/\/www.istegroup.com\/fr\/produit\/la-radioecologie-marine\/#primaryimage\",\"url\":\"https:\/\/www.istegroup.com\/wp-content\/uploads\/2023\/03\/La-radioecologie-marine.jpg\",\"contentUrl\":\"https:\/\/www.istegroup.com\/wp-content\/uploads\/2023\/03\/La-radioecologie-marine.jpg\",\"width\":597,\"height\":901,\"caption\":\"Livre scientifique - La radio\u00e9cologie marine\"},{\"@type\":\"BreadcrumbList\",\"@id\":\"https:\/\/www.istegroup.com\/fr\/produit\/la-radioecologie-marine\/#breadcrumb\",\"itemListElement\":[{\"@type\":\"ListItem\",\"position\":1,\"name\":\"Home\",\"item\":\"https:\/\/www.istegroup.com\/\"},{\"@type\":\"ListItem\",\"position\":2,\"name\":\"Shop\",\"item\":\"https:\/\/www.istegroup.com\/fr\/nouveautes\/\"},{\"@type\":\"ListItem\",\"position\":3,\"name\":\"La radio\u00e9cologie marine\"}]},{\"@type\":\"WebSite\",\"@id\":\"https:\/\/www.istegroup.com\/#website\",\"url\":\"https:\/\/www.istegroup.com\/\",\"name\":\"ISTE Group\",\"description\":\"\u00c9diteur des Sciences\",\"potentialAction\":[{\"@type\":\"SearchAction\",\"target\":{\"@type\":\"EntryPoint\",\"urlTemplate\":\"https:\/\/www.istegroup.com\/?s={search_term_string}\"},\"query-input\":{\"@type\":\"PropertyValueSpecification\",\"valueRequired\":true,\"valueName\":\"search_term_string\"}}],\"inLanguage\":\"fr-FR\"}]}<\/script>\n<!-- \/ Yoast SEO plugin. -->","yoast_head_json":{"title":"La radio\u00e9cologie marine - ISTE Group","robots":{"index":"index","follow":"follow","max-snippet":"max-snippet:-1","max-image-preview":"max-image-preview:large","max-video-preview":"max-video-preview:-1"},"canonical":"https:\/\/www.istegroup.com\/fr\/produit\/la-radioecologie-marine\/","og_locale":"fr_FR","og_type":"article","og_title":"La radio\u00e9cologie marine - ISTE Group","og_description":"L\u2019environnement marin est contamin\u00e9 par des radionucl\u00e9ides, directement ou indirectement, par les retomb\u00e9es atomiques, les rejets de l\u2019industrie nucl\u00e9aire ou lors d\u2019accidents nucl\u00e9aires. Les organismes marins \u00ab bioaccumulent \u00bb les radionucl\u00e9ides dispersant ces derniers par fouissage, migration ou trophisme, et entra\u00eenant des contaminations radioactives et des doses d\u2019irradiation tr\u00e8s variables selon les sites, les milieux [&hellip;]","og_url":"https:\/\/www.istegroup.com\/fr\/produit\/la-radioecologie-marine\/","og_site_name":"ISTE Group","article_modified_time":"2025-05-19T15:06:55+00:00","og_image":[{"width":597,"height":901,"url":"https:\/\/www.istegroup.com\/wp-content\/uploads\/2023\/03\/La-radioecologie-marine.jpg","type":"image\/jpeg"}],"twitter_card":"summary_large_image","twitter_misc":{"Est. reading time":"1 minute"},"schema":{"@context":"https:\/\/schema.org","@graph":[{"@type":"WebPage","@id":"https:\/\/www.istegroup.com\/fr\/produit\/la-radioecologie-marine\/","url":"https:\/\/www.istegroup.com\/fr\/produit\/la-radioecologie-marine\/","name":"La radio\u00e9cologie marine - ISTE Group","isPartOf":{"@id":"https:\/\/www.istegroup.com\/#website"},"primaryImageOfPage":{"@id":"https:\/\/www.istegroup.com\/fr\/produit\/la-radioecologie-marine\/#primaryimage"},"image":{"@id":"https:\/\/www.istegroup.com\/fr\/produit\/la-radioecologie-marine\/#primaryimage"},"thumbnailUrl":"https:\/\/www.istegroup.com\/wp-content\/uploads\/2023\/03\/La-radioecologie-marine.jpg","datePublished":"2023-03-21T00:30:08+00:00","dateModified":"2025-05-19T15:06:55+00:00","breadcrumb":{"@id":"https:\/\/www.istegroup.com\/fr\/produit\/la-radioecologie-marine\/#breadcrumb"},"inLanguage":"fr-FR","potentialAction":[{"@type":"ReadAction","target":["https:\/\/www.istegroup.com\/fr\/produit\/la-radioecologie-marine\/"]}]},{"@type":"ImageObject","inLanguage":"fr-FR","@id":"https:\/\/www.istegroup.com\/fr\/produit\/la-radioecologie-marine\/#primaryimage","url":"https:\/\/www.istegroup.com\/wp-content\/uploads\/2023\/03\/La-radioecologie-marine.jpg","contentUrl":"https:\/\/www.istegroup.com\/wp-content\/uploads\/2023\/03\/La-radioecologie-marine.jpg","width":597,"height":901,"caption":"Livre scientifique - La radio\u00e9cologie marine"},{"@type":"BreadcrumbList","@id":"https:\/\/www.istegroup.com\/fr\/produit\/la-radioecologie-marine\/#breadcrumb","itemListElement":[{"@type":"ListItem","position":1,"name":"Home","item":"https:\/\/www.istegroup.com\/"},{"@type":"ListItem","position":2,"name":"Shop","item":"https:\/\/www.istegroup.com\/fr\/nouveautes\/"},{"@type":"ListItem","position":3,"name":"La radio\u00e9cologie marine"}]},{"@type":"WebSite","@id":"https:\/\/www.istegroup.com\/#website","url":"https:\/\/www.istegroup.com\/","name":"ISTE Group","description":"\u00c9diteur des Sciences","potentialAction":[{"@type":"SearchAction","target":{"@type":"EntryPoint","urlTemplate":"https:\/\/www.istegroup.com\/?s={search_term_string}"},"query-input":{"@type":"PropertyValueSpecification","valueRequired":true,"valueName":"search_term_string"}}],"inLanguage":"fr-FR"}]}},"_links":{"self":[{"href":"https:\/\/www.istegroup.com\/fr\/wp-json\/wp\/v2\/product\/50549","targetHints":{"allow":["GET"]}}],"collection":[{"href":"https:\/\/www.istegroup.com\/fr\/wp-json\/wp\/v2\/product"}],"about":[{"href":"https:\/\/www.istegroup.com\/fr\/wp-json\/wp\/v2\/types\/product"}],"wp:featuredmedia":[{"embeddable":true,"href":"https:\/\/www.istegroup.com\/fr\/wp-json\/wp\/v2\/media\/50555"}],"wp:attachment":[{"href":"https:\/\/www.istegroup.com\/fr\/wp-json\/wp\/v2\/media?parent=50549"}],"wp:term":[{"taxonomy":"product_brand","embeddable":true,"href":"https:\/\/www.istegroup.com\/fr\/wp-json\/wp\/v2\/product_brand?post=50549"},{"taxonomy":"product_cat","embeddable":true,"href":"https:\/\/www.istegroup.com\/fr\/wp-json\/wp\/v2\/product_cat?post=50549"},{"taxonomy":"product_tag","embeddable":true,"href":"https:\/\/www.istegroup.com\/fr\/wp-json\/wp\/v2\/product_tag?post=50549"}],"curies":[{"name":"wp","href":"https:\/\/api.w.org\/{rel}","templated":true}]}}